{"id":2540,"date":"2020-12-11T12:54:16","date_gmt":"2020-12-11T12:54:16","guid":{"rendered":"https:\/\/cukurpartners.com\/?page_id=2540"},"modified":"2020-12-17T13:58:27","modified_gmt":"2020-12-17T13:58:27","slug":"online-iletisim-listemize-kaydolabilirsiniz","status":"publish","type":"page","link":"https:\/\/old.cukurpartners.com\/tr\/online-iletisim-listemize-kaydolabilirsiniz\/","title":{"rendered":"Online \u0130leti\u015fim Listemize Kaydolabilirsiniz"},"content":{"rendered":"\t\t<div data-elementor-type=\"wp-page\" data-elementor-id=\"2540\" class=\"elementor elementor-2540 elementor-2539\" data-elementor-post-type=\"page\">\n\t\t\t\t\t\t<section class=\"elementor-section elementor-top-section elementor-element elementor-element-91d120a elementor-section-full_width elementor-section-height-default elementor-section-height-default\" data-id=\"91d120a\" data-element_type=\"section\">\n\t\t\t\t\t\t<div class=\"elementor-container elementor-column-gap-default\">\n\t\t\t\t\t<div class=\"elementor-column elementor-col-100 elementor-top-column elementor-element elementor-element-d3fdf84\" data-id=\"d3fdf84\" data-element_type=\"column\">\n\t\t\t<div class=\"elementor-widget-wrap elementor-element-populated\">\n\t\t\t\t\t\t<div class=\"elementor-element elementor-element-b04075e elementor-widget elementor-widget-template\" data-id=\"b04075e\" data-element_type=\"widget\" data-widget_type=\"template.default\">\n\t\t\t\t<div class=\"elementor-widget-container\">\n\t\t\t\t\t<div class=\"elementor-template\">\n\t\t\t\t\t<div data-elementor-type=\"section\" data-elementor-id=\"996\" class=\"elementor elementor-996 elementor-840\" data-elementor-post-type=\"elementor_library\">\n\t\t\t\t\t<section class=\"elementor-section elementor-top-section elementor-element elementor-element-cfa7e13 elementor-section-height-min-height elementor-section-boxed elementor-section-height-default elementor-section-items-middle\" data-id=\"cfa7e13\" data-element_type=\"section\" data-settings=\"{&quot;background_background&quot;:&quot;classic&quot;}\">\n\t\t\t\t\t\t\t<div class=\"elementor-background-overlay\"><\/div>\n\t\t\t\t\t\t\t<div class=\"elementor-container elementor-column-gap-default\">\n\t\t\t\t\t<div class=\"elementor-column elementor-col-50 elementor-top-column elementor-element elementor-element-bfb5026\" data-id=\"bfb5026\" data-element_type=\"column\">\n\t\t\t<div class=\"elementor-widget-wrap elementor-element-populated\">\n\t\t\t\t\t\t<div class=\"elementor-element elementor-element-2eacb0b elementor-widget elementor-widget-heading\" data-id=\"2eacb0b\" data-element_type=\"widget\" data-widget_type=\"heading.default\">\n\t\t\t\t<div class=\"elementor-widget-container\">\n\t\t\t<h2 class=\"elementor-heading-title elementor-size-default\"><\/h2>\t\t<\/div>\n\t\t\t\t<\/div>\n\t\t\t\t\t<\/div>\n\t\t<\/div>\n\t\t\t\t<div class=\"elementor-column elementor-col-50 elementor-top-column elementor-element elementor-element-20f15d6 textright mobcenter\" data-id=\"20f15d6\" data-element_type=\"column\">\n\t\t\t<div class=\"elementor-widget-wrap elementor-element-populated\">\n\t\t\t\t\t\t<div class=\"elementor-element elementor-element-d77ab3b mb-5 elementor-widget elementor-widget-heading\" data-id=\"d77ab3b\" data-element_type=\"widget\" data-widget_type=\"heading.default\">\n\t\t\t\t<div class=\"elementor-widget-container\">\n\t\t\t<h2 class=\"elementor-heading-title elementor-size-default\">Erguvan<\/h2>\t\t<\/div>\n\t\t\t\t<\/div>\n\t\t\t\t<div class=\"elementor-element elementor-element-5553354 elementor-widget elementor-widget-text-editor\" data-id=\"5553354\" data-element_type=\"widget\" data-widget_type=\"text-editor.default\">\n\t\t\t\t<div class=\"elementor-widget-container\">\n\t\t\t\t\t\t\t<p>Erguvan ( Cercis Siliquastrum), ba\u015fta \u0130stanbul ve Bursa \u015fehirleri olmak \u00fczere, Marmara, G\u00fcney Ege ve Bat\u0131 Akdeniz b\u00f6lgelerindeki yaprak d\u00f6ken ormanlarda g\u00f6r\u00fcl\u00fcr.<\/p>\t\t\t\t\t\t<\/div>\n\t\t\t\t<\/div>\n\t\t\t\t\t<\/div>\n\t\t<\/div>\n\t\t\t\t\t<\/div>\n\t\t<\/section>\n\t\t\t\t<\/div>\n\t\t\t\t<\/div>\n\t\t\t\t<\/div>\n\t\t\t\t<\/div>\n\t\t\t\t\t<\/div>\n\t\t<\/div>\n\t\t\t\t\t<\/div>\n\t\t<\/section>\n\t\t\t\t<section class=\"elementor-section elementor-top-section elementor-element elementor-element-4973049 elementor-section-content-middle elementor-section-boxed elementor-section-height-default elementor-section-height-default\" data-id=\"4973049\" data-element_type=\"section\">\n\t\t\t\t\t\t<div class=\"elementor-container elementor-column-gap-no\">\n\t\t\t\t\t<div class=\"elementor-column elementor-col-50 elementor-top-column elementor-element elementor-element-bf3ed28\" data-id=\"bf3ed28\" data-element_type=\"column\">\n\t\t\t<div class=\"elementor-widget-wrap elementor-element-populated\">\n\t\t\t\t\t\t<div class=\"elementor-element elementor-element-4e53a97 mb-10 elementor-widget elementor-widget-heading\" data-id=\"4e53a97\" data-element_type=\"widget\" data-widget_type=\"heading.default\">\n\t\t\t\t<div class=\"elementor-widget-container\">\n\t\t\t<h2 class=\"elementor-heading-title elementor-size-default\">Online \u0130leti\u015fim Listemize Kaydolabilirsiniz<\/h2>\t\t<\/div>\n\t\t\t\t<\/div>\n\t\t\t\t<div class=\"elementor-element elementor-element-462be16 elementor-widget elementor-widget-image\" data-id=\"462be16\" data-element_type=\"widget\" data-widget_type=\"image.default\">\n\t\t\t\t<div class=\"elementor-widget-container\">\n\t\t\t\t\t\t\t\t\t\t\t\t\t<img decoding=\"async\" width=\"110\" height=\"5\" src=\"https:\/\/old.cukurpartners.com\/wp-content\/uploads\/2019\/10\/colored_line_cy.png\" class=\"attachment-full size-full wp-image-52\" alt=\"\" \/>\t\t\t\t\t\t\t\t\t\t\t\t\t<\/div>\n\t\t\t\t<\/div>\n\t\t\t\t<div class=\"elementor-element elementor-element-8d84bf0 elementor-button-align-stretch elementor-widget elementor-widget-form\" data-id=\"8d84bf0\" data-element_type=\"widget\" data-settings=\"{&quot;step_next_label&quot;:&quot;Next&quot;,&quot;step_previous_label&quot;:&quot;Previous&quot;,&quot;button_width&quot;:&quot;100&quot;,&quot;step_type&quot;:&quot;number_text&quot;,&quot;step_icon_shape&quot;:&quot;circle&quot;}\" data-widget_type=\"form.default\">\n\t\t\t\t<div class=\"elementor-widget-container\">\n\t\t\t\t\t<form class=\"elementor-form\" method=\"post\" name=\"iletisimForm\">\n\t\t\t<input type=\"hidden\" name=\"post_id\" value=\"2540\"\/>\n\t\t\t<input type=\"hidden\" name=\"form_id\" value=\"8d84bf0\"\/>\n\t\t\t<input type=\"hidden\" name=\"referer_title\" value=\"\" \/>\n\n\t\t\t\n\t\t\t<div class=\"elementor-form-fields-wrapper elementor-labels-\">\n\t\t\t\t\t\t\t\t<div class=\"elementor-field-type-text elementor-field-group elementor-column elementor-field-group-name elementor-col-100 elementor-field-required\">\n\t\t\t\t\t\t\t\t\t\t\t\t<label for=\"form-field-name\" class=\"elementor-field-label elementor-screen-only\">\n\t\t\t\t\t\t\t\tName\t\t\t\t\t\t\t<\/label>\n\t\t\t\t\t\t\t\t\t\t\t\t\t\t<input size=\"1\" type=\"text\" name=\"form_fields[name]\" id=\"form-field-name\" class=\"elementor-field elementor-size-sm  elementor-field-textual\" placeholder=\"Ad\u0131 Soyad\u0131\" required=\"required\" aria-required=\"true\">\n\t\t\t\t\t\t\t\t\t\t\t<\/div>\n\t\t\t\t\t\t\t\t<div class=\"elementor-field-type-text elementor-field-group elementor-column elementor-field-group-sirket elementor-col-100 elementor-field-required\">\n\t\t\t\t\t\t\t\t\t\t\t\t<label for=\"form-field-sirket\" class=\"elementor-field-label elementor-screen-only\">\n\t\t\t\t\t\t\t\tSirket\t\t\t\t\t\t\t<\/label>\n\t\t\t\t\t\t\t\t\t\t\t\t\t\t<input size=\"1\" type=\"text\" name=\"form_fields[sirket]\" id=\"form-field-sirket\" class=\"elementor-field elementor-size-sm  elementor-field-textual\" placeholder=\"\u015eirket\/Kurum Ad\u0131\" required=\"required\" aria-required=\"true\">\n\t\t\t\t\t\t\t\t\t\t\t<\/div>\n\t\t\t\t\t\t\t\t<div class=\"elementor-field-type-email elementor-field-group elementor-column elementor-field-group-email elementor-col-100 elementor-field-required\">\n\t\t\t\t\t\t\t\t\t\t\t\t<label for=\"form-field-email\" class=\"elementor-field-label elementor-screen-only\">\n\t\t\t\t\t\t\t\tEmail\t\t\t\t\t\t\t<\/label>\n\t\t\t\t\t\t\t\t\t\t\t\t\t\t<input size=\"1\" type=\"email\" name=\"form_fields[email]\" id=\"form-field-email\" class=\"elementor-field elementor-size-sm  elementor-field-textual\" placeholder=\"E.posta\" required=\"required\" aria-required=\"true\">\n\t\t\t\t\t\t\t\t\t\t\t<\/div>\n\t\t\t\t\t\t\t\t<div class=\"elementor-field-type-select elementor-field-group elementor-column elementor-field-group-ilgikonulari elementor-col-100\">\n\t\t\t\t\t\t\t\t\t\t\t\t<label for=\"form-field-ilgikonulari\" class=\"elementor-field-label elementor-screen-only\">\n\t\t\t\t\t\t\t\t\u0130lgi Konular\u0131\t\t\t\t\t\t\t<\/label>\n\t\t\t\t\t\t\t\t<div class=\"elementor-field elementor-select-wrapper remove-before \">\n\t\t\t<div class=\"select-caret-down-wrapper\">\n\t\t\t\t<i aria-hidden=\"true\" class=\"eicon-caret-down\"><\/i>\t\t\t<\/div>\n\t\t\t<select name=\"form_fields[ilgikonulari]\" id=\"form-field-ilgikonulari\" class=\"elementor-field-textual elementor-size-sm\">\n\t\t\t\t\t\t\t\t\t<option value=\" \">-- \u0130lgi Konular\u0131 --<\/option>\n\t\t\t\t\t\t\t\t\t<option value=\"Hepsi\">Hepsi<\/option>\n\t\t\t\t\t\t\t\t\t<option value=\"\u015eirketler ve Ticaret Hukuku\">\u015eirketler ve Ticaret Hukuku<\/option>\n\t\t\t\t\t\t\t\t\t<option value=\"Enerji, Gayrimenkul &amp; \u0130n\u015faat\">Enerji, Gayrimenkul &amp; \u0130n\u015faat<\/option>\n\t\t\t\t\t\t\t\t\t<option value=\"\u0130nsan Kaynaklar\u0131 ve \u0130\u015f Hukuku\">\u0130nsan Kaynaklar\u0131 ve \u0130\u015f Hukuku<\/option>\n\t\t\t\t\t\t\t\t\t<option value=\"Teknoloji, Fikri M\u00fclkiyet, Ki\u015fisel Verilerin Korunmas\u0131\">Teknoloji, Fikri M\u00fclkiyet, Ki\u015fisel Verilerin Korunmas\u0131<\/option>\n\t\t\t\t\t\t\t\t\t<option value=\"Yasal Uyum\">Yasal Uyum<\/option>\n\t\t\t\t\t\t\t<\/select>\n\t\t<\/div>\n\t\t\t\t\t\t<\/div>\n\t\t\t\t\t\t\t\t<div class=\"elementor-field-type-acceptance elementor-field-group elementor-column elementor-field-group-field_23c7d01 elementor-col-100 elementor-field-required\">\n\t\t\t\t\t\t\t\t\t\t\t\t<label for=\"form-field-field_23c7d01\" class=\"elementor-field-label elementor-screen-only\">\n\t\t\t\t\t\t\t\tKVKK\t\t\t\t\t\t\t<\/label>\n\t\t\t\t\t\t\t\t<div class=\"elementor-field-subgroup\">\n\t\t\t<span class=\"elementor-field-option\">\n\t\t\t\t<input type=\"checkbox\" name=\"form_fields[field_23c7d01]\" id=\"form-field-field_23c7d01\" class=\"elementor-field elementor-size-sm  elementor-acceptance-field\" required=\"required\" aria-required=\"true\">\n\t\t\t\t<label for=\"form-field-field_23c7d01\">Payla\u015fm\u0131\u015f oldu\u011funuz bilgiler sadece sizlere haz\u0131rlam\u0131\u015f oldu\u011fumuz hukuki bilgilendirme \u00e7al\u0131\u015fmalar\u0131n\u0131n iletilmesi i\u00e7in kullan\u0131lacak olup, KVKK ve ilgili mevzuat h\u00fck\u00fcmleri gere\u011fince korunacakt\u0131r. Bilgiler, bu kapsamda hizmet al\u0131nan \u00fc\u00e7\u00fcnc\u00fc ki\u015filer hari\u00e7 ba\u015fkalar\u0131yla payla\u015f\u0131lmayacakt\u0131r.<\/label>\t\t\t<\/span>\n\t\t<\/div>\n\t\t\t\t\t\t<\/div>\n\t\t\t\t\t\t\t\t<div class=\"elementor-field-type-recaptcha elementor-field-group elementor-column elementor-field-group-field_055260f elementor-col-100\">\n\t\t\t\t\t<div class=\"elementor-field\" id=\"form-field-field_055260f\"><div class=\"elementor-g-recaptcha\" data-sitekey=\"6LeT-jApAAAAACEGldl_s6hYdMMZW-HagqJ6iZep\" data-type=\"v2_checkbox\" data-theme=\"light\" data-size=\"normal\"><\/div><\/div>\t\t\t\t<\/div>\n\t\t\t\t\t\t\t\t<div class=\"elementor-field-group elementor-column elementor-field-type-submit elementor-col-100 e-form__buttons\">\n\t\t\t\t\t<button class=\"elementor-button elementor-size-md\" type=\"submit\">\n\t\t\t\t\t\t<span class=\"elementor-button-content-wrapper\">\n\t\t\t\t\t\t\t\t\t\t\t\t\t\t\t\t\t\t\t\t\t\t<span class=\"elementor-button-text\">G\u00f6nder<\/span>\n\t\t\t\t\t\t\t\t\t\t\t\t\t<\/span>\n\t\t\t\t\t<\/button>\n\t\t\t\t<\/div>\n\t\t\t<\/div>\n\t\t<\/form>\n\t\t\t\t<\/div>\n\t\t\t\t<\/div>\n\t\t\t\t\t<\/div>\n\t\t<\/div>\n\t\t\t\t<div class=\"elementor-column elementor-col-50 elementor-top-column elementor-element elementor-element-f18c8a6\" data-id=\"f18c8a6\" data-element_type=\"column\" data-settings=\"{&quot;background_background&quot;:&quot;classic&quot;}\">\n\t\t\t<div class=\"elementor-widget-wrap\">\n\t\t\t\t\t\t\t<\/div>\n\t\t<\/div>\n\t\t\t\t\t<\/div>\n\t\t<\/section>\n\t\t\t\t<\/div>\n\t\t","protected":false},"excerpt":{"rendered":"","protected":false},"author":1,"featured_media":0,"parent":0,"menu_order":0,"comment_status":"closed","ping_status":"closed","template":"elementor_header_footer","meta":{"_acf_changed":false,"footnotes":""},"class_list":["post-2540","page","type-page","status-publish","hentry"],"acf":[],"_links":{"self":[{"href":"https:\/\/old.cukurpartners.com\/tr\/wp-json\/wp\/v2\/pages\/2540"}],"collection":[{"href":"https:\/\/old.cukurpartners.com\/tr\/wp-json\/wp\/v2\/pages"}],"about":[{"href":"https:\/\/old.cukurpartners.com\/tr\/wp-json\/wp\/v2\/types\/page"}],"author":[{"embeddable":true,"href":"https:\/\/old.cukurpartners.com\/tr\/wp-json\/wp\/v2\/users\/1"}],"replies":[{"embeddable":true,"href":"https:\/\/old.cukurpartners.com\/tr\/wp-json\/wp\/v2\/comments?post=2540"}],"version-history":[{"count":14,"href":"https:\/\/old.cukurpartners.com\/tr\/wp-json\/wp\/v2\/pages\/2540\/revisions"}],"predecessor-version":[{"id":4588,"href":"https:\/\/old.cukurpartners.com\/tr\/wp-json\/wp\/v2\/pages\/2540\/revisions\/4588"}],"wp:attachment":[{"href":"https:\/\/old.cukurpartners.com\/tr\/wp-json\/wp\/v2\/media?parent=2540"}],"curies":[{"name":"wp","href":"https:\/\/api.w.org\/{rel}","templated":true}]}}