{"id":2598,"date":"2020-12-16T10:28:20","date_gmt":"2020-12-16T10:28:20","guid":{"rendered":"https:\/\/cukurpartners.com\/?page_id=2598"},"modified":"2022-09-26T07:46:00","modified_gmt":"2022-09-26T07:46:00","slug":"28-yildir-si%cc%87rketleri%cc%87n-ve-is-dunyasinin-guveni%cc%87li%cc%87r-hukuk-danismaniyiz","status":"publish","type":"page","link":"https:\/\/old.cukurpartners.com\/tr\/bizi-taniyin\/28-yildir-si%cc%87rketleri%cc%87n-ve-is-dunyasinin-guveni%cc%87li%cc%87r-hukuk-danismaniyiz\/","title":{"rendered":"28 Y\u0131ld\u0131r \u015ei\u0307rketleri\u0307n ve \u0130\u015f D\u00fcnyas\u0131n\u0131n G\u00fcveni\u0307li\u0307r Hukuk Dan\u0131\u015fman\u0131y\u0131z"},"content":{"rendered":"\t\t<div data-elementor-type=\"wp-page\" data-elementor-id=\"2598\" class=\"elementor elementor-2598\" data-elementor-post-type=\"page\">\n\t\t\t\t\t\t<section class=\"elementor-section elementor-top-section elementor-element elementor-element-5d4d2bf elementor-section-full_width elementor-section-height-default elementor-section-height-default\" data-id=\"5d4d2bf\" data-element_type=\"section\">\n\t\t\t\t\t\t<div class=\"elementor-container elementor-column-gap-default\">\n\t\t\t\t\t<div class=\"elementor-column elementor-col-100 elementor-top-column elementor-element elementor-element-3bd3d5d\" data-id=\"3bd3d5d\" data-element_type=\"column\">\n\t\t\t<div class=\"elementor-widget-wrap elementor-element-populated\">\n\t\t\t\t\t\t<div class=\"elementor-element elementor-element-059f26c elementor-widget elementor-widget-template\" data-id=\"059f26c\" data-element_type=\"widget\" data-widget_type=\"template.default\">\n\t\t\t\t<div class=\"elementor-widget-container\">\n\t\t\t\t\t<div class=\"elementor-template\">\n\t\t\t\t\t<div data-elementor-type=\"section\" data-elementor-id=\"1012\" class=\"elementor elementor-1012 elementor-739\" data-elementor-post-type=\"elementor_library\">\n\t\t\t\t\t<section class=\"elementor-section elementor-top-section elementor-element elementor-element-e70548a elementor-section-height-min-height elementor-section-boxed elementor-section-height-default elementor-section-items-middle\" data-id=\"e70548a\" data-element_type=\"section\" data-settings=\"{&quot;background_background&quot;:&quot;classic&quot;}\">\n\t\t\t\t\t\t\t<div class=\"elementor-background-overlay\"><\/div>\n\t\t\t\t\t\t\t<div class=\"elementor-container elementor-column-gap-default\">\n\t\t\t\t\t<div class=\"elementor-column elementor-col-50 elementor-top-column elementor-element elementor-element-0764731\" data-id=\"0764731\" data-element_type=\"column\">\n\t\t\t<div class=\"elementor-widget-wrap elementor-element-populated\">\n\t\t\t\t\t\t<div class=\"elementor-element elementor-element-d7e2566 elementor-widget elementor-widget-heading\" data-id=\"d7e2566\" data-element_type=\"widget\" data-widget_type=\"heading.default\">\n\t\t\t\t<div class=\"elementor-widget-container\">\n\t\t\t<h2 class=\"elementor-heading-title elementor-size-default\">Bizi Tan\u0131y\u0131n<\/h2>\t\t<\/div>\n\t\t\t\t<\/div>\n\t\t\t\t\t<\/div>\n\t\t<\/div>\n\t\t\t\t<div class=\"elementor-column elementor-col-50 elementor-top-column elementor-element elementor-element-b4f044c textright mobcenter\" data-id=\"b4f044c\" data-element_type=\"column\">\n\t\t\t<div class=\"elementor-widget-wrap elementor-element-populated\">\n\t\t\t\t\t\t<div class=\"elementor-element elementor-element-c7a27f4 mb-5 elementor-widget elementor-widget-heading\" data-id=\"c7a27f4\" data-element_type=\"widget\" data-widget_type=\"heading.default\">\n\t\t\t\t<div class=\"elementor-widget-container\">\n\t\t\t<h2 class=\"elementor-heading-title elementor-size-default\">Apollo Kelebe\u011fi<\/h2>\t\t<\/div>\n\t\t\t\t<\/div>\n\t\t\t\t<div class=\"elementor-element elementor-element-63ff5e2 elementor-widget elementor-widget-text-editor\" data-id=\"63ff5e2\" data-element_type=\"widget\" data-widget_type=\"text-editor.default\">\n\t\t\t\t<div class=\"elementor-widget-container\">\n\t\t\t\t\t\t\t<p>Apollo Kelebe\u011fi (Parnassius apollo), zirveye yak\u0131n, (Isparta) Tota Da\u011f\u0131 eteklerinde ya\u015famaktad\u0131r. Ya\u015fam alanlar\u0131n\u0131n tahrip edilmesi nedeniyle nesli tehlikededir.<\/p>\t\t\t\t\t\t<\/div>\n\t\t\t\t<\/div>\n\t\t\t\t\t<\/div>\n\t\t<\/div>\n\t\t\t\t\t<\/div>\n\t\t<\/section>\n\t\t\t\t<\/div>\n\t\t\t\t<\/div>\n\t\t\t\t<\/div>\n\t\t\t\t<\/div>\n\t\t\t\t\t<\/div>\n\t\t<\/div>\n\t\t\t\t\t<\/div>\n\t\t<\/section>\n\t\t\t\t<section class=\"elementor-section elementor-top-section elementor-element elementor-element-f02c438 elementor-section-boxed elementor-section-height-default elementor-section-height-default\" data-id=\"f02c438\" data-element_type=\"section\">\n\t\t\t\t\t\t<div class=\"elementor-container elementor-column-gap-default\">\n\t\t\t\t\t<div class=\"elementor-column elementor-col-50 elementor-top-column elementor-element elementor-element-645f634\" data-id=\"645f634\" data-element_type=\"column\">\n\t\t\t<div class=\"elementor-widget-wrap elementor-element-populated\">\n\t\t\t\t\t\t<div class=\"elementor-element elementor-element-0334012 mb-10 elementor-widget elementor-widget-heading\" data-id=\"0334012\" data-element_type=\"widget\" data-widget_type=\"heading.default\">\n\t\t\t\t<div class=\"elementor-widget-container\">\n\t\t\t<h2 class=\"elementor-heading-title elementor-size-default\">28 Y\u0131ld\u0131r \u015ei\u0307rketleri\u0307n ve \u0130\u015f D\u00fcnyas\u0131n\u0131n G\u00fcveni\u0307li\u0307r Hukuk Dan\u0131\u015fman\u0131y\u0131z<\/h2>\t\t<\/div>\n\t\t\t\t<\/div>\n\t\t\t\t<div class=\"elementor-element elementor-element-61e58c0 elementor-widget elementor-widget-image\" data-id=\"61e58c0\" data-element_type=\"widget\" data-widget_type=\"image.default\">\n\t\t\t\t<div class=\"elementor-widget-container\">\n\t\t\t\t\t\t\t\t\t\t\t\t\t<img decoding=\"async\" width=\"110\" height=\"5\" src=\"https:\/\/old.cukurpartners.com\/wp-content\/uploads\/2019\/10\/colored_line_cy.png\" class=\"attachment-full size-full wp-image-52\" alt=\"\" \/>\t\t\t\t\t\t\t\t\t\t\t\t\t<\/div>\n\t\t\t\t<\/div>\n\t\t\t\t<div class=\"elementor-element elementor-element-e172ef0 elementor-widget elementor-widget-text-editor\" data-id=\"e172ef0\" data-element_type=\"widget\" data-widget_type=\"text-editor.default\">\n\t\t\t\t<div class=\"elementor-widget-container\">\n\t\t\t\t\t\t\t<p>\u00c7ukur &amp; Partners <span style=\"font-weight: 400;\">hukuk firmas\u0131nda<\/span>, 1993 y\u0131l\u0131ndan beri sadece \u015firketlere, i\u015f d\u00fcnyas\u0131na ve i\u015f insanlar\u0131na hizmet veriyoruz. Bu bizim do\u011fam\u0131z ve kimli\u011fimiz. Biz i\u015f d\u00fcnyas\u0131n\u0131n bir par\u00e7as\u0131 ve g\u00fcvenilir hukuk dan\u0131\u015fman\u0131y\u0131z.<\/p><p><span style=\"font-weight: 400;\">Sayg\u0131n bir hukuk b\u00fcrosu olarak, amac\u0131m\u0131z, \u00e7ok geni\u015f bir mecrada, pek \u00e7o\u011fu \u00f6zel uzmanl\u0131k gerektiren hukuki ihtiya\u00e7lar\u0131 ile bize gelen <\/span>\u015firketlerin, t\u00fcm hukuki meselelerine tek bir \u00e7at\u0131 alt\u0131nda, T\u00fcrkiye\u2019nin her yerinde ve uluslararas\u0131 platformda etkin, h\u0131zl\u0131 ve eri\u015filebilir hukuki \u00e7\u00f6z\u00fcmler sunabilmek.<span style=\"font-weight: 400;\"> \u00c7ukur &amp; Partners avukatl\u0131k b\u00fcrosunda, 28 y\u0131ld\u0131r bunu ba\u015farabildi\u011fimiz i\u00e7in mutlu ve k\u0131van\u00e7l\u0131y\u0131z.<\/span><\/p><p><span style=\"font-weight: 400;\">Bu \u00e7er\u00e7eve i\u00e7erisinde, avukatlar\u0131m\u0131z <\/span>her zaman s\u00fcrd\u00fcr\u00fclebilir, uzun soluklu ili\u015fkileri ve i\u015fbirli\u011fini \u00f6n plana \u00e7\u0131karan bir hizmet anlay\u0131\u015f\u0131 <span style=\"font-weight: 400;\">ile hizmet veriyorlar.<\/span><span style=\"font-weight: 400;\">\u00a0Bu sayede, bizden hizmet alan \u015firketlerin \u00e7o\u011fu ile i\u015f ili\u015fkimiz 10 y\u0131l ve daha uzun s\u00fcredir devam ediyor. <\/span>Bu g\u00fcven ba\u011f\u0131, <span style=\"font-weight: 400;\">\u00c7ukur &amp; Partners hukuk firmas\u0131n\u0131 <\/span>i\u015f d\u00fcnyas\u0131n\u0131n ve \u015firketlerin g\u00fcvenilir \u00e7\u00f6z\u00fcm orta\u011f\u0131 olma noktas\u0131na ta\u015f\u0131yor.<\/p><p><span style=\"font-weight: 400;\">Bu g\u00fcven ili\u015fkisinin temelinde, s\u0131cak ve yak\u0131n ileti\u015fim, onlar\u0131n k\u00fclt\u00fcrlerini, i\u015flerini, \u00f6nceliklerini ve hedeflerini anlama ve t\u00fcm bunlar\u0131n bir kolayla\u015ft\u0131r\u0131c\u0131s\u0131 haline gelme anlay\u0131\u015f\u0131m\u0131z ve \u00e7abam\u0131z yat\u0131yor. Bu g\u00fcveni korumak ve geli\u015ftirmek i\u00e7in her g\u00fcn daha \u00e7ok ve daha bilin\u00e7li bir ruhla \u00e7al\u0131\u015f\u0131yoruz.<\/span><\/p>\t\t\t\t\t\t<\/div>\n\t\t\t\t<\/div>\n\t\t\t\t\t<\/div>\n\t\t<\/div>\n\t\t\t\t<div class=\"elementor-column elementor-col-50 elementor-top-column elementor-element elementor-element-be682e7\" data-id=\"be682e7\" data-element_type=\"column\">\n\t\t\t<div class=\"elementor-widget-wrap elementor-element-populated\">\n\t\t\t\t\t\t<div class=\"elementor-element elementor-element-f659c35 elementor-widget elementor-widget-template\" data-id=\"f659c35\" data-element_type=\"widget\" data-widget_type=\"template.default\">\n\t\t\t\t<div class=\"elementor-widget-container\">\n\t\t\t\t\t<div class=\"elementor-template\">\n\t\t\t\t\t<div data-elementor-type=\"page\" data-elementor-id=\"1024\" class=\"elementor elementor-1024 elementor-136\" data-elementor-post-type=\"elementor_library\">\n\t\t\t\t\t\t<section class=\"elementor-section elementor-top-section elementor-element elementor-element-c186c77 elementor-section-boxed elementor-section-height-default elementor-section-height-default\" data-id=\"c186c77\" data-element_type=\"section\">\n\t\t\t\t\t\t<div class=\"elementor-container elementor-column-gap-default\">\n\t\t\t\t\t<div class=\"elementor-column elementor-col-100 elementor-top-column elementor-element elementor-element-7e46cb6\" data-id=\"7e46cb6\" data-element_type=\"column\">\n\t\t\t<div class=\"elementor-widget-wrap elementor-element-populated\">\n\t\t\t\t\t\t<div class=\"elementor-element elementor-element-9cc8484 sidemenu elementor-nav-menu--dropdown-tablet elementor-nav-menu__text-align-aside elementor-widget elementor-widget-nav-menu\" data-id=\"9cc8484\" data-element_type=\"widget\" data-settings=\"{&quot;layout&quot;:&quot;vertical&quot;,&quot;submenu_icon&quot;:{&quot;value&quot;:&quot;&lt;i class=\\&quot;fas fa-caret-down\\&quot;&gt;&lt;\\\/i&gt;&quot;,&quot;library&quot;:&quot;fa-solid&quot;}}\" data-widget_type=\"nav-menu.default\">\n\t\t\t\t<div class=\"elementor-widget-container\">\n\t\t\t\t\t\t<nav aria-label=\"Men\u00fc\" class=\"elementor-nav-menu--main elementor-nav-menu__container elementor-nav-menu--layout-vertical e--pointer-none\">\n\t\t\t\t<ul id=\"menu-1-9cc8484\" class=\"elementor-nav-menu sm-vertical\"><li class=\"menu-item menu-item-type-post_type menu-item-object-page menu-item-2609\"><a href=\"https:\/\/old.cukurpartners.com\/tr\/bizi-taniyin\/bir-bakista-farkimiz\/\" class=\"elementor-item\">Bir Bak\u0131\u015fta Fark\u0131m\u0131z<\/a><\/li>\n<li class=\"menu-item menu-item-type-post_type menu-item-object-page menu-item-2608\"><a href=\"https:\/\/old.cukurpartners.com\/tr\/bizi-taniyin\/28-yildir-si%cc%87rketleri%cc%87n-ve-is-dunyasinin-guveni%cc%87li%cc%87r-hukuk-danismaniyiz\/\" class=\"elementor-item\">28 Y\u0131ld\u0131r \u015ei\u0307rketleri\u0307n ve \u0130\u015f D\u00fcnyas\u0131n\u0131n G\u00fcveni\u0307li\u0307r Hukuk Dan\u0131\u015fman\u0131y\u0131z<\/a><\/li>\n<li class=\"menu-item menu-item-type-post_type menu-item-object-page menu-item-1289\"><a href=\"https:\/\/old.cukurpartners.com\/tr\/bizi-taniyin\/neden-farkliyiz\/sizin-takim-arkadasiniziz\/\" class=\"elementor-item\">Sizin Tak\u0131m Arkada\u015f\u0131n\u0131z\u0131z<\/a><\/li>\n<li class=\"menu-item menu-item-type-post_type menu-item-object-page menu-item-1291\"><a href=\"https:\/\/old.cukurpartners.com\/tr\/bizi-taniyin\/neden-farkliyiz\/pozitif-dinamik-ve-tutkuluyuz\/\" class=\"elementor-item\">Pozitif, Dinamik ve Tutkuluyuz<\/a><\/li>\n<li class=\"menu-item menu-item-type-post_type menu-item-object-page menu-item-2616\"><a href=\"https:\/\/old.cukurpartners.com\/tr\/bizi-taniyin\/neden-farkliyiz\/unvanlara-degil-insanlara-hizmet-veriyoruz\/\" class=\"elementor-item\">\u00dcnvanlara De\u011fil \u0130nsanlara Hizmet Veriyoruz<\/a><\/li>\n<li class=\"menu-item menu-item-type-post_type menu-item-object-page menu-item-1290\"><a href=\"https:\/\/old.cukurpartners.com\/tr\/bizi-taniyin\/neden-farkliyiz\/yenilikcilik-cozum-odaklilik-ve-sorumluluk-duygumuz-karakterimizdir\/\" class=\"elementor-item\">Yenilik\u00e7ilik, \u00c7\u00f6z\u00fcm Odakl\u0131l\u0131k ve Sorumluluk Duygumuz Karakterimizdir<\/a><\/li>\n<\/ul>\t\t\t<\/nav>\n\t\t\t\t\t\t<nav class=\"elementor-nav-menu--dropdown elementor-nav-menu__container\" aria-hidden=\"true\">\n\t\t\t\t<ul id=\"menu-2-9cc8484\" class=\"elementor-nav-menu sm-vertical\"><li class=\"menu-item menu-item-type-post_type menu-item-object-page menu-item-2609\"><a href=\"https:\/\/old.cukurpartners.com\/tr\/bizi-taniyin\/bir-bakista-farkimiz\/\" class=\"elementor-item\" tabindex=\"-1\">Bir Bak\u0131\u015fta Fark\u0131m\u0131z<\/a><\/li>\n<li class=\"menu-item menu-item-type-post_type menu-item-object-page menu-item-2608\"><a href=\"https:\/\/old.cukurpartners.com\/tr\/bizi-taniyin\/28-yildir-si%cc%87rketleri%cc%87n-ve-is-dunyasinin-guveni%cc%87li%cc%87r-hukuk-danismaniyiz\/\" class=\"elementor-item\" tabindex=\"-1\">28 Y\u0131ld\u0131r \u015ei\u0307rketleri\u0307n ve \u0130\u015f D\u00fcnyas\u0131n\u0131n G\u00fcveni\u0307li\u0307r Hukuk Dan\u0131\u015fman\u0131y\u0131z<\/a><\/li>\n<li class=\"menu-item menu-item-type-post_type menu-item-object-page menu-item-1289\"><a href=\"https:\/\/old.cukurpartners.com\/tr\/bizi-taniyin\/neden-farkliyiz\/sizin-takim-arkadasiniziz\/\" class=\"elementor-item\" tabindex=\"-1\">Sizin Tak\u0131m Arkada\u015f\u0131n\u0131z\u0131z<\/a><\/li>\n<li class=\"menu-item menu-item-type-post_type menu-item-object-page menu-item-1291\"><a href=\"https:\/\/old.cukurpartners.com\/tr\/bizi-taniyin\/neden-farkliyiz\/pozitif-dinamik-ve-tutkuluyuz\/\" class=\"elementor-item\" tabindex=\"-1\">Pozitif, Dinamik ve Tutkuluyuz<\/a><\/li>\n<li class=\"menu-item menu-item-type-post_type menu-item-object-page menu-item-2616\"><a href=\"https:\/\/old.cukurpartners.com\/tr\/bizi-taniyin\/neden-farkliyiz\/unvanlara-degil-insanlara-hizmet-veriyoruz\/\" class=\"elementor-item\" tabindex=\"-1\">\u00dcnvanlara De\u011fil \u0130nsanlara Hizmet Veriyoruz<\/a><\/li>\n<li class=\"menu-item menu-item-type-post_type menu-item-object-page menu-item-1290\"><a href=\"https:\/\/old.cukurpartners.com\/tr\/bizi-taniyin\/neden-farkliyiz\/yenilikcilik-cozum-odaklilik-ve-sorumluluk-duygumuz-karakterimizdir\/\" class=\"elementor-item\" tabindex=\"-1\">Yenilik\u00e7ilik, \u00c7\u00f6z\u00fcm Odakl\u0131l\u0131k ve Sorumluluk Duygumuz Karakterimizdir<\/a><\/li>\n<\/ul>\t\t\t<\/nav>\n\t\t\t\t<\/div>\n\t\t\t\t<\/div>\n\t\t\t\t\t<\/div>\n\t\t<\/div>\n\t\t\t\t\t<\/div>\n\t\t<\/section>\n\t\t\t\t<\/div>\n\t\t\t\t<\/div>\n\t\t\t\t<\/div>\n\t\t\t\t<\/div>\n\t\t\t\t\t<\/div>\n\t\t<\/div>\n\t\t\t\t\t<\/div>\n\t\t<\/section>\n\t\t\t\t<\/div>\n\t\t","protected":false},"excerpt":{"rendered":"<p>\u00c7ukur &amp; Partners hukuk firmas\u0131nda, 1993 y\u0131l\u0131ndan beri sadece \u015firketlere, i\u015f d\u00fcnyas\u0131na ve i\u015f insanlar\u0131na hizmet veriyoruz. Bu bizim do\u011fam\u0131z ve kimli\u011fimiz. Biz i\u015f d\u00fcnyas\u0131n\u0131n bir par\u00e7as\u0131 ve g\u00fcvenilir hukuk dan\u0131\u015fman\u0131y\u0131z. Sayg\u0131n bir hukuk b\u00fcrosu olarak, amac\u0131m\u0131z, \u00e7ok geni\u015f bir mecrada, pek \u00e7o\u011fu \u00f6zel uzmanl\u0131k gerektiren hukuki ihtiya\u00e7lar\u0131 ile bize gelen \u015firketlerin, t\u00fcm hukuki meselelerine [&hellip;]<\/p>\n","protected":false},"author":1,"featured_media":0,"parent":992,"menu_order":0,"comment_status":"closed","ping_status":"closed","template":"elementor_header_footer","meta":{"_acf_changed":false,"footnotes":""},"class_list":["post-2598","page","type-page","status-publish","hentry"],"acf":[],"_links":{"self":[{"href":"https:\/\/old.cukurpartners.com\/tr\/wp-json\/wp\/v2\/pages\/2598"}],"collection":[{"href":"https:\/\/old.cukurpartners.com\/tr\/wp-json\/wp\/v2\/pages"}],"about":[{"href":"https:\/\/old.cukurpartners.com\/tr\/wp-json\/wp\/v2\/types\/page"}],"author":[{"embeddable":true,"href":"https:\/\/old.cukurpartners.com\/tr\/wp-json\/wp\/v2\/users\/1"}],"replies":[{"embeddable":true,"href":"https:\/\/old.cukurpartners.com\/tr\/wp-json\/wp\/v2\/comments?post=2598"}],"version-history":[{"count":20,"href":"https:\/\/old.cukurpartners.com\/tr\/wp-json\/wp\/v2\/pages\/2598\/revisions"}],"predecessor-version":[{"id":7415,"href":"https:\/\/old.cukurpartners.com\/tr\/wp-json\/wp\/v2\/pages\/2598\/revisions\/7415"}],"up":[{"embeddable":true,"href":"https:\/\/old.cukurpartners.com\/tr\/wp-json\/wp\/v2\/pages\/992"}],"wp:attachment":[{"href":"https:\/\/old.cukurpartners.com\/tr\/wp-json\/wp\/v2\/media?parent=2598"}],"curies":[{"name":"wp","href":"https:\/\/api.w.org\/{rel}","templated":true}]}}