{"id":2637,"date":"2020-12-16T10:49:24","date_gmt":"2020-12-16T10:49:24","guid":{"rendered":"https:\/\/cukurpartners.com\/?page_id=2637"},"modified":"2022-05-10T05:29:53","modified_gmt":"2022-05-10T05:29:53","slug":"cukur-partners-akademi","status":"publish","type":"page","link":"https:\/\/old.cukurpartners.com\/tr\/cukur-partners-akademi\/","title":{"rendered":"\u00c7ukur &#038; Partners Akademi"},"content":{"rendered":"\t\t<div data-elementor-type=\"wp-page\" data-elementor-id=\"2637\" class=\"elementor elementor-2637 elementor-2221\" data-elementor-post-type=\"page\">\n\t\t\t\t\t\t<section class=\"elementor-section elementor-top-section elementor-element elementor-element-18844d9 elementor-section-full_width elementor-section-height-default elementor-section-height-default\" data-id=\"18844d9\" data-element_type=\"section\">\n\t\t\t\t\t\t<div class=\"elementor-container elementor-column-gap-default\">\n\t\t\t\t\t<div class=\"elementor-column elementor-col-100 elementor-top-column elementor-element elementor-element-5883d09\" data-id=\"5883d09\" data-element_type=\"column\">\n\t\t\t<div class=\"elementor-widget-wrap elementor-element-populated\">\n\t\t\t\t\t\t<div class=\"elementor-element elementor-element-8a78cd9 elementor-widget elementor-widget-template\" data-id=\"8a78cd9\" data-element_type=\"widget\" data-widget_type=\"template.default\">\n\t\t\t\t<div class=\"elementor-widget-container\">\n\t\t\t\t\t<div class=\"elementor-template\">\n\t\t\t\t\t<div data-elementor-type=\"section\" data-elementor-id=\"1004\" class=\"elementor elementor-1004 elementor-775\" data-elementor-post-type=\"elementor_library\">\n\t\t\t\t\t<section class=\"elementor-section elementor-top-section elementor-element elementor-element-9b089e6 elementor-section-height-min-height elementor-section-boxed elementor-section-height-default elementor-section-items-middle\" data-id=\"9b089e6\" data-element_type=\"section\" data-settings=\"{&quot;background_background&quot;:&quot;classic&quot;}\">\n\t\t\t\t\t\t\t<div class=\"elementor-background-overlay\"><\/div>\n\t\t\t\t\t\t\t<div class=\"elementor-container elementor-column-gap-default\">\n\t\t\t\t\t<div class=\"elementor-column elementor-col-50 elementor-top-column elementor-element elementor-element-f99c0c6\" data-id=\"f99c0c6\" data-element_type=\"column\">\n\t\t\t<div class=\"elementor-widget-wrap elementor-element-populated\">\n\t\t\t\t\t\t<div class=\"elementor-element elementor-element-54b4be6 elementor-widget elementor-widget-heading\" data-id=\"54b4be6\" data-element_type=\"widget\" data-widget_type=\"heading.default\">\n\t\t\t\t<div class=\"elementor-widget-container\">\n\t\t\t<h2 class=\"elementor-heading-title elementor-size-default\"><\/h2>\t\t<\/div>\n\t\t\t\t<\/div>\n\t\t\t\t\t<\/div>\n\t\t<\/div>\n\t\t\t\t<div class=\"elementor-column elementor-col-50 elementor-top-column elementor-element elementor-element-b4bdca3 textright mobcenter\" data-id=\"b4bdca3\" data-element_type=\"column\">\n\t\t\t<div class=\"elementor-widget-wrap elementor-element-populated\">\n\t\t\t\t\t\t<div class=\"elementor-element elementor-element-7105132 mb-5 elementor-widget elementor-widget-heading\" data-id=\"7105132\" data-element_type=\"widget\" data-widget_type=\"heading.default\">\n\t\t\t\t<div class=\"elementor-widget-container\">\n\t\t\t<h2 class=\"elementor-heading-title elementor-size-default\">Turna<\/h2>\t\t<\/div>\n\t\t\t\t<\/div>\n\t\t\t\t<div class=\"elementor-element elementor-element-cd7a141 elementor-widget elementor-widget-text-editor\" data-id=\"cd7a141\" data-element_type=\"widget\" data-widget_type=\"text-editor.default\">\n\t\t\t\t<div class=\"elementor-widget-container\">\n\t\t\t\t\t\t\t<p>Turna (Grus grus) T\u00fcrkiye\u2019de \u0130\u00e7 Anadolu, Akdeniz, G\u00fcneydo\u011fu Anadolu b\u00f6lgelerinde bulunur.\u00a0Ya\u015fam alanlar\u0131n\u0131n tahrip edilmesi, hatal\u0131 tar\u0131m uygulamalar\u0131 ve ka\u00e7ak avc\u0131l\u0131k kar\u015f\u0131 kar\u015f\u0131ya olduklar\u0131 ana tehditlerdir.<\/p>\t\t\t\t\t\t<\/div>\n\t\t\t\t<\/div>\n\t\t\t\t\t<\/div>\n\t\t<\/div>\n\t\t\t\t\t<\/div>\n\t\t<\/section>\n\t\t\t\t<\/div>\n\t\t\t\t<\/div>\n\t\t\t\t<\/div>\n\t\t\t\t<\/div>\n\t\t\t\t\t<\/div>\n\t\t<\/div>\n\t\t\t\t\t<\/div>\n\t\t<\/section>\n\t\t\t\t<section class=\"elementor-section elementor-top-section elementor-element elementor-element-a08b258 elementor-section-boxed elementor-section-height-default elementor-section-height-default\" data-id=\"a08b258\" data-element_type=\"section\">\n\t\t\t\t\t\t<div class=\"elementor-container elementor-column-gap-default\">\n\t\t\t\t\t<div class=\"elementor-column elementor-col-50 elementor-top-column elementor-element elementor-element-0f51848\" data-id=\"0f51848\" data-element_type=\"column\">\n\t\t\t<div class=\"elementor-widget-wrap elementor-element-populated\">\n\t\t\t\t\t\t<div class=\"elementor-element elementor-element-378de33 mb-10 elementor-widget elementor-widget-heading\" data-id=\"378de33\" data-element_type=\"widget\" data-widget_type=\"heading.default\">\n\t\t\t\t<div class=\"elementor-widget-container\">\n\t\t\t<h2 class=\"elementor-heading-title elementor-size-default\">\u00c7ukur &#038; Partners Akademi<\/h2>\t\t<\/div>\n\t\t\t\t<\/div>\n\t\t\t\t<div class=\"elementor-element elementor-element-1e28ee4 elementor-widget elementor-widget-image\" data-id=\"1e28ee4\" data-element_type=\"widget\" data-widget_type=\"image.default\">\n\t\t\t\t<div class=\"elementor-widget-container\">\n\t\t\t\t\t\t\t\t\t\t\t\t\t<img decoding=\"async\" width=\"110\" height=\"5\" src=\"https:\/\/old.cukurpartners.com\/wp-content\/uploads\/2019\/10\/colored_line_cy.png\" class=\"attachment-full size-full wp-image-52\" alt=\"\" \/>\t\t\t\t\t\t\t\t\t\t\t\t\t<\/div>\n\t\t\t\t<\/div>\n\t\t\t\t<div class=\"elementor-element elementor-element-36f52e3 elementor-widget elementor-widget-text-editor\" data-id=\"36f52e3\" data-element_type=\"widget\" data-widget_type=\"text-editor.default\">\n\t\t\t\t<div class=\"elementor-widget-container\">\n\t\t\t\t\t\t\t<p><span style=\"font-weight: 400;\">\u00c7ukur &amp; Partners Akademi, hukuk firmam\u0131z\u0131n hukuk alan\u0131ndaki \u00f6\u011frencilere, mesle\u011fe yeni ad\u0131m atm\u0131\u015f gen\u00e7 meslekta\u015flar\u0131m\u0131za ve i\u015f d\u00fcnyas\u0131na kurumsal sosyal sorumluluk \u00e7al\u0131\u015fmalar\u0131 \u00e7er\u00e7evesinde sundu\u011fu e\u011fitim, ki\u015fisel ve mesleki geli\u015fim, mentorluk, ko\u00e7luk, burs ve di\u011fer destek ve kurumsal sosyal sorumluluk \u00e7al\u0131\u015fmalar\u0131n\u0131 koordine etti\u011fi bir platformdur.<\/span><\/p><p><span style=\"font-weight: 400;\">Hukuk fak\u00fcltesi \u00f6\u011frencilerinin mesleki ve ki\u015fisel geli\u015fimlerini, avukatl\u0131k mesle\u011fine t\u00fcm y\u00f6nleriyle haz\u0131rlanmalar\u0131n\u0131, kendilerini ba\u015far\u0131ya ta\u015f\u0131yacak yeni donan\u0131mlar edinmelerini \u00e7ok \u00f6nemsiyoruz. \u00c7ukur &amp; Partners Akademi b\u00fcnyesinde bu \u00e7er\u00e7evede haz\u0131rlad\u0131\u011f\u0131m\u0131z bir\u00e7ok \u00fccretsiz etkinli\u011fimiz, e\u011fitim ve geli\u015fim program\u0131m\u0131z var.<\/span><\/p><p><span style=\"font-weight: 400;\">\u00c7ukur &amp; Partners \u201cKevser ve Nihat \u00c7ukur E\u011fitim Burslar\u0131\u201dm\u0131zla, T\u00fcrk E\u011fitim Vakf\u0131 vas\u0131tas\u0131yla ihtiya\u00e7 sahibi hukuk fak\u00fcltesi \u00f6\u011frencilerinin e\u011fitimlerini destekliyoruz.<\/span><\/p><p><span style=\"font-weight: 400;\">Ayn\u0131 zamanda, \u00c7ukur &amp; Partners hukuk firmas\u0131 olarak, gen\u00e7 avukat ve stajyer avukat meslekta\u015flar\u0131m\u0131z\u0131n, profesyonel ya\u015famlar\u0131n\u0131n ba\u015f\u0131nda kar\u015f\u0131la\u015ft\u0131klar\u0131 zorluklar\u0131 ve ihtiya\u00e7lar\u0131n\u0131 yak\u0131ndan biliyor ve izliyoruz. Bu anlamda, mesle\u011fin ilk 5 y\u0131l\u0131ndaki gen\u00e7 avukatlar\u0131n mutlu ve ba\u015far\u0131l\u0131 bir kariyere ad\u0131m atmalar\u0131 noktas\u0131nda onlara rehberlik edebilecek, \u00fccretsiz mentorluk ve destek programlar\u0131m\u0131z\u0131 \u00c7ukur &amp; Partners Akademi i\u00e7erisinde y\u00fcr\u00fct\u00fcyoruz.<\/span><\/p><p><span style=\"font-weight: 400;\">\u00c7ukur &amp; Partners\u00a0Avukatl\u0131k B\u00fcrosunda \u00f6ncelik ve hedeflerimizden biri, T\u00fcrkiye&#8217;de hukuk sekt\u00f6r\u00fcnde ve i\u015f d\u00fcnyas\u0131nda sorumlu ve s\u00fcrd\u00fcr\u00fclebilir i\u015f ilkeleri anlay\u0131\u015f\u0131n\u0131 ve bilincini yaratmak ve geli\u015ftirmektir. Bu temel do\u011frultusunda Akademi\u2019miz ile avukatlara, hukuk \u00f6\u011frencilerine ve \u00f6zel sekt\u00f6re y\u00f6nelik \u00e7e\u015fitli etkinlikler, giri\u015fimler ve programlar geli\u015ftiriyor ve bu konudaki bilgi ve deneyimlerimizi payla\u015f\u0131yoruz.<\/span><\/p><p><span style=\"font-weight: 400;\">\u00c7ukur &amp; Partners Akademi\u2019de geli\u015ftirdi\u011fimiz t\u00fcm e\u011fitimler, etkinliklerimiz ve programlar\u0131m\u0131z, hukuk firmam\u0131z\u0131n ve hizmet verdi\u011fimiz \u015firketlerin t\u00fcm ekiplerine ve \u00e7al\u0131\u015fma arkada\u015flar\u0131m\u0131za da ula\u015fmaktad\u0131r. Onlar\u0131 da bu \u00e7aba ve \u00e7al\u0131\u015fmalar\u0131n bir par\u00e7as\u0131 olmaya te\u015fvik ediyoruz. Akademi&#8217;mizin temel i\u015flevlerinden biri, hukuk b\u00fcromuz ekibinde yer alan avukatlar\u0131m\u0131z\u0131n ba\u015far\u0131 ve mutluluk yolculuklar\u0131na katk\u0131da bulunmakt\u0131r.<\/span><\/p><p><span style=\"font-weight: 400;\">Hukuk fak\u00fcltesi \u00f6\u011frencileri, stajyer avukatlar ve mesle\u011fin ilk 5 y\u0131l\u0131ndaki gen\u00e7 avukat meslekta\u015flar\u0131m\u0131z, web sitemizin HABERDAR OLUN sayfalar\u0131n\u0131 ve sosyal medya hesaplar\u0131m\u0131z\u0131 takip ederek bu konudaki g\u00fcncel \u00e7al\u0131\u015fmalar\u0131m\u0131zdan ve etkinliklerimiz hakk\u0131nda bilgi edinebilirler.<\/span><\/p><p><span style=\"font-weight: 400;\">Ayr\u0131ca bu Akademi arac\u0131l\u0131\u011f\u0131yla \u015firketlere ve i\u015f d\u00fcnyas\u0131na ihtiya\u00e7 duyduklar\u0131 kurumsal hukuki e\u011fitim hizmetlerini de sa\u011flamaktay\u0131z. Bizimle ileti\u015fime ge\u00e7erek bu konudaki e\u011fitim hizmetlerimiz konusunda daha detayl\u0131 bilgi alabilirsiniz. Bu profesyonel e\u011fitim \u00e7al\u0131\u015fmalar\u0131ndan elde edilen gelirler de, Akademimizin ve hukuk firmam\u0131z\u0131n sosyal projelerinde ve \u00e7al\u0131\u015fmalar\u0131nda kullan\u0131lmaktad\u0131r.<\/span><\/p><p><b>G\u00dcNCEL \u00c7UKUR &amp; PARTNERS AKADEM\u0130 PROGRAMLARIMIZ<\/b><\/p><ul><li aria-level=\"1\"><a href=\"https:\/\/old.cukurpartners.com\/tr\/cukur-partners-akademi-kevser-ve-nihat-cukur-egitim-burslari\/\"><b>\u00c7UKUR &amp; PARTNERS AKADEM\u0130 \u201cKEVSER VE N\u0130HAT \u00c7UKUR E\u011e\u0130T\u0130M BURSLARI\u201d\u00a0<\/b><\/a><\/li><\/ul><ul><li aria-level=\"1\"><a href=\"https:\/\/old.cukurpartners.com\/tr\/hukuk-fakultesi-ogrencileri-icin-avukatlik-kariyerine-hazirlik-programi\/\"><b>HUKUK FAK\u00dcLTES\u0130 \u00d6\u011eRENC\u0130LER\u0130 \u0130\u00c7\u0130N AVUKATLIK KAR\u0130YER\u0130NE HAZIRLIK PROGRAMI<\/b><\/a><\/li><\/ul><ul><li aria-level=\"1\"><a href=\"https:\/\/old.cukurpartners.com\/tr\/meslege-yeni-baslayan-avukatlar-ve-stajyer-avukatlar-icin-mentorluk-programi\/\"><b>MESLE\u011eE YEN\u0130 BA\u015eLAYAN AVUKATLAR VE STAJYER AVUKATLAR \u0130\u00c7\u0130N MENTORLUK PROGRAMI<\/b><\/a><\/li><\/ul><ul><li aria-level=\"1\"><a href=\"https:\/\/old.cukurpartners.com\/tr\/cukur-partners-akademi-social-club\/\"><b>\u00c7UKUR &amp; PARTNERS AKADEM\u0130 SOCIAL CLUB<\/b><\/a><\/li><\/ul>\t\t\t\t\t\t<\/div>\n\t\t\t\t<\/div>\n\t\t\t\t\t<\/div>\n\t\t<\/div>\n\t\t\t\t<div class=\"elementor-column elementor-col-50 elementor-top-column elementor-element elementor-element-c63297d\" data-id=\"c63297d\" data-element_type=\"column\">\n\t\t\t<div class=\"elementor-widget-wrap elementor-element-populated\">\n\t\t\t\t\t\t<div class=\"elementor-element elementor-element-5a514b5 elementor-widget elementor-widget-template\" data-id=\"5a514b5\" data-element_type=\"widget\" data-widget_type=\"template.default\">\n\t\t\t\t<div class=\"elementor-widget-container\">\n\t\t\t\t\t<div class=\"elementor-template\">\n\t\t\t\t\t<div data-elementor-type=\"section\" data-elementor-id=\"1023\" class=\"elementor elementor-1023 elementor-216\" data-elementor-post-type=\"elementor_library\">\n\t\t\t\t\t<section class=\"elementor-section elementor-top-section elementor-element elementor-element-e22e1f3 elementor-section-boxed elementor-section-height-default elementor-section-height-default\" data-id=\"e22e1f3\" data-element_type=\"section\">\n\t\t\t\t\t\t<div class=\"elementor-container elementor-column-gap-default\">\n\t\t\t\t\t<div class=\"elementor-column elementor-col-100 elementor-top-column elementor-element elementor-element-dcec2a6\" data-id=\"dcec2a6\" data-element_type=\"column\">\n\t\t\t<div class=\"elementor-widget-wrap elementor-element-populated\">\n\t\t\t\t\t\t<div class=\"elementor-element elementor-element-26d0b63 sidemenu elementor-nav-menu--dropdown-tablet elementor-nav-menu__text-align-aside elementor-widget elementor-widget-nav-menu\" data-id=\"26d0b63\" data-element_type=\"widget\" data-settings=\"{&quot;layout&quot;:&quot;vertical&quot;,&quot;submenu_icon&quot;:{&quot;value&quot;:&quot;&lt;i class=\\&quot;fas fa-caret-down\\&quot;&gt;&lt;\\\/i&gt;&quot;,&quot;library&quot;:&quot;fa-solid&quot;}}\" data-widget_type=\"nav-menu.default\">\n\t\t\t\t<div class=\"elementor-widget-container\">\n\t\t\t\t\t\t<nav aria-label=\"Men\u00fc\" class=\"elementor-nav-menu--main elementor-nav-menu__container elementor-nav-menu--layout-vertical e--pointer-none\">\n\t\t\t\t<ul id=\"menu-1-26d0b63\" class=\"elementor-nav-menu sm-vertical\"><li class=\"menu-item menu-item-type-post_type menu-item-object-page menu-item-2633\"><a href=\"https:\/\/old.cukurpartners.com\/tr\/surdurulebi%cc%87li%cc%87r-cozum-ortaginiz\/\" class=\"elementor-item\">S\u00fcrd\u00fcr\u00fclebilir \u00c7\u00f6z\u00fcm Orta\u011f\u0131n\u0131z<\/a><\/li>\n<li class=\"menu-item menu-item-type-post_type menu-item-object-page menu-item-has-children menu-item-2644\"><a href=\"https:\/\/old.cukurpartners.com\/tr\/cukur-partners-akademi\/\" class=\"elementor-item\">\u00c7ukur &#038; Partners Akademi<\/a>\n<ul class=\"sub-menu elementor-nav-menu--dropdown\">\n\t<li class=\"menu-item menu-item-type-post_type menu-item-object-page menu-item-6688\"><a href=\"https:\/\/old.cukurpartners.com\/tr\/cukur-partners-akademi-kevser-ve-nihat-cukur-egitim-burslari\/\" class=\"elementor-sub-item\">\u00c7ukur &#038; Partners Akademi \u201cKevser Ve Nihat \u00c7ukur E\u011fitim Burslar\u0131\u201d<\/a><\/li>\n\t<li class=\"menu-item menu-item-type-post_type menu-item-object-page menu-item-6689\"><a href=\"https:\/\/old.cukurpartners.com\/tr\/hukuk-fakultesi-ogrencileri-icin-avukatlik-kariyerine-hazirlik-programi\/\" class=\"elementor-sub-item\">Hukuk Fak\u00fcltesi \u00d6\u011frencileri \u0130\u00e7in Avukatl\u0131k Kariyerine Haz\u0131rl\u0131k Program\u0131<\/a><\/li>\n\t<li class=\"menu-item menu-item-type-post_type menu-item-object-page menu-item-6690\"><a href=\"https:\/\/old.cukurpartners.com\/tr\/meslege-yeni-baslayan-avukatlar-ve-stajyer-avukatlar-icin-mentorluk-programi\/\" class=\"elementor-sub-item\">Mesle\u011fe Yeni Ba\u015flayan Avukatlar ve Stajyer Avukatlar \u0130\u00e7in Mentorluk Program\u0131<\/a><\/li>\n\t<li class=\"menu-item menu-item-type-post_type menu-item-object-page menu-item-6691\"><a href=\"https:\/\/old.cukurpartners.com\/tr\/cukur-partners-akademi-social-club\/\" class=\"elementor-sub-item\">\u00c7ukur &#038; Partners Akademi Social Club<\/a><\/li>\n<\/ul>\n<\/li>\n<li class=\"menu-item menu-item-type-post_type menu-item-object-page menu-item-1293\"><a href=\"https:\/\/old.cukurpartners.com\/tr\/sorumlu-is-anlayisimiz\/kurumsal-sosyal-sorumluluk-ve-ucretsiz-hukuki-hizmet-pro-bono-uygulamalarimiz\/\" class=\"elementor-item\">Kurumsal Sosyal Sorumluluk Ve \u00dccretsiz Hukuki Hizmet (Pro Bono) Uygulamalar\u0131m\u0131z<\/a><\/li>\n<li class=\"menu-item menu-item-type-post_type menu-item-object-page menu-item-1294\"><a href=\"https:\/\/old.cukurpartners.com\/tr\/sorumlu-is-anlayisimiz\/etik-ve-is-ilkelerimiz\/\" class=\"elementor-item\">Etik ve \u0130\u015f \u0130lkelerimiz<\/a><\/li>\n<li class=\"menu-item menu-item-type-post_type menu-item-object-page menu-item-1295\"><a href=\"https:\/\/old.cukurpartners.com\/tr\/sorumlu-is-anlayisimiz\/surdurulebilirlik-ve-cevre\/\" class=\"elementor-item\">S\u00fcrd\u00fcr\u00fclebilirlik ve \u00c7evre<\/a><\/li>\n<li class=\"menu-item menu-item-type-post_type menu-item-object-page menu-item-1296\"><a href=\"https:\/\/old.cukurpartners.com\/tr\/sorumlu-is-anlayisimiz\/katilimcilik-cesitlilik-ve-refah-uygulamalarimiz\/\" class=\"elementor-item\">Kat\u0131l\u0131mc\u0131l\u0131k, \u00c7e\u015fitlilik Ve Refah Uygulamalar\u0131m\u0131z<\/a><\/li>\n<\/ul>\t\t\t<\/nav>\n\t\t\t\t\t\t<nav class=\"elementor-nav-menu--dropdown elementor-nav-menu__container\" aria-hidden=\"true\">\n\t\t\t\t<ul id=\"menu-2-26d0b63\" class=\"elementor-nav-menu sm-vertical\"><li class=\"menu-item menu-item-type-post_type menu-item-object-page menu-item-2633\"><a href=\"https:\/\/old.cukurpartners.com\/tr\/surdurulebi%cc%87li%cc%87r-cozum-ortaginiz\/\" class=\"elementor-item\" tabindex=\"-1\">S\u00fcrd\u00fcr\u00fclebilir \u00c7\u00f6z\u00fcm Orta\u011f\u0131n\u0131z<\/a><\/li>\n<li class=\"menu-item menu-item-type-post_type menu-item-object-page menu-item-has-children menu-item-2644\"><a href=\"https:\/\/old.cukurpartners.com\/tr\/cukur-partners-akademi\/\" class=\"elementor-item\" tabindex=\"-1\">\u00c7ukur &#038; Partners Akademi<\/a>\n<ul class=\"sub-menu elementor-nav-menu--dropdown\">\n\t<li class=\"menu-item menu-item-type-post_type menu-item-object-page menu-item-6688\"><a href=\"https:\/\/old.cukurpartners.com\/tr\/cukur-partners-akademi-kevser-ve-nihat-cukur-egitim-burslari\/\" class=\"elementor-sub-item\" tabindex=\"-1\">\u00c7ukur &#038; Partners Akademi \u201cKevser Ve Nihat \u00c7ukur E\u011fitim Burslar\u0131\u201d<\/a><\/li>\n\t<li class=\"menu-item menu-item-type-post_type menu-item-object-page menu-item-6689\"><a href=\"https:\/\/old.cukurpartners.com\/tr\/hukuk-fakultesi-ogrencileri-icin-avukatlik-kariyerine-hazirlik-programi\/\" class=\"elementor-sub-item\" tabindex=\"-1\">Hukuk Fak\u00fcltesi \u00d6\u011frencileri \u0130\u00e7in Avukatl\u0131k Kariyerine Haz\u0131rl\u0131k Program\u0131<\/a><\/li>\n\t<li class=\"menu-item menu-item-type-post_type menu-item-object-page menu-item-6690\"><a href=\"https:\/\/old.cukurpartners.com\/tr\/meslege-yeni-baslayan-avukatlar-ve-stajyer-avukatlar-icin-mentorluk-programi\/\" class=\"elementor-sub-item\" tabindex=\"-1\">Mesle\u011fe Yeni Ba\u015flayan Avukatlar ve Stajyer Avukatlar \u0130\u00e7in Mentorluk Program\u0131<\/a><\/li>\n\t<li class=\"menu-item menu-item-type-post_type menu-item-object-page menu-item-6691\"><a href=\"https:\/\/old.cukurpartners.com\/tr\/cukur-partners-akademi-social-club\/\" class=\"elementor-sub-item\" tabindex=\"-1\">\u00c7ukur &#038; Partners Akademi Social Club<\/a><\/li>\n<\/ul>\n<\/li>\n<li class=\"menu-item menu-item-type-post_type menu-item-object-page menu-item-1293\"><a href=\"https:\/\/old.cukurpartners.com\/tr\/sorumlu-is-anlayisimiz\/kurumsal-sosyal-sorumluluk-ve-ucretsiz-hukuki-hizmet-pro-bono-uygulamalarimiz\/\" class=\"elementor-item\" tabindex=\"-1\">Kurumsal Sosyal Sorumluluk Ve \u00dccretsiz Hukuki Hizmet (Pro Bono) Uygulamalar\u0131m\u0131z<\/a><\/li>\n<li class=\"menu-item menu-item-type-post_type menu-item-object-page menu-item-1294\"><a href=\"https:\/\/old.cukurpartners.com\/tr\/sorumlu-is-anlayisimiz\/etik-ve-is-ilkelerimiz\/\" class=\"elementor-item\" tabindex=\"-1\">Etik ve \u0130\u015f \u0130lkelerimiz<\/a><\/li>\n<li class=\"menu-item menu-item-type-post_type menu-item-object-page menu-item-1295\"><a href=\"https:\/\/old.cukurpartners.com\/tr\/sorumlu-is-anlayisimiz\/surdurulebilirlik-ve-cevre\/\" class=\"elementor-item\" tabindex=\"-1\">S\u00fcrd\u00fcr\u00fclebilirlik ve \u00c7evre<\/a><\/li>\n<li class=\"menu-item menu-item-type-post_type menu-item-object-page menu-item-1296\"><a href=\"https:\/\/old.cukurpartners.com\/tr\/sorumlu-is-anlayisimiz\/katilimcilik-cesitlilik-ve-refah-uygulamalarimiz\/\" class=\"elementor-item\" tabindex=\"-1\">Kat\u0131l\u0131mc\u0131l\u0131k, \u00c7e\u015fitlilik Ve Refah Uygulamalar\u0131m\u0131z<\/a><\/li>\n<\/ul>\t\t\t<\/nav>\n\t\t\t\t<\/div>\n\t\t\t\t<\/div>\n\t\t\t\t\t<\/div>\n\t\t<\/div>\n\t\t\t\t\t<\/div>\n\t\t<\/section>\n\t\t\t\t<\/div>\n\t\t\t\t<\/div>\n\t\t\t\t<\/div>\n\t\t\t\t<\/div>\n\t\t\t\t\t<\/div>\n\t\t<\/div>\n\t\t\t\t\t<\/div>\n\t\t<\/section>\n\t\t\t\t<\/div>\n\t\t","protected":false},"excerpt":{"rendered":"<p>\u00c7ukur &amp; Partners Akademi, hukuk firmam\u0131z\u0131n hukuk alan\u0131ndaki \u00f6\u011frencilere, mesle\u011fe yeni ad\u0131m atm\u0131\u015f gen\u00e7 meslekta\u015flar\u0131m\u0131za ve i\u015f d\u00fcnyas\u0131na kurumsal sosyal sorumluluk \u00e7al\u0131\u015fmalar\u0131 \u00e7er\u00e7evesinde sundu\u011fu e\u011fitim, ki\u015fisel ve mesleki geli\u015fim, mentorluk, ko\u00e7luk, burs ve di\u011fer destek ve kurumsal sosyal sorumluluk \u00e7al\u0131\u015fmalar\u0131n\u0131 koordine etti\u011fi bir platformdur. Hukuk fak\u00fcltesi \u00f6\u011frencilerinin mesleki ve ki\u015fisel geli\u015fimlerini, avukatl\u0131k mesle\u011fine t\u00fcm y\u00f6nleriyle [&hellip;]<\/p>\n","protected":false},"author":1,"featured_media":0,"parent":0,"menu_order":0,"comment_status":"closed","ping_status":"closed","template":"elementor_header_footer","meta":{"_acf_changed":false,"footnotes":""},"class_list":["post-2637","page","type-page","status-publish","hentry"],"acf":[],"_links":{"self":[{"href":"https:\/\/old.cukurpartners.com\/tr\/wp-json\/wp\/v2\/pages\/2637"}],"collection":[{"href":"https:\/\/old.cukurpartners.com\/tr\/wp-json\/wp\/v2\/pages"}],"about":[{"href":"https:\/\/old.cukurpartners.com\/tr\/wp-json\/wp\/v2\/types\/page"}],"author":[{"embeddable":true,"href":"https:\/\/old.cukurpartners.com\/tr\/wp-json\/wp\/v2\/users\/1"}],"replies":[{"embeddable":true,"href":"https:\/\/old.cukurpartners.com\/tr\/wp-json\/wp\/v2\/comments?post=2637"}],"version-history":[{"count":38,"href":"https:\/\/old.cukurpartners.com\/tr\/wp-json\/wp\/v2\/pages\/2637\/revisions"}],"predecessor-version":[{"id":6706,"href":"https:\/\/old.cukurpartners.com\/tr\/wp-json\/wp\/v2\/pages\/2637\/revisions\/6706"}],"wp:attachment":[{"href":"https:\/\/old.cukurpartners.com\/tr\/wp-json\/wp\/v2\/media?parent=2637"}],"curies":[{"name":"wp","href":"https:\/\/api.w.org\/{rel}","templated":true}]}}