{"id":2658,"date":"2020-12-16T11:09:08","date_gmt":"2020-12-16T11:09:08","guid":{"rendered":"https:\/\/cukurpartners.com\/?page_id=2658"},"modified":"2021-10-18T15:11:47","modified_gmt":"2021-10-18T15:11:47","slug":"bir-bakista-hizmetlerimiz","status":"publish","type":"page","link":"https:\/\/old.cukurpartners.com\/tr\/size-nasil-yardimci-olabiliriz\/bir-bakista-hizmetlerimiz\/","title":{"rendered":"Bir Bak\u0131\u015fta Hizmetlerimiz"},"content":{"rendered":"\t\t<div data-elementor-type=\"wp-page\" data-elementor-id=\"2658\" class=\"elementor elementor-2658\" data-elementor-post-type=\"page\">\n\t\t\t\t\t\t<section class=\"elementor-section elementor-top-section elementor-element elementor-element-0e0a6ce elementor-section-full_width elementor-section-height-default elementor-section-height-default\" data-id=\"0e0a6ce\" data-element_type=\"section\">\n\t\t\t\t\t\t<div class=\"elementor-container elementor-column-gap-default\">\n\t\t\t\t\t<div class=\"elementor-column elementor-col-100 elementor-top-column elementor-element elementor-element-960c159\" data-id=\"960c159\" data-element_type=\"column\">\n\t\t\t<div class=\"elementor-widget-wrap elementor-element-populated\">\n\t\t\t\t\t\t<div class=\"elementor-element elementor-element-478c39b elementor-widget elementor-widget-template\" data-id=\"478c39b\" data-element_type=\"widget\" data-widget_type=\"template.default\">\n\t\t\t\t<div class=\"elementor-widget-container\">\n\t\t\t\t\t<div class=\"elementor-template\">\n\t\t\t\t\t<div data-elementor-type=\"section\" data-elementor-id=\"1001\" class=\"elementor elementor-1001 elementor-791\" data-elementor-post-type=\"elementor_library\">\n\t\t\t\t\t<section class=\"elementor-section elementor-top-section elementor-element elementor-element-338a2c6 elementor-section-height-min-height elementor-section-boxed elementor-section-height-default elementor-section-items-middle\" data-id=\"338a2c6\" data-element_type=\"section\" data-settings=\"{&quot;background_background&quot;:&quot;classic&quot;}\">\n\t\t\t\t\t\t\t<div class=\"elementor-background-overlay\"><\/div>\n\t\t\t\t\t\t\t<div class=\"elementor-container elementor-column-gap-default\">\n\t\t\t\t\t<div class=\"elementor-column elementor-col-50 elementor-top-column elementor-element elementor-element-4e84dc7\" data-id=\"4e84dc7\" data-element_type=\"column\">\n\t\t\t<div class=\"elementor-widget-wrap elementor-element-populated\">\n\t\t\t\t\t\t<div class=\"elementor-element elementor-element-b26d839 elementor-widget elementor-widget-heading\" data-id=\"b26d839\" data-element_type=\"widget\" data-widget_type=\"heading.default\">\n\t\t\t\t<div class=\"elementor-widget-container\">\n\t\t\t<h2 class=\"elementor-heading-title elementor-size-default\">Size Nas\u0131l Yard\u0131mc\u0131 Olabiliriz<\/h2>\t\t<\/div>\n\t\t\t\t<\/div>\n\t\t\t\t\t<\/div>\n\t\t<\/div>\n\t\t\t\t<div class=\"elementor-column elementor-col-50 elementor-top-column elementor-element elementor-element-48e9ff6 textright mobcenter\" data-id=\"48e9ff6\" data-element_type=\"column\">\n\t\t\t<div class=\"elementor-widget-wrap elementor-element-populated\">\n\t\t\t\t\t\t<div class=\"elementor-element elementor-element-e7c5c43 mb-5 elementor-widget elementor-widget-heading\" data-id=\"e7c5c43\" data-element_type=\"widget\" data-widget_type=\"heading.default\">\n\t\t\t\t<div class=\"elementor-widget-container\">\n\t\t\t<h2 class=\"elementor-heading-title elementor-size-default\">Yal\u0131 \u00c7apk\u0131n\u0131<\/h2>\t\t<\/div>\n\t\t\t\t<\/div>\n\t\t\t\t<div class=\"elementor-element elementor-element-9910f06 elementor-widget elementor-widget-text-editor\" data-id=\"9910f06\" data-element_type=\"widget\" data-widget_type=\"text-editor.default\">\n\t\t\t\t<div class=\"elementor-widget-container\">\n\t\t\t\t\t\t\t<p>Ad\u0131n\u0131 \u0130zmir\u2019den alan Yal\u0131 \u00c7apk\u0131n\u0131 (Halcyon smyrnensis), \u00e7oklukla Do\u011fu Akdeniz B\u00f6lgesi\u2019nde g\u00f6zlemlenir. Ya\u015fam alanlar\u0131 olan sulak alanlar\u0131n tahrip edilmesi nesilleri i\u00e7in en b\u00fcy\u00fck tehdittir.\u00a0<\/p>\t\t\t\t\t\t<\/div>\n\t\t\t\t<\/div>\n\t\t\t\t\t<\/div>\n\t\t<\/div>\n\t\t\t\t\t<\/div>\n\t\t<\/section>\n\t\t\t\t<\/div>\n\t\t\t\t<\/div>\n\t\t\t\t<\/div>\n\t\t\t\t<\/div>\n\t\t\t\t\t<\/div>\n\t\t<\/div>\n\t\t\t\t\t<\/div>\n\t\t<\/section>\n\t\t\t\t<section class=\"elementor-section elementor-top-section elementor-element elementor-element-4d0f655 elementor-section-boxed elementor-section-height-default elementor-section-height-default\" data-id=\"4d0f655\" data-element_type=\"section\">\n\t\t\t\t\t\t<div class=\"elementor-container elementor-column-gap-default\">\n\t\t\t\t\t<div class=\"elementor-column elementor-col-50 elementor-top-column elementor-element elementor-element-770f2d3\" data-id=\"770f2d3\" data-element_type=\"column\">\n\t\t\t<div class=\"elementor-widget-wrap elementor-element-populated\">\n\t\t\t\t\t\t<div class=\"elementor-element elementor-element-31bf7e1 mb-10 elementor-widget elementor-widget-heading\" data-id=\"31bf7e1\" data-element_type=\"widget\" data-widget_type=\"heading.default\">\n\t\t\t\t<div class=\"elementor-widget-container\">\n\t\t\t<h2 class=\"elementor-heading-title elementor-size-default\">Bir Bak\u0131\u015fta Hizmetlerimiz<\/h2>\t\t<\/div>\n\t\t\t\t<\/div>\n\t\t\t\t<div class=\"elementor-element elementor-element-c7c4150 elementor-widget elementor-widget-image\" data-id=\"c7c4150\" data-element_type=\"widget\" data-widget_type=\"image.default\">\n\t\t\t\t<div class=\"elementor-widget-container\">\n\t\t\t\t\t\t\t\t\t\t\t\t\t<img decoding=\"async\" width=\"110\" height=\"5\" src=\"https:\/\/old.cukurpartners.com\/wp-content\/uploads\/2019\/10\/colored_line_cy.png\" class=\"attachment-full size-full wp-image-52\" alt=\"\" \/>\t\t\t\t\t\t\t\t\t\t\t\t\t<\/div>\n\t\t\t\t<\/div>\n\t\t\t\t<div class=\"elementor-element elementor-element-9be71ad elementor-widget elementor-widget-text-editor\" data-id=\"9be71ad\" data-element_type=\"widget\" data-widget_type=\"text-editor.default\">\n\t\t\t\t<div class=\"elementor-widget-container\">\n\t\t\t\t\t\t\t<p><span style=\"font-weight: 400;\">\u00c7ukur &amp; Partners avukatl\u0131k b\u00fcrosunda i\u015f d\u00fcnyas\u0131n\u0131n ihtiya\u00e7 duydu\u011fu t\u00fcm hukuki dan\u0131\u015fmanl\u0131k ve avukatl\u0131k hizmetlerini hizmetini tek \u00e7at\u0131 alt\u0131nda alabilmelerini sa\u011flayacak \u015fekilde yap\u0131land\u0131k.<\/span><\/p>\n<p><span style=\"font-weight: 400;\">Hukuk firmam\u0131zdaki avukatlar, \u015firketlere ve i\u015f insanlar\u0131na, i\u015flerini b\u00fcy\u00fct\u00fcrken ve geli\u015ftirirken, \u00f6nlerine \u00e7\u0131kan g\u00fc\u00e7l\u00fckleri ve belirsizlikleri a\u015fmalar\u0131n\u0131 sa\u011flayan, yasal riskleri ve olas\u0131 uyu\u015fmazl\u0131klar\u0131 ortadan kald\u0131ran, hukuk g\u00fcvenli\u011fi i\u00e7erisinde yol almalar\u0131n\u0131 g\u00fcvence alt\u0131na alan \u00e7\u00f6z\u00fcmler sunuyorlar. <\/span><\/p>\n<p><span style=\"font-weight: 400;\">\u015eirketlere <a href=\"https:\/\/old.cukurpartners.com\/tr\/size-nasil-yardimci-olabiliriz\/hizmetlerimiz\/surekli-hukuki-danismanlik-hizmetlerimiz\/\">s\u00fcrekli hukuki dan\u0131\u015fmanl\u0131k<\/a>, <a href=\"https:\/\/old.cukurpartners.com\/tr\/size-nasil-yardimci-olabiliriz\/hizmetlerimiz\/ozel-islemlerde-ve-projelerdeki-hukuki-danismanlik-hizmetlerimiz\/\">\u00f6zel i\u015flemlerdeki ve projelerdeki hukuki dan\u0131\u015fmanl\u0131k<\/a> ve <a href=\"https:\/\/old.cukurpartners.com\/tr\/size-nasil-yardimci-olabiliriz\/calisma-alanlarimiz\/dava-takip-ve-hukuki-ihtilaflarin-cozumlenmesi\/\">hukuki ihtilaflar\u0131n \u00e7\u00f6z\u00fcmlenmesi<\/a> hizmetlerimiz bu yakla\u015f\u0131m\u0131m\u0131z\u0131n b\u00fct\u00fcnc\u00fcl \u00e7er\u00e7evesinin ana hatlar\u0131n\u0131 olu\u015fturmaktad\u0131r.<\/span><\/p>\n<p><span style=\"font-weight: 400;\">B\u00f6ylece hem yasal mevzuata uyma s\u00fcrecinde, hem \u015firketlerin ya\u015fam\u0131n\u0131 d\u00f6n\u00fc\u015ft\u00fcren karma\u015f\u0131k ve geni\u015f kapsaml\u0131 \u00f6zel i\u015flemler ve projelerde, hem de i\u015f hayat\u0131n\u0131n do\u011fas\u0131 i\u00e7erisinde ortaya \u00e7\u0131kabilecek hukuki uyu\u015fmazl\u0131klar\u0131 y\u00f6netirken ve \u00e7\u00f6z\u00fcmlerken \u00c7ukur &amp; Partners hukuk b\u00fcrosu avukatlar\u0131 size rehberlik ediyor.<\/span><\/p>\n<p><span style=\"font-weight: 400;\">Ayr\u0131ca g\u00fcncel geli\u015fmelerden kaynaklanan \u00f6zel hukuki ihtiya\u00e7lar\u0131 yan\u0131tlamak \u00fczere, \u00c7ukur &amp; Partners hukuk firmas\u0131nda <a href=\"https:\/\/old.cukurpartners.com\/tr\/size-nasil-yardimci-olabiliriz\/ozel-hukuki-hizmet-programlarimiz\/\">\u00f6zel hukuki hizmet programlar\u0131<\/a> da olu\u015fturduk.<\/span><\/p>\n<p><span style=\"font-weight: 400;\">Yani siz i\u015f hayat\u0131n\u0131n, kurumsal ve ki\u015fisel ya\u015fam d\u00f6ng\u00fcs\u00fcn\u00fcn hangi noktas\u0131nda olursan\u0131z olun, sizi bir ad\u0131m \u00f6teye ta\u015f\u0131yacak bir \u00c7ukur &amp; Partners hizmeti ile yan\u0131n\u0131zday\u0131z.<\/span><\/p>\t\t\t\t\t\t<\/div>\n\t\t\t\t<\/div>\n\t\t\t\t\t<\/div>\n\t\t<\/div>\n\t\t\t\t<div class=\"elementor-column elementor-col-50 elementor-top-column elementor-element elementor-element-09e516a\" data-id=\"09e516a\" data-element_type=\"column\">\n\t\t\t<div class=\"elementor-widget-wrap elementor-element-populated\">\n\t\t\t\t\t\t<div class=\"elementor-element elementor-element-ff4c86d elementor-widget elementor-widget-template\" data-id=\"ff4c86d\" data-element_type=\"widget\" data-widget_type=\"template.default\">\n\t\t\t\t<div class=\"elementor-widget-container\">\n\t\t\t\t\t<div class=\"elementor-template\">\n\t\t\t\t\t<div data-elementor-type=\"section\" data-elementor-id=\"1021\" class=\"elementor elementor-1021 elementor-319\" data-elementor-post-type=\"elementor_library\">\n\t\t\t\t\t<section class=\"elementor-section elementor-top-section elementor-element elementor-element-bd70a1f elementor-section-boxed elementor-section-height-default elementor-section-height-default\" data-id=\"bd70a1f\" data-element_type=\"section\">\n\t\t\t\t\t\t<div class=\"elementor-container elementor-column-gap-default\">\n\t\t\t\t\t<div class=\"elementor-column elementor-col-100 elementor-top-column elementor-element elementor-element-0d1c8e1\" data-id=\"0d1c8e1\" data-element_type=\"column\">\n\t\t\t<div class=\"elementor-widget-wrap elementor-element-populated\">\n\t\t\t\t\t\t<div class=\"elementor-element elementor-element-9717d04 sidemenu elementor-nav-menu--dropdown-tablet elementor-nav-menu__text-align-aside elementor-widget elementor-widget-nav-menu\" data-id=\"9717d04\" data-element_type=\"widget\" data-settings=\"{&quot;layout&quot;:&quot;vertical&quot;,&quot;submenu_icon&quot;:{&quot;value&quot;:&quot;&lt;i class=\\&quot;fas fa-caret-down\\&quot;&gt;&lt;\\\/i&gt;&quot;,&quot;library&quot;:&quot;fa-solid&quot;}}\" data-widget_type=\"nav-menu.default\">\n\t\t\t\t<div class=\"elementor-widget-container\">\n\t\t\t\t\t\t<nav aria-label=\"Men\u00fc\" class=\"elementor-nav-menu--main elementor-nav-menu__container elementor-nav-menu--layout-vertical e--pointer-none\">\n\t\t\t\t<ul id=\"menu-1-9717d04\" class=\"elementor-nav-menu sm-vertical\"><li class=\"menu-item menu-item-type-post_type menu-item-object-page menu-item-1302\"><a href=\"https:\/\/old.cukurpartners.com\/tr\/size-nasil-yardimci-olabiliriz\/hizmetlerimiz\/\" class=\"elementor-item\">Hizmetlerimiz<\/a><\/li>\n<li class=\"menu-item menu-item-type-post_type menu-item-object-page menu-item-1303\"><a href=\"https:\/\/old.cukurpartners.com\/tr\/size-nasil-yardimci-olabiliriz\/hizmetlerimiz\/surekli-hukuki-danismanlik-hizmetlerimiz\/\" class=\"elementor-item\">S\u00fcrekli Hukuki Dan\u0131\u015fmanl\u0131k Hizmetlerimiz<\/a><\/li>\n<li class=\"menu-item menu-item-type-post_type menu-item-object-page menu-item-1304\"><a href=\"https:\/\/old.cukurpartners.com\/tr\/size-nasil-yardimci-olabiliriz\/hizmetlerimiz\/ozel-islemlerde-ve-projelerdeki-hukuki-danismanlik-hizmetlerimiz\/\" class=\"elementor-item\">\u00d6zel \u0130\u015flemlerde ve Projelerdeki Hukuki Dan\u0131\u015fmanl\u0131k Hizmetlerimiz<\/a><\/li>\n<li class=\"menu-item menu-item-type-post_type menu-item-object-page menu-item-1305\"><a href=\"https:\/\/old.cukurpartners.com\/tr\/size-nasil-yardimci-olabiliriz\/hizmetlerimiz\/dava-takip-ve-ihtilaf-cozme-hizmetlerimiz\/\" class=\"elementor-item\">Dava, Takip ve \u0130htilaf \u00c7\u00f6zme Hizmetlerimiz<\/a><\/li>\n<\/ul>\t\t\t<\/nav>\n\t\t\t\t\t\t<nav class=\"elementor-nav-menu--dropdown elementor-nav-menu__container\" aria-hidden=\"true\">\n\t\t\t\t<ul id=\"menu-2-9717d04\" class=\"elementor-nav-menu sm-vertical\"><li class=\"menu-item menu-item-type-post_type menu-item-object-page menu-item-1302\"><a href=\"https:\/\/old.cukurpartners.com\/tr\/size-nasil-yardimci-olabiliriz\/hizmetlerimiz\/\" class=\"elementor-item\" tabindex=\"-1\">Hizmetlerimiz<\/a><\/li>\n<li class=\"menu-item menu-item-type-post_type menu-item-object-page menu-item-1303\"><a href=\"https:\/\/old.cukurpartners.com\/tr\/size-nasil-yardimci-olabiliriz\/hizmetlerimiz\/surekli-hukuki-danismanlik-hizmetlerimiz\/\" class=\"elementor-item\" tabindex=\"-1\">S\u00fcrekli Hukuki Dan\u0131\u015fmanl\u0131k Hizmetlerimiz<\/a><\/li>\n<li class=\"menu-item menu-item-type-post_type menu-item-object-page menu-item-1304\"><a href=\"https:\/\/old.cukurpartners.com\/tr\/size-nasil-yardimci-olabiliriz\/hizmetlerimiz\/ozel-islemlerde-ve-projelerdeki-hukuki-danismanlik-hizmetlerimiz\/\" class=\"elementor-item\" tabindex=\"-1\">\u00d6zel \u0130\u015flemlerde ve Projelerdeki Hukuki Dan\u0131\u015fmanl\u0131k Hizmetlerimiz<\/a><\/li>\n<li class=\"menu-item menu-item-type-post_type menu-item-object-page menu-item-1305\"><a href=\"https:\/\/old.cukurpartners.com\/tr\/size-nasil-yardimci-olabiliriz\/hizmetlerimiz\/dava-takip-ve-ihtilaf-cozme-hizmetlerimiz\/\" class=\"elementor-item\" tabindex=\"-1\">Dava, Takip ve \u0130htilaf \u00c7\u00f6zme Hizmetlerimiz<\/a><\/li>\n<\/ul>\t\t\t<\/nav>\n\t\t\t\t<\/div>\n\t\t\t\t<\/div>\n\t\t\t\t\t<\/div>\n\t\t<\/div>\n\t\t\t\t\t<\/div>\n\t\t<\/section>\n\t\t\t\t<\/div>\n\t\t\t\t<\/div>\n\t\t\t\t<\/div>\n\t\t\t\t<\/div>\n\t\t\t\t\t<\/div>\n\t\t<\/div>\n\t\t\t\t\t<\/div>\n\t\t<\/section>\n\t\t\t\t<\/div>\n\t\t","protected":false},"excerpt":{"rendered":"<p>\u00c7ukur &amp; Partners avukatl\u0131k b\u00fcrosunda i\u015f d\u00fcnyas\u0131n\u0131n ihtiya\u00e7 duydu\u011fu t\u00fcm hukuki dan\u0131\u015fmanl\u0131k ve avukatl\u0131k hizmetlerini hizmetini tek \u00e7at\u0131 alt\u0131nda alabilmelerini sa\u011flayacak \u015fekilde yap\u0131land\u0131k. Hukuk firmam\u0131zdaki avukatlar, \u015firketlere ve i\u015f insanlar\u0131na, i\u015flerini b\u00fcy\u00fct\u00fcrken ve geli\u015ftirirken, \u00f6nlerine \u00e7\u0131kan g\u00fc\u00e7l\u00fckleri ve belirsizlikleri a\u015fmalar\u0131n\u0131 sa\u011flayan, yasal riskleri ve olas\u0131 uyu\u015fmazl\u0131klar\u0131 ortadan kald\u0131ran, hukuk g\u00fcvenli\u011fi i\u00e7erisinde yol almalar\u0131n\u0131 g\u00fcvence alt\u0131na [&hellip;]<\/p>\n","protected":false},"author":1,"featured_media":0,"parent":972,"menu_order":0,"comment_status":"closed","ping_status":"closed","template":"elementor_header_footer","meta":{"_acf_changed":false,"footnotes":""},"class_list":["post-2658","page","type-page","status-publish","hentry"],"acf":[],"_links":{"self":[{"href":"https:\/\/old.cukurpartners.com\/tr\/wp-json\/wp\/v2\/pages\/2658"}],"collection":[{"href":"https:\/\/old.cukurpartners.com\/tr\/wp-json\/wp\/v2\/pages"}],"about":[{"href":"https:\/\/old.cukurpartners.com\/tr\/wp-json\/wp\/v2\/types\/page"}],"author":[{"embeddable":true,"href":"https:\/\/old.cukurpartners.com\/tr\/wp-json\/wp\/v2\/users\/1"}],"replies":[{"embeddable":true,"href":"https:\/\/old.cukurpartners.com\/tr\/wp-json\/wp\/v2\/comments?post=2658"}],"version-history":[{"count":13,"href":"https:\/\/old.cukurpartners.com\/tr\/wp-json\/wp\/v2\/pages\/2658\/revisions"}],"predecessor-version":[{"id":5555,"href":"https:\/\/old.cukurpartners.com\/tr\/wp-json\/wp\/v2\/pages\/2658\/revisions\/5555"}],"up":[{"embeddable":true,"href":"https:\/\/old.cukurpartners.com\/tr\/wp-json\/wp\/v2\/pages\/972"}],"wp:attachment":[{"href":"https:\/\/old.cukurpartners.com\/tr\/wp-json\/wp\/v2\/media?parent=2658"}],"curies":[{"name":"wp","href":"https:\/\/api.w.org\/{rel}","templated":true}]}}