{"id":3001,"date":"2020-12-17T14:20:15","date_gmt":"2020-12-17T14:20:15","guid":{"rendered":"https:\/\/cukurpartners.com\/privacy-policy\/"},"modified":"2023-01-24T05:45:53","modified_gmt":"2023-01-24T05:45:53","slug":"gizlilik-politikasi","status":"publish","type":"page","link":"https:\/\/old.cukurpartners.com\/tr\/gizlilik-politikasi\/","title":{"rendered":"Gizlilik Politikas\u0131"},"content":{"rendered":"\t\t<div data-elementor-type=\"wp-page\" data-elementor-id=\"3001\" class=\"elementor elementor-3001 elementor-2996\" data-elementor-post-type=\"page\">\n\t\t\t\t\t\t<section class=\"elementor-section elementor-top-section elementor-element elementor-element-87bea8a elementor-section-full_width elementor-section-height-default elementor-section-height-default\" data-id=\"87bea8a\" data-element_type=\"section\">\n\t\t\t\t\t\t<div class=\"elementor-container elementor-column-gap-default\">\n\t\t\t\t\t<div class=\"elementor-column elementor-col-100 elementor-top-column elementor-element elementor-element-213cbd4\" data-id=\"213cbd4\" data-element_type=\"column\">\n\t\t\t<div class=\"elementor-widget-wrap elementor-element-populated\">\n\t\t\t\t\t\t<div class=\"elementor-element elementor-element-e3ddbc8 elementor-widget elementor-widget-template\" data-id=\"e3ddbc8\" data-element_type=\"widget\" data-widget_type=\"template.default\">\n\t\t\t\t<div class=\"elementor-widget-container\">\n\t\t\t\t\t<div class=\"elementor-template\">\n\t\t\t\t\t<div data-elementor-type=\"section\" data-elementor-id=\"1006\" class=\"elementor elementor-1006 elementor-764\" data-elementor-post-type=\"elementor_library\">\n\t\t\t\t\t<section class=\"elementor-section elementor-top-section elementor-element elementor-element-49c16f8 elementor-section-height-min-height elementor-section-boxed elementor-section-height-default elementor-section-items-middle\" data-id=\"49c16f8\" data-element_type=\"section\" data-settings=\"{&quot;background_background&quot;:&quot;classic&quot;}\">\n\t\t\t\t\t\t\t<div class=\"elementor-background-overlay\"><\/div>\n\t\t\t\t\t\t\t<div class=\"elementor-container elementor-column-gap-default\">\n\t\t\t\t\t<div class=\"elementor-column elementor-col-50 elementor-top-column elementor-element elementor-element-a684db6\" data-id=\"a684db6\" data-element_type=\"column\">\n\t\t\t<div class=\"elementor-widget-wrap elementor-element-populated\">\n\t\t\t\t\t\t<div class=\"elementor-element elementor-element-5eaeb36 elementor-widget elementor-widget-heading\" data-id=\"5eaeb36\" data-element_type=\"widget\" data-widget_type=\"heading.default\">\n\t\t\t\t<div class=\"elementor-widget-container\">\n\t\t\t<h2 class=\"elementor-heading-title elementor-size-default\"><\/h2>\t\t<\/div>\n\t\t\t\t<\/div>\n\t\t\t\t\t<\/div>\n\t\t<\/div>\n\t\t\t\t<div class=\"elementor-column elementor-col-50 elementor-top-column elementor-element elementor-element-005059f textright mobcenter\" data-id=\"005059f\" data-element_type=\"column\">\n\t\t\t<div class=\"elementor-widget-wrap elementor-element-populated\">\n\t\t\t\t\t\t<div class=\"elementor-element elementor-element-4274083 mb-5 elementor-widget elementor-widget-heading\" data-id=\"4274083\" data-element_type=\"widget\" data-widget_type=\"heading.default\">\n\t\t\t\t<div class=\"elementor-widget-container\">\n\t\t\t<h2 class=\"elementor-heading-title elementor-size-default\">Anadolu Orkidesi<\/h2>\t\t<\/div>\n\t\t\t\t<\/div>\n\t\t\t\t<div class=\"elementor-element elementor-element-d92f833 elementor-widget elementor-widget-text-editor\" data-id=\"d92f833\" data-element_type=\"widget\" data-widget_type=\"text-editor.default\">\n\t\t\t\t<div class=\"elementor-widget-container\">\n\t\t\t\t\t\t\t<p>Anadolu Orkidesi (Orchis Anatolia), T\u00fcrkiye&#8217;de ya\u015fayan 160 kadar orkide t\u00fcr\u00fcnden bir \u00e7i\u00e7ektir. Yumrular\u0131n\u0131n g\u0131da end\u00fcstrisinde kullan\u0131m\u0131 nedeniyle h\u0131zla t\u00fckenmektedir.<\/p>\t\t\t\t\t\t<\/div>\n\t\t\t\t<\/div>\n\t\t\t\t\t<\/div>\n\t\t<\/div>\n\t\t\t\t\t<\/div>\n\t\t<\/section>\n\t\t\t\t<\/div>\n\t\t\t\t<\/div>\n\t\t\t\t<\/div>\n\t\t\t\t<\/div>\n\t\t\t\t\t<\/div>\n\t\t<\/div>\n\t\t\t\t\t<\/div>\n\t\t<\/section>\n\t\t\t\t<section class=\"elementor-section elementor-top-section elementor-element elementor-element-66177b7 elementor-section-boxed elementor-section-height-default elementor-section-height-default\" data-id=\"66177b7\" data-element_type=\"section\">\n\t\t\t\t\t\t<div class=\"elementor-container elementor-column-gap-default\">\n\t\t\t\t\t<div class=\"elementor-column elementor-col-50 elementor-top-column elementor-element elementor-element-05791eb\" data-id=\"05791eb\" data-element_type=\"column\">\n\t\t\t<div class=\"elementor-widget-wrap elementor-element-populated\">\n\t\t\t\t\t\t<div class=\"elementor-element elementor-element-b79649a mb-10 elementor-widget elementor-widget-heading\" data-id=\"b79649a\" data-element_type=\"widget\" data-widget_type=\"heading.default\">\n\t\t\t\t<div class=\"elementor-widget-container\">\n\t\t\t<h2 class=\"elementor-heading-title elementor-size-default\">Gizlilik Politikas\u0131<\/h2>\t\t<\/div>\n\t\t\t\t<\/div>\n\t\t\t\t<div class=\"elementor-element elementor-element-df2014d elementor-widget elementor-widget-image\" data-id=\"df2014d\" data-element_type=\"widget\" data-widget_type=\"image.default\">\n\t\t\t\t<div class=\"elementor-widget-container\">\n\t\t\t\t\t\t\t\t\t\t\t\t\t<img decoding=\"async\" width=\"110\" height=\"5\" src=\"https:\/\/old.cukurpartners.com\/wp-content\/uploads\/2019\/10\/colored_line_cy.png\" class=\"attachment-full size-full wp-image-52\" alt=\"\" \/>\t\t\t\t\t\t\t\t\t\t\t\t\t<\/div>\n\t\t\t\t<\/div>\n\t\t\t\t<div class=\"elementor-element elementor-element-dcf6eb6 elementor-widget elementor-widget-text-editor\" data-id=\"dcf6eb6\" data-element_type=\"widget\" data-widget_type=\"text-editor.default\">\n\t\t\t\t<div class=\"elementor-widget-container\">\n\t\t\t\t\t\t\t<p>Web sitemiz veya eposta adreslerimiz \u00fczerinden kurulan ileti\u015fim, elektronik ileti\u015fim listemize kay\u0131t s\u00fcreci ve i\u015fe al\u0131m faaliyetlerimizin bir par\u00e7as\u0131 olarak sizi do\u011frudan veya dolayl\u0131 olarak tan\u0131mlayabilecek ki\u015fisel verileri (birlikte &#8220;ki\u015fisel bilgiler&#8221;) topluyor, i\u015fliyor ve sakl\u0131yoruz. Ki\u015fisel bilgilerinizi, bu ama\u00e7larla i\u015flememiz gerekebilir.<\/p><p>\u00a0&#8220;\u0130\u015fleme&#8221; terimi, bilgilerin toplanmas\u0131, i\u015flenmesi, depolanmas\u0131, payla\u015f\u0131lmas\u0131, eri\u015filmesi, kullan\u0131lmas\u0131, aktar\u0131lmas\u0131 ve imha edilmesi d\u00e2hil olmak \u00fczere, ki\u015fisel bilgilerinizi i\u00e7eren t\u00fcm faaliyetleri kapsar.<\/p><p>Genel olarak, ki\u015fisel bilgilerinizi do\u011frudan sizden, hukuk firmam\u0131za do\u011frudan ba\u015fvurarak veya bizimle web sitemiz \u00fczerinden ba\u011flant\u0131 kurarak ki\u015fisel bilgilerinizi verdi\u011finiz veya bizimle veya i\u015fe al\u0131m ajanslar\u0131 gibi \u00fc\u00e7\u00fcnc\u00fc \u015fah\u0131slarla olan etkile\u015fimleriniz yoluyla sizin hakk\u0131n\u0131zda \u00f6\u011frendi\u011fimiz bilgileri topluyoruz. Sizinle ilgili ki\u015fisel bilgileri, kamuya a\u00e7\u0131k hale getirdi\u011finiz di\u011fer kaynaklardan da toplayabiliriz. .<\/p><p>Ki\u015fisel bilgileri sizin izninize dayanarak i\u015fledi\u011fimiz durumlarda, i\u015fleme i\u00e7in ba\u015fka hi\u00e7bir yasal dayana\u011f\u0131n bulunmad\u0131\u011f\u0131 herhangi bir zamanda bu izni, bize bu konuda bilgi vererek, geri \u00e7ekme hakk\u0131na sahipsiniz.<\/p><p>Ba\u015fvurunuzun y\u00f6netiminde veya mevzuat\u0131n gereklilikleri i\u00e7in ki\u015fisel bilgilerinizi i\u015flemek i\u00e7in hukuk firmam\u0131z\u0131n me\u015fru \u00e7\u0131karlar\u0131na dayanabiliriz.<\/p><p>\u0130\u015fleme yasal, orant\u0131l\u0131 olacak ve yarg\u0131 alan\u0131m\u0131zdaki ge\u00e7erli gizlilik yasalar\u0131n\u0131n ilkelerine her zaman uygun olacakt\u0131r. Herhangi bir \u015fekilde ki\u015fisel bilgileriniz bizimle ileti\u015fiminiz devam etti\u011fi s\u00fcrece saklanacak ve daha sonra ilgili mevzuata uygun olarak imha edilecektir.<\/p><p>De\u011ferlendirme yapmak veya ba\u011flant\u0131l\u0131 bir hizmet ile ilgili olarak gerekliyse ki\u015fisel bilgilerinizi payla\u015fmam\u0131z gerekebilecektir. Payla\u015f\u0131m, taraf\u0131m\u0131zla etkile\u015fimde oldu\u011funuz s\u00fcre\u00e7le ve bunun yerine getirmesi i\u00e7in gerekenlerle s\u0131n\u0131rl\u0131 olacakt\u0131r.<\/p><p>Ki\u015fisel verilerin i\u015flenip i\u015flenmedi\u011fini \u00f6\u011frenme hakk\u0131na sahipsiniz; sizinle ilgili ki\u015fisel veriler i\u015flenmi\u015fse bilgi talep etme; i\u015fleme amac\u0131na ve bu t\u00fcr verilerin buna g\u00f6re i\u015flenip i\u015flenmedi\u011fine ili\u015fkin bilgi elde etmek; ki\u015fisel verilerin aktar\u0131ld\u0131\u011f\u0131 \u00fclke i\u00e7inde veya d\u0131\u015f\u0131nda \u00fc\u00e7\u00fcnc\u00fc ki\u015fileri bilme; herhangi bir eksik veya yanl\u0131\u015f ki\u015fisel veri i\u015fleminin d\u00fczeltilmesini istemek; ki\u015fisel verilerin hukuk \u00e7er\u00e7evesinde silinmesini veya yok edilmesini isteme; Ki\u015fisel verilerin d\u00fczeltilmesi, silinmesi veya yok edilmesi anlam\u0131nda yap\u0131lan i\u015flemlerin ki\u015fisel verilerin aktar\u0131ld\u0131\u011f\u0131 \u00fc\u00e7\u00fcnc\u00fc ki\u015filere bildirilmesini isteme; \u0130\u015flenen verilerin m\u00fcnhas\u0131ran otomatik sistemler vas\u0131tas\u0131yla analiz edilmesi sonucunda aleyhinize olabilecek her t\u00fcrl\u00fc sonuca itiraz etmek ve ki\u015fisel verilerin hukuka ayk\u0131r\u0131 olarak i\u015flenmesi neticesinde u\u011fran\u0131lan zararlar\u0131n tazmini talep etmek hakk\u0131na sahip bulunmaktas\u0131n\u0131z.<\/p><p>Bu bildirim veya genel olarak ki\u015fisel bilgileriniz hakk\u0131nda herhangi bir sorunuz varsa veya ki\u015fisel bilgilerinizin i\u015flenmesine ili\u015fkin \u015fikayet ve \/ veya itirazlar\u0131n\u0131z varsa, l\u00fctfen <a href=\"mailto:info@cukurpartners.com\">info@cukurpartners.com<\/a> adresinden bizimle ileti\u015fime ge\u00e7in.<\/p>\t\t\t\t\t\t<\/div>\n\t\t\t\t<\/div>\n\t\t\t\t\t<\/div>\n\t\t<\/div>\n\t\t\t\t<div class=\"elementor-column elementor-col-50 elementor-top-column elementor-element elementor-element-1fc8203\" data-id=\"1fc8203\" data-element_type=\"column\">\n\t\t\t<div class=\"elementor-widget-wrap elementor-element-populated\">\n\t\t\t\t\t\t<div class=\"elementor-element elementor-element-b773c0e elementor-widget elementor-widget-template\" data-id=\"b773c0e\" data-element_type=\"widget\" data-widget_type=\"template.default\">\n\t\t\t\t<div class=\"elementor-widget-container\">\n\t\t\t\t\t<div class=\"elementor-template\">\n\t\t\t\t\t<div data-elementor-type=\"section\" data-elementor-id=\"1028\" class=\"elementor elementor-1028 elementor-56\" data-elementor-post-type=\"elementor_library\">\n\t\t\t\t\t<section class=\"elementor-section elementor-top-section elementor-element elementor-element-35e3170 elementor-section-boxed elementor-section-height-default elementor-section-height-default\" data-id=\"35e3170\" data-element_type=\"section\">\n\t\t\t\t\t\t<div class=\"elementor-container elementor-column-gap-default\">\n\t\t\t\t\t<div class=\"elementor-column elementor-col-100 elementor-top-column elementor-element elementor-element-a5b9a20\" data-id=\"a5b9a20\" data-element_type=\"column\">\n\t\t\t<div class=\"elementor-widget-wrap elementor-element-populated\">\n\t\t\t\t\t\t<div class=\"elementor-element elementor-element-7450ddc sidemenu elementor-nav-menu--dropdown-tablet elementor-nav-menu__text-align-aside elementor-widget elementor-widget-nav-menu\" data-id=\"7450ddc\" data-element_type=\"widget\" data-settings=\"{&quot;layout&quot;:&quot;vertical&quot;,&quot;submenu_icon&quot;:{&quot;value&quot;:&quot;&lt;i class=\\&quot;fas fa-caret-down\\&quot;&gt;&lt;\\\/i&gt;&quot;,&quot;library&quot;:&quot;fa-solid&quot;}}\" data-widget_type=\"nav-menu.default\">\n\t\t\t\t<div class=\"elementor-widget-container\">\n\t\t\t\t\t\t<nav aria-label=\"Men\u00fc\" class=\"elementor-nav-menu--main elementor-nav-menu__container elementor-nav-menu--layout-vertical e--pointer-none\">\n\t\t\t\t<ul id=\"menu-1-7450ddc\" class=\"elementor-nav-menu sm-vertical\"><li class=\"menu-item menu-item-type-post_type menu-item-object-page menu-item-1281\"><a href=\"https:\/\/old.cukurpartners.com\/tr\/bizi-taniyin\/\" class=\"elementor-item\">Bizi Tan\u0131y\u0131n<\/a><\/li>\n<li class=\"menu-item menu-item-type-post_type menu-item-object-page menu-item-1282\"><a href=\"https:\/\/old.cukurpartners.com\/tr\/bizi-taniyin\/neden-farkliyiz\/\" class=\"elementor-item\">Neden Farkl\u0131y\u0131z<\/a><\/li>\n<li class=\"menu-item menu-item-type-post_type menu-item-object-page menu-item-1283\"><a href=\"https:\/\/old.cukurpartners.com\/tr\/bizi-taniyin\/ekibimiz\/\" class=\"elementor-item\">Ekibimiz<\/a><\/li>\n<li class=\"menu-item menu-item-type-post_type menu-item-object-page menu-item-1284\"><a href=\"https:\/\/old.cukurpartners.com\/tr\/bizi-taniyin\/kimlere-hizmet-veriyoruz\/\" class=\"elementor-item\">Kimlere Hizmet Veriyoruz<\/a><\/li>\n<li class=\"menu-item menu-item-type-post_type menu-item-object-page menu-item-1285\"><a href=\"https:\/\/old.cukurpartners.com\/tr\/bizi-taniyin\/odullerimiz-ve-basarilarimiz\/\" class=\"elementor-item\">\u00d6d\u00fcllerimiz ve Ba\u015far\u0131lar\u0131m\u0131z<\/a><\/li>\n<li class=\"menu-item menu-item-type-post_type menu-item-object-page menu-item-3306\"><a href=\"https:\/\/old.cukurpartners.com\/tr\/cukur-yilmaz-alliance\/\" class=\"elementor-item\">\u00c7ukur &#038; Partners Alliance<\/a><\/li>\n<\/ul>\t\t\t<\/nav>\n\t\t\t\t\t\t<nav class=\"elementor-nav-menu--dropdown elementor-nav-menu__container\" aria-hidden=\"true\">\n\t\t\t\t<ul id=\"menu-2-7450ddc\" class=\"elementor-nav-menu sm-vertical\"><li class=\"menu-item menu-item-type-post_type menu-item-object-page menu-item-1281\"><a href=\"https:\/\/old.cukurpartners.com\/tr\/bizi-taniyin\/\" class=\"elementor-item\" tabindex=\"-1\">Bizi Tan\u0131y\u0131n<\/a><\/li>\n<li class=\"menu-item menu-item-type-post_type menu-item-object-page menu-item-1282\"><a href=\"https:\/\/old.cukurpartners.com\/tr\/bizi-taniyin\/neden-farkliyiz\/\" class=\"elementor-item\" tabindex=\"-1\">Neden Farkl\u0131y\u0131z<\/a><\/li>\n<li class=\"menu-item menu-item-type-post_type menu-item-object-page menu-item-1283\"><a href=\"https:\/\/old.cukurpartners.com\/tr\/bizi-taniyin\/ekibimiz\/\" class=\"elementor-item\" tabindex=\"-1\">Ekibimiz<\/a><\/li>\n<li class=\"menu-item menu-item-type-post_type menu-item-object-page menu-item-1284\"><a href=\"https:\/\/old.cukurpartners.com\/tr\/bizi-taniyin\/kimlere-hizmet-veriyoruz\/\" class=\"elementor-item\" tabindex=\"-1\">Kimlere Hizmet Veriyoruz<\/a><\/li>\n<li class=\"menu-item menu-item-type-post_type menu-item-object-page menu-item-1285\"><a href=\"https:\/\/old.cukurpartners.com\/tr\/bizi-taniyin\/odullerimiz-ve-basarilarimiz\/\" class=\"elementor-item\" tabindex=\"-1\">\u00d6d\u00fcllerimiz ve Ba\u015far\u0131lar\u0131m\u0131z<\/a><\/li>\n<li class=\"menu-item menu-item-type-post_type menu-item-object-page menu-item-3306\"><a href=\"https:\/\/old.cukurpartners.com\/tr\/cukur-yilmaz-alliance\/\" class=\"elementor-item\" tabindex=\"-1\">\u00c7ukur &#038; Partners Alliance<\/a><\/li>\n<\/ul>\t\t\t<\/nav>\n\t\t\t\t<\/div>\n\t\t\t\t<\/div>\n\t\t\t\t\t<\/div>\n\t\t<\/div>\n\t\t\t\t\t<\/div>\n\t\t<\/section>\n\t\t\t\t<\/div>\n\t\t\t\t<\/div>\n\t\t\t\t<\/div>\n\t\t\t\t<\/div>\n\t\t\t\t\t<\/div>\n\t\t<\/div>\n\t\t\t\t\t<\/div>\n\t\t<\/section>\n\t\t\t\t<\/div>\n\t\t","protected":false},"excerpt":{"rendered":"<p>Web sitemiz veya eposta adreslerimiz \u00fczerinden kurulan ileti\u015fim, elektronik ileti\u015fim listemize kay\u0131t s\u00fcreci ve i\u015fe al\u0131m faaliyetlerimizin bir par\u00e7as\u0131 olarak sizi do\u011frudan veya dolayl\u0131 olarak tan\u0131mlayabilecek ki\u015fisel verileri (birlikte &#8220;ki\u015fisel bilgiler&#8221;) topluyor, i\u015fliyor ve sakl\u0131yoruz. Ki\u015fisel bilgilerinizi, bu ama\u00e7larla i\u015flememiz gerekebilir. \u00a0&#8220;\u0130\u015fleme&#8221; terimi, bilgilerin toplanmas\u0131, i\u015flenmesi, depolanmas\u0131, payla\u015f\u0131lmas\u0131, eri\u015filmesi, kullan\u0131lmas\u0131, aktar\u0131lmas\u0131 ve imha edilmesi d\u00e2hil [&hellip;]<\/p>\n","protected":false},"author":1,"featured_media":0,"parent":0,"menu_order":0,"comment_status":"closed","ping_status":"closed","template":"elementor_header_footer","meta":{"_acf_changed":false,"footnotes":""},"class_list":["post-3001","page","type-page","status-publish","hentry"],"acf":[],"_links":{"self":[{"href":"https:\/\/old.cukurpartners.com\/tr\/wp-json\/wp\/v2\/pages\/3001"}],"collection":[{"href":"https:\/\/old.cukurpartners.com\/tr\/wp-json\/wp\/v2\/pages"}],"about":[{"href":"https:\/\/old.cukurpartners.com\/tr\/wp-json\/wp\/v2\/types\/page"}],"author":[{"embeddable":true,"href":"https:\/\/old.cukurpartners.com\/tr\/wp-json\/wp\/v2\/users\/1"}],"replies":[{"embeddable":true,"href":"https:\/\/old.cukurpartners.com\/tr\/wp-json\/wp\/v2\/comments?post=3001"}],"version-history":[{"count":10,"href":"https:\/\/old.cukurpartners.com\/tr\/wp-json\/wp\/v2\/pages\/3001\/revisions"}],"predecessor-version":[{"id":7689,"href":"https:\/\/old.cukurpartners.com\/tr\/wp-json\/wp\/v2\/pages\/3001\/revisions\/7689"}],"wp:attachment":[{"href":"https:\/\/old.cukurpartners.com\/tr\/wp-json\/wp\/v2\/media?parent=3001"}],"curies":[{"name":"wp","href":"https:\/\/api.w.org\/{rel}","templated":true}]}}