{"id":6671,"date":"2022-05-09T07:25:16","date_gmt":"2022-05-09T07:25:16","guid":{"rendered":"https:\/\/cukurpartners.com\/young-lawyers-mentoring-and-professional-and-personal-development-program\/"},"modified":"2023-02-24T13:34:56","modified_gmt":"2023-02-24T13:34:56","slug":"meslege-yeni-baslayan-avukatlar-ve-stajyer-avukatlar-icin-mentorluk-programi","status":"publish","type":"page","link":"https:\/\/old.cukurpartners.com\/tr\/meslege-yeni-baslayan-avukatlar-ve-stajyer-avukatlar-icin-mentorluk-programi\/","title":{"rendered":"MESLE\u011eE YEN\u0130 BA\u015eLAYAN AVUKATLAR VE STAJYER AVUKATLAR \u0130\u00c7\u0130N MENTORLUK PROGRAMI"},"content":{"rendered":"\t\t<div data-elementor-type=\"wp-page\" data-elementor-id=\"6671\" class=\"elementor elementor-6671 elementor-6651\" data-elementor-post-type=\"page\">\n\t\t\t\t\t\t<section class=\"elementor-section elementor-top-section elementor-element elementor-element-77126b5 elementor-section-full_width elementor-section-height-default elementor-section-height-default\" data-id=\"77126b5\" data-element_type=\"section\">\n\t\t\t\t\t\t<div class=\"elementor-container elementor-column-gap-default\">\n\t\t\t\t\t<div class=\"elementor-column elementor-col-100 elementor-top-column elementor-element elementor-element-5799e9f\" data-id=\"5799e9f\" data-element_type=\"column\">\n\t\t\t<div class=\"elementor-widget-wrap elementor-element-populated\">\n\t\t\t\t\t\t<div class=\"elementor-element elementor-element-440f20c elementor-widget elementor-widget-template\" data-id=\"440f20c\" data-element_type=\"widget\" data-widget_type=\"template.default\">\n\t\t\t\t<div class=\"elementor-widget-container\">\n\t\t\t\t\t<div class=\"elementor-template\">\n\t\t\t\t\t<div data-elementor-type=\"section\" data-elementor-id=\"1004\" class=\"elementor elementor-1004 elementor-775\" data-elementor-post-type=\"elementor_library\">\n\t\t\t\t\t<section class=\"elementor-section elementor-top-section elementor-element elementor-element-9b089e6 elementor-section-height-min-height elementor-section-boxed elementor-section-height-default elementor-section-items-middle\" data-id=\"9b089e6\" data-element_type=\"section\" data-settings=\"{&quot;background_background&quot;:&quot;classic&quot;}\">\n\t\t\t\t\t\t\t<div class=\"elementor-background-overlay\"><\/div>\n\t\t\t\t\t\t\t<div class=\"elementor-container elementor-column-gap-default\">\n\t\t\t\t\t<div class=\"elementor-column elementor-col-50 elementor-top-column elementor-element elementor-element-f99c0c6\" data-id=\"f99c0c6\" data-element_type=\"column\">\n\t\t\t<div class=\"elementor-widget-wrap elementor-element-populated\">\n\t\t\t\t\t\t<div class=\"elementor-element elementor-element-54b4be6 elementor-widget elementor-widget-heading\" data-id=\"54b4be6\" data-element_type=\"widget\" data-widget_type=\"heading.default\">\n\t\t\t\t<div class=\"elementor-widget-container\">\n\t\t\t<h2 class=\"elementor-heading-title elementor-size-default\"><\/h2>\t\t<\/div>\n\t\t\t\t<\/div>\n\t\t\t\t\t<\/div>\n\t\t<\/div>\n\t\t\t\t<div class=\"elementor-column elementor-col-50 elementor-top-column elementor-element elementor-element-b4bdca3 textright mobcenter\" data-id=\"b4bdca3\" data-element_type=\"column\">\n\t\t\t<div class=\"elementor-widget-wrap elementor-element-populated\">\n\t\t\t\t\t\t<div class=\"elementor-element elementor-element-7105132 mb-5 elementor-widget elementor-widget-heading\" data-id=\"7105132\" data-element_type=\"widget\" data-widget_type=\"heading.default\">\n\t\t\t\t<div class=\"elementor-widget-container\">\n\t\t\t<h2 class=\"elementor-heading-title elementor-size-default\">Turna<\/h2>\t\t<\/div>\n\t\t\t\t<\/div>\n\t\t\t\t<div class=\"elementor-element elementor-element-cd7a141 elementor-widget elementor-widget-text-editor\" data-id=\"cd7a141\" data-element_type=\"widget\" data-widget_type=\"text-editor.default\">\n\t\t\t\t<div class=\"elementor-widget-container\">\n\t\t\t\t\t\t\t<p>Turna (Grus grus) T\u00fcrkiye\u2019de \u0130\u00e7 Anadolu, Akdeniz, G\u00fcneydo\u011fu Anadolu b\u00f6lgelerinde bulunur.\u00a0Ya\u015fam alanlar\u0131n\u0131n tahrip edilmesi, hatal\u0131 tar\u0131m uygulamalar\u0131 ve ka\u00e7ak avc\u0131l\u0131k kar\u015f\u0131 kar\u015f\u0131ya olduklar\u0131 ana tehditlerdir.<\/p>\t\t\t\t\t\t<\/div>\n\t\t\t\t<\/div>\n\t\t\t\t\t<\/div>\n\t\t<\/div>\n\t\t\t\t\t<\/div>\n\t\t<\/section>\n\t\t\t\t<\/div>\n\t\t\t\t<\/div>\n\t\t\t\t<\/div>\n\t\t\t\t<\/div>\n\t\t\t\t\t<\/div>\n\t\t<\/div>\n\t\t\t\t\t<\/div>\n\t\t<\/section>\n\t\t\t\t<section class=\"elementor-section elementor-top-section elementor-element elementor-element-6701d83 elementor-section-boxed elementor-section-height-default elementor-section-height-default\" data-id=\"6701d83\" data-element_type=\"section\">\n\t\t\t\t\t\t<div class=\"elementor-container elementor-column-gap-default\">\n\t\t\t\t\t<div class=\"elementor-column elementor-col-50 elementor-top-column elementor-element elementor-element-f550875\" data-id=\"f550875\" data-element_type=\"column\">\n\t\t\t<div class=\"elementor-widget-wrap elementor-element-populated\">\n\t\t\t\t\t\t<div class=\"elementor-element elementor-element-3137ed4 mb-10 elementor-widget elementor-widget-heading\" data-id=\"3137ed4\" data-element_type=\"widget\" data-widget_type=\"heading.default\">\n\t\t\t\t<div class=\"elementor-widget-container\">\n\t\t\t<h2 class=\"elementor-heading-title elementor-size-default\">MESLE\u011eE YEN\u0130 BA\u015eLAYAN AVUKATLAR VE STAJYER AVUKATLAR \u0130\u00c7\u0130N MENTORLUK PROGRAMI<\/h2>\t\t<\/div>\n\t\t\t\t<\/div>\n\t\t\t\t<div class=\"elementor-element elementor-element-7c85657 elementor-widget elementor-widget-image\" data-id=\"7c85657\" data-element_type=\"widget\" data-widget_type=\"image.default\">\n\t\t\t\t<div class=\"elementor-widget-container\">\n\t\t\t\t\t\t\t\t\t\t\t\t\t<img decoding=\"async\" width=\"110\" height=\"5\" src=\"https:\/\/old.cukurpartners.com\/wp-content\/uploads\/2019\/10\/colored_line_cy.png\" class=\"attachment-full size-full wp-image-52\" alt=\"\" \/>\t\t\t\t\t\t\t\t\t\t\t\t\t<\/div>\n\t\t\t\t<\/div>\n\t\t\t\t<div class=\"elementor-element elementor-element-7c0aa86 elementor-widget elementor-widget-text-editor\" data-id=\"7c0aa86\" data-element_type=\"widget\" data-widget_type=\"text-editor.default\">\n\t\t\t\t<div class=\"elementor-widget-container\">\n\t\t\t\t\t\t\t<p>Mesle\u011fin ilk 5 y\u0131l\u0131ndaki gen\u00e7 avukat meslekta\u015flar\u0131m\u0131z ve stajyer avukatlar\u0131m\u0131z i\u00e7in, kendilerine bir kariyer plan\u0131 ve bir i\u015f plan\u0131 olu\u015fturmalar\u0131 \u00e7ok \u00f6nemli. Bu ama\u00e7la, \u00c7ukur &amp; Partners Akademi i\u00e7erisine bir geli\u015fim ve mentorluk program y\u00fcr\u00fctmekteyiz.<u><\/u><u><\/u><\/p><p>Bu program her y\u0131l en az bir kez a\u00e7\u0131lmakta, 7-10 ay civar\u0131nda s\u00fcrmekte, online olarak y\u00fcr\u00fct\u00fclmektedir. Bu \u00e7er\u00e7evede genel ak\u0131\u015f\u0131n yan\u0131 s\u0131ra, her kat\u0131l\u0131mc\u0131ya (menti) bir mentor atanmakta ve ayda bir kez birebir mentor-menti g\u00f6r\u00fc\u015fmesi de ger\u00e7ekle\u015ftirilmektedir.<u><\/u><u><\/u><\/p><p>Bu programda, stajyer avukatlar ve mesle\u011fe yeni kat\u0131lan gen\u00e7 avukatlar alanlar\u0131n\u0131n tan\u0131nm\u0131\u015f uzmanlar\u0131yla, kariyerinin farkl\u0131 noktalar\u0131ndaki de\u011ferli avukatlarla ve kariyer geli\u015fimlerine katk\u0131 sa\u011flayacak mentor, ko\u00e7 ve e\u011fitmenlerle bulu\u015fmaktad\u0131rlar.<u><\/u><u><\/u><\/p><p>Bir kurumsal sosyal sorumluluk projesi olarak y\u00fcr\u00fctmekte oldu\u011fumuz bu program tamamen \u00fccretsizdir.<u><\/u><u><\/u><\/p><p>Mesle\u011fin ilk 5 y\u0131l\u0131ndaki gen\u00e7 avukat meslekta\u015flar\u0131m\u0131z ve stajyer avukatlar\u0131m\u0131z, g\u00fcncel program duyurular\u0131m\u0131z\u0131\u00a0<a href=\"https:\/\/old.cukurpartners.com\/tr\/haberdar-olun\/\" target=\"_blank\" rel=\"noopener\" data-saferedirecturl=\"https:\/\/www.google.com\/url?q=https:\/\/old.cukurpartners.com\/tr\/haberdar-olun\/&amp;source=gmail&amp;ust=1676957836816000&amp;usg=AOvVaw01eaYOXujvitpurT98GkwU\">HABERDAR OLUN<\/a>\u00a0sayfalar\u0131m\u0131zdan takip edebilirler. 2023 Y\u0131l\u0131 Program\u0131 i\u00e7in duyurumuzu\u00a0<a href=\"https:\/\/old.cukurpartners.com\/tr\/cukur-partners-akademi-meslege-yeni-baslayan-avukatlar-icin-mentorluk-programi-2023-yili-duyurusu\/\" target=\"_blank\" rel=\"noopener\" data-saferedirecturl=\"https:\/\/www.google.com\/url?q=https:\/\/old.cukurpartners.com\/tr\/cukur-partners-akademi-meslege-yeni-baslayan-avukatlar-icin-mentorluk-programi-2022-yili-duyurusu\/&amp;source=gmail&amp;ust=1676957836816000&amp;usg=AOvVaw2mGcvEnnDeK9jppGWbvITA\">bu linkte<\/a>\u00a0bulabilirsiniz.<u><\/u><u><\/u><\/p>\t\t\t\t\t\t<\/div>\n\t\t\t\t<\/div>\n\t\t\t\t\t<\/div>\n\t\t<\/div>\n\t\t\t\t<div class=\"elementor-column elementor-col-50 elementor-top-column elementor-element elementor-element-89a0a11\" data-id=\"89a0a11\" data-element_type=\"column\">\n\t\t\t<div class=\"elementor-widget-wrap elementor-element-populated\">\n\t\t\t\t\t\t<div class=\"elementor-element elementor-element-8d576cf elementor-widget elementor-widget-template\" data-id=\"8d576cf\" data-element_type=\"widget\" data-widget_type=\"template.default\">\n\t\t\t\t<div class=\"elementor-widget-container\">\n\t\t\t\t\t<div class=\"elementor-template\">\n\t\t\t\t\t<div data-elementor-type=\"section\" data-elementor-id=\"1023\" class=\"elementor elementor-1023 elementor-216\" data-elementor-post-type=\"elementor_library\">\n\t\t\t\t\t<section class=\"elementor-section elementor-top-section elementor-element elementor-element-e22e1f3 elementor-section-boxed elementor-section-height-default elementor-section-height-default\" data-id=\"e22e1f3\" data-element_type=\"section\">\n\t\t\t\t\t\t<div class=\"elementor-container elementor-column-gap-default\">\n\t\t\t\t\t<div class=\"elementor-column elementor-col-100 elementor-top-column elementor-element elementor-element-dcec2a6\" data-id=\"dcec2a6\" data-element_type=\"column\">\n\t\t\t<div class=\"elementor-widget-wrap elementor-element-populated\">\n\t\t\t\t\t\t<div class=\"elementor-element elementor-element-26d0b63 sidemenu elementor-nav-menu--dropdown-tablet elementor-nav-menu__text-align-aside elementor-widget elementor-widget-nav-menu\" data-id=\"26d0b63\" data-element_type=\"widget\" data-settings=\"{&quot;layout&quot;:&quot;vertical&quot;,&quot;submenu_icon&quot;:{&quot;value&quot;:&quot;&lt;i class=\\&quot;fas fa-caret-down\\&quot;&gt;&lt;\\\/i&gt;&quot;,&quot;library&quot;:&quot;fa-solid&quot;}}\" data-widget_type=\"nav-menu.default\">\n\t\t\t\t<div class=\"elementor-widget-container\">\n\t\t\t\t\t\t<nav aria-label=\"Men\u00fc\" class=\"elementor-nav-menu--main elementor-nav-menu__container elementor-nav-menu--layout-vertical e--pointer-none\">\n\t\t\t\t<ul id=\"menu-1-26d0b63\" class=\"elementor-nav-menu sm-vertical\"><li class=\"menu-item menu-item-type-post_type menu-item-object-page menu-item-2633\"><a href=\"https:\/\/old.cukurpartners.com\/tr\/surdurulebi%cc%87li%cc%87r-cozum-ortaginiz\/\" class=\"elementor-item\">S\u00fcrd\u00fcr\u00fclebilir \u00c7\u00f6z\u00fcm Orta\u011f\u0131n\u0131z<\/a><\/li>\n<li class=\"menu-item menu-item-type-post_type menu-item-object-page menu-item-has-children menu-item-2644\"><a href=\"https:\/\/old.cukurpartners.com\/tr\/cukur-partners-akademi\/\" class=\"elementor-item\">\u00c7ukur &#038; Partners Akademi<\/a>\n<ul class=\"sub-menu elementor-nav-menu--dropdown\">\n\t<li class=\"menu-item menu-item-type-post_type menu-item-object-page menu-item-6688\"><a href=\"https:\/\/old.cukurpartners.com\/tr\/cukur-partners-akademi-kevser-ve-nihat-cukur-egitim-burslari\/\" class=\"elementor-sub-item\">\u00c7ukur &#038; Partners Akademi \u201cKevser Ve Nihat \u00c7ukur E\u011fitim Burslar\u0131\u201d<\/a><\/li>\n\t<li class=\"menu-item menu-item-type-post_type menu-item-object-page menu-item-6689\"><a href=\"https:\/\/old.cukurpartners.com\/tr\/hukuk-fakultesi-ogrencileri-icin-avukatlik-kariyerine-hazirlik-programi\/\" class=\"elementor-sub-item\">Hukuk Fak\u00fcltesi \u00d6\u011frencileri \u0130\u00e7in Avukatl\u0131k Kariyerine Haz\u0131rl\u0131k Program\u0131<\/a><\/li>\n\t<li class=\"menu-item menu-item-type-post_type menu-item-object-page menu-item-6690\"><a href=\"https:\/\/old.cukurpartners.com\/tr\/meslege-yeni-baslayan-avukatlar-ve-stajyer-avukatlar-icin-mentorluk-programi\/\" class=\"elementor-sub-item\">Mesle\u011fe Yeni Ba\u015flayan Avukatlar ve Stajyer Avukatlar \u0130\u00e7in Mentorluk Program\u0131<\/a><\/li>\n\t<li class=\"menu-item menu-item-type-post_type menu-item-object-page menu-item-6691\"><a href=\"https:\/\/old.cukurpartners.com\/tr\/cukur-partners-akademi-social-club\/\" class=\"elementor-sub-item\">\u00c7ukur &#038; Partners Akademi Social Club<\/a><\/li>\n<\/ul>\n<\/li>\n<li class=\"menu-item menu-item-type-post_type menu-item-object-page menu-item-1293\"><a href=\"https:\/\/old.cukurpartners.com\/tr\/sorumlu-is-anlayisimiz\/kurumsal-sosyal-sorumluluk-ve-ucretsiz-hukuki-hizmet-pro-bono-uygulamalarimiz\/\" class=\"elementor-item\">Kurumsal Sosyal Sorumluluk Ve \u00dccretsiz Hukuki Hizmet (Pro Bono) Uygulamalar\u0131m\u0131z<\/a><\/li>\n<li class=\"menu-item menu-item-type-post_type menu-item-object-page menu-item-1294\"><a href=\"https:\/\/old.cukurpartners.com\/tr\/sorumlu-is-anlayisimiz\/etik-ve-is-ilkelerimiz\/\" class=\"elementor-item\">Etik ve \u0130\u015f \u0130lkelerimiz<\/a><\/li>\n<li class=\"menu-item menu-item-type-post_type menu-item-object-page menu-item-1295\"><a href=\"https:\/\/old.cukurpartners.com\/tr\/sorumlu-is-anlayisimiz\/surdurulebilirlik-ve-cevre\/\" class=\"elementor-item\">S\u00fcrd\u00fcr\u00fclebilirlik ve \u00c7evre<\/a><\/li>\n<li class=\"menu-item menu-item-type-post_type menu-item-object-page menu-item-1296\"><a href=\"https:\/\/old.cukurpartners.com\/tr\/sorumlu-is-anlayisimiz\/katilimcilik-cesitlilik-ve-refah-uygulamalarimiz\/\" class=\"elementor-item\">Kat\u0131l\u0131mc\u0131l\u0131k, \u00c7e\u015fitlilik Ve Refah Uygulamalar\u0131m\u0131z<\/a><\/li>\n<\/ul>\t\t\t<\/nav>\n\t\t\t\t\t\t<nav class=\"elementor-nav-menu--dropdown elementor-nav-menu__container\" aria-hidden=\"true\">\n\t\t\t\t<ul id=\"menu-2-26d0b63\" class=\"elementor-nav-menu sm-vertical\"><li class=\"menu-item menu-item-type-post_type menu-item-object-page menu-item-2633\"><a href=\"https:\/\/old.cukurpartners.com\/tr\/surdurulebi%cc%87li%cc%87r-cozum-ortaginiz\/\" class=\"elementor-item\" tabindex=\"-1\">S\u00fcrd\u00fcr\u00fclebilir \u00c7\u00f6z\u00fcm Orta\u011f\u0131n\u0131z<\/a><\/li>\n<li class=\"menu-item menu-item-type-post_type menu-item-object-page menu-item-has-children menu-item-2644\"><a href=\"https:\/\/old.cukurpartners.com\/tr\/cukur-partners-akademi\/\" class=\"elementor-item\" tabindex=\"-1\">\u00c7ukur &#038; Partners Akademi<\/a>\n<ul class=\"sub-menu elementor-nav-menu--dropdown\">\n\t<li class=\"menu-item menu-item-type-post_type menu-item-object-page menu-item-6688\"><a href=\"https:\/\/old.cukurpartners.com\/tr\/cukur-partners-akademi-kevser-ve-nihat-cukur-egitim-burslari\/\" class=\"elementor-sub-item\" tabindex=\"-1\">\u00c7ukur &#038; Partners Akademi \u201cKevser Ve Nihat \u00c7ukur E\u011fitim Burslar\u0131\u201d<\/a><\/li>\n\t<li class=\"menu-item menu-item-type-post_type menu-item-object-page menu-item-6689\"><a href=\"https:\/\/old.cukurpartners.com\/tr\/hukuk-fakultesi-ogrencileri-icin-avukatlik-kariyerine-hazirlik-programi\/\" class=\"elementor-sub-item\" tabindex=\"-1\">Hukuk Fak\u00fcltesi \u00d6\u011frencileri \u0130\u00e7in Avukatl\u0131k Kariyerine Haz\u0131rl\u0131k Program\u0131<\/a><\/li>\n\t<li class=\"menu-item menu-item-type-post_type menu-item-object-page menu-item-6690\"><a href=\"https:\/\/old.cukurpartners.com\/tr\/meslege-yeni-baslayan-avukatlar-ve-stajyer-avukatlar-icin-mentorluk-programi\/\" class=\"elementor-sub-item\" tabindex=\"-1\">Mesle\u011fe Yeni Ba\u015flayan Avukatlar ve Stajyer Avukatlar \u0130\u00e7in Mentorluk Program\u0131<\/a><\/li>\n\t<li class=\"menu-item menu-item-type-post_type menu-item-object-page menu-item-6691\"><a href=\"https:\/\/old.cukurpartners.com\/tr\/cukur-partners-akademi-social-club\/\" class=\"elementor-sub-item\" tabindex=\"-1\">\u00c7ukur &#038; Partners Akademi Social Club<\/a><\/li>\n<\/ul>\n<\/li>\n<li class=\"menu-item menu-item-type-post_type menu-item-object-page menu-item-1293\"><a href=\"https:\/\/old.cukurpartners.com\/tr\/sorumlu-is-anlayisimiz\/kurumsal-sosyal-sorumluluk-ve-ucretsiz-hukuki-hizmet-pro-bono-uygulamalarimiz\/\" class=\"elementor-item\" tabindex=\"-1\">Kurumsal Sosyal Sorumluluk Ve \u00dccretsiz Hukuki Hizmet (Pro Bono) Uygulamalar\u0131m\u0131z<\/a><\/li>\n<li class=\"menu-item menu-item-type-post_type menu-item-object-page menu-item-1294\"><a href=\"https:\/\/old.cukurpartners.com\/tr\/sorumlu-is-anlayisimiz\/etik-ve-is-ilkelerimiz\/\" class=\"elementor-item\" tabindex=\"-1\">Etik ve \u0130\u015f \u0130lkelerimiz<\/a><\/li>\n<li class=\"menu-item menu-item-type-post_type menu-item-object-page menu-item-1295\"><a href=\"https:\/\/old.cukurpartners.com\/tr\/sorumlu-is-anlayisimiz\/surdurulebilirlik-ve-cevre\/\" class=\"elementor-item\" tabindex=\"-1\">S\u00fcrd\u00fcr\u00fclebilirlik ve \u00c7evre<\/a><\/li>\n<li class=\"menu-item menu-item-type-post_type menu-item-object-page menu-item-1296\"><a href=\"https:\/\/old.cukurpartners.com\/tr\/sorumlu-is-anlayisimiz\/katilimcilik-cesitlilik-ve-refah-uygulamalarimiz\/\" class=\"elementor-item\" tabindex=\"-1\">Kat\u0131l\u0131mc\u0131l\u0131k, \u00c7e\u015fitlilik Ve Refah Uygulamalar\u0131m\u0131z<\/a><\/li>\n<\/ul>\t\t\t<\/nav>\n\t\t\t\t<\/div>\n\t\t\t\t<\/div>\n\t\t\t\t\t<\/div>\n\t\t<\/div>\n\t\t\t\t\t<\/div>\n\t\t<\/section>\n\t\t\t\t<\/div>\n\t\t\t\t<\/div>\n\t\t\t\t<\/div>\n\t\t\t\t<\/div>\n\t\t\t\t\t<\/div>\n\t\t<\/div>\n\t\t\t\t\t<\/div>\n\t\t<\/section>\n\t\t\t\t<\/div>\n\t\t","protected":false},"excerpt":{"rendered":"<p>Mesle\u011fin ilk 5 y\u0131l\u0131ndaki gen\u00e7 avukat meslekta\u015flar\u0131m\u0131z ve stajyer avukatlar\u0131m\u0131z i\u00e7in, kendilerine bir kariyer plan\u0131 ve bir i\u015f plan\u0131 olu\u015fturmalar\u0131 \u00e7ok \u00f6nemli. Bu ama\u00e7la, \u00c7ukur &amp; Partners Akademi i\u00e7erisine bir geli\u015fim ve mentorluk program y\u00fcr\u00fctmekteyiz. Bu program her y\u0131l en az bir kez a\u00e7\u0131lmakta, 7-10 ay civar\u0131nda s\u00fcrmekte, online olarak y\u00fcr\u00fct\u00fclmektedir. Bu \u00e7er\u00e7evede genel ak\u0131\u015f\u0131n [&hellip;]<\/p>\n","protected":false},"author":1,"featured_media":0,"parent":0,"menu_order":0,"comment_status":"closed","ping_status":"closed","template":"","meta":{"_acf_changed":false,"footnotes":""},"class_list":["post-6671","page","type-page","status-publish","hentry"],"acf":[],"_links":{"self":[{"href":"https:\/\/old.cukurpartners.com\/tr\/wp-json\/wp\/v2\/pages\/6671"}],"collection":[{"href":"https:\/\/old.cukurpartners.com\/tr\/wp-json\/wp\/v2\/pages"}],"about":[{"href":"https:\/\/old.cukurpartners.com\/tr\/wp-json\/wp\/v2\/types\/page"}],"author":[{"embeddable":true,"href":"https:\/\/old.cukurpartners.com\/tr\/wp-json\/wp\/v2\/users\/1"}],"replies":[{"embeddable":true,"href":"https:\/\/old.cukurpartners.com\/tr\/wp-json\/wp\/v2\/comments?post=6671"}],"version-history":[{"count":22,"href":"https:\/\/old.cukurpartners.com\/tr\/wp-json\/wp\/v2\/pages\/6671\/revisions"}],"predecessor-version":[{"id":7791,"href":"https:\/\/old.cukurpartners.com\/tr\/wp-json\/wp\/v2\/pages\/6671\/revisions\/7791"}],"wp:attachment":[{"href":"https:\/\/old.cukurpartners.com\/tr\/wp-json\/wp\/v2\/media?parent=6671"}],"curies":[{"name":"wp","href":"https:\/\/api.w.org\/{rel}","templated":true}]}}