{"id":6673,"date":"2022-05-09T07:06:24","date_gmt":"2022-05-09T07:06:24","guid":{"rendered":"https:\/\/cukurpartners.com\/cukur-partners-academy-kevser-nihat-cukur-scholarship-program-for-law-school-students\/"},"modified":"2022-05-16T08:38:39","modified_gmt":"2022-05-16T08:38:39","slug":"cukur-partners-akademi-kevser-ve-nihat-cukur-egitim-burslari","status":"publish","type":"page","link":"https:\/\/old.cukurpartners.com\/tr\/cukur-partners-akademi-kevser-ve-nihat-cukur-egitim-burslari\/","title":{"rendered":"\u00c7UKUR &#038; PARTNERS AKADEM\u0130 \u201cKEVSER VE N\u0130HAT \u00c7UKUR E\u011e\u0130T\u0130M BURSLARI\u201d"},"content":{"rendered":"\t\t<div data-elementor-type=\"wp-page\" data-elementor-id=\"6673\" class=\"elementor elementor-6673 elementor-6638\" data-elementor-post-type=\"page\">\n\t\t\t\t\t\t<section class=\"elementor-section elementor-top-section elementor-element elementor-element-f0e7ba3 elementor-section-full_width elementor-section-height-default elementor-section-height-default\" data-id=\"f0e7ba3\" data-element_type=\"section\">\n\t\t\t\t\t\t<div class=\"elementor-container elementor-column-gap-default\">\n\t\t\t\t\t<div class=\"elementor-column elementor-col-100 elementor-top-column elementor-element elementor-element-54e5040\" data-id=\"54e5040\" data-element_type=\"column\">\n\t\t\t<div class=\"elementor-widget-wrap elementor-element-populated\">\n\t\t\t\t\t\t<div class=\"elementor-element elementor-element-608ef58 elementor-widget elementor-widget-template\" data-id=\"608ef58\" data-element_type=\"widget\" data-widget_type=\"template.default\">\n\t\t\t\t<div class=\"elementor-widget-container\">\n\t\t\t\t\t<div class=\"elementor-template\">\n\t\t\t\t\t<div data-elementor-type=\"section\" data-elementor-id=\"1004\" class=\"elementor elementor-1004 elementor-775\" data-elementor-post-type=\"elementor_library\">\n\t\t\t\t\t<section class=\"elementor-section elementor-top-section elementor-element elementor-element-9b089e6 elementor-section-height-min-height elementor-section-boxed elementor-section-height-default elementor-section-items-middle\" data-id=\"9b089e6\" data-element_type=\"section\" data-settings=\"{&quot;background_background&quot;:&quot;classic&quot;}\">\n\t\t\t\t\t\t\t<div class=\"elementor-background-overlay\"><\/div>\n\t\t\t\t\t\t\t<div class=\"elementor-container elementor-column-gap-default\">\n\t\t\t\t\t<div class=\"elementor-column elementor-col-50 elementor-top-column elementor-element elementor-element-f99c0c6\" data-id=\"f99c0c6\" data-element_type=\"column\">\n\t\t\t<div class=\"elementor-widget-wrap elementor-element-populated\">\n\t\t\t\t\t\t<div class=\"elementor-element elementor-element-54b4be6 elementor-widget elementor-widget-heading\" data-id=\"54b4be6\" data-element_type=\"widget\" data-widget_type=\"heading.default\">\n\t\t\t\t<div class=\"elementor-widget-container\">\n\t\t\t<h2 class=\"elementor-heading-title elementor-size-default\"><\/h2>\t\t<\/div>\n\t\t\t\t<\/div>\n\t\t\t\t\t<\/div>\n\t\t<\/div>\n\t\t\t\t<div class=\"elementor-column elementor-col-50 elementor-top-column elementor-element elementor-element-b4bdca3 textright mobcenter\" data-id=\"b4bdca3\" data-element_type=\"column\">\n\t\t\t<div class=\"elementor-widget-wrap elementor-element-populated\">\n\t\t\t\t\t\t<div class=\"elementor-element elementor-element-7105132 mb-5 elementor-widget elementor-widget-heading\" data-id=\"7105132\" data-element_type=\"widget\" data-widget_type=\"heading.default\">\n\t\t\t\t<div class=\"elementor-widget-container\">\n\t\t\t<h2 class=\"elementor-heading-title elementor-size-default\">Turna<\/h2>\t\t<\/div>\n\t\t\t\t<\/div>\n\t\t\t\t<div class=\"elementor-element elementor-element-cd7a141 elementor-widget elementor-widget-text-editor\" data-id=\"cd7a141\" data-element_type=\"widget\" data-widget_type=\"text-editor.default\">\n\t\t\t\t<div class=\"elementor-widget-container\">\n\t\t\t\t\t\t\t<p>Turna (Grus grus) T\u00fcrkiye\u2019de \u0130\u00e7 Anadolu, Akdeniz, G\u00fcneydo\u011fu Anadolu b\u00f6lgelerinde bulunur.\u00a0Ya\u015fam alanlar\u0131n\u0131n tahrip edilmesi, hatal\u0131 tar\u0131m uygulamalar\u0131 ve ka\u00e7ak avc\u0131l\u0131k kar\u015f\u0131 kar\u015f\u0131ya olduklar\u0131 ana tehditlerdir.<\/p>\t\t\t\t\t\t<\/div>\n\t\t\t\t<\/div>\n\t\t\t\t\t<\/div>\n\t\t<\/div>\n\t\t\t\t\t<\/div>\n\t\t<\/section>\n\t\t\t\t<\/div>\n\t\t\t\t<\/div>\n\t\t\t\t<\/div>\n\t\t\t\t<\/div>\n\t\t\t\t\t<\/div>\n\t\t<\/div>\n\t\t\t\t\t<\/div>\n\t\t<\/section>\n\t\t\t\t<section class=\"elementor-section elementor-top-section elementor-element elementor-element-433c268 elementor-section-boxed elementor-section-height-default elementor-section-height-default\" data-id=\"433c268\" data-element_type=\"section\">\n\t\t\t\t\t\t<div class=\"elementor-container elementor-column-gap-default\">\n\t\t\t\t\t<div class=\"elementor-column elementor-col-50 elementor-top-column elementor-element elementor-element-04fa964\" data-id=\"04fa964\" data-element_type=\"column\">\n\t\t\t<div class=\"elementor-widget-wrap elementor-element-populated\">\n\t\t\t\t\t\t<div class=\"elementor-element elementor-element-e97a395 mb-10 elementor-widget elementor-widget-heading\" data-id=\"e97a395\" data-element_type=\"widget\" data-widget_type=\"heading.default\">\n\t\t\t\t<div class=\"elementor-widget-container\">\n\t\t\t<h2 class=\"elementor-heading-title elementor-size-default\">\u00c7UKUR & PARTNERS AKADEM\u0130 <br>\u201cKEVSER VE N\u0130HAT \u00c7UKUR E\u011e\u0130T\u0130M BURSLARI\u201d<\/h2>\t\t<\/div>\n\t\t\t\t<\/div>\n\t\t\t\t<div class=\"elementor-element elementor-element-587fb76 elementor-widget elementor-widget-image\" data-id=\"587fb76\" data-element_type=\"widget\" data-widget_type=\"image.default\">\n\t\t\t\t<div class=\"elementor-widget-container\">\n\t\t\t\t\t\t\t\t\t\t\t\t\t<img decoding=\"async\" width=\"110\" height=\"5\" src=\"https:\/\/old.cukurpartners.com\/wp-content\/uploads\/2019\/10\/colored_line_cy.png\" class=\"attachment-full size-full wp-image-52\" alt=\"\" \/>\t\t\t\t\t\t\t\t\t\t\t\t\t<\/div>\n\t\t\t\t<\/div>\n\t\t\t\t<div class=\"elementor-element elementor-element-a5e68c2 elementor-widget elementor-widget-text-editor\" data-id=\"a5e68c2\" data-element_type=\"widget\" data-widget_type=\"text-editor.default\">\n\t\t\t\t<div class=\"elementor-widget-container\">\n\t\t\t\t\t\t\t<p><span style=\"font-weight: 400;\">\u00d6m\u00fcrlerini binlerce gencin e\u011fitimine adam\u0131\u015f emekli \u00f6\u011fretmenler Kevser \u00c7ukur ve rahmetli Nihat \u00c7ukur ad\u0131na olu\u015fturmu\u015f olan \u201cKevser ve Nihat \u00c7ukur E\u011fitim Burslar\u0131m\u0131z\u201d, \u00c7ukur &amp; Partners Akademimizin g\u00f6zbebe\u011fi ve k\u0131van\u00e7 kayna\u011f\u0131d\u0131r.<\/span><\/p><p><span style=\"font-weight: 400;\">Hukuk firmam\u0131z ve Akademimiz taraf\u0131ndan geli\u015ftirilen ve finanse edilen, \u00fclkemizin en sayg\u0131n sivil toplum kurulu\u015flar\u0131ndan T\u00fcrk E\u011fitim Vakf\u0131 (TEV) ile birlikte y\u00fcr\u00fct\u00fclen bu \u00f6zel burs program\u0131m\u0131z \u00e7er\u00e7evesinde, devlet \u00fcniversitelerinin hukuk fak\u00fcltelerinde okuyan \u00f6\u011frencilere t\u00fcm e\u011fitim ya\u015famlar\u0131n\u0131 kapsayacak \u015fekilde kar\u015f\u0131l\u0131ks\u0131z bir e\u011fitim bursu sunmaktay\u0131z.<\/span><\/p><p><span style=\"font-weight: 400;\">Y\u00fcksek ahlaki ve mesleki standartlara sahip, bilin\u00e7li hukuk\u00e7ulara \u00fclkemizin de d\u00fcnyam\u0131z\u0131n da \u00e7ok ihtiyac\u0131 var. Bu bak\u0131\u015f a\u00e7\u0131s\u0131yla, \u00f6\u011frencilerin maddi ihtiya\u00e7lar\u0131n\u0131n kar\u015f\u0131lanmas\u0131n\u0131n \u00f6tesinde, bu bursiyerlerimizi de \u201cAvukatl\u0131k Mesle\u011fine Haz\u0131rl\u0131k\u201d ki\u015fisel ve mesleki geli\u015fim program\u0131m\u0131za da dahil ederek her a\u00e7\u0131dan ba\u015far\u0131l\u0131 ve mutlu bir ya\u015fama haz\u0131rlamaya destek sa\u011fl\u0131yoruz.<\/span><\/p><p><span style=\"font-weight: 400;\">Hukuk Fak\u00fcltesi \u00f6\u011frencileri, g\u00fcncel burs duyurular\u0131m\u0131z\u0131 <a href=\"https:\/\/old.cukurpartners.com\/tr\/haberdar-olun\/\">HABERDAR OLUN<\/a> sayfalar\u0131m\u0131zdan takip edebilirler. \u00d6n\u00fcm\u00fczdeki d\u00f6neme ili\u015fkin en yak\u0131n burs duyurusu A\u011fustos-Eyl\u00fcl 2022 aylar\u0131nda ger\u00e7ekle\u015ftirilecektir.<\/span><\/p><p><span style=\"font-weight: 400;\">Bu burs program\u0131m\u0131za ayn\u0131 zamanda i\u015f d\u00fcnyas\u0131 ve g\u00f6n\u00fcll\u00fcler de destek verebilmekte ve bursiyer say\u0131m\u0131z\u0131n artmas\u0131na katk\u0131 sa\u011flayabilmektedirler. E\u011fer sizler de bu konuda bir rol \u00fcstlenmek ve burs program\u0131m\u0131za katk\u0131 sa\u011flamak isterseniz, bizimle her zaman ba\u011flant\u0131 kurabilirsiniz.<\/span><\/p>\t\t\t\t\t\t<\/div>\n\t\t\t\t<\/div>\n\t\t\t\t\t<\/div>\n\t\t<\/div>\n\t\t\t\t<div class=\"elementor-column elementor-col-50 elementor-top-column elementor-element elementor-element-13bd89d\" data-id=\"13bd89d\" data-element_type=\"column\">\n\t\t\t<div class=\"elementor-widget-wrap elementor-element-populated\">\n\t\t\t\t\t\t<div class=\"elementor-element elementor-element-a413ce2 elementor-widget elementor-widget-template\" data-id=\"a413ce2\" data-element_type=\"widget\" data-widget_type=\"template.default\">\n\t\t\t\t<div class=\"elementor-widget-container\">\n\t\t\t\t\t<div class=\"elementor-template\">\n\t\t\t\t\t<div data-elementor-type=\"section\" data-elementor-id=\"1023\" class=\"elementor elementor-1023 elementor-216\" data-elementor-post-type=\"elementor_library\">\n\t\t\t\t\t<section class=\"elementor-section elementor-top-section elementor-element elementor-element-e22e1f3 elementor-section-boxed elementor-section-height-default elementor-section-height-default\" data-id=\"e22e1f3\" data-element_type=\"section\">\n\t\t\t\t\t\t<div class=\"elementor-container elementor-column-gap-default\">\n\t\t\t\t\t<div class=\"elementor-column elementor-col-100 elementor-top-column elementor-element elementor-element-dcec2a6\" data-id=\"dcec2a6\" data-element_type=\"column\">\n\t\t\t<div class=\"elementor-widget-wrap elementor-element-populated\">\n\t\t\t\t\t\t<div class=\"elementor-element elementor-element-26d0b63 sidemenu elementor-nav-menu--dropdown-tablet elementor-nav-menu__text-align-aside elementor-widget elementor-widget-nav-menu\" data-id=\"26d0b63\" data-element_type=\"widget\" data-settings=\"{&quot;layout&quot;:&quot;vertical&quot;,&quot;submenu_icon&quot;:{&quot;value&quot;:&quot;&lt;i class=\\&quot;fas fa-caret-down\\&quot;&gt;&lt;\\\/i&gt;&quot;,&quot;library&quot;:&quot;fa-solid&quot;}}\" data-widget_type=\"nav-menu.default\">\n\t\t\t\t<div class=\"elementor-widget-container\">\n\t\t\t\t\t\t<nav aria-label=\"Men\u00fc\" class=\"elementor-nav-menu--main elementor-nav-menu__container elementor-nav-menu--layout-vertical e--pointer-none\">\n\t\t\t\t<ul id=\"menu-1-26d0b63\" class=\"elementor-nav-menu sm-vertical\"><li class=\"menu-item menu-item-type-post_type menu-item-object-page menu-item-2633\"><a href=\"https:\/\/old.cukurpartners.com\/tr\/surdurulebi%cc%87li%cc%87r-cozum-ortaginiz\/\" class=\"elementor-item\">S\u00fcrd\u00fcr\u00fclebilir \u00c7\u00f6z\u00fcm Orta\u011f\u0131n\u0131z<\/a><\/li>\n<li class=\"menu-item menu-item-type-post_type menu-item-object-page menu-item-has-children menu-item-2644\"><a href=\"https:\/\/old.cukurpartners.com\/tr\/cukur-partners-akademi\/\" class=\"elementor-item\">\u00c7ukur &#038; Partners Akademi<\/a>\n<ul class=\"sub-menu elementor-nav-menu--dropdown\">\n\t<li class=\"menu-item menu-item-type-post_type menu-item-object-page menu-item-6688\"><a href=\"https:\/\/old.cukurpartners.com\/tr\/cukur-partners-akademi-kevser-ve-nihat-cukur-egitim-burslari\/\" class=\"elementor-sub-item\">\u00c7ukur &#038; Partners Akademi \u201cKevser Ve Nihat \u00c7ukur E\u011fitim Burslar\u0131\u201d<\/a><\/li>\n\t<li class=\"menu-item menu-item-type-post_type menu-item-object-page menu-item-6689\"><a href=\"https:\/\/old.cukurpartners.com\/tr\/hukuk-fakultesi-ogrencileri-icin-avukatlik-kariyerine-hazirlik-programi\/\" class=\"elementor-sub-item\">Hukuk Fak\u00fcltesi \u00d6\u011frencileri \u0130\u00e7in Avukatl\u0131k Kariyerine Haz\u0131rl\u0131k Program\u0131<\/a><\/li>\n\t<li class=\"menu-item menu-item-type-post_type menu-item-object-page menu-item-6690\"><a href=\"https:\/\/old.cukurpartners.com\/tr\/meslege-yeni-baslayan-avukatlar-ve-stajyer-avukatlar-icin-mentorluk-programi\/\" class=\"elementor-sub-item\">Mesle\u011fe Yeni Ba\u015flayan Avukatlar ve Stajyer Avukatlar \u0130\u00e7in Mentorluk Program\u0131<\/a><\/li>\n\t<li class=\"menu-item menu-item-type-post_type menu-item-object-page menu-item-6691\"><a href=\"https:\/\/old.cukurpartners.com\/tr\/cukur-partners-akademi-social-club\/\" class=\"elementor-sub-item\">\u00c7ukur &#038; Partners Akademi Social Club<\/a><\/li>\n<\/ul>\n<\/li>\n<li class=\"menu-item menu-item-type-post_type menu-item-object-page menu-item-1293\"><a href=\"https:\/\/old.cukurpartners.com\/tr\/sorumlu-is-anlayisimiz\/kurumsal-sosyal-sorumluluk-ve-ucretsiz-hukuki-hizmet-pro-bono-uygulamalarimiz\/\" class=\"elementor-item\">Kurumsal Sosyal Sorumluluk Ve \u00dccretsiz Hukuki Hizmet (Pro Bono) Uygulamalar\u0131m\u0131z<\/a><\/li>\n<li class=\"menu-item menu-item-type-post_type menu-item-object-page menu-item-1294\"><a href=\"https:\/\/old.cukurpartners.com\/tr\/sorumlu-is-anlayisimiz\/etik-ve-is-ilkelerimiz\/\" class=\"elementor-item\">Etik ve \u0130\u015f \u0130lkelerimiz<\/a><\/li>\n<li class=\"menu-item menu-item-type-post_type menu-item-object-page menu-item-1295\"><a href=\"https:\/\/old.cukurpartners.com\/tr\/sorumlu-is-anlayisimiz\/surdurulebilirlik-ve-cevre\/\" class=\"elementor-item\">S\u00fcrd\u00fcr\u00fclebilirlik ve \u00c7evre<\/a><\/li>\n<li class=\"menu-item menu-item-type-post_type menu-item-object-page menu-item-1296\"><a href=\"https:\/\/old.cukurpartners.com\/tr\/sorumlu-is-anlayisimiz\/katilimcilik-cesitlilik-ve-refah-uygulamalarimiz\/\" class=\"elementor-item\">Kat\u0131l\u0131mc\u0131l\u0131k, \u00c7e\u015fitlilik Ve Refah Uygulamalar\u0131m\u0131z<\/a><\/li>\n<\/ul>\t\t\t<\/nav>\n\t\t\t\t\t\t<nav class=\"elementor-nav-menu--dropdown elementor-nav-menu__container\" aria-hidden=\"true\">\n\t\t\t\t<ul id=\"menu-2-26d0b63\" class=\"elementor-nav-menu sm-vertical\"><li class=\"menu-item menu-item-type-post_type menu-item-object-page menu-item-2633\"><a href=\"https:\/\/old.cukurpartners.com\/tr\/surdurulebi%cc%87li%cc%87r-cozum-ortaginiz\/\" class=\"elementor-item\" tabindex=\"-1\">S\u00fcrd\u00fcr\u00fclebilir \u00c7\u00f6z\u00fcm Orta\u011f\u0131n\u0131z<\/a><\/li>\n<li class=\"menu-item menu-item-type-post_type menu-item-object-page menu-item-has-children menu-item-2644\"><a href=\"https:\/\/old.cukurpartners.com\/tr\/cukur-partners-akademi\/\" class=\"elementor-item\" tabindex=\"-1\">\u00c7ukur &#038; Partners Akademi<\/a>\n<ul class=\"sub-menu elementor-nav-menu--dropdown\">\n\t<li class=\"menu-item menu-item-type-post_type menu-item-object-page menu-item-6688\"><a href=\"https:\/\/old.cukurpartners.com\/tr\/cukur-partners-akademi-kevser-ve-nihat-cukur-egitim-burslari\/\" class=\"elementor-sub-item\" tabindex=\"-1\">\u00c7ukur &#038; Partners Akademi \u201cKevser Ve Nihat \u00c7ukur E\u011fitim Burslar\u0131\u201d<\/a><\/li>\n\t<li class=\"menu-item menu-item-type-post_type menu-item-object-page menu-item-6689\"><a href=\"https:\/\/old.cukurpartners.com\/tr\/hukuk-fakultesi-ogrencileri-icin-avukatlik-kariyerine-hazirlik-programi\/\" class=\"elementor-sub-item\" tabindex=\"-1\">Hukuk Fak\u00fcltesi \u00d6\u011frencileri \u0130\u00e7in Avukatl\u0131k Kariyerine Haz\u0131rl\u0131k Program\u0131<\/a><\/li>\n\t<li class=\"menu-item menu-item-type-post_type menu-item-object-page menu-item-6690\"><a href=\"https:\/\/old.cukurpartners.com\/tr\/meslege-yeni-baslayan-avukatlar-ve-stajyer-avukatlar-icin-mentorluk-programi\/\" class=\"elementor-sub-item\" tabindex=\"-1\">Mesle\u011fe Yeni Ba\u015flayan Avukatlar ve Stajyer Avukatlar \u0130\u00e7in Mentorluk Program\u0131<\/a><\/li>\n\t<li class=\"menu-item menu-item-type-post_type menu-item-object-page menu-item-6691\"><a href=\"https:\/\/old.cukurpartners.com\/tr\/cukur-partners-akademi-social-club\/\" class=\"elementor-sub-item\" tabindex=\"-1\">\u00c7ukur &#038; Partners Akademi Social Club<\/a><\/li>\n<\/ul>\n<\/li>\n<li class=\"menu-item menu-item-type-post_type menu-item-object-page menu-item-1293\"><a href=\"https:\/\/old.cukurpartners.com\/tr\/sorumlu-is-anlayisimiz\/kurumsal-sosyal-sorumluluk-ve-ucretsiz-hukuki-hizmet-pro-bono-uygulamalarimiz\/\" class=\"elementor-item\" tabindex=\"-1\">Kurumsal Sosyal Sorumluluk Ve \u00dccretsiz Hukuki Hizmet (Pro Bono) Uygulamalar\u0131m\u0131z<\/a><\/li>\n<li class=\"menu-item menu-item-type-post_type menu-item-object-page menu-item-1294\"><a href=\"https:\/\/old.cukurpartners.com\/tr\/sorumlu-is-anlayisimiz\/etik-ve-is-ilkelerimiz\/\" class=\"elementor-item\" tabindex=\"-1\">Etik ve \u0130\u015f \u0130lkelerimiz<\/a><\/li>\n<li class=\"menu-item menu-item-type-post_type menu-item-object-page menu-item-1295\"><a href=\"https:\/\/old.cukurpartners.com\/tr\/sorumlu-is-anlayisimiz\/surdurulebilirlik-ve-cevre\/\" class=\"elementor-item\" tabindex=\"-1\">S\u00fcrd\u00fcr\u00fclebilirlik ve \u00c7evre<\/a><\/li>\n<li class=\"menu-item menu-item-type-post_type menu-item-object-page menu-item-1296\"><a href=\"https:\/\/old.cukurpartners.com\/tr\/sorumlu-is-anlayisimiz\/katilimcilik-cesitlilik-ve-refah-uygulamalarimiz\/\" class=\"elementor-item\" tabindex=\"-1\">Kat\u0131l\u0131mc\u0131l\u0131k, \u00c7e\u015fitlilik Ve Refah Uygulamalar\u0131m\u0131z<\/a><\/li>\n<\/ul>\t\t\t<\/nav>\n\t\t\t\t<\/div>\n\t\t\t\t<\/div>\n\t\t\t\t\t<\/div>\n\t\t<\/div>\n\t\t\t\t\t<\/div>\n\t\t<\/section>\n\t\t\t\t<\/div>\n\t\t\t\t<\/div>\n\t\t\t\t<\/div>\n\t\t\t\t<\/div>\n\t\t\t\t\t<\/div>\n\t\t<\/div>\n\t\t\t\t\t<\/div>\n\t\t<\/section>\n\t\t\t\t<\/div>\n\t\t","protected":false},"excerpt":{"rendered":"<p>\u00c7UKUR &#038; PARTNERS AKADEM\u0130 \u201cKEVSER VE N\u0130HAT \u00c7UKUR E\u011e\u0130T\u0130M BURSLARI\u201d \u00d6m\u00fcrlerini binlerce gencin e\u011fitimine adam\u0131\u015f emekli \u00f6\u011fretmenler Kevser \u00c7ukur ve rahmetli Nihat \u00c7ukur ad\u0131na olu\u015fturmu\u015f olan \u201cKevser ve Nihat \u00c7ukur E\u011fitim Burslar\u0131m\u0131z\u201d, \u00c7ukur &amp; Partners Akademimizin g\u00f6zbebe\u011fi ve k\u0131van\u00e7 kayna\u011f\u0131d\u0131r. Hukuk firmam\u0131z ve Akademimiz taraf\u0131ndan geli\u015ftirilen ve finanse edilen, \u00fclkemizin en sayg\u0131n sivil toplum kurulu\u015flar\u0131ndan [&hellip;]<\/p>\n","protected":false},"author":1,"featured_media":0,"parent":0,"menu_order":0,"comment_status":"closed","ping_status":"closed","template":"","meta":{"_acf_changed":false,"footnotes":""},"class_list":["post-6673","page","type-page","status-publish","hentry"],"acf":[],"_links":{"self":[{"href":"https:\/\/old.cukurpartners.com\/tr\/wp-json\/wp\/v2\/pages\/6673"}],"collection":[{"href":"https:\/\/old.cukurpartners.com\/tr\/wp-json\/wp\/v2\/pages"}],"about":[{"href":"https:\/\/old.cukurpartners.com\/tr\/wp-json\/wp\/v2\/types\/page"}],"author":[{"embeddable":true,"href":"https:\/\/old.cukurpartners.com\/tr\/wp-json\/wp\/v2\/users\/1"}],"replies":[{"embeddable":true,"href":"https:\/\/old.cukurpartners.com\/tr\/wp-json\/wp\/v2\/comments?post=6673"}],"version-history":[{"count":7,"href":"https:\/\/old.cukurpartners.com\/tr\/wp-json\/wp\/v2\/pages\/6673\/revisions"}],"predecessor-version":[{"id":6752,"href":"https:\/\/old.cukurpartners.com\/tr\/wp-json\/wp\/v2\/pages\/6673\/revisions\/6752"}],"wp:attachment":[{"href":"https:\/\/old.cukurpartners.com\/tr\/wp-json\/wp\/v2\/media?parent=6673"}],"curies":[{"name":"wp","href":"https:\/\/api.w.org\/{rel}","templated":true}]}}