{"id":942,"date":"2019-10-23T13:07:27","date_gmt":"2019-10-23T13:07:27","guid":{"rendered":"https:\/\/cukurpartners.com\/legal-notice\/"},"modified":"2021-10-19T07:12:19","modified_gmt":"2021-10-19T07:12:19","slug":"hukuki-uyarilar","status":"publish","type":"page","link":"https:\/\/old.cukurpartners.com\/tr\/hukuki-uyarilar\/","title":{"rendered":"Hukuki Uyar\u0131lar"},"content":{"rendered":"\t\t<div data-elementor-type=\"wp-page\" data-elementor-id=\"942\" class=\"elementor elementor-942 elementor-636\" data-elementor-post-type=\"page\">\n\t\t\t\t\t\t<section class=\"elementor-section elementor-top-section elementor-element elementor-element-eaf3b69 elementor-section-full_width elementor-section-height-default elementor-section-height-default\" data-id=\"eaf3b69\" data-element_type=\"section\">\n\t\t\t\t\t\t<div class=\"elementor-container elementor-column-gap-default\">\n\t\t\t\t\t<div class=\"elementor-column elementor-col-100 elementor-top-column elementor-element elementor-element-94f1cf4\" data-id=\"94f1cf4\" data-element_type=\"column\">\n\t\t\t<div class=\"elementor-widget-wrap elementor-element-populated\">\n\t\t\t\t\t\t<div class=\"elementor-element elementor-element-f9d8150 elementor-widget elementor-widget-template\" data-id=\"f9d8150\" data-element_type=\"widget\" data-widget_type=\"template.default\">\n\t\t\t\t<div class=\"elementor-widget-container\">\n\t\t\t\t\t<div class=\"elementor-template\">\n\t\t\t\t\t<div data-elementor-type=\"section\" data-elementor-id=\"1001\" class=\"elementor elementor-1001 elementor-791\" data-elementor-post-type=\"elementor_library\">\n\t\t\t\t\t<section class=\"elementor-section elementor-top-section elementor-element elementor-element-338a2c6 elementor-section-height-min-height elementor-section-boxed elementor-section-height-default elementor-section-items-middle\" data-id=\"338a2c6\" data-element_type=\"section\" data-settings=\"{&quot;background_background&quot;:&quot;classic&quot;}\">\n\t\t\t\t\t\t\t<div class=\"elementor-background-overlay\"><\/div>\n\t\t\t\t\t\t\t<div class=\"elementor-container elementor-column-gap-default\">\n\t\t\t\t\t<div class=\"elementor-column elementor-col-50 elementor-top-column elementor-element elementor-element-4e84dc7\" data-id=\"4e84dc7\" data-element_type=\"column\">\n\t\t\t<div class=\"elementor-widget-wrap elementor-element-populated\">\n\t\t\t\t\t\t<div class=\"elementor-element elementor-element-b26d839 elementor-widget elementor-widget-heading\" data-id=\"b26d839\" data-element_type=\"widget\" data-widget_type=\"heading.default\">\n\t\t\t\t<div class=\"elementor-widget-container\">\n\t\t\t<h2 class=\"elementor-heading-title elementor-size-default\"><\/h2>\t\t<\/div>\n\t\t\t\t<\/div>\n\t\t\t\t\t<\/div>\n\t\t<\/div>\n\t\t\t\t<div class=\"elementor-column elementor-col-50 elementor-top-column elementor-element elementor-element-48e9ff6 textright mobcenter\" data-id=\"48e9ff6\" data-element_type=\"column\">\n\t\t\t<div class=\"elementor-widget-wrap elementor-element-populated\">\n\t\t\t\t\t\t<div class=\"elementor-element elementor-element-e7c5c43 mb-5 elementor-widget elementor-widget-heading\" data-id=\"e7c5c43\" data-element_type=\"widget\" data-widget_type=\"heading.default\">\n\t\t\t\t<div class=\"elementor-widget-container\">\n\t\t\t<h2 class=\"elementor-heading-title elementor-size-default\">Yal\u0131 \u00c7apk\u0131n\u0131<\/h2>\t\t<\/div>\n\t\t\t\t<\/div>\n\t\t\t\t<div class=\"elementor-element elementor-element-9910f06 elementor-widget elementor-widget-text-editor\" data-id=\"9910f06\" data-element_type=\"widget\" data-widget_type=\"text-editor.default\">\n\t\t\t\t<div class=\"elementor-widget-container\">\n\t\t\t\t\t\t\t<p>Ad\u0131n\u0131 \u0130zmir\u2019den alan Yal\u0131 \u00c7apk\u0131n\u0131 (Halcyon smyrnensis), \u00e7oklukla Do\u011fu Akdeniz B\u00f6lgesi\u2019nde g\u00f6zlemlenir. Ya\u015fam alanlar\u0131 olan sulak alanlar\u0131n tahrip edilmesi nesilleri i\u00e7in en b\u00fcy\u00fck tehdittir.\u00a0<\/p>\t\t\t\t\t\t<\/div>\n\t\t\t\t<\/div>\n\t\t\t\t\t<\/div>\n\t\t<\/div>\n\t\t\t\t\t<\/div>\n\t\t<\/section>\n\t\t\t\t<\/div>\n\t\t\t\t<\/div>\n\t\t\t\t<\/div>\n\t\t\t\t<\/div>\n\t\t\t\t\t<\/div>\n\t\t<\/div>\n\t\t\t\t\t<\/div>\n\t\t<\/section>\n\t\t\t\t<section class=\"elementor-section elementor-top-section elementor-element elementor-element-2ee8ed2 elementor-section-boxed elementor-section-height-default elementor-section-height-default\" data-id=\"2ee8ed2\" data-element_type=\"section\" data-settings=\"{&quot;background_background&quot;:&quot;classic&quot;}\">\n\t\t\t\t\t\t<div class=\"elementor-container elementor-column-gap-default\">\n\t\t\t\t\t<div class=\"elementor-column elementor-col-100 elementor-top-column elementor-element elementor-element-24fce29\" data-id=\"24fce29\" data-element_type=\"column\">\n\t\t\t<div class=\"elementor-widget-wrap elementor-element-populated\">\n\t\t\t\t\t\t<div class=\"elementor-element elementor-element-5ddce4a elementor-widget elementor-widget-text-editor\" data-id=\"5ddce4a\" data-element_type=\"widget\" data-widget_type=\"text-editor.default\">\n\t\t\t\t<div class=\"elementor-widget-container\">\n\t\t\t\t\t\t\t<p><span style=\"font-weight: 400;\">Web sitemizi ziyaret edenler, bu k\u0131s\u0131mda belirtilen Hukuki Uyar\u0131lar\u0131 ve Ziyaret ve Kullan\u0131m Kurallar\u0131 ko\u015fullar\u0131na uymay\u0131 kabul ve taahh\u00fct etmi\u015f say\u0131l\u0131rlar.\u00a0<\/span><\/p><p><span style=\"font-weight: 400;\">Bu web sitesindeki bilgiler sadece \u00c7ukur &amp; Y\u0131lmaz\u2019\u0131 tan\u0131mak isteyen site ziyaret\u00e7ilere genel bilgi sunmak \u00fczere sunulmaktad\u0131r. Reklam, pazarlama veya i\u015f geli\u015ftirme amac\u0131 ta\u015f\u0131mamaktad\u0131r. Web sitemiz, Avukatl\u0131k Meslek Mevzuat\u0131na ve T\u00fcrkiye Barolar Birli\u011fi&#8217;nin Meslek Kurallar\u0131na s\u0131k\u0131 s\u0131k\u0131ya ba\u011fl\u0131 ve \u00f6zellikle reklam yasa\u011f\u0131na uygun \u015fekilde tasarlanmaya \u00e7al\u0131\u015f\u0131lm\u0131\u015ft\u0131r. Bu site ve i\u00e7eri\u011findeki bilgiler, reklam veya i\u015f geli\u015ftirme ve benzeri ama\u00e7lar ile veya b\u00f6yle bir sonu\u00e7 do\u011furacak nitelikte kullan\u0131lamaz.\u00a0<\/span><\/p><p><span style=\"font-weight: 400;\">Bu web sitesindeki t\u00fcm bilgiler ve i\u00e7erik ile, bu i\u00e7eri\u011fe ili\u015fkin her t\u00fcrl\u00fc yasal haklar m\u00fcnhas\u0131ran \u00c7ukur &amp; Y\u0131lmaz&#8217;a aittir ve bu bilgilerin de\u011fi\u015ftirilerek veya kaynak g\u00f6sterilerek kullan\u0131lmas\u0131 dahi hukuki bir ihlal olu\u015fturacakt\u0131r ve \u00c7ukur &amp; Y\u0131lmaz taraf\u0131ndan ihlali yapanlara kar\u015f\u0131 hukuki yollara ba\u015fvurulacakt\u0131r. Bu web sitesinde bulunan her t\u00fcrl\u00fc yaz\u0131l\u0131 ve g\u00f6rsel materyal ve bilgi ile, \u00c7ukur &amp; Y\u0131lmaz logosuna ili\u015fkin fikri m\u00fclkiyet haklar\u0131 da \u00c7ukur &amp; Y\u0131lmaz\u2019a ait olup, \u00c7ukur &amp; Y\u0131lmaz\u2019\u0131 temsil eden ortaklar\u0131ndan \u00f6nceden yaz\u0131l\u0131 onay olmad\u0131k\u00e7a kopyalanamaz ve hi\u00e7bir \u015fekilde kullan\u0131lamaz. Bu internet sitesine link yaratmak, \u00c7ukur &amp; Y\u0131lmaz\u2019\u0131n \u00f6nceden yaz\u0131l\u0131 izni bulunmad\u0131k\u00e7a kesinlikle yasakt\u0131r.<\/span><\/p><p><span style=\"font-weight: 400;\">Bu web sitemizde sunulan hi\u00e7bir bilgi hukuki tavsiye veya mesleki g\u00f6r\u00fc\u015f niteli\u011finde de\u011fildir; bu \u015fekilde yorumlanamaz. Bu bilgilerin web sitesinde yer almas\u0131 ve herhangi bir surette iletilmesi dahi hi\u00e7bir \u015fekilde ve anlamda avukat-m\u00fcvekkil ili\u015fkisi yaratmaz veya bu \u015fekilde yorumlanamaz. Sunulan hi\u00e7bir bilgi hukuki dan\u0131\u015fmanl\u0131k veya hizmet mahiyetinde de\u011fildir. Bu bilgiler en son hukuki durumu yans\u0131tmayabilece\u011finden, site ziyaret\u00e7ileri sadece bu bilgilere dayanarak hukuki tasarrufta bulunmamal\u0131 ve hareket etmemelidirler.<\/span><\/p><p><span style=\"font-weight: 400;\">Bu internet sitesinde bulunan bilgilerin tamam\u0131 ticari olmayan ama\u00e7larla sitemizde yer almaktad\u0131r. Ziyaret\u00e7iler bilgilerin eksik veya yanl\u0131\u015f olabilece\u011fini, g\u00fcncel olmayabilece\u011fini bilmekte ve kabul etmektedirler; bu bak\u0131mdan, kendilerinin bu bilgiler sebebiyle bir zarara u\u011frad\u0131klar\u0131n\u0131 iddia edemezler. \u00c7ukur &amp; Y\u0131lmaz, bu internet sitesinde sunulan bilginin i\u00e7eri\u011fi ya da ziyaret\u00e7ilerin bu internet sitesine dayanarak ger\u00e7ekle\u015ftirdi\u011fi eylem ve i\u015flemlerden hi\u00e7bir surette sorumluluk kabul etmemektedir.<\/span><\/p>\t\t\t\t\t\t<\/div>\n\t\t\t\t<\/div>\n\t\t\t\t\t<\/div>\n\t\t<\/div>\n\t\t\t\t\t<\/div>\n\t\t<\/section>\n\t\t\t\t<\/div>\n\t\t","protected":false},"excerpt":{"rendered":"<p>Web sitemizi ziyaret edenler, bu k\u0131s\u0131mda belirtilen Hukuki Uyar\u0131lar\u0131 ve Ziyaret ve Kullan\u0131m Kurallar\u0131 ko\u015fullar\u0131na uymay\u0131 kabul ve taahh\u00fct etmi\u015f say\u0131l\u0131rlar.\u00a0 Bu web sitesindeki bilgiler sadece \u00c7ukur &amp; Partners\u2019\u0131 tan\u0131mak isteyen site ziyaret\u00e7ilere genel bilgi sunmak \u00fczere sunulmaktad\u0131r. Reklam, pazarlama veya i\u015f geli\u015ftirme amac\u0131 ta\u015f\u0131mamaktad\u0131r. Web sitemiz, Avukatl\u0131k Meslek Mevzuat\u0131na ve T\u00fcrkiye Barolar Birli\u011fi&#8217;nin Meslek [&hellip;]<\/p>\n","protected":false},"author":1,"featured_media":0,"parent":0,"menu_order":0,"comment_status":"closed","ping_status":"closed","template":"elementor_header_footer","meta":{"_acf_changed":false,"footnotes":""},"class_list":["post-942","page","type-page","status-publish","hentry"],"acf":[],"_links":{"self":[{"href":"https:\/\/old.cukurpartners.com\/tr\/wp-json\/wp\/v2\/pages\/942"}],"collection":[{"href":"https:\/\/old.cukurpartners.com\/tr\/wp-json\/wp\/v2\/pages"}],"about":[{"href":"https:\/\/old.cukurpartners.com\/tr\/wp-json\/wp\/v2\/types\/page"}],"author":[{"embeddable":true,"href":"https:\/\/old.cukurpartners.com\/tr\/wp-json\/wp\/v2\/users\/1"}],"replies":[{"embeddable":true,"href":"https:\/\/old.cukurpartners.com\/tr\/wp-json\/wp\/v2\/comments?post=942"}],"version-history":[{"count":3,"href":"https:\/\/old.cukurpartners.com\/tr\/wp-json\/wp\/v2\/pages\/942\/revisions"}],"predecessor-version":[{"id":5646,"href":"https:\/\/old.cukurpartners.com\/tr\/wp-json\/wp\/v2\/pages\/942\/revisions\/5646"}],"wp:attachment":[{"href":"https:\/\/old.cukurpartners.com\/tr\/wp-json\/wp\/v2\/media?parent=942"}],"curies":[{"name":"wp","href":"https:\/\/api.w.org\/{rel}","templated":true}]}}