{"id":947,"date":"2019-10-23T11:27:14","date_gmt":"2019-10-23T11:27:14","guid":{"rendered":"https:\/\/cukurpartners.com\/careers\/"},"modified":"2023-02-08T13:51:04","modified_gmt":"2023-02-08T13:51:04","slug":"bize-katilin","status":"publish","type":"page","link":"https:\/\/old.cukurpartners.com\/tr\/bize-katilin\/","title":{"rendered":"Bize Kat\u0131l\u0131n"},"content":{"rendered":"\t\t<div data-elementor-type=\"wp-page\" data-elementor-id=\"947\" class=\"elementor elementor-947 elementor-549\" data-elementor-post-type=\"page\">\n\t\t\t\t\t\t<section class=\"elementor-section elementor-top-section elementor-element elementor-element-0a8e7f4 elementor-section-full_width elementor-section-height-default elementor-section-height-default\" data-id=\"0a8e7f4\" data-element_type=\"section\">\n\t\t\t\t\t\t<div class=\"elementor-container elementor-column-gap-default\">\n\t\t\t\t\t<div class=\"elementor-column elementor-col-100 elementor-top-column elementor-element elementor-element-2107f47\" data-id=\"2107f47\" data-element_type=\"column\">\n\t\t\t<div class=\"elementor-widget-wrap elementor-element-populated\">\n\t\t\t\t\t\t<div class=\"elementor-element elementor-element-e1a6eb9 elementor-widget elementor-widget-template\" data-id=\"e1a6eb9\" data-element_type=\"widget\" data-widget_type=\"template.default\">\n\t\t\t\t<div class=\"elementor-widget-container\">\n\t\t\t\t\t<div class=\"elementor-template\">\n\t\t\t\t\t<div data-elementor-type=\"section\" data-elementor-id=\"1002\" class=\"elementor elementor-1002 elementor-786\" data-elementor-post-type=\"elementor_library\">\n\t\t\t\t\t<section class=\"elementor-section elementor-top-section elementor-element elementor-element-6aca3a0 elementor-section-height-min-height elementor-section-boxed elementor-section-height-default elementor-section-items-middle\" data-id=\"6aca3a0\" data-element_type=\"section\" data-settings=\"{&quot;background_background&quot;:&quot;classic&quot;}\">\n\t\t\t\t\t\t\t<div class=\"elementor-background-overlay\"><\/div>\n\t\t\t\t\t\t\t<div class=\"elementor-container elementor-column-gap-default\">\n\t\t\t\t\t<div class=\"elementor-column elementor-col-50 elementor-top-column elementor-element elementor-element-38df83e\" data-id=\"38df83e\" data-element_type=\"column\">\n\t\t\t<div class=\"elementor-widget-wrap elementor-element-populated\">\n\t\t\t\t\t\t<div class=\"elementor-element elementor-element-9455bb8 elementor-widget elementor-widget-heading\" data-id=\"9455bb8\" data-element_type=\"widget\" data-widget_type=\"heading.default\">\n\t\t\t\t<div class=\"elementor-widget-container\">\n\t\t\t<h2 class=\"elementor-heading-title elementor-size-default\"><\/h2>\t\t<\/div>\n\t\t\t\t<\/div>\n\t\t\t\t\t<\/div>\n\t\t<\/div>\n\t\t\t\t<div class=\"elementor-column elementor-col-50 elementor-top-column elementor-element elementor-element-8bc58c4 textright mobcenter\" data-id=\"8bc58c4\" data-element_type=\"column\">\n\t\t\t<div class=\"elementor-widget-wrap elementor-element-populated\">\n\t\t\t\t\t\t<div class=\"elementor-element elementor-element-428c8ab mb-5 elementor-widget elementor-widget-heading\" data-id=\"428c8ab\" data-element_type=\"widget\" data-widget_type=\"heading.default\">\n\t\t\t\t<div class=\"elementor-widget-container\">\n\t\t\t<h2 class=\"elementor-heading-title elementor-size-default\">Kardelen<\/h2>\t\t<\/div>\n\t\t\t\t<\/div>\n\t\t\t\t<div class=\"elementor-element elementor-element-395eb3e elementor-widget elementor-widget-text-editor\" data-id=\"395eb3e\" data-element_type=\"widget\" data-widget_type=\"text-editor.default\">\n\t\t\t\t<div class=\"elementor-widget-container\">\n\t\t\t\t\t\t\t<p>\u0130lk olarak 1874 y\u0131l\u0131nda, \u0130zmir yak\u0131n\u0131ndaki da\u011flarda bulunmu\u015f olan kardelen (Galanthus Elwesii), Kuzeybat\u0131, Bat\u0131, G\u00fcneybat\u0131 Anadolu&#8217;da yay\u0131l\u0131\u015f g\u00f6sterir. Do\u011fadan a\u015f\u0131r\u0131 miktarda toplanarak sat\u0131lmas\u0131 kardelenlerin neslini tehlike alt\u0131na sokmu\u015ftur.<\/p>\t\t\t\t\t\t<\/div>\n\t\t\t\t<\/div>\n\t\t\t\t\t<\/div>\n\t\t<\/div>\n\t\t\t\t\t<\/div>\n\t\t<\/section>\n\t\t\t\t<\/div>\n\t\t\t\t<\/div>\n\t\t\t\t<\/div>\n\t\t\t\t<\/div>\n\t\t\t\t\t<\/div>\n\t\t<\/div>\n\t\t\t\t\t<\/div>\n\t\t<\/section>\n\t\t\t\t<section class=\"elementor-section elementor-top-section elementor-element elementor-element-054ad36 elementor-section-boxed elementor-section-height-default elementor-section-height-default\" data-id=\"054ad36\" data-element_type=\"section\">\n\t\t\t\t\t\t<div class=\"elementor-container elementor-column-gap-default\">\n\t\t\t\t\t<div class=\"elementor-column elementor-col-50 elementor-top-column elementor-element elementor-element-ea4b017\" data-id=\"ea4b017\" data-element_type=\"column\">\n\t\t\t<div class=\"elementor-widget-wrap elementor-element-populated\">\n\t\t\t\t\t\t<div class=\"elementor-element elementor-element-dd36f66 mb-10 elementor-widget elementor-widget-heading\" data-id=\"dd36f66\" data-element_type=\"widget\" data-widget_type=\"heading.default\">\n\t\t\t\t<div class=\"elementor-widget-container\">\n\t\t\t<h2 class=\"elementor-heading-title elementor-size-default\">Bize Kat\u0131l\u0131n<\/h2>\t\t<\/div>\n\t\t\t\t<\/div>\n\t\t\t\t<div class=\"elementor-element elementor-element-4fa5a6f elementor-widget elementor-widget-image\" data-id=\"4fa5a6f\" data-element_type=\"widget\" data-widget_type=\"image.default\">\n\t\t\t\t<div class=\"elementor-widget-container\">\n\t\t\t\t\t\t\t\t\t\t\t\t\t<img decoding=\"async\" width=\"110\" height=\"5\" src=\"https:\/\/old.cukurpartners.com\/wp-content\/uploads\/2019\/10\/colored_line_cy.png\" class=\"attachment-full size-full wp-image-52\" alt=\"\" \/>\t\t\t\t\t\t\t\t\t\t\t\t\t<\/div>\n\t\t\t\t<\/div>\n\t\t\t\t<div class=\"elementor-element elementor-element-3c00c75 elementor-widget elementor-widget-text-editor\" data-id=\"3c00c75\" data-element_type=\"widget\" data-widget_type=\"text-editor.default\">\n\t\t\t\t<div class=\"elementor-widget-container\">\n\t\t\t\t\t\t\t<p>\u00c7ukur &amp; Partners\u00a0<span style=\"font-weight: 400;\">avukatl\u0131k b\u00fcrosu <\/span>ekibi <span style=\"font-weight: 400;\">ve ekibimizdeki ba\u015far\u0131l\u0131 avukatlar<\/span>, ba\u015far\u0131m\u0131z\u0131n ve s\u00fcrd\u00fcr\u00fclebilirli\u011fimizin en temel ve de\u011ferli unsurlar\u0131ndan biridir. Hukuk b\u00fcromuzdaki t\u00fcm avukatlar ve yard\u0131mc\u0131 hizmetler ekibimiz, stajyerlerimiz, k\u0131dem ve \u00fcnvanlar\u0131ndan ba\u011f\u0131ms\u0131z olarak bizim tak\u0131m arkada\u015flar\u0131m\u0131zd\u0131r.<\/p><p>Bu bak\u0131\u015f a\u00e7\u0131m\u0131zla, <span style=\"font-weight: 400;\">\u00c7ukur &amp; Partners hukuk b\u00fcrosunda<\/span> kariyerlerinin her a\u015famas\u0131ndaki meslekta\u015flar\u0131m\u0131z i\u00e7in ideal bir <a href=\"https:\/\/old.cukurpartners.com\/tr\/sorumlu-is-anlayisimiz\/cukur-yilmaz-ailesi-icin-yaptiklarimiz\/\">\u00e7al\u0131\u015fma ortam\u0131<\/a>, uzun soluklu bir kariyer planlamas\u0131 ve f\u0131rsat e\u015fitli\u011fi sunmaya \u00f6nem veriyoruz. Ekip arkada\u015flar\u0131m\u0131z\u0131 <span style=\"font-weight: 400;\">ve avukatlar\u0131m\u0131z\u0131<\/span> mesleki ve ki\u015fisel geli\u015fim noktas\u0131nda her zaman destekliyoruz, onlar\u0131 cesaretlendiriyoruz.\u00a0<\/p><p>Ekibimizdeki gen\u00e7 yeteneklere, <span style=\"font-weight: 400;\">yeni nesil avukatlara<\/span> \u00e7ok g\u00fcveniyoruz; onlar\u0131 esneklik, mentorluk ve yap\u0131c\u0131 liderlik uygulamalar\u0131m\u0131z ile daha ileri sorumluklara ve ba\u015far\u0131lara haz\u0131rl\u0131yoruz. <span style=\"font-weight: 400;\">Ekibimizdeki<\/span> <span style=\"font-weight: 400;\">avukatlar\u0131n<\/span> i\u015f hayat\u0131 ve \u00f6zel hayat dengesini sa\u011fl\u0131kl\u0131 bir d\u00fczeyde sa\u011flamak ve \u00e7al\u0131\u015fma ortam\u0131m\u0131z\u0131n kalitesini y\u00fckseltmek i\u00e7in s\u00fcrekli \u00e7al\u0131\u015f\u0131yoruz. Ekip \u00fcyelerimiz i\u00e7in en iyi i\u015fyerini ve en keyifli i\u015f deneyimi yaratmak i\u00e7in \u00e7ok \u00e7aba g\u00f6steriyoruz.<\/p><p>\u00c7UKUR &amp; PARTNERS AKADEM\u0130\u2019de hem hukuk fak\u00fcltesi \u00f6\u011frencilerinin hem de gen\u00e7 meslekta\u015flar\u0131m\u0131z\u0131n ki\u015fisel ve mesleki geli\u015fimlerine destek olmak amac\u0131yla \u00e7e\u015fitli \u00f6zg\u00fcn programlar d\u00fczenlemekteyiz. Bu programlara ba\u015fvurarak, kabul edilmeniz halinde alaca\u011f\u0131n\u0131z e\u011fitim ve mentorluk destekleriyle avukatl\u0131k kariyerinizde size de\u011fer katacak yeni donan\u0131mlar ve deneyimler edinmeniz de m\u00fcmk\u00fcn olabilmektedir. Bu nedenle web sitemizin bu konudaki sayfalar\u0131na bir g\u00f6z atman\u0131zda fayda bulunmaktad\u0131r.<\/p><p>Ayr\u0131ca, \u00c7ukur &amp; Partners\u00a0<span style=\"font-weight: 400;\">hukuk firmas\u0131ndaki \u00e7al\u0131\u015fma ortam\u0131m\u0131z,<\/span> toplum ve d\u00fcnya i\u00e7in yapt\u0131klar\u0131m\u0131z hakk\u0131nda daha ayr\u0131nt\u0131l\u0131 bilgi almak i\u00e7in \u201c<a href=\"https:\/\/old.cukurpartners.com\/tr\/sorumlu-is-anlayisimiz\/\">Sorumlu \u0130\u015f Anlay\u0131\u015f\u0131m\u0131z<\/a>\u201d sayfalar\u0131m\u0131z\u0131 ziyaret etmenizi \u00f6neririz.<\/p><p>\u00c7ukur &amp; Partners<span style=\"font-weight: 400;\">\u00a0avukatl\u0131k b\u00fcrosunda, ekibimize kat\u0131lacak avukatlar\u0131, stajyer avukatlar\u0131 ve<\/span> tak\u0131m arkada\u015flar\u0131m\u0131z\u0131 se\u00e7erken, \u00f6ncelikle mutlu, pozitif, bilin\u00e7li, sorumluluk sahibi ve enerjik olmalar\u0131n\u0131 ar\u0131yoruz.\u00a0<\/p><p>Bize kat\u0131lmak isteyen her <span style=\"font-weight: 400;\">k\u0131dem d\u00fczeyi ve <\/span>pozisyondaki avukat meslekta\u015flar\u0131m\u0131zdan liderlik ve ileti\u015fim becerilerine sahip tak\u0131m oyuncular\u0131 olmalar\u0131n\u0131, b\u00fcy\u00fck \u00f6l\u00e7ekli bir hukuk b\u00fcrosunda uzun vadeli bir kariyer hedefi ta\u015f\u0131malar\u0131n\u0131 ve kendini geli\u015ftirmeye istekli olmalar\u0131n\u0131 bekliyoruz.<\/p><p>\u0130\u015fimizin \u00f6nemli bir b\u00f6l\u00fcm\u00fc uluslararas\u0131 nitelik ta\u015f\u0131d\u0131\u011f\u0131 i\u00e7in, avukat ve stajyer avukat adaylar\u0131n\u0131n, yasal metinleri haz\u0131rlayabilecek ve yorumlayabilecek seviyede, yasal i\u015flemlerde, yaz\u0131l\u0131 ve s\u00f6zl\u00fc ileti\u015fimde ak\u0131c\u0131 ve rahat olacak \u015fekilde ileri d\u00fczeyde i\u015f ve hukuk \u0130ngilizcesi becerilerine sahip olmalar\u0131n\u0131 tercih ediyoruz.<\/p><p>Uluslararas\u0131 ve T\u00fcrkiye&#8217;deki \u00f6nde gelen \u00fcniversitelerden al\u0131nm\u0131\u015f lisans\u00fcst\u00fc derecelerinin ve di\u011fer ek mesleki ve ki\u015fisel geli\u015fim e\u011fitimlerinin yan\u0131 s\u0131ra, etkin olarak kullan\u0131lan ikinci bir yabanc\u0131 dilin de hukuk b\u00fcromuzun tak\u0131m arkada\u015f\u0131 se\u00e7iminde bir de\u011feri bulunabilmektedir.<\/p><p>K\u0131demli ve deneyimli avukatlar\u0131n her zaman hukuk firmam\u0131za rahat\u00e7a ba\u015fvurabilmelerini istiyoruz. Bu adaylar\u0131n genel \u00f6zge\u00e7mi\u015f i\u00e7eri\u011fine ek olarak \u00f6nceki mesleki deneyimleri s\u0131ras\u0131nda yapt\u0131klar\u0131 \u00e7al\u0131\u015fmalar, rol ald\u0131klar\u0131 i\u015fler, kat\u0131ld\u0131klar\u0131 projeler ve bu i\u015flerdeki rolleri hakk\u0131nda ayr\u0131nt\u0131l\u0131 bilgi sunmalar\u0131n\u0131 bekliyoruz.<\/p><p>Hukuk B\u00fcromuzda Stajyer avukatlar i\u00e7in ba\u015fvurular her y\u0131l en ge\u00e7 Nisan ay\u0131 sonuna kadar kabul edilmektedir. Ancak olduk\u00e7a y\u00fcksek say\u0131da ba\u015fvuru oldu\u011funu dikkate alarak, biz adaylar\u0131m\u0131za daha da erken ba\u015fvurmalar\u0131n\u0131 \u00f6nermekteyiz.<\/p><p><span style=\"color: var( --e-global-color-text ); font-family: var( --e-global-typography-text-font-family ), Sans-serif; font-weight: var( --e-global-typography-text-font-weight ); font-size: 1rem;\">T\u00fcm ba\u015fvurular\u0131n\u0131z\u0131 gizli ve ki\u015fisel veri korumas\u0131 alt\u0131nda tutmaktay\u0131z.<\/span><\/p><p>Hukuk B\u00fcromuzdaki kariyer imkanlar\u0131n\u0131 \u00f6\u011frenmek ve bize ba\u015fvuru yapmak i\u00e7in, hemen kariyer@cukurpartners.com\u00a0 adresine e.posta g\u00f6nderebilirsiniz.<\/p>\t\t\t\t\t\t<\/div>\n\t\t\t\t<\/div>\n\t\t\t\t\t<\/div>\n\t\t<\/div>\n\t\t\t\t<div class=\"elementor-column elementor-col-50 elementor-top-column elementor-element elementor-element-ef4f8d6\" data-id=\"ef4f8d6\" data-element_type=\"column\">\n\t\t\t<div class=\"elementor-widget-wrap elementor-element-populated\">\n\t\t\t\t\t\t<div class=\"elementor-element elementor-element-2e5adb4 elementor-widget elementor-widget-template\" data-id=\"2e5adb4\" data-element_type=\"widget\" data-widget_type=\"template.default\">\n\t\t\t\t<div class=\"elementor-widget-container\">\n\t\t\t\t\t<div class=\"elementor-template\">\n\t\t\t\t\t<div data-elementor-type=\"section\" data-elementor-id=\"1022\" class=\"elementor elementor-1022 elementor-301\" data-elementor-post-type=\"elementor_library\">\n\t\t\t\t\t<section class=\"elementor-section elementor-top-section elementor-element elementor-element-f6a6c99 elementor-section-boxed elementor-section-height-default elementor-section-height-default\" data-id=\"f6a6c99\" data-element_type=\"section\">\n\t\t\t\t\t\t<div class=\"elementor-container elementor-column-gap-default\">\n\t\t\t\t\t<div class=\"elementor-column elementor-col-100 elementor-top-column elementor-element elementor-element-14d686a\" data-id=\"14d686a\" data-element_type=\"column\">\n\t\t\t<div class=\"elementor-widget-wrap elementor-element-populated\">\n\t\t\t\t\t\t<div class=\"elementor-element elementor-element-a722628 sidemenu elementor-nav-menu--dropdown-tablet elementor-nav-menu__text-align-aside elementor-widget elementor-widget-nav-menu\" data-id=\"a722628\" data-element_type=\"widget\" data-settings=\"{&quot;layout&quot;:&quot;vertical&quot;,&quot;submenu_icon&quot;:{&quot;value&quot;:&quot;&lt;i class=\\&quot;fas fa-caret-down\\&quot;&gt;&lt;\\\/i&gt;&quot;,&quot;library&quot;:&quot;fa-solid&quot;}}\" data-widget_type=\"nav-menu.default\">\n\t\t\t\t<div class=\"elementor-widget-container\">\n\t\t\t\t\t\t<nav aria-label=\"Men\u00fc\" class=\"elementor-nav-menu--main elementor-nav-menu__container elementor-nav-menu--layout-vertical e--pointer-none\">\n\t\t\t\t<ul id=\"menu-1-a722628\" class=\"elementor-nav-menu sm-vertical\"><li class=\"menu-item menu-item-type-post_type menu-item-object-page menu-item-1297\"><a href=\"https:\/\/old.cukurpartners.com\/tr\/size-nasil-yardimci-olabiliriz\/\" class=\"elementor-item\">Size Nas\u0131l Yard\u0131mc\u0131 Olabiliriz<\/a><\/li>\n<li class=\"menu-item menu-item-type-post_type menu-item-object-page menu-item-1298\"><a href=\"https:\/\/old.cukurpartners.com\/tr\/size-nasil-yardimci-olabiliriz\/hizmetlerimiz\/\" class=\"elementor-item\">Hizmetlerimiz<\/a><\/li>\n<li class=\"menu-item menu-item-type-post_type menu-item-object-page menu-item-1299\"><a href=\"https:\/\/old.cukurpartners.com\/tr\/size-nasil-yardimci-olabiliriz\/calisma-alanlarimiz\/\" class=\"elementor-item\">\u00c7al\u0131\u015fma Alanlar\u0131m\u0131z<\/a><\/li>\n<li class=\"menu-item menu-item-type-post_type menu-item-object-page menu-item-1300\"><a href=\"https:\/\/old.cukurpartners.com\/tr\/size-nasil-yardimci-olabiliriz\/sektorlerimiz\/\" class=\"elementor-item\">Sekt\u00f6rlerimiz<\/a><\/li>\n<li class=\"menu-item menu-item-type-post_type menu-item-object-page menu-item-1301\"><a href=\"https:\/\/old.cukurpartners.com\/tr\/uluslararasi\/\" class=\"elementor-item\">Uluslararas\u0131<\/a><\/li>\n<\/ul>\t\t\t<\/nav>\n\t\t\t\t\t\t<nav class=\"elementor-nav-menu--dropdown elementor-nav-menu__container\" aria-hidden=\"true\">\n\t\t\t\t<ul id=\"menu-2-a722628\" class=\"elementor-nav-menu sm-vertical\"><li class=\"menu-item menu-item-type-post_type menu-item-object-page menu-item-1297\"><a href=\"https:\/\/old.cukurpartners.com\/tr\/size-nasil-yardimci-olabiliriz\/\" class=\"elementor-item\" tabindex=\"-1\">Size Nas\u0131l Yard\u0131mc\u0131 Olabiliriz<\/a><\/li>\n<li class=\"menu-item menu-item-type-post_type menu-item-object-page menu-item-1298\"><a href=\"https:\/\/old.cukurpartners.com\/tr\/size-nasil-yardimci-olabiliriz\/hizmetlerimiz\/\" class=\"elementor-item\" tabindex=\"-1\">Hizmetlerimiz<\/a><\/li>\n<li class=\"menu-item menu-item-type-post_type menu-item-object-page menu-item-1299\"><a href=\"https:\/\/old.cukurpartners.com\/tr\/size-nasil-yardimci-olabiliriz\/calisma-alanlarimiz\/\" class=\"elementor-item\" tabindex=\"-1\">\u00c7al\u0131\u015fma Alanlar\u0131m\u0131z<\/a><\/li>\n<li class=\"menu-item menu-item-type-post_type menu-item-object-page menu-item-1300\"><a href=\"https:\/\/old.cukurpartners.com\/tr\/size-nasil-yardimci-olabiliriz\/sektorlerimiz\/\" class=\"elementor-item\" tabindex=\"-1\">Sekt\u00f6rlerimiz<\/a><\/li>\n<li class=\"menu-item menu-item-type-post_type menu-item-object-page menu-item-1301\"><a href=\"https:\/\/old.cukurpartners.com\/tr\/uluslararasi\/\" class=\"elementor-item\" tabindex=\"-1\">Uluslararas\u0131<\/a><\/li>\n<\/ul>\t\t\t<\/nav>\n\t\t\t\t<\/div>\n\t\t\t\t<\/div>\n\t\t\t\t\t<\/div>\n\t\t<\/div>\n\t\t\t\t\t<\/div>\n\t\t<\/section>\n\t\t\t\t<\/div>\n\t\t\t\t<\/div>\n\t\t\t\t<\/div>\n\t\t\t\t<\/div>\n\t\t\t\t\t<\/div>\n\t\t<\/div>\n\t\t\t\t\t<\/div>\n\t\t<\/section>\n\t\t\t\t<\/div>\n\t\t","protected":false},"excerpt":{"rendered":"<p>\u00c7ukur &amp; Partners\u00a0avukatl\u0131k b\u00fcrosu ekibi ve ekibimizdeki ba\u015far\u0131l\u0131 avukatlar, ba\u015far\u0131m\u0131z\u0131n ve s\u00fcrd\u00fcr\u00fclebilirli\u011fimizin en temel ve de\u011ferli unsurlar\u0131ndan biridir. Hukuk b\u00fcromuzdaki t\u00fcm avukatlar ve yard\u0131mc\u0131 hizmetler ekibimiz, stajyerlerimiz, k\u0131dem ve \u00fcnvanlar\u0131ndan ba\u011f\u0131ms\u0131z olarak bizim tak\u0131m arkada\u015flar\u0131m\u0131zd\u0131r. Bu bak\u0131\u015f a\u00e7\u0131m\u0131zla, \u00c7ukur &amp; Partners hukuk b\u00fcrosunda kariyerlerinin her a\u015famas\u0131ndaki meslekta\u015flar\u0131m\u0131z i\u00e7in ideal bir \u00e7al\u0131\u015fma ortam\u0131, uzun soluklu bir [&hellip;]<\/p>\n","protected":false},"author":1,"featured_media":0,"parent":0,"menu_order":0,"comment_status":"closed","ping_status":"closed","template":"elementor_header_footer","meta":{"_acf_changed":false,"footnotes":""},"class_list":["post-947","page","type-page","status-publish","hentry"],"acf":[],"_links":{"self":[{"href":"https:\/\/old.cukurpartners.com\/tr\/wp-json\/wp\/v2\/pages\/947"}],"collection":[{"href":"https:\/\/old.cukurpartners.com\/tr\/wp-json\/wp\/v2\/pages"}],"about":[{"href":"https:\/\/old.cukurpartners.com\/tr\/wp-json\/wp\/v2\/types\/page"}],"author":[{"embeddable":true,"href":"https:\/\/old.cukurpartners.com\/tr\/wp-json\/wp\/v2\/users\/1"}],"replies":[{"embeddable":true,"href":"https:\/\/old.cukurpartners.com\/tr\/wp-json\/wp\/v2\/comments?post=947"}],"version-history":[{"count":24,"href":"https:\/\/old.cukurpartners.com\/tr\/wp-json\/wp\/v2\/pages\/947\/revisions"}],"predecessor-version":[{"id":7741,"href":"https:\/\/old.cukurpartners.com\/tr\/wp-json\/wp\/v2\/pages\/947\/revisions\/7741"}],"wp:attachment":[{"href":"https:\/\/old.cukurpartners.com\/tr\/wp-json\/wp\/v2\/media?parent=947"}],"curies":[{"name":"wp","href":"https:\/\/api.w.org\/{rel}","templated":true}]}}