{"id":948,"date":"2019-10-23T11:19:41","date_gmt":"2019-10-23T11:19:41","guid":{"rendered":"https:\/\/cukurpartners.com\/cukur-yilmaz-alliance\/"},"modified":"2022-09-26T07:53:00","modified_gmt":"2022-09-26T07:53:00","slug":"cukur-yilmaz-alliance","status":"publish","type":"page","link":"https:\/\/old.cukurpartners.com\/tr\/cukur-yilmaz-alliance\/","title":{"rendered":"\u00c7ukur &#038; Partners Alliance"},"content":{"rendered":"\t\t<div data-elementor-type=\"wp-page\" data-elementor-id=\"948\" class=\"elementor elementor-948 elementor-531\" data-elementor-post-type=\"page\">\n\t\t\t\t\t\t<section class=\"elementor-section elementor-top-section elementor-element elementor-element-15c5e19 elementor-section-full_width elementor-section-height-default elementor-section-height-default\" data-id=\"15c5e19\" data-element_type=\"section\">\n\t\t\t\t\t\t<div class=\"elementor-container elementor-column-gap-default\">\n\t\t\t\t\t<div class=\"elementor-column elementor-col-100 elementor-top-column elementor-element elementor-element-2b973b5\" data-id=\"2b973b5\" data-element_type=\"column\">\n\t\t\t<div class=\"elementor-widget-wrap elementor-element-populated\">\n\t\t\t\t\t\t<div class=\"elementor-element elementor-element-12c3305 elementor-widget elementor-widget-template\" data-id=\"12c3305\" data-element_type=\"widget\" data-widget_type=\"template.default\">\n\t\t\t\t<div class=\"elementor-widget-container\">\n\t\t\t\t\t<div class=\"elementor-template\">\n\t\t\t\t\t<div data-elementor-type=\"section\" data-elementor-id=\"1000\" class=\"elementor elementor-1000 elementor-802\" data-elementor-post-type=\"elementor_library\">\n\t\t\t\t\t<section class=\"elementor-section elementor-top-section elementor-element elementor-element-db20c61 elementor-section-height-min-height elementor-section-boxed elementor-section-height-default elementor-section-items-middle\" data-id=\"db20c61\" data-element_type=\"section\" data-settings=\"{&quot;background_background&quot;:&quot;classic&quot;}\">\n\t\t\t\t\t\t\t<div class=\"elementor-background-overlay\"><\/div>\n\t\t\t\t\t\t\t<div class=\"elementor-container elementor-column-gap-default\">\n\t\t\t\t\t<div class=\"elementor-column elementor-col-50 elementor-top-column elementor-element elementor-element-de762bb\" data-id=\"de762bb\" data-element_type=\"column\">\n\t\t\t<div class=\"elementor-widget-wrap elementor-element-populated\">\n\t\t\t\t\t\t<div class=\"elementor-element elementor-element-71f63ce elementor-widget elementor-widget-heading\" data-id=\"71f63ce\" data-element_type=\"widget\" data-widget_type=\"heading.default\">\n\t\t\t\t<div class=\"elementor-widget-container\">\n\t\t\t<h2 class=\"elementor-heading-title elementor-size-default\"><\/h2>\t\t<\/div>\n\t\t\t\t<\/div>\n\t\t\t\t\t<\/div>\n\t\t<\/div>\n\t\t\t\t<div class=\"elementor-column elementor-col-50 elementor-top-column elementor-element elementor-element-3672bd3 textright mobcenter\" data-id=\"3672bd3\" data-element_type=\"column\">\n\t\t\t<div class=\"elementor-widget-wrap elementor-element-populated\">\n\t\t\t\t\t\t<div class=\"elementor-element elementor-element-047c9e8 mb-5 elementor-widget elementor-widget-heading\" data-id=\"047c9e8\" data-element_type=\"widget\" data-widget_type=\"heading.default\">\n\t\t\t\t<div class=\"elementor-widget-container\">\n\t\t\t<h2 class=\"elementor-heading-title elementor-size-default\">Toros Sediri<\/h2>\t\t<\/div>\n\t\t\t\t<\/div>\n\t\t\t\t<div class=\"elementor-element elementor-element-53b044c elementor-widget elementor-widget-text-editor\" data-id=\"53b044c\" data-element_type=\"widget\" data-widget_type=\"text-editor.default\">\n\t\t\t\t<div class=\"elementor-widget-container\">\n\t\t\t\t\t\t\t<p>Toros sedirinin (Cedrus Libani) d\u00fcnya \u00fczerindeki en geni\u015f do\u011fal ormanlar\u0131 T\u00fcrkiye&#8217;de, Toros da\u011flar\u0131ndad\u0131r. Yang\u0131n, iklim de\u011fi\u015fikli\u011fi, kerestesi i\u00e7in yap\u0131lan yo\u011fun kesimler, Toros sedirinin varl\u0131\u011f\u0131n\u0131 tehdit etmektedir.<\/p>\t\t\t\t\t\t<\/div>\n\t\t\t\t<\/div>\n\t\t\t\t\t<\/div>\n\t\t<\/div>\n\t\t\t\t\t<\/div>\n\t\t<\/section>\n\t\t\t\t<\/div>\n\t\t\t\t<\/div>\n\t\t\t\t<\/div>\n\t\t\t\t<\/div>\n\t\t\t\t\t<\/div>\n\t\t<\/div>\n\t\t\t\t\t<\/div>\n\t\t<\/section>\n\t\t\t\t<section class=\"elementor-section elementor-top-section elementor-element elementor-element-7388778 elementor-section-boxed elementor-section-height-default elementor-section-height-default\" data-id=\"7388778\" data-element_type=\"section\">\n\t\t\t\t\t\t<div class=\"elementor-container elementor-column-gap-default\">\n\t\t\t\t\t<div class=\"elementor-column elementor-col-50 elementor-top-column elementor-element elementor-element-9272088\" data-id=\"9272088\" data-element_type=\"column\">\n\t\t\t<div class=\"elementor-widget-wrap elementor-element-populated\">\n\t\t\t\t\t\t<div class=\"elementor-element elementor-element-b811f0b mb-10 elementor-widget elementor-widget-heading\" data-id=\"b811f0b\" data-element_type=\"widget\" data-widget_type=\"heading.default\">\n\t\t\t\t<div class=\"elementor-widget-container\">\n\t\t\t<h2 class=\"elementor-heading-title elementor-size-default\">\u00c7ukur &#038; Partners Alliance<\/h2>\t\t<\/div>\n\t\t\t\t<\/div>\n\t\t\t\t<div class=\"elementor-element elementor-element-0c95124 elementor-widget elementor-widget-image\" data-id=\"0c95124\" data-element_type=\"widget\" data-widget_type=\"image.default\">\n\t\t\t\t<div class=\"elementor-widget-container\">\n\t\t\t\t\t\t\t\t\t\t\t\t\t<img decoding=\"async\" width=\"110\" height=\"5\" src=\"https:\/\/old.cukurpartners.com\/wp-content\/uploads\/2019\/10\/colored_line_cy.png\" class=\"attachment-full size-full wp-image-52\" alt=\"\" \/>\t\t\t\t\t\t\t\t\t\t\t\t\t<\/div>\n\t\t\t\t<\/div>\n\t\t\t\t<div class=\"elementor-element elementor-element-2451752 elementor-widget elementor-widget-text-editor\" data-id=\"2451752\" data-element_type=\"widget\" data-widget_type=\"text-editor.default\">\n\t\t\t\t<div class=\"elementor-widget-container\">\n\t\t\t\t\t\t\t<p><span style=\"font-weight: 400;\">Bir\u00e7ok \u015firket ve i\u015f insan\u0131n\u0131n faaliyetleri T\u00fcrkiye\u2019nin farkl\u0131 \u015fehirlerine ve ticari b\u00f6lgelerine yay\u0131lm\u0131\u015f durumda.<\/span><\/p><p><span style=\"font-weight: 400;\">Bu farkl\u0131 \u015fehir ve i\u015f merkezlerinde farkl\u0131 hukuk b\u00fcrolar\u0131ndan ayn\u0131 hizmet ve kalite standartlar\u0131nda hizmet alman\u0131n, bunlar\u0131 kontrol ve koordine etmenin g\u00fc\u00e7l\u00fc\u011f\u00fcn\u00fc yak\u0131ndan biliyoruz.\u00a0<\/span><\/p><p><span style=\"font-weight: 400;\">Bu nedenle 2010 y\u0131l\u0131nda \u00c7ukur &amp; Partners Alliance\u2019\u0131 kurduk ve 2019\u2019da geli\u015fen d\u00fcnyan\u0131n de\u011fi\u015fen ihtiya\u00e7lar\u0131na g\u00f6re g\u00fc\u00e7lendirerek yeniden yap\u0131land\u0131rd\u0131k.<\/span><\/p><p><span style=\"font-weight: 400;\">\u00c7ukur &amp; Partners Alliance, \u00fclkemizin en \u00f6nemli i\u015f \u015fehirlerinde entegre ve etkin hukuki \u00e7\u00f6z\u00fcmler \u00fcretmek amac\u0131yla, hem kendi i\u015f \u00e7evrelerinde hem de uluslararas\u0131 platformda tan\u0131nm\u0131\u015f hukuk b\u00fcrolar\u0131n\u0131n bir araya gelmesi ile olu\u015fmu\u015f bir hizmet a\u011f\u0131d\u0131r.<\/span><\/p><p><span style=\"font-weight: 400;\">Bu \u00e7er\u00e7evede, benzer \u00e7al\u0131\u015fma alanlar\u0131nda ve sekt\u00f6rlerde, ayn\u0131 y\u00fcksek hizmet standartlar\u0131 ile faaliyet g\u00f6steren hukuk b\u00fcrolar\u0131 uzmanl\u0131klar\u0131n\u0131, deneyimlerini, ekiplerini ve yeteneklerini, gerekti\u011finde bir arada da hizmet sunabilecek \u015fekilde organize ettiler.<\/span><\/p><p><span style=\"font-weight: 400;\">\u00c7ukur &amp; Partners Alliance, uluslararas\u0131 ve T\u00fcrk i\u015f d\u00fcnyas\u0131n\u0131n, <\/span><b>\u00fclkemizin t\u00fcm \u00f6nemli i\u015f \u015fehir ve b\u00f6lgelerinde<\/b><span style=\"font-weight: 400;\"> tek bir ba\u011flant\u0131 ile y\u00fcksek kaliteli ve uygun maliyetli hukuk hizmetlerine ula\u015fmalar\u0131n\u0131 ama\u00e7l\u0131yor.<\/span><\/p><p><span style=\"font-weight: 400;\">Ayn\u0131 zamanda, <\/span><b>\u00e7ok \u00f6zel hukuki alanlarda deneyim ve uzmanl\u0131k sahibi olan k\u0131ymetli meslekta\u015flar\u0131m\u0131z<\/b><span style=\"font-weight: 400;\"> da, bir taraftan kendi ba\u011f\u0131ms\u0131z bireysel mesleki ya\u015famlar\u0131n\u0131 s\u00fcrd\u00fcr\u00fcrken, bir yandan da \u00c7ukur &amp; Partners Alliance \u00e7at\u0131s\u0131 alt\u0131nda da yer alarak, bu uzmanl\u0131klar\u0131ndan i\u015f d\u00fcnyas\u0131n\u0131n daha geni\u015f kesiminin yararlanmas\u0131n\u0131 sa\u011fl\u0131yorlar.<\/span><\/p><p><span style=\"font-weight: 400;\">\u00c7ukur &amp; Partners Alliance i\u00e7erisinde yer alan hukuk b\u00fcrolar\u0131, gereken noktada, bu i\u015fbirli\u011fi vas\u0131tas\u0131yla birbirleriyle \u00e7al\u0131\u015fmay\u0131 ve birlikte hizmet \u00fcretmeyi tercih ediyorlar.\u00a0<\/span><\/p><p><span style=\"font-weight: 400;\">Yasal mevzuata da uygun olarak, Alliance i\u00e7erisinde yer alan t\u00fcm hukuk b\u00fcrolar\u0131 mesleki, baro ve vergi d\u00fczenlemeleri bak\u0131m\u0131ndan kendi mesleki, mali ve kurumsal kimlik ve ba\u011f\u0131ms\u0131zl\u0131klar\u0131n\u0131 koruyor ve mesleki \u00e7al\u0131\u015fmalar i\u00e7in m\u00fcnhas\u0131rl\u0131k taahh\u00fcd\u00fc ve ba\u015fkaca hi\u00e7bir k\u0131s\u0131tlama ta\u015f\u0131m\u0131yorlar. T\u00fcm Alliance b\u00fcrolar\u0131 kendi kurumsal kimlikleriyle de istedikleri her yerde mesleki faaliyetlerini Alliance \u00e7al\u0131\u015fmalar\u0131ndan ba\u011f\u0131ms\u0131z olarak da s\u00fcrd\u00fcr\u00fcyorlar. <\/span><\/p>\t\t\t\t\t\t<\/div>\n\t\t\t\t<\/div>\n\t\t\t\t\t<\/div>\n\t\t<\/div>\n\t\t\t\t<div class=\"elementor-column elementor-col-50 elementor-top-column elementor-element elementor-element-6d36ae8\" data-id=\"6d36ae8\" data-element_type=\"column\">\n\t\t\t<div class=\"elementor-widget-wrap elementor-element-populated\">\n\t\t\t\t\t\t<div class=\"elementor-element elementor-element-7615ba7 elementor-widget elementor-widget-template\" data-id=\"7615ba7\" data-element_type=\"widget\" data-widget_type=\"template.default\">\n\t\t\t\t<div class=\"elementor-widget-container\">\n\t\t\t\t\t<div class=\"elementor-template\">\n\t\t\t\t\t<div data-elementor-type=\"section\" data-elementor-id=\"1022\" class=\"elementor elementor-1022 elementor-301\" data-elementor-post-type=\"elementor_library\">\n\t\t\t\t\t<section class=\"elementor-section elementor-top-section elementor-element elementor-element-f6a6c99 elementor-section-boxed elementor-section-height-default elementor-section-height-default\" data-id=\"f6a6c99\" data-element_type=\"section\">\n\t\t\t\t\t\t<div class=\"elementor-container elementor-column-gap-default\">\n\t\t\t\t\t<div class=\"elementor-column elementor-col-100 elementor-top-column elementor-element elementor-element-14d686a\" data-id=\"14d686a\" data-element_type=\"column\">\n\t\t\t<div class=\"elementor-widget-wrap elementor-element-populated\">\n\t\t\t\t\t\t<div class=\"elementor-element elementor-element-a722628 sidemenu elementor-nav-menu--dropdown-tablet elementor-nav-menu__text-align-aside elementor-widget elementor-widget-nav-menu\" data-id=\"a722628\" data-element_type=\"widget\" data-settings=\"{&quot;layout&quot;:&quot;vertical&quot;,&quot;submenu_icon&quot;:{&quot;value&quot;:&quot;&lt;i class=\\&quot;fas fa-caret-down\\&quot;&gt;&lt;\\\/i&gt;&quot;,&quot;library&quot;:&quot;fa-solid&quot;}}\" data-widget_type=\"nav-menu.default\">\n\t\t\t\t<div class=\"elementor-widget-container\">\n\t\t\t\t\t\t<nav aria-label=\"Men\u00fc\" class=\"elementor-nav-menu--main elementor-nav-menu__container elementor-nav-menu--layout-vertical e--pointer-none\">\n\t\t\t\t<ul id=\"menu-1-a722628\" class=\"elementor-nav-menu sm-vertical\"><li class=\"menu-item menu-item-type-post_type menu-item-object-page menu-item-1297\"><a href=\"https:\/\/old.cukurpartners.com\/tr\/size-nasil-yardimci-olabiliriz\/\" class=\"elementor-item\">Size Nas\u0131l Yard\u0131mc\u0131 Olabiliriz<\/a><\/li>\n<li class=\"menu-item menu-item-type-post_type menu-item-object-page menu-item-1298\"><a href=\"https:\/\/old.cukurpartners.com\/tr\/size-nasil-yardimci-olabiliriz\/hizmetlerimiz\/\" class=\"elementor-item\">Hizmetlerimiz<\/a><\/li>\n<li class=\"menu-item menu-item-type-post_type menu-item-object-page menu-item-1299\"><a href=\"https:\/\/old.cukurpartners.com\/tr\/size-nasil-yardimci-olabiliriz\/calisma-alanlarimiz\/\" class=\"elementor-item\">\u00c7al\u0131\u015fma Alanlar\u0131m\u0131z<\/a><\/li>\n<li class=\"menu-item menu-item-type-post_type menu-item-object-page menu-item-1300\"><a href=\"https:\/\/old.cukurpartners.com\/tr\/size-nasil-yardimci-olabiliriz\/sektorlerimiz\/\" class=\"elementor-item\">Sekt\u00f6rlerimiz<\/a><\/li>\n<li class=\"menu-item menu-item-type-post_type menu-item-object-page menu-item-1301\"><a href=\"https:\/\/old.cukurpartners.com\/tr\/uluslararasi\/\" class=\"elementor-item\">Uluslararas\u0131<\/a><\/li>\n<\/ul>\t\t\t<\/nav>\n\t\t\t\t\t\t<nav class=\"elementor-nav-menu--dropdown elementor-nav-menu__container\" aria-hidden=\"true\">\n\t\t\t\t<ul id=\"menu-2-a722628\" class=\"elementor-nav-menu sm-vertical\"><li class=\"menu-item menu-item-type-post_type menu-item-object-page menu-item-1297\"><a href=\"https:\/\/old.cukurpartners.com\/tr\/size-nasil-yardimci-olabiliriz\/\" class=\"elementor-item\" tabindex=\"-1\">Size Nas\u0131l Yard\u0131mc\u0131 Olabiliriz<\/a><\/li>\n<li class=\"menu-item menu-item-type-post_type menu-item-object-page menu-item-1298\"><a href=\"https:\/\/old.cukurpartners.com\/tr\/size-nasil-yardimci-olabiliriz\/hizmetlerimiz\/\" class=\"elementor-item\" tabindex=\"-1\">Hizmetlerimiz<\/a><\/li>\n<li class=\"menu-item menu-item-type-post_type menu-item-object-page menu-item-1299\"><a href=\"https:\/\/old.cukurpartners.com\/tr\/size-nasil-yardimci-olabiliriz\/calisma-alanlarimiz\/\" class=\"elementor-item\" tabindex=\"-1\">\u00c7al\u0131\u015fma Alanlar\u0131m\u0131z<\/a><\/li>\n<li class=\"menu-item menu-item-type-post_type menu-item-object-page menu-item-1300\"><a href=\"https:\/\/old.cukurpartners.com\/tr\/size-nasil-yardimci-olabiliriz\/sektorlerimiz\/\" class=\"elementor-item\" tabindex=\"-1\">Sekt\u00f6rlerimiz<\/a><\/li>\n<li class=\"menu-item menu-item-type-post_type menu-item-object-page menu-item-1301\"><a href=\"https:\/\/old.cukurpartners.com\/tr\/uluslararasi\/\" class=\"elementor-item\" tabindex=\"-1\">Uluslararas\u0131<\/a><\/li>\n<\/ul>\t\t\t<\/nav>\n\t\t\t\t<\/div>\n\t\t\t\t<\/div>\n\t\t\t\t\t<\/div>\n\t\t<\/div>\n\t\t\t\t\t<\/div>\n\t\t<\/section>\n\t\t\t\t<\/div>\n\t\t\t\t<\/div>\n\t\t\t\t<\/div>\n\t\t\t\t<\/div>\n\t\t\t\t\t<\/div>\n\t\t<\/div>\n\t\t\t\t\t<\/div>\n\t\t<\/section>\n\t\t\t\t<\/div>\n\t\t","protected":false},"excerpt":{"rendered":"<p>Bir\u00e7ok \u015firket ve i\u015f insan\u0131n\u0131n faaliyetleri T\u00fcrkiye\u2019nin farkl\u0131 \u015fehirlerine ve ticari b\u00f6lgelerine yay\u0131lm\u0131\u015f durumda. Bu farkl\u0131 \u015fehir ve i\u015f merkezlerinde farkl\u0131 hukuk b\u00fcrolar\u0131ndan ayn\u0131 hizmet ve kalite standartlar\u0131nda hizmet alman\u0131n, bunlar\u0131 kontrol ve koordine etmenin g\u00fc\u00e7l\u00fc\u011f\u00fcn\u00fc yak\u0131ndan biliyoruz.\u00a0 Bu nedenle 2010 y\u0131l\u0131nda \u00c7ukur &amp; Partners Alliance\u2019\u0131 kurduk ve 2019\u2019da geli\u015fen d\u00fcnyan\u0131n de\u011fi\u015fen ihtiya\u00e7lar\u0131na g\u00f6re g\u00fc\u00e7lendirerek [&hellip;]<\/p>\n","protected":false},"author":1,"featured_media":0,"parent":0,"menu_order":0,"comment_status":"closed","ping_status":"closed","template":"elementor_header_footer","meta":{"_acf_changed":false,"footnotes":""},"class_list":["post-948","page","type-page","status-publish","hentry"],"acf":[],"_links":{"self":[{"href":"https:\/\/old.cukurpartners.com\/tr\/wp-json\/wp\/v2\/pages\/948"}],"collection":[{"href":"https:\/\/old.cukurpartners.com\/tr\/wp-json\/wp\/v2\/pages"}],"about":[{"href":"https:\/\/old.cukurpartners.com\/tr\/wp-json\/wp\/v2\/types\/page"}],"author":[{"embeddable":true,"href":"https:\/\/old.cukurpartners.com\/tr\/wp-json\/wp\/v2\/users\/1"}],"replies":[{"embeddable":true,"href":"https:\/\/old.cukurpartners.com\/tr\/wp-json\/wp\/v2\/comments?post=948"}],"version-history":[{"count":6,"href":"https:\/\/old.cukurpartners.com\/tr\/wp-json\/wp\/v2\/pages\/948\/revisions"}],"predecessor-version":[{"id":7445,"href":"https:\/\/old.cukurpartners.com\/tr\/wp-json\/wp\/v2\/pages\/948\/revisions\/7445"}],"wp:attachment":[{"href":"https:\/\/old.cukurpartners.com\/tr\/wp-json\/wp\/v2\/media?parent=948"}],"curies":[{"name":"wp","href":"https:\/\/api.w.org\/{rel}","templated":true}]}}