{"id":949,"date":"2019-10-23T06:20:13","date_gmt":"2019-10-23T06:20:13","guid":{"rendered":"https:\/\/cukurpartners.com\/international\/"},"modified":"2023-01-16T14:25:32","modified_gmt":"2023-01-16T14:25:32","slug":"uluslararasi","status":"publish","type":"page","link":"https:\/\/old.cukurpartners.com\/tr\/uluslararasi\/","title":{"rendered":"Uluslararas\u0131"},"content":{"rendered":"\t\t<div data-elementor-type=\"wp-page\" data-elementor-id=\"949\" class=\"elementor elementor-949 elementor-514\" data-elementor-post-type=\"page\">\n\t\t\t\t\t\t<section class=\"elementor-section elementor-top-section elementor-element elementor-element-1a90116 elementor-section-full_width elementor-section-height-default elementor-section-height-default\" data-id=\"1a90116\" data-element_type=\"section\">\n\t\t\t\t\t\t<div class=\"elementor-container elementor-column-gap-default\">\n\t\t\t\t\t<div class=\"elementor-column elementor-col-100 elementor-top-column elementor-element elementor-element-b491007\" data-id=\"b491007\" data-element_type=\"column\">\n\t\t\t<div class=\"elementor-widget-wrap elementor-element-populated\">\n\t\t\t\t\t\t<div class=\"elementor-element elementor-element-618b779 elementor-widget elementor-widget-template\" data-id=\"618b779\" data-element_type=\"widget\" data-widget_type=\"template.default\">\n\t\t\t\t<div class=\"elementor-widget-container\">\n\t\t\t\t\t<div class=\"elementor-template\">\n\t\t\t\t\t<div data-elementor-type=\"section\" data-elementor-id=\"1004\" class=\"elementor elementor-1004 elementor-775\" data-elementor-post-type=\"elementor_library\">\n\t\t\t\t\t<section class=\"elementor-section elementor-top-section elementor-element elementor-element-9b089e6 elementor-section-height-min-height elementor-section-boxed elementor-section-height-default elementor-section-items-middle\" data-id=\"9b089e6\" data-element_type=\"section\" data-settings=\"{&quot;background_background&quot;:&quot;classic&quot;}\">\n\t\t\t\t\t\t\t<div class=\"elementor-background-overlay\"><\/div>\n\t\t\t\t\t\t\t<div class=\"elementor-container elementor-column-gap-default\">\n\t\t\t\t\t<div class=\"elementor-column elementor-col-50 elementor-top-column elementor-element elementor-element-f99c0c6\" data-id=\"f99c0c6\" data-element_type=\"column\">\n\t\t\t<div class=\"elementor-widget-wrap elementor-element-populated\">\n\t\t\t\t\t\t<div class=\"elementor-element elementor-element-54b4be6 elementor-widget elementor-widget-heading\" data-id=\"54b4be6\" data-element_type=\"widget\" data-widget_type=\"heading.default\">\n\t\t\t\t<div class=\"elementor-widget-container\">\n\t\t\t<h2 class=\"elementor-heading-title elementor-size-default\"><\/h2>\t\t<\/div>\n\t\t\t\t<\/div>\n\t\t\t\t\t<\/div>\n\t\t<\/div>\n\t\t\t\t<div class=\"elementor-column elementor-col-50 elementor-top-column elementor-element elementor-element-b4bdca3 textright mobcenter\" data-id=\"b4bdca3\" data-element_type=\"column\">\n\t\t\t<div class=\"elementor-widget-wrap elementor-element-populated\">\n\t\t\t\t\t\t<div class=\"elementor-element elementor-element-7105132 mb-5 elementor-widget elementor-widget-heading\" data-id=\"7105132\" data-element_type=\"widget\" data-widget_type=\"heading.default\">\n\t\t\t\t<div class=\"elementor-widget-container\">\n\t\t\t<h2 class=\"elementor-heading-title elementor-size-default\">Turna<\/h2>\t\t<\/div>\n\t\t\t\t<\/div>\n\t\t\t\t<div class=\"elementor-element elementor-element-cd7a141 elementor-widget elementor-widget-text-editor\" data-id=\"cd7a141\" data-element_type=\"widget\" data-widget_type=\"text-editor.default\">\n\t\t\t\t<div class=\"elementor-widget-container\">\n\t\t\t\t\t\t\t<p>Turna (Grus grus) T\u00fcrkiye\u2019de \u0130\u00e7 Anadolu, Akdeniz, G\u00fcneydo\u011fu Anadolu b\u00f6lgelerinde bulunur.\u00a0Ya\u015fam alanlar\u0131n\u0131n tahrip edilmesi, hatal\u0131 tar\u0131m uygulamalar\u0131 ve ka\u00e7ak avc\u0131l\u0131k kar\u015f\u0131 kar\u015f\u0131ya olduklar\u0131 ana tehditlerdir.<\/p>\t\t\t\t\t\t<\/div>\n\t\t\t\t<\/div>\n\t\t\t\t\t<\/div>\n\t\t<\/div>\n\t\t\t\t\t<\/div>\n\t\t<\/section>\n\t\t\t\t<\/div>\n\t\t\t\t<\/div>\n\t\t\t\t<\/div>\n\t\t\t\t<\/div>\n\t\t\t\t\t<\/div>\n\t\t<\/div>\n\t\t\t\t\t<\/div>\n\t\t<\/section>\n\t\t\t\t<section class=\"elementor-section elementor-top-section elementor-element elementor-element-d46b54a elementor-section-boxed elementor-section-height-default elementor-section-height-default\" data-id=\"d46b54a\" data-element_type=\"section\">\n\t\t\t\t\t\t<div class=\"elementor-container elementor-column-gap-default\">\n\t\t\t\t\t<div class=\"elementor-column elementor-col-50 elementor-top-column elementor-element elementor-element-dd2fb3d\" data-id=\"dd2fb3d\" data-element_type=\"column\">\n\t\t\t<div class=\"elementor-widget-wrap elementor-element-populated\">\n\t\t\t\t\t\t<div class=\"elementor-element elementor-element-1537f03 mb-10 elementor-widget elementor-widget-heading\" data-id=\"1537f03\" data-element_type=\"widget\" data-widget_type=\"heading.default\">\n\t\t\t\t<div class=\"elementor-widget-container\">\n\t\t\t<h2 class=\"elementor-heading-title elementor-size-default\">Uluslararas\u0131<\/h2>\t\t<\/div>\n\t\t\t\t<\/div>\n\t\t\t\t<div class=\"elementor-element elementor-element-3f9e7de elementor-widget elementor-widget-image\" data-id=\"3f9e7de\" data-element_type=\"widget\" data-widget_type=\"image.default\">\n\t\t\t\t<div class=\"elementor-widget-container\">\n\t\t\t\t\t\t\t\t\t\t\t\t\t<img decoding=\"async\" width=\"110\" height=\"5\" src=\"https:\/\/old.cukurpartners.com\/wp-content\/uploads\/2019\/10\/colored_line_cy.png\" class=\"attachment-full size-full wp-image-52\" alt=\"\" \/>\t\t\t\t\t\t\t\t\t\t\t\t\t<\/div>\n\t\t\t\t<\/div>\n\t\t\t\t<div class=\"elementor-element elementor-element-c71fbdd elementor-widget elementor-widget-text-editor\" data-id=\"c71fbdd\" data-element_type=\"widget\" data-widget_type=\"text-editor.default\">\n\t\t\t\t<div class=\"elementor-widget-container\">\n\t\t\t\t\t\t\t<p>\u00c7ukur &amp; Partners avukatl\u0131k b\u00fcrosu ile \u00e7al\u0131\u015fmay\u0131 tercih eden T\u00fcrk \u015firket ve i\u015f insanlar\u0131n\u0131n i\u015flerinin \u00f6nemli \u00f6l\u00e7\u00fcde uluslararas\u0131 boyutlar\u0131 da var. Hizmet verdi\u011fimiz \u015firketlerin yar\u0131dan fazlas\u0131 da uluslararas\u0131 sermayeli veya ortakl\u0131 \u015firketler.<\/p><p>Bu y\u00fczden i\u015fimizin \u00f6nemli bir b\u00f6l\u00fcm\u00fc uluslararas\u0131. Biz \u00c7ukur &amp; Partners&#8217;de, i\u015f d\u00fcnyas\u0131n\u0131n t\u00fcm uluslararas\u0131 hukuki meselelerine h\u0131zla yan\u0131t verecek \u015fekilde yap\u0131land\u0131k. Hizmet \u00e7e\u015fitlili\u011fimiz, deneyimimiz ve uluslararas\u0131 ba\u011flant\u0131lar\u0131m\u0131z da bu konudaki her t\u00fcrl\u00fc ihtiyaca en h\u0131zl\u0131 ve etkin \u015fekilde yan\u0131t verebilecek \u015fekilde.<\/p><p>Uluslararas\u0131 hukuki hizmetlerimizde elimizdeki i\u015f i\u00e7in en iyi, i\u015fin niteli\u011fine en uygun, ula\u015f\u0131labilir b\u00fct\u00e7eli uluslararas\u0131 partnerlerimizi se\u00e7erek, en h\u0131zl\u0131 \u015fekilde ilerliyoruz.<\/p><p>\u00c7ukur &amp; Partners hukuk b\u00fcromuzun temel hizmet dilleri T\u00fcrk\u00e7e ve \u0130ngilizce\u2019dir. Ayr\u0131ca hukuk firmam\u0131zda, Almanca, \u0130talyanca ve Frans\u0131zca dillerini de kullanabilen avukatlar ve deneyimli \u00e7evirmenler de bulunuyor. \u00c7ukur &amp; Partners avukatlar\u0131 aras\u0131nda sayg\u0131n uluslararas\u0131 \u00fcniversitelerde e\u011fitim alm\u0131\u015f bir\u00e7ok ekip arkada\u015f\u0131m\u0131z var.<\/p><p>20 y\u0131la yakla\u015fan bir s\u00fcredir se\u00e7kin uluslararas\u0131 hukuk b\u00fcrolar\u0131 ile kurdu\u011fumuz k\u00f6kl\u00fc i\u015fbirli\u011fi olanaklar\u0131m\u0131z sayesinde, d\u00fcnyan\u0131n her noktas\u0131nda etkin ve h\u0131zl\u0131 hizmet alman\u0131z i\u00e7in size destek oluyoruz.<\/p><p>\u00c7ukur &amp; Partners hukuk firmas\u0131nda uluslararas\u0131 i\u015flerimizde hi\u00e7bir \u00fclke veya b\u00f6lgede tek se\u00e7enekle s\u0131n\u0131rl\u0131 de\u011filiz. B\u00fcy\u00fck bir alternatif \u00e7e\u015fitlili\u011fine sahibiz. Her uluslararas\u0131 i\u015fimizde uluslararas\u0131 \u00e7\u00f6z\u00fcm ortaklar\u0131m\u0131z\u0131, mutlaka i\u015fe uygun se\u00e7enekler \u00fcreterek, hizmeti alacak \u015firket ile birlikte ortak ak\u0131l ve kararla belirliyoruz.<\/p><p>D\u00fcnyan\u0131n en sayg\u0131n ve en \u00f6nde gelen hukuk b\u00fcrolar\u0131ndan bir\u00e7o\u011fu T\u00fcrk hukukuyla ilgili konularda \u00c7ukur &amp; Partners\u00a0avukatl\u0131k b\u00fcrosuna ve deneyimli avukatlar\u0131m\u0131za g\u00fcveniyorlar. Bu uluslararas\u0131 hukuk firmalar\u0131, uzun y\u0131llard\u0131r kendi M\u00fcvekkillerine bizi g\u00f6n\u00fcl rahatl\u0131\u011f\u0131 ile tavsiye ediyorlar. D\u00fcnyan\u0131n bu lider hukuk firmalar\u0131, bizim y\u00f6nlendirdi\u011fimiz i\u015flerde \u00c7ukur &amp; Partners \u00a0hukuk b\u00fcrosu ile birlikte \u00e7al\u0131\u015fmak ve m\u00fc\u015ftereken hizmet sunmak konusunda bizi daima cesaretlendiriyorlar.<\/p><p>Ayr\u0131ca \u00c7ukur &amp; Partners\u00a0avukatl\u0131k b\u00fcrosu, Avrupa\u2019n\u0131n tan\u0131nm\u0131\u015f hukuk b\u00fcrolar\u0131n\u0131n \u00fcyesi oldu\u011fu, 42 \u00fclkede 4000\u2019den fazla avukatla hizmet veren <a href=\"http:\/\/www.europeanlawyers.org\/\" target=\"_blank\" rel=\"noopener\">AEL<\/a> Network\u2019unun de T\u00fcrkiye m\u00fcnhas\u0131r \u00fcyesi. \u00c7ukur &amp; Partners hukuk firmas\u0131,\u00a0m\u00fcvekkillerinin uluslararas\u0131 hukuki ihtiya\u00e7lar\u0131nda AEL \u00dcyesi di\u011fer uluslararas\u0131 hukuk b\u00fcrolar\u0131 ile birlikte de hizmet verebiliyor.<\/p><p>Ayn\u0131 \u015fekilde Hukuk B\u00fcromuz Avrupa\u2019n\u0131n en sayg\u0131n hukuk networklerinden olan <a href=\"https:\/\/www.telfa.law\/\" target=\"_blank\" rel=\"noopener\">TELFA<\/a>\u2019n\u0131n da T\u00fcrkiye m\u00fcnhas\u0131r \u00fcyesiyiz. TELFA\u2019n\u0131n, Kuzey ve G\u00fcney Amerika k\u0131tas\u0131n\u0131n en b\u00fcy\u00fck hukuk network\u00fc <a href=\"https:\/\/web.uslaw.org\/\" target=\"_blank\" rel=\"noopener\">USLAW <\/a>ve Afrika\u2019n\u0131n sayg\u0131n hukuk b\u00fcrolar\u0131n\u0131n olu\u015fturdu\u011fu <a href=\"https:\/\/www.africalegalnetwork.com\/\" target=\"_blank\" rel=\"noopener\">Africa Legal Network<\/a> ile i\u015fbirli\u011fi neticesinde, \u00c7ukur &amp; Partners, bu networkler \u00fczerinden t\u00fcm Avrupa, Kuzey ve G\u00fcney Amerika ve Afrika k\u0131talar\u0131nda en y\u00fcksek kalitede ve en yayg\u0131n \u015fekilde hukuk hizmeti sa\u011flama olana\u011f\u0131n\u0131 M\u00fcvekkillerine sunuyor.<\/p><p>Gerek \u00fcyesi oldu\u011fumuz hukuk networkleri, gerekse de d\u00fcnyan\u0131n her b\u00f6lgesindeki ulusal hukuk b\u00fcrolar\u0131 ile uzun y\u0131llara dayanan i\u015fbirliklerimiz, uluslararas\u0131 i\u015flerimizde bize esneklik, verimlilik, maliyet avantaj\u0131 ve h\u0131z sa\u011fl\u0131yor.<\/p><p>T\u00fcm d\u00fcnyada eri\u015filebilir hukuk hizmetlerimizin yan\u0131 s\u0131ra, uzun y\u0131llara dayanan deneyimlerimizin ve bu \u00fclkelerden gelen yat\u0131r\u0131mc\u0131lara ve \u015firketlere hizmet verme konusundaki birikimlerimizin bir yans\u0131mas\u0131 olarak, \u00c7ukur &amp; Partners Hukuk B\u00fcrosunda baz\u0131 \u00fclke ve b\u00f6lgeler i\u00e7in \u00f6zel \u00e7al\u0131\u015fma gruplar\u0131 da geli\u015ftirdik. Bu \u00e7al\u0131\u015fma gruplar\u0131, ayn\u0131 zamanda bu \u00fclkelerde i\u015f yapan, i\u015flerini, yat\u0131r\u0131mlar\u0131n\u0131 bu b\u00f6lgelere geni\u015fletmek isteyen T\u00fcrk \u015firketleri ve yat\u0131r\u0131mc\u0131lar\u0131 i\u00e7in b\u00fcy\u00fck avantaj sa\u011fl\u0131yor. Bu \u00fclkelerdeki \u00f6nde gelen hukuk firmalar\u0131yla kurdu\u011fumuz yak\u0131n ili\u015fkiler sayesinde, \u00c7ukur &amp; Partners ile birlikte, buralardaki i\u015f ve yat\u0131r\u0131m planlar\u0131n\u0131z\u0131 hayata ge\u00e7irmek, var olanlar\u0131 geli\u015ftirmek ya da hukuki meselelerinizi \u00e7\u00f6z\u00fcmlemek konusunda sizlere kolayl\u0131klar sunuyoruz.<\/p><p>Hukuk Firmam\u0131z\u0131n uluslararas\u0131 \u00f6zel \u00e7al\u0131\u015fma gruplar\u0131 hakk\u0131nda daha detayl\u0131 bilgileri, web sitemizin <a href=\"https:\/\/old.cukurpartners.com\/international\/\">\u0130ngilizce sayfalar\u0131ndan<\/a> bulabilirsiniz.<\/p>\t\t\t\t\t\t<\/div>\n\t\t\t\t<\/div>\n\t\t\t\t\t<\/div>\n\t\t<\/div>\n\t\t\t\t<div class=\"elementor-column elementor-col-50 elementor-top-column elementor-element elementor-element-043ea5f\" data-id=\"043ea5f\" data-element_type=\"column\">\n\t\t\t<div class=\"elementor-widget-wrap elementor-element-populated\">\n\t\t\t\t\t\t<div class=\"elementor-element elementor-element-44923d0 elementor-widget elementor-widget-template\" data-id=\"44923d0\" data-element_type=\"widget\" data-widget_type=\"template.default\">\n\t\t\t\t<div class=\"elementor-widget-container\">\n\t\t\t\t\t<div class=\"elementor-template\">\n\t\t\t\t\t<div data-elementor-type=\"section\" data-elementor-id=\"1022\" class=\"elementor elementor-1022 elementor-301\" data-elementor-post-type=\"elementor_library\">\n\t\t\t\t\t<section class=\"elementor-section elementor-top-section elementor-element elementor-element-f6a6c99 elementor-section-boxed elementor-section-height-default elementor-section-height-default\" data-id=\"f6a6c99\" data-element_type=\"section\">\n\t\t\t\t\t\t<div class=\"elementor-container elementor-column-gap-default\">\n\t\t\t\t\t<div class=\"elementor-column elementor-col-100 elementor-top-column elementor-element elementor-element-14d686a\" data-id=\"14d686a\" data-element_type=\"column\">\n\t\t\t<div class=\"elementor-widget-wrap elementor-element-populated\">\n\t\t\t\t\t\t<div class=\"elementor-element elementor-element-a722628 sidemenu elementor-nav-menu--dropdown-tablet elementor-nav-menu__text-align-aside elementor-widget elementor-widget-nav-menu\" data-id=\"a722628\" data-element_type=\"widget\" data-settings=\"{&quot;layout&quot;:&quot;vertical&quot;,&quot;submenu_icon&quot;:{&quot;value&quot;:&quot;&lt;i class=\\&quot;fas fa-caret-down\\&quot;&gt;&lt;\\\/i&gt;&quot;,&quot;library&quot;:&quot;fa-solid&quot;}}\" data-widget_type=\"nav-menu.default\">\n\t\t\t\t<div class=\"elementor-widget-container\">\n\t\t\t\t\t\t<nav aria-label=\"Men\u00fc\" class=\"elementor-nav-menu--main elementor-nav-menu__container elementor-nav-menu--layout-vertical e--pointer-none\">\n\t\t\t\t<ul id=\"menu-1-a722628\" class=\"elementor-nav-menu sm-vertical\"><li class=\"menu-item menu-item-type-post_type menu-item-object-page menu-item-1297\"><a href=\"https:\/\/old.cukurpartners.com\/tr\/size-nasil-yardimci-olabiliriz\/\" class=\"elementor-item\">Size Nas\u0131l Yard\u0131mc\u0131 Olabiliriz<\/a><\/li>\n<li class=\"menu-item menu-item-type-post_type menu-item-object-page menu-item-1298\"><a href=\"https:\/\/old.cukurpartners.com\/tr\/size-nasil-yardimci-olabiliriz\/hizmetlerimiz\/\" class=\"elementor-item\">Hizmetlerimiz<\/a><\/li>\n<li class=\"menu-item menu-item-type-post_type menu-item-object-page menu-item-1299\"><a href=\"https:\/\/old.cukurpartners.com\/tr\/size-nasil-yardimci-olabiliriz\/calisma-alanlarimiz\/\" class=\"elementor-item\">\u00c7al\u0131\u015fma Alanlar\u0131m\u0131z<\/a><\/li>\n<li class=\"menu-item menu-item-type-post_type menu-item-object-page menu-item-1300\"><a href=\"https:\/\/old.cukurpartners.com\/tr\/size-nasil-yardimci-olabiliriz\/sektorlerimiz\/\" class=\"elementor-item\">Sekt\u00f6rlerimiz<\/a><\/li>\n<li class=\"menu-item menu-item-type-post_type menu-item-object-page menu-item-1301\"><a href=\"https:\/\/old.cukurpartners.com\/tr\/uluslararasi\/\" class=\"elementor-item\">Uluslararas\u0131<\/a><\/li>\n<\/ul>\t\t\t<\/nav>\n\t\t\t\t\t\t<nav class=\"elementor-nav-menu--dropdown elementor-nav-menu__container\" aria-hidden=\"true\">\n\t\t\t\t<ul id=\"menu-2-a722628\" class=\"elementor-nav-menu sm-vertical\"><li class=\"menu-item menu-item-type-post_type menu-item-object-page menu-item-1297\"><a href=\"https:\/\/old.cukurpartners.com\/tr\/size-nasil-yardimci-olabiliriz\/\" class=\"elementor-item\" tabindex=\"-1\">Size Nas\u0131l Yard\u0131mc\u0131 Olabiliriz<\/a><\/li>\n<li class=\"menu-item menu-item-type-post_type menu-item-object-page menu-item-1298\"><a href=\"https:\/\/old.cukurpartners.com\/tr\/size-nasil-yardimci-olabiliriz\/hizmetlerimiz\/\" class=\"elementor-item\" tabindex=\"-1\">Hizmetlerimiz<\/a><\/li>\n<li class=\"menu-item menu-item-type-post_type menu-item-object-page menu-item-1299\"><a href=\"https:\/\/old.cukurpartners.com\/tr\/size-nasil-yardimci-olabiliriz\/calisma-alanlarimiz\/\" class=\"elementor-item\" tabindex=\"-1\">\u00c7al\u0131\u015fma Alanlar\u0131m\u0131z<\/a><\/li>\n<li class=\"menu-item menu-item-type-post_type menu-item-object-page menu-item-1300\"><a href=\"https:\/\/old.cukurpartners.com\/tr\/size-nasil-yardimci-olabiliriz\/sektorlerimiz\/\" class=\"elementor-item\" tabindex=\"-1\">Sekt\u00f6rlerimiz<\/a><\/li>\n<li class=\"menu-item menu-item-type-post_type menu-item-object-page menu-item-1301\"><a href=\"https:\/\/old.cukurpartners.com\/tr\/uluslararasi\/\" class=\"elementor-item\" tabindex=\"-1\">Uluslararas\u0131<\/a><\/li>\n<\/ul>\t\t\t<\/nav>\n\t\t\t\t<\/div>\n\t\t\t\t<\/div>\n\t\t\t\t\t<\/div>\n\t\t<\/div>\n\t\t\t\t\t<\/div>\n\t\t<\/section>\n\t\t\t\t<\/div>\n\t\t\t\t<\/div>\n\t\t\t\t<\/div>\n\t\t\t\t<\/div>\n\t\t\t\t\t<\/div>\n\t\t<\/div>\n\t\t\t\t\t<\/div>\n\t\t<\/section>\n\t\t\t\t<\/div>\n\t\t","protected":false},"excerpt":{"rendered":"<p>\u00c7ukur &amp; Partners avukatl\u0131k b\u00fcrosu ile \u00e7al\u0131\u015fmay\u0131 tercih eden T\u00fcrk \u015firket ve i\u015f insanlar\u0131n\u0131n i\u015flerinin \u00f6nemli \u00f6l\u00e7\u00fcde uluslararas\u0131 boyutlar\u0131 da var. Hizmet verdi\u011fimiz \u015firketlerin yar\u0131dan fazlas\u0131 da uluslararas\u0131 sermayeli veya ortakl\u0131 \u015firketler. Bu y\u00fczden i\u015fimizin \u00f6nemli bir b\u00f6l\u00fcm\u00fc uluslararas\u0131. Biz \u00c7ukur &amp; Partners&#8217;de, i\u015f d\u00fcnyas\u0131n\u0131n t\u00fcm uluslararas\u0131 hukuki meselelerine h\u0131zla yan\u0131t verecek \u015fekilde yap\u0131land\u0131k. Hizmet [&hellip;]<\/p>\n","protected":false},"author":1,"featured_media":0,"parent":0,"menu_order":0,"comment_status":"closed","ping_status":"closed","template":"elementor_header_footer","meta":{"_acf_changed":false,"footnotes":""},"class_list":["post-949","page","type-page","status-publish","hentry"],"acf":[],"_links":{"self":[{"href":"https:\/\/old.cukurpartners.com\/tr\/wp-json\/wp\/v2\/pages\/949"}],"collection":[{"href":"https:\/\/old.cukurpartners.com\/tr\/wp-json\/wp\/v2\/pages"}],"about":[{"href":"https:\/\/old.cukurpartners.com\/tr\/wp-json\/wp\/v2\/types\/page"}],"author":[{"embeddable":true,"href":"https:\/\/old.cukurpartners.com\/tr\/wp-json\/wp\/v2\/users\/1"}],"replies":[{"embeddable":true,"href":"https:\/\/old.cukurpartners.com\/tr\/wp-json\/wp\/v2\/comments?post=949"}],"version-history":[{"count":19,"href":"https:\/\/old.cukurpartners.com\/tr\/wp-json\/wp\/v2\/pages\/949\/revisions"}],"predecessor-version":[{"id":7679,"href":"https:\/\/old.cukurpartners.com\/tr\/wp-json\/wp\/v2\/pages\/949\/revisions\/7679"}],"wp:attachment":[{"href":"https:\/\/old.cukurpartners.com\/tr\/wp-json\/wp\/v2\/media?parent=949"}],"curies":[{"name":"wp","href":"https:\/\/api.w.org\/{rel}","templated":true}]}}