{"id":958,"date":"2019-10-22T14:27:27","date_gmt":"2019-10-22T14:27:27","guid":{"rendered":"https:\/\/cukurpartners.com\/sectors\/"},"modified":"2022-09-26T07:33:45","modified_gmt":"2022-09-26T07:33:45","slug":"sektorlerimiz","status":"publish","type":"page","link":"https:\/\/old.cukurpartners.com\/tr\/size-nasil-yardimci-olabiliriz\/sektorlerimiz\/","title":{"rendered":"Sekt\u00f6rlerimiz"},"content":{"rendered":"\t\t<div data-elementor-type=\"wp-page\" data-elementor-id=\"958\" class=\"elementor elementor-958 elementor-435\" data-elementor-post-type=\"page\">\n\t\t\t\t\t\t<section class=\"elementor-section elementor-top-section elementor-element elementor-element-44596d2 elementor-section-full_width elementor-section-height-default elementor-section-height-default\" data-id=\"44596d2\" data-element_type=\"section\">\n\t\t\t\t\t\t<div class=\"elementor-container elementor-column-gap-default\">\n\t\t\t\t\t<div class=\"elementor-column elementor-col-100 elementor-top-column elementor-element elementor-element-7dbff4c\" data-id=\"7dbff4c\" data-element_type=\"column\">\n\t\t\t<div class=\"elementor-widget-wrap elementor-element-populated\">\n\t\t\t\t\t\t<div class=\"elementor-element elementor-element-9aa3914 elementor-widget elementor-widget-template\" data-id=\"9aa3914\" data-element_type=\"widget\" data-widget_type=\"template.default\">\n\t\t\t\t<div class=\"elementor-widget-container\">\n\t\t\t\t\t<div class=\"elementor-template\">\n\t\t\t\t\t<div data-elementor-type=\"section\" data-elementor-id=\"1001\" class=\"elementor elementor-1001 elementor-791\" data-elementor-post-type=\"elementor_library\">\n\t\t\t\t\t<section class=\"elementor-section elementor-top-section elementor-element elementor-element-338a2c6 elementor-section-height-min-height elementor-section-boxed elementor-section-height-default elementor-section-items-middle\" data-id=\"338a2c6\" data-element_type=\"section\" data-settings=\"{&quot;background_background&quot;:&quot;classic&quot;}\">\n\t\t\t\t\t\t\t<div class=\"elementor-background-overlay\"><\/div>\n\t\t\t\t\t\t\t<div class=\"elementor-container elementor-column-gap-default\">\n\t\t\t\t\t<div class=\"elementor-column elementor-col-50 elementor-top-column elementor-element elementor-element-4e84dc7\" data-id=\"4e84dc7\" data-element_type=\"column\">\n\t\t\t<div class=\"elementor-widget-wrap elementor-element-populated\">\n\t\t\t\t\t\t<div class=\"elementor-element elementor-element-b26d839 elementor-widget elementor-widget-heading\" data-id=\"b26d839\" data-element_type=\"widget\" data-widget_type=\"heading.default\">\n\t\t\t\t<div class=\"elementor-widget-container\">\n\t\t\t<h2 class=\"elementor-heading-title elementor-size-default\">Size Nas\u0131l Yard\u0131mc\u0131 Olabiliriz<\/h2>\t\t<\/div>\n\t\t\t\t<\/div>\n\t\t\t\t\t<\/div>\n\t\t<\/div>\n\t\t\t\t<div class=\"elementor-column elementor-col-50 elementor-top-column elementor-element elementor-element-48e9ff6 textright mobcenter\" data-id=\"48e9ff6\" data-element_type=\"column\">\n\t\t\t<div class=\"elementor-widget-wrap elementor-element-populated\">\n\t\t\t\t\t\t<div class=\"elementor-element elementor-element-e7c5c43 mb-5 elementor-widget elementor-widget-heading\" data-id=\"e7c5c43\" data-element_type=\"widget\" data-widget_type=\"heading.default\">\n\t\t\t\t<div class=\"elementor-widget-container\">\n\t\t\t<h2 class=\"elementor-heading-title elementor-size-default\">Yal\u0131 \u00c7apk\u0131n\u0131<\/h2>\t\t<\/div>\n\t\t\t\t<\/div>\n\t\t\t\t<div class=\"elementor-element elementor-element-9910f06 elementor-widget elementor-widget-text-editor\" data-id=\"9910f06\" data-element_type=\"widget\" data-widget_type=\"text-editor.default\">\n\t\t\t\t<div class=\"elementor-widget-container\">\n\t\t\t\t\t\t\t<p>Ad\u0131n\u0131 \u0130zmir\u2019den alan Yal\u0131 \u00c7apk\u0131n\u0131 (Halcyon smyrnensis), \u00e7oklukla Do\u011fu Akdeniz B\u00f6lgesi\u2019nde g\u00f6zlemlenir. Ya\u015fam alanlar\u0131 olan sulak alanlar\u0131n tahrip edilmesi nesilleri i\u00e7in en b\u00fcy\u00fck tehdittir.\u00a0<\/p>\t\t\t\t\t\t<\/div>\n\t\t\t\t<\/div>\n\t\t\t\t\t<\/div>\n\t\t<\/div>\n\t\t\t\t\t<\/div>\n\t\t<\/section>\n\t\t\t\t<\/div>\n\t\t\t\t<\/div>\n\t\t\t\t<\/div>\n\t\t\t\t<\/div>\n\t\t\t\t\t<\/div>\n\t\t<\/div>\n\t\t\t\t\t<\/div>\n\t\t<\/section>\n\t\t\t\t<section class=\"elementor-section elementor-top-section elementor-element elementor-element-f1fb8d0 elementor-section-boxed elementor-section-height-default elementor-section-height-default\" data-id=\"f1fb8d0\" data-element_type=\"section\">\n\t\t\t\t\t\t<div class=\"elementor-container elementor-column-gap-default\">\n\t\t\t\t\t<div class=\"elementor-column elementor-col-50 elementor-top-column elementor-element elementor-element-dae9af8\" data-id=\"dae9af8\" data-element_type=\"column\">\n\t\t\t<div class=\"elementor-widget-wrap elementor-element-populated\">\n\t\t\t\t\t\t<div class=\"elementor-element elementor-element-1da1066 mb-10 elementor-widget elementor-widget-heading\" data-id=\"1da1066\" data-element_type=\"widget\" data-widget_type=\"heading.default\">\n\t\t\t\t<div class=\"elementor-widget-container\">\n\t\t\t<h2 class=\"elementor-heading-title elementor-size-default\">Sekt\u00f6rlerimiz<\/h2>\t\t<\/div>\n\t\t\t\t<\/div>\n\t\t\t\t<div class=\"elementor-element elementor-element-0af2ef9 elementor-widget elementor-widget-image\" data-id=\"0af2ef9\" data-element_type=\"widget\" data-widget_type=\"image.default\">\n\t\t\t\t<div class=\"elementor-widget-container\">\n\t\t\t\t\t\t\t\t\t\t\t\t\t<img decoding=\"async\" width=\"110\" height=\"5\" src=\"https:\/\/old.cukurpartners.com\/wp-content\/uploads\/2019\/10\/colored_line_cy.png\" class=\"attachment-full size-full wp-image-52\" alt=\"\" \/>\t\t\t\t\t\t\t\t\t\t\t\t\t<\/div>\n\t\t\t\t<\/div>\n\t\t\t\t<div class=\"elementor-element elementor-element-299d7c7 elementor-widget elementor-widget-text-editor\" data-id=\"299d7c7\" data-element_type=\"widget\" data-widget_type=\"text-editor.default\">\n\t\t\t\t<div class=\"elementor-widget-container\">\n\t\t\t\t\t\t\t<p>25 Y\u0131l\u0131 a\u015fk\u0131n bir zamand\u0131r i\u015f d\u00fcnyas\u0131na hizmet veren bir hukuk b\u00fcrosu olarak, sekt\u00f6rel bilgi ve uzmanl\u0131\u011f\u0131n i\u015fimize nas\u0131l de\u011fer katt\u0131\u011f\u0131n\u0131 yak\u0131ndan biliyor ve deneyimliyoruz.<\/p><p>\u00c7ukur &amp; Partners hukuk firmas\u0131nda hizmet verdi\u011fimiz bir\u00e7ok sekt\u00f6r, yasal \u00e7er\u00e7evede \u00f6zel olarak d\u00fczenlenmi\u015f ve kendisine \u00f6zel ayr\u0131nt\u0131l\u0131 bir mevzuata da sahip konumda. Ayr\u0131ca, pek \u00e7ok genel yasal d\u00fczenlemenin farkl\u0131 end\u00fcstrilerdeki uygulamas\u0131n\u0131n, yans\u0131mas\u0131n\u0131n ve etkisinin ne \u00f6l\u00e7\u00fcde de\u011fi\u015fiklik g\u00f6sterebilece\u011finin de ya\u015f\u0131yoruz.<\/p><p>\u00c7eyrek asr\u0131 ge\u00e7en zaman boyunca, \u00c7ukur &amp; Partners hukuk b\u00fcrosu olarak, hizmet verdi\u011fimiz \u015firketlerin faaliyet g\u00f6sterdi\u011fi sekt\u00f6rlerden bir\u00e7o\u011funda, bu sekt\u00f6rlerin dinamiklerini, i\u015f k\u00fclt\u00fcrlerini ve \u00f6zel ihtiya\u00e7lar\u0131n\u0131 yak\u0131ndan tan\u0131ma ve anlama f\u0131rsat\u0131m\u0131z oldu.<\/p><p>\u00c7ukur &amp; Partners avukatlar\u0131 bu tecr\u00fcbelerimizi, benzer sekt\u00f6rlerdeki yeni i\u015flerimizde, \u015firketlerin hukuk g\u00fcvenli\u011fi i\u00e7erisinde geli\u015fimine yard\u0131mc\u0131 olmak \u00fczere kullan\u0131yoruz. Bu uzmanl\u0131klar\u0131m\u0131z hizmetlerimize h\u0131z kat\u0131yor, bu sekt\u00f6rleri ilgilendiren \u00f6zel hukuki mevzuata h\u00e2kim olmam\u0131z\u0131 m\u00fcmk\u00fcn k\u0131l\u0131yor ve uygulanabilir pratik \u00e7\u00f6z\u00fcmler geli\u015ftirmemizi kolayla\u015ft\u0131r\u0131yor.<\/p><p>Hukuk b\u00fcromuz ve ekibimizdeki avukatlar, bu sekt\u00f6rlerle ba\u011flant\u0131l\u0131 sivil toplum \u00f6rg\u00fctleri ve meslek kurulu\u015flar\u0131 ile de yak\u0131n ili\u015fki i\u00e7erisinde bulunuyor, bunlar\u0131n \u00e7al\u0131\u015fmalar\u0131na kat\u0131l\u0131yor ve etkinliklerine destek veriyorlar.<\/p>\t\t\t\t\t\t<\/div>\n\t\t\t\t<\/div>\n\t\t\t\t\t<\/div>\n\t\t<\/div>\n\t\t\t\t<div class=\"elementor-column elementor-col-50 elementor-top-column elementor-element elementor-element-5b9840f\" data-id=\"5b9840f\" data-element_type=\"column\">\n\t\t\t<div class=\"elementor-widget-wrap elementor-element-populated\">\n\t\t\t\t\t\t<div class=\"elementor-element elementor-element-f6ed770 elementor-widget elementor-widget-template\" data-id=\"f6ed770\" data-element_type=\"widget\" data-widget_type=\"template.default\">\n\t\t\t\t<div class=\"elementor-widget-container\">\n\t\t\t\t\t<div class=\"elementor-template\">\n\t\t\t\t\t<div data-elementor-type=\"section\" data-elementor-id=\"1016\" class=\"elementor elementor-1016 elementor-446\" data-elementor-post-type=\"elementor_library\">\n\t\t\t\t\t<section class=\"elementor-section elementor-top-section elementor-element elementor-element-fcbb832 elementor-section-boxed elementor-section-height-default elementor-section-height-default\" data-id=\"fcbb832\" data-element_type=\"section\">\n\t\t\t\t\t\t<div class=\"elementor-container elementor-column-gap-default\">\n\t\t\t\t\t<div class=\"elementor-column elementor-col-100 elementor-top-column elementor-element elementor-element-73eff91\" data-id=\"73eff91\" data-element_type=\"column\">\n\t\t\t<div class=\"elementor-widget-wrap elementor-element-populated\">\n\t\t\t\t\t\t<div class=\"elementor-element elementor-element-6d53abc sidemenu elementor-nav-menu--dropdown-tablet elementor-nav-menu__text-align-aside elementor-widget elementor-widget-nav-menu\" data-id=\"6d53abc\" data-element_type=\"widget\" data-settings=\"{&quot;layout&quot;:&quot;vertical&quot;,&quot;submenu_icon&quot;:{&quot;value&quot;:&quot;&lt;i class=\\&quot;fas fa-caret-down\\&quot;&gt;&lt;\\\/i&gt;&quot;,&quot;library&quot;:&quot;fa-solid&quot;}}\" data-widget_type=\"nav-menu.default\">\n\t\t\t\t<div class=\"elementor-widget-container\">\n\t\t\t\t\t\t<nav aria-label=\"Men\u00fc\" class=\"elementor-nav-menu--main elementor-nav-menu__container elementor-nav-menu--layout-vertical e--pointer-none\">\n\t\t\t\t<ul id=\"menu-1-6d53abc\" class=\"elementor-nav-menu sm-vertical\"><li class=\"menu-item menu-item-type-post_type menu-item-object-page menu-item-1315\"><a href=\"https:\/\/old.cukurpartners.com\/tr\/size-nasil-yardimci-olabiliriz\/sektorlerimiz\/\" class=\"elementor-item\">Sekt\u00f6rlerimiz<\/a><\/li>\n<li class=\"menu-item menu-item-type-post_type menu-item-object-page menu-item-1316\"><a href=\"https:\/\/old.cukurpartners.com\/tr\/size-nasil-yardimci-olabiliriz\/sektorlerimiz\/endustriyel-uretim\/\" class=\"elementor-item\">End\u00fcstriyel \u00dcretim<\/a><\/li>\n<li class=\"menu-item menu-item-type-post_type menu-item-object-page menu-item-privacy-policy menu-item-1317\"><a rel=\"privacy-policy\" href=\"https:\/\/old.cukurpartners.com\/tr\/size-nasil-yardimci-olabiliriz\/sektorlerimiz\/gida-ve-tarima-dayali-sanayiler\/\" class=\"elementor-item\">G\u0131da ve Tar\u0131ma Dayal\u0131 Sanayiler<\/a><\/li>\n<li class=\"menu-item menu-item-type-post_type menu-item-object-page menu-item-1318\"><a href=\"https:\/\/old.cukurpartners.com\/tr\/size-nasil-yardimci-olabiliriz\/sektorlerimiz\/teknoloji-bilisim-ve-dijital-medya\/\" class=\"elementor-item\">Teknoloji, Bili\u015fim ve Dijital Medya<\/a><\/li>\n<li class=\"menu-item menu-item-type-post_type menu-item-object-page menu-item-1319\"><a href=\"https:\/\/old.cukurpartners.com\/tr\/size-nasil-yardimci-olabiliriz\/sektorlerimiz\/tuketici-urunleri-ve-perakende\/\" class=\"elementor-item\">T\u00fcketici \u00dcr\u00fcnleri ve Perakende<\/a><\/li>\n<li class=\"menu-item menu-item-type-post_type menu-item-object-page menu-item-1320\"><a href=\"https:\/\/old.cukurpartners.com\/tr\/size-nasil-yardimci-olabiliriz\/sektorlerimiz\/gayrimenkul-insaat-altyapi\/\" class=\"elementor-item\">Gayrimenkul, \u0130n\u015faat ve Altyap\u0131<\/a><\/li>\n<li class=\"menu-item menu-item-type-post_type menu-item-object-page menu-item-1321\"><a href=\"https:\/\/old.cukurpartners.com\/tr\/size-nasil-yardimci-olabiliriz\/sektorlerimiz\/enerji-madencilik-cevre\/\" class=\"elementor-item\">Enerji, Madencilik ve \u00c7evre<\/a><\/li>\n<li class=\"menu-item menu-item-type-post_type menu-item-object-page menu-item-1322\"><a href=\"https:\/\/old.cukurpartners.com\/tr\/size-nasil-yardimci-olabiliriz\/sektorlerimiz\/saglik-hizmetleri-ilac-ve-medikal\/\" class=\"elementor-item\">Sa\u011fl\u0131k Hizmetleri, \u0130la\u00e7 ve Medikal<\/a><\/li>\n<li class=\"menu-item menu-item-type-post_type menu-item-object-page menu-item-2805\"><a href=\"https:\/\/old.cukurpartners.com\/tr\/size-nasil-yardimci-olabiliriz\/sektorlerimiz\/finansal-hizmetler\/\" class=\"elementor-item\">Finansal Hizmetler<\/a><\/li>\n<li class=\"menu-item menu-item-type-post_type menu-item-object-page menu-item-2804\"><a href=\"https:\/\/old.cukurpartners.com\/tr\/size-nasil-yardimci-olabiliriz\/sektorlerimiz\/tasima-lojistik-ve-sigorta\/\" class=\"elementor-item\">Ta\u015f\u0131ma, Lojistik ve Sigorta<\/a><\/li>\n<li class=\"menu-item menu-item-type-post_type menu-item-object-page menu-item-2803\"><a href=\"https:\/\/old.cukurpartners.com\/tr\/size-nasil-yardimci-olabiliriz\/sektorlerimiz\/hizmet-sektorleri\/\" class=\"elementor-item\">Hizmet Sekt\u00f6rleri<\/a><\/li>\n<li class=\"menu-item menu-item-type-post_type menu-item-object-page menu-item-2802\"><a href=\"https:\/\/old.cukurpartners.com\/tr\/size-nasil-yardimci-olabiliriz\/sektorlerimiz\/aile-sirketleri-ve-aile-ofisleri\/\" class=\"elementor-item\">Aile \u015eirketleri ve Aile Ofisleri<\/a><\/li>\n<li class=\"menu-item menu-item-type-post_type menu-item-object-page menu-item-2801\"><a href=\"https:\/\/old.cukurpartners.com\/tr\/size-nasil-yardimci-olabiliriz\/sektorlerimiz\/start-uplar-ve-buyuyen-sirketler\/\" class=\"elementor-item\">Start-Up\u2019lar ve B\u00fcy\u00fcyen \u015eirketler<\/a><\/li>\n<\/ul>\t\t\t<\/nav>\n\t\t\t\t\t\t<nav class=\"elementor-nav-menu--dropdown elementor-nav-menu__container\" aria-hidden=\"true\">\n\t\t\t\t<ul id=\"menu-2-6d53abc\" class=\"elementor-nav-menu sm-vertical\"><li class=\"menu-item menu-item-type-post_type menu-item-object-page menu-item-1315\"><a href=\"https:\/\/old.cukurpartners.com\/tr\/size-nasil-yardimci-olabiliriz\/sektorlerimiz\/\" class=\"elementor-item\" tabindex=\"-1\">Sekt\u00f6rlerimiz<\/a><\/li>\n<li class=\"menu-item menu-item-type-post_type menu-item-object-page menu-item-1316\"><a href=\"https:\/\/old.cukurpartners.com\/tr\/size-nasil-yardimci-olabiliriz\/sektorlerimiz\/endustriyel-uretim\/\" class=\"elementor-item\" tabindex=\"-1\">End\u00fcstriyel \u00dcretim<\/a><\/li>\n<li class=\"menu-item menu-item-type-post_type menu-item-object-page menu-item-privacy-policy menu-item-1317\"><a rel=\"privacy-policy\" href=\"https:\/\/old.cukurpartners.com\/tr\/size-nasil-yardimci-olabiliriz\/sektorlerimiz\/gida-ve-tarima-dayali-sanayiler\/\" class=\"elementor-item\" tabindex=\"-1\">G\u0131da ve Tar\u0131ma Dayal\u0131 Sanayiler<\/a><\/li>\n<li class=\"menu-item menu-item-type-post_type menu-item-object-page menu-item-1318\"><a href=\"https:\/\/old.cukurpartners.com\/tr\/size-nasil-yardimci-olabiliriz\/sektorlerimiz\/teknoloji-bilisim-ve-dijital-medya\/\" class=\"elementor-item\" tabindex=\"-1\">Teknoloji, Bili\u015fim ve Dijital Medya<\/a><\/li>\n<li class=\"menu-item menu-item-type-post_type menu-item-object-page menu-item-1319\"><a href=\"https:\/\/old.cukurpartners.com\/tr\/size-nasil-yardimci-olabiliriz\/sektorlerimiz\/tuketici-urunleri-ve-perakende\/\" class=\"elementor-item\" tabindex=\"-1\">T\u00fcketici \u00dcr\u00fcnleri ve Perakende<\/a><\/li>\n<li class=\"menu-item menu-item-type-post_type menu-item-object-page menu-item-1320\"><a href=\"https:\/\/old.cukurpartners.com\/tr\/size-nasil-yardimci-olabiliriz\/sektorlerimiz\/gayrimenkul-insaat-altyapi\/\" class=\"elementor-item\" tabindex=\"-1\">Gayrimenkul, \u0130n\u015faat ve Altyap\u0131<\/a><\/li>\n<li class=\"menu-item menu-item-type-post_type menu-item-object-page menu-item-1321\"><a href=\"https:\/\/old.cukurpartners.com\/tr\/size-nasil-yardimci-olabiliriz\/sektorlerimiz\/enerji-madencilik-cevre\/\" class=\"elementor-item\" tabindex=\"-1\">Enerji, Madencilik ve \u00c7evre<\/a><\/li>\n<li class=\"menu-item menu-item-type-post_type menu-item-object-page menu-item-1322\"><a href=\"https:\/\/old.cukurpartners.com\/tr\/size-nasil-yardimci-olabiliriz\/sektorlerimiz\/saglik-hizmetleri-ilac-ve-medikal\/\" class=\"elementor-item\" tabindex=\"-1\">Sa\u011fl\u0131k Hizmetleri, \u0130la\u00e7 ve Medikal<\/a><\/li>\n<li class=\"menu-item menu-item-type-post_type menu-item-object-page menu-item-2805\"><a href=\"https:\/\/old.cukurpartners.com\/tr\/size-nasil-yardimci-olabiliriz\/sektorlerimiz\/finansal-hizmetler\/\" class=\"elementor-item\" tabindex=\"-1\">Finansal Hizmetler<\/a><\/li>\n<li class=\"menu-item menu-item-type-post_type menu-item-object-page menu-item-2804\"><a href=\"https:\/\/old.cukurpartners.com\/tr\/size-nasil-yardimci-olabiliriz\/sektorlerimiz\/tasima-lojistik-ve-sigorta\/\" class=\"elementor-item\" tabindex=\"-1\">Ta\u015f\u0131ma, Lojistik ve Sigorta<\/a><\/li>\n<li class=\"menu-item menu-item-type-post_type menu-item-object-page menu-item-2803\"><a href=\"https:\/\/old.cukurpartners.com\/tr\/size-nasil-yardimci-olabiliriz\/sektorlerimiz\/hizmet-sektorleri\/\" class=\"elementor-item\" tabindex=\"-1\">Hizmet Sekt\u00f6rleri<\/a><\/li>\n<li class=\"menu-item menu-item-type-post_type menu-item-object-page menu-item-2802\"><a href=\"https:\/\/old.cukurpartners.com\/tr\/size-nasil-yardimci-olabiliriz\/sektorlerimiz\/aile-sirketleri-ve-aile-ofisleri\/\" class=\"elementor-item\" tabindex=\"-1\">Aile \u015eirketleri ve Aile Ofisleri<\/a><\/li>\n<li class=\"menu-item menu-item-type-post_type menu-item-object-page menu-item-2801\"><a href=\"https:\/\/old.cukurpartners.com\/tr\/size-nasil-yardimci-olabiliriz\/sektorlerimiz\/start-uplar-ve-buyuyen-sirketler\/\" class=\"elementor-item\" tabindex=\"-1\">Start-Up\u2019lar ve B\u00fcy\u00fcyen \u015eirketler<\/a><\/li>\n<\/ul>\t\t\t<\/nav>\n\t\t\t\t<\/div>\n\t\t\t\t<\/div>\n\t\t\t\t\t<\/div>\n\t\t<\/div>\n\t\t\t\t\t<\/div>\n\t\t<\/section>\n\t\t\t\t<\/div>\n\t\t\t\t<\/div>\n\t\t\t\t<\/div>\n\t\t\t\t<\/div>\n\t\t\t\t\t<\/div>\n\t\t<\/div>\n\t\t\t\t\t<\/div>\n\t\t<\/section>\n\t\t\t\t<section class=\"elementor-section elementor-top-section elementor-element elementor-element-dd15996 elementor-section-boxed elementor-section-height-default elementor-section-height-default\" data-id=\"dd15996\" data-element_type=\"section\" data-settings=\"{&quot;background_background&quot;:&quot;classic&quot;}\">\n\t\t\t\t\t\t<div class=\"elementor-container elementor-column-gap-default\">\n\t\t\t\t\t<div class=\"elementor-column elementor-col-100 elementor-top-column elementor-element elementor-element-2d82d6d\" data-id=\"2d82d6d\" data-element_type=\"column\">\n\t\t\t<div class=\"elementor-widget-wrap elementor-element-populated\">\n\t\t\t\t\t\t<section class=\"elementor-section elementor-inner-section elementor-element elementor-element-b9a1249 elementor-section-boxed elementor-section-height-default elementor-section-height-default\" data-id=\"b9a1249\" data-element_type=\"section\">\n\t\t\t\t\t\t<div class=\"elementor-container elementor-column-gap-default\">\n\t\t\t\t\t<div class=\"elementor-column elementor-col-33 elementor-inner-column elementor-element elementor-element-7f5dddd\" data-id=\"7f5dddd\" data-element_type=\"column\">\n\t\t\t<div class=\"elementor-widget-wrap elementor-element-populated\">\n\t\t\t\t\t\t<div class=\"elementor-element elementor-element-ce375e1 elementor-widget elementor-widget-counter\" data-id=\"ce375e1\" data-element_type=\"widget\" data-widget_type=\"counter.default\">\n\t\t\t\t<div class=\"elementor-widget-container\">\n\t\t\t\t\t<div class=\"elementor-counter\">\n\t\t\t<div class=\"elementor-counter-title\">ANA SEKT\u00d6REL GRUP<\/div>\t\t\t<div class=\"elementor-counter-number-wrapper\">\n\t\t\t\t<span class=\"elementor-counter-number-prefix\"><\/span>\n\t\t\t\t<span class=\"elementor-counter-number\" data-duration=\"2000\" data-to-value=\"12\" data-from-value=\"0\" data-delimiter=\",\">0<\/span>\n\t\t\t\t<span class=\"elementor-counter-number-suffix\"><\/span>\n\t\t\t<\/div>\n\t\t<\/div>\n\t\t\t\t<\/div>\n\t\t\t\t<\/div>\n\t\t\t\t\t<\/div>\n\t\t<\/div>\n\t\t\t\t<div class=\"elementor-column elementor-col-33 elementor-inner-column elementor-element elementor-element-0fca417\" data-id=\"0fca417\" data-element_type=\"column\">\n\t\t\t<div class=\"elementor-widget-wrap elementor-element-populated\">\n\t\t\t\t\t\t<div class=\"elementor-element elementor-element-29b38dd elementor-widget elementor-widget-counter\" data-id=\"29b38dd\" data-element_type=\"widget\" data-widget_type=\"counter.default\">\n\t\t\t\t<div class=\"elementor-widget-container\">\n\t\t\t\t\t<div class=\"elementor-counter\">\n\t\t\t<div class=\"elementor-counter-title\">SEKT\u00d6R<\/div>\t\t\t<div class=\"elementor-counter-number-wrapper\">\n\t\t\t\t<span class=\"elementor-counter-number-prefix\">+<\/span>\n\t\t\t\t<span class=\"elementor-counter-number\" data-duration=\"2000\" data-to-value=\"50\" data-from-value=\"0\" data-delimiter=\",\">0<\/span>\n\t\t\t\t<span class=\"elementor-counter-number-suffix\"><\/span>\n\t\t\t<\/div>\n\t\t<\/div>\n\t\t\t\t<\/div>\n\t\t\t\t<\/div>\n\t\t\t\t\t<\/div>\n\t\t<\/div>\n\t\t\t\t<div class=\"elementor-column elementor-col-33 elementor-inner-column elementor-element elementor-element-63c6208\" data-id=\"63c6208\" data-element_type=\"column\">\n\t\t\t<div class=\"elementor-widget-wrap elementor-element-populated\">\n\t\t\t\t\t\t<div class=\"elementor-element elementor-element-ec4f5f4 twolinecounter elementor-widget elementor-widget-counter\" data-id=\"ec4f5f4\" data-element_type=\"widget\" data-widget_type=\"counter.default\">\n\t\t\t\t<div class=\"elementor-widget-container\">\n\t\t\t\t\t<div class=\"elementor-counter\">\n\t\t\t<div class=\"elementor-counter-title\">SON 10 YILDA SEKT\u00d6REL H\u0130ZMETLER\u0130M\u0130Z \u0130\u00c7\u0130N ALDI\u011eIMIZ ULUSLARARASI \u00d6D\u00dcLLER<\/div>\t\t\t<div class=\"elementor-counter-number-wrapper\">\n\t\t\t\t<span class=\"elementor-counter-number-prefix\">+<\/span>\n\t\t\t\t<span class=\"elementor-counter-number\" data-duration=\"2000\" data-to-value=\"25\" data-from-value=\"0\" data-delimiter=\",\">0<\/span>\n\t\t\t\t<span class=\"elementor-counter-number-suffix\"><\/span>\n\t\t\t<\/div>\n\t\t<\/div>\n\t\t\t\t<\/div>\n\t\t\t\t<\/div>\n\t\t\t\t\t<\/div>\n\t\t<\/div>\n\t\t\t\t\t<\/div>\n\t\t<\/section>\n\t\t\t\t\t<\/div>\n\t\t<\/div>\n\t\t\t\t\t<\/div>\n\t\t<\/section>\n\t\t\t\t<\/div>\n\t\t","protected":false},"excerpt":{"rendered":"<p>25 Y\u0131l\u0131 a\u015fk\u0131n bir zamand\u0131r i\u015f d\u00fcnyas\u0131na hizmet veren bir hukuk b\u00fcrosu olarak, sekt\u00f6rel bilgi ve uzmanl\u0131\u011f\u0131n i\u015fimize nas\u0131l de\u011fer katt\u0131\u011f\u0131n\u0131 yak\u0131ndan biliyor ve deneyimliyoruz. \u00c7ukur &amp; Partners hukuk firmas\u0131nda hizmet verdi\u011fimiz bir\u00e7ok sekt\u00f6r, yasal \u00e7er\u00e7evede \u00f6zel olarak d\u00fczenlenmi\u015f ve kendisine \u00f6zel ayr\u0131nt\u0131l\u0131 bir mevzuata da sahip konumda. Ayr\u0131ca, pek \u00e7ok genel yasal d\u00fczenlemenin farkl\u0131 [&hellip;]<\/p>\n","protected":false},"author":1,"featured_media":0,"parent":972,"menu_order":0,"comment_status":"closed","ping_status":"closed","template":"elementor_header_footer","meta":{"_acf_changed":false,"footnotes":""},"class_list":["post-958","page","type-page","status-publish","hentry"],"acf":[],"_links":{"self":[{"href":"https:\/\/old.cukurpartners.com\/tr\/wp-json\/wp\/v2\/pages\/958"}],"collection":[{"href":"https:\/\/old.cukurpartners.com\/tr\/wp-json\/wp\/v2\/pages"}],"about":[{"href":"https:\/\/old.cukurpartners.com\/tr\/wp-json\/wp\/v2\/types\/page"}],"author":[{"embeddable":true,"href":"https:\/\/old.cukurpartners.com\/tr\/wp-json\/wp\/v2\/users\/1"}],"replies":[{"embeddable":true,"href":"https:\/\/old.cukurpartners.com\/tr\/wp-json\/wp\/v2\/comments?post=958"}],"version-history":[{"count":21,"href":"https:\/\/old.cukurpartners.com\/tr\/wp-json\/wp\/v2\/pages\/958\/revisions"}],"predecessor-version":[{"id":7337,"href":"https:\/\/old.cukurpartners.com\/tr\/wp-json\/wp\/v2\/pages\/958\/revisions\/7337"}],"up":[{"embeddable":true,"href":"https:\/\/old.cukurpartners.com\/tr\/wp-json\/wp\/v2\/pages\/972"}],"wp:attachment":[{"href":"https:\/\/old.cukurpartners.com\/tr\/wp-json\/wp\/v2\/media?parent=958"}],"curies":[{"name":"wp","href":"https:\/\/api.w.org\/{rel}","templated":true}]}}