{"id":967,"date":"2019-10-22T13:14:10","date_gmt":"2019-10-22T13:14:10","guid":{"rendered":"https:\/\/cukurpartners.com\/practice-areas\/"},"modified":"2021-10-18T15:15:52","modified_gmt":"2021-10-18T15:15:52","slug":"calisma-alanlarimiz","status":"publish","type":"page","link":"https:\/\/old.cukurpartners.com\/tr\/size-nasil-yardimci-olabiliriz\/calisma-alanlarimiz\/","title":{"rendered":"\u00c7al\u0131\u015fma Alanlar\u0131m\u0131z"},"content":{"rendered":"\t\t<div data-elementor-type=\"wp-page\" data-elementor-id=\"967\" class=\"elementor elementor-967 elementor-353\" data-elementor-post-type=\"page\">\n\t\t\t\t\t\t<section class=\"elementor-section elementor-top-section elementor-element elementor-element-8de4864 elementor-section-full_width elementor-section-height-default elementor-section-height-default\" data-id=\"8de4864\" data-element_type=\"section\">\n\t\t\t\t\t\t<div class=\"elementor-container elementor-column-gap-default\">\n\t\t\t\t\t<div class=\"elementor-column elementor-col-100 elementor-top-column elementor-element elementor-element-01aff0c\" data-id=\"01aff0c\" data-element_type=\"column\">\n\t\t\t<div class=\"elementor-widget-wrap elementor-element-populated\">\n\t\t\t\t\t\t<div class=\"elementor-element elementor-element-09fd790 elementor-widget elementor-widget-template\" data-id=\"09fd790\" data-element_type=\"widget\" data-widget_type=\"template.default\">\n\t\t\t\t<div class=\"elementor-widget-container\">\n\t\t\t\t\t<div class=\"elementor-template\">\n\t\t\t\t\t<div data-elementor-type=\"section\" data-elementor-id=\"1000\" class=\"elementor elementor-1000 elementor-802\" data-elementor-post-type=\"elementor_library\">\n\t\t\t\t\t<section class=\"elementor-section elementor-top-section elementor-element elementor-element-db20c61 elementor-section-height-min-height elementor-section-boxed elementor-section-height-default elementor-section-items-middle\" data-id=\"db20c61\" data-element_type=\"section\" data-settings=\"{&quot;background_background&quot;:&quot;classic&quot;}\">\n\t\t\t\t\t\t\t<div class=\"elementor-background-overlay\"><\/div>\n\t\t\t\t\t\t\t<div class=\"elementor-container elementor-column-gap-default\">\n\t\t\t\t\t<div class=\"elementor-column elementor-col-50 elementor-top-column elementor-element elementor-element-de762bb\" data-id=\"de762bb\" data-element_type=\"column\">\n\t\t\t<div class=\"elementor-widget-wrap elementor-element-populated\">\n\t\t\t\t\t\t<div class=\"elementor-element elementor-element-71f63ce elementor-widget elementor-widget-heading\" data-id=\"71f63ce\" data-element_type=\"widget\" data-widget_type=\"heading.default\">\n\t\t\t\t<div class=\"elementor-widget-container\">\n\t\t\t<h2 class=\"elementor-heading-title elementor-size-default\">Size Nas\u0131l Yard\u0131mc\u0131 Olabiliriz<\/h2>\t\t<\/div>\n\t\t\t\t<\/div>\n\t\t\t\t\t<\/div>\n\t\t<\/div>\n\t\t\t\t<div class=\"elementor-column elementor-col-50 elementor-top-column elementor-element elementor-element-3672bd3 textright mobcenter\" data-id=\"3672bd3\" data-element_type=\"column\">\n\t\t\t<div class=\"elementor-widget-wrap elementor-element-populated\">\n\t\t\t\t\t\t<div class=\"elementor-element elementor-element-047c9e8 mb-5 elementor-widget elementor-widget-heading\" data-id=\"047c9e8\" data-element_type=\"widget\" data-widget_type=\"heading.default\">\n\t\t\t\t<div class=\"elementor-widget-container\">\n\t\t\t<h2 class=\"elementor-heading-title elementor-size-default\">Toros Sediri<\/h2>\t\t<\/div>\n\t\t\t\t<\/div>\n\t\t\t\t<div class=\"elementor-element elementor-element-53b044c elementor-widget elementor-widget-text-editor\" data-id=\"53b044c\" data-element_type=\"widget\" data-widget_type=\"text-editor.default\">\n\t\t\t\t<div class=\"elementor-widget-container\">\n\t\t\t\t\t\t\t<p>Toros sedirinin (Cedrus Libani) d\u00fcnya \u00fczerindeki en geni\u015f do\u011fal ormanlar\u0131 T\u00fcrkiye&#8217;de, Toros da\u011flar\u0131ndad\u0131r. Yang\u0131n, iklim de\u011fi\u015fikli\u011fi, kerestesi i\u00e7in yap\u0131lan yo\u011fun kesimler, Toros sedirinin varl\u0131\u011f\u0131n\u0131 tehdit etmektedir.<\/p>\t\t\t\t\t\t<\/div>\n\t\t\t\t<\/div>\n\t\t\t\t\t<\/div>\n\t\t<\/div>\n\t\t\t\t\t<\/div>\n\t\t<\/section>\n\t\t\t\t<\/div>\n\t\t\t\t<\/div>\n\t\t\t\t<\/div>\n\t\t\t\t<\/div>\n\t\t\t\t\t<\/div>\n\t\t<\/div>\n\t\t\t\t\t<\/div>\n\t\t<\/section>\n\t\t\t\t<section class=\"elementor-section elementor-top-section elementor-element elementor-element-c3adddd elementor-section-boxed elementor-section-height-default elementor-section-height-default\" data-id=\"c3adddd\" data-element_type=\"section\">\n\t\t\t\t\t\t<div class=\"elementor-container elementor-column-gap-default\">\n\t\t\t\t\t<div class=\"elementor-column elementor-col-50 elementor-top-column elementor-element elementor-element-a151b68\" data-id=\"a151b68\" data-element_type=\"column\">\n\t\t\t<div class=\"elementor-widget-wrap elementor-element-populated\">\n\t\t\t\t\t\t<div class=\"elementor-element elementor-element-a44b878 mb-10 elementor-widget elementor-widget-heading\" data-id=\"a44b878\" data-element_type=\"widget\" data-widget_type=\"heading.default\">\n\t\t\t\t<div class=\"elementor-widget-container\">\n\t\t\t<h2 class=\"elementor-heading-title elementor-size-default\">\u00c7al\u0131\u015fma Alanlar\u0131m\u0131z<\/h2>\t\t<\/div>\n\t\t\t\t<\/div>\n\t\t\t\t<div class=\"elementor-element elementor-element-8ed2251 elementor-widget elementor-widget-image\" data-id=\"8ed2251\" data-element_type=\"widget\" data-widget_type=\"image.default\">\n\t\t\t\t<div class=\"elementor-widget-container\">\n\t\t\t\t\t\t\t\t\t\t\t\t\t<img decoding=\"async\" width=\"110\" height=\"5\" src=\"https:\/\/old.cukurpartners.com\/wp-content\/uploads\/2019\/10\/colored_line_cy.png\" class=\"attachment-full size-full wp-image-52\" alt=\"\" \/>\t\t\t\t\t\t\t\t\t\t\t\t\t<\/div>\n\t\t\t\t<\/div>\n\t\t\t\t<div class=\"elementor-element elementor-element-ade5450 elementor-widget elementor-widget-text-editor\" data-id=\"ade5450\" data-element_type=\"widget\" data-widget_type=\"text-editor.default\">\n\t\t\t\t<div class=\"elementor-widget-container\">\n\t\t\t\t\t\t\t<p><span style=\"font-weight: 400;\">\u00c7ukur &amp; Partners hukuk firmas\u0131nda biz \u00f6zellikle uzmanl\u0131k ve deneyim sahibi oldu\u011fumuz hukuk alanlar\u0131nda \u00e7al\u0131\u015fmay\u0131 ilke edinmi\u015f bir hukuk b\u00fcrosuyuz.<\/span><\/p>\n<p><span style=\"font-weight: 400;\">Bug\u00fcn, i\u015f d\u00fcnyas\u0131n\u0131n uymas\u0131 gereken yasal d\u00fczenlemeler <\/span><span style=\"font-weight: 400;\">eskisinden <\/span><span style=\"font-weight: 400;\">\u00e7ok daha <\/span><span style=\"font-weight: 400;\">kapsaml\u0131 <\/span><span style=\"font-weight: 400;\">ve karma\u015f\u0131kt\u0131r. K\u00fcreselle\u015fen ve \u00e7e\u015fitlenen i\u015f modelleri ve h\u0131zlanan teknoloji, i\u015f d\u00fcnyas\u0131n\u0131n g\u00fcndemine yeni yasal meseleler ve ihtiya\u00e7lar getirmektedir. \u00c7ukur &amp; Partners avukatl\u0131k b\u00fcrosu avukatlar\u0131 da, bu yeni ihtiya\u00e7lara cevap vermek \u00fczere her g\u00fcn kendimize yeni donan\u0131m ve yetenekler ekliyoruz. Ekibimizi bu yeni alanlarda uzman avukatlarla g\u00fc\u00e7lendiriyoruz. <\/span><\/p>\n<p><span style=\"font-weight: 400;\">Ayr\u0131ca gereken her noktada, geli\u015ftirdi\u011fimiz <a href=\"https:\/\/old.cukurpartners.com\/tr\/size-nasil-yardimci-olabiliriz\/ozel-hukuki-hizmet-programlarimiz\/\">\u00f6zel hukuki hizmet programlar\u0131<\/a> ile \u015firketlerin hukuk g\u00fcndemine gelen \u00f6zel hukuki meselelerde onlar\u0131 etkin bir destek sunuyoruz.<\/span><\/p>\n<p><span style=\"font-weight: 400;\">\u00c7ukur &amp; Partners hukuk firmas\u0131nda \u00e7al\u0131\u015fma alanlar\u0131m\u0131z\u0131n kapsam\u0131n\u0131, i\u015f d\u00fcnyas\u0131n\u0131n \u00e7e\u015fitlenen hukuki ihtiya\u00e7lar\u0131n\u0131n tamam\u0131n\u0131 bir arada sa\u011flayabilecek \u015fekilde \u015fekillendirdik, ekibimizi ve hizmet modellerimizi buna g\u00f6re olu\u015fturduk. \u0130\u015f yapma bi\u00e7imimizdeki ve yap\u0131m\u0131zdaki \u00e7eviklik ve esneklik ve bu anlay\u0131\u015f\u0131m\u0131z\u0131 yans\u0131t\u0131yor.<\/span><\/p>\n<p><span style=\"font-weight: 400;\">Hizmet verdi\u011fimiz hukuk alanlar\u0131nda en y\u00fcksek hizmet standartlar\u0131n\u0131 sunmak, geli\u015fme ve yenilikleri izlemek ve i\u015f d\u00fcnyas\u0131na bu konularda rehberlik etmek temel \u00f6nceli\u011fimizdir.&nbsp;<\/span><\/p>\n<p><span style=\"font-weight: 400;\">\u00c7e\u015fitli uluslararas\u0131 kurumlar\u0131n bu \u00e7abam\u0131z\u0131 \u00f6d\u00fclleriyle takdir etmeleri, bizi daha da iyisini yapmak konusunda cesaretlendirmektedir.<\/span><\/p>\t\t\t\t\t\t<\/div>\n\t\t\t\t<\/div>\n\t\t\t\t\t<\/div>\n\t\t<\/div>\n\t\t\t\t<div class=\"elementor-column elementor-col-50 elementor-top-column elementor-element elementor-element-b447172\" data-id=\"b447172\" data-element_type=\"column\">\n\t\t\t<div class=\"elementor-widget-wrap elementor-element-populated\">\n\t\t\t\t\t\t<div class=\"elementor-element elementor-element-bfbf1f4 elementor-widget elementor-widget-template\" data-id=\"bfbf1f4\" data-element_type=\"widget\" data-widget_type=\"template.default\">\n\t\t\t\t<div class=\"elementor-widget-container\">\n\t\t\t\t\t<div class=\"elementor-template\">\n\t\t\t\t\t<div data-elementor-type=\"section\" data-elementor-id=\"1020\" class=\"elementor elementor-1020 elementor-364\" data-elementor-post-type=\"elementor_library\">\n\t\t\t\t\t<section class=\"elementor-section elementor-top-section elementor-element elementor-element-4450246 elementor-section-boxed elementor-section-height-default elementor-section-height-default\" data-id=\"4450246\" data-element_type=\"section\">\n\t\t\t\t\t\t<div class=\"elementor-container elementor-column-gap-default\">\n\t\t\t\t\t<div class=\"elementor-column elementor-col-100 elementor-top-column elementor-element elementor-element-72498dd\" data-id=\"72498dd\" data-element_type=\"column\">\n\t\t\t<div class=\"elementor-widget-wrap elementor-element-populated\">\n\t\t\t\t\t\t<div class=\"elementor-element elementor-element-ac20b73 sidemenu elementor-nav-menu--dropdown-tablet elementor-nav-menu__text-align-aside elementor-widget elementor-widget-nav-menu\" data-id=\"ac20b73\" data-element_type=\"widget\" data-settings=\"{&quot;layout&quot;:&quot;vertical&quot;,&quot;submenu_icon&quot;:{&quot;value&quot;:&quot;&lt;i class=\\&quot;fas fa-caret-down\\&quot;&gt;&lt;\\\/i&gt;&quot;,&quot;library&quot;:&quot;fa-solid&quot;}}\" data-widget_type=\"nav-menu.default\">\n\t\t\t\t<div class=\"elementor-widget-container\">\n\t\t\t\t\t\t<nav aria-label=\"Men\u00fc\" class=\"elementor-nav-menu--main elementor-nav-menu__container elementor-nav-menu--layout-vertical e--pointer-none\">\n\t\t\t\t<ul id=\"menu-1-ac20b73\" class=\"elementor-nav-menu sm-vertical\"><li class=\"menu-item menu-item-type-post_type menu-item-object-page menu-item-1306\"><a href=\"https:\/\/old.cukurpartners.com\/tr\/size-nasil-yardimci-olabiliriz\/calisma-alanlarimiz\/\" class=\"elementor-item\">\u00c7al\u0131\u015fma Alanlar\u0131m\u0131z<\/a><\/li>\n<li class=\"menu-item menu-item-type-post_type menu-item-object-page menu-item-1307\"><a href=\"https:\/\/old.cukurpartners.com\/tr\/size-nasil-yardimci-olabiliriz\/calisma-alanlarimiz\/sirketler-hukuku-birlesme-ve-satin-almalar\/\" class=\"elementor-item\">\u015eirketler Hukuku, Birle\u015fme ve Sat\u0131n Almalar<\/a><\/li>\n<li class=\"menu-item menu-item-type-post_type menu-item-object-page menu-item-1308\"><a href=\"https:\/\/old.cukurpartners.com\/tr\/size-nasil-yardimci-olabiliriz\/calisma-alanlarimiz\/ticaret-hukuku\/\" class=\"elementor-item\">Ticaret Hukuku<\/a><\/li>\n<li class=\"menu-item menu-item-type-post_type menu-item-object-page menu-item-1309\"><a href=\"https:\/\/old.cukurpartners.com\/tr\/size-nasil-yardimci-olabiliriz\/calisma-alanlarimiz\/insan-kaynaklari-ve-is-hukuku\/\" class=\"elementor-item\">\u0130nsan Kaynaklar\u0131 ve \u0130\u015f Hukuku<\/a><\/li>\n<li class=\"menu-item menu-item-type-post_type menu-item-object-page menu-item-1311\"><a href=\"https:\/\/old.cukurpartners.com\/tr\/size-nasil-yardimci-olabiliriz\/calisma-alanlarimiz\/hukuki-uyum-hizmetleri-ve-idare-hukuku\/\" class=\"elementor-item\">Hukuki Uyum Hizmetleri ve \u0130dare Hukuku<\/a><\/li>\n<li class=\"menu-item menu-item-type-post_type menu-item-object-page menu-item-1310\"><a href=\"https:\/\/old.cukurpartners.com\/tr\/size-nasil-yardimci-olabiliriz\/calisma-alanlarimiz\/bilgi-ve-iletisim-teknolojileri-dijital-medya\/\" class=\"elementor-item\">Bilgi ve \u0130leti\u015fim Teknolojileri &#038; Dijital Medya<\/a><\/li>\n<li class=\"menu-item menu-item-type-post_type menu-item-object-page menu-item-2706\"><a href=\"https:\/\/old.cukurpartners.com\/tr\/size-nasil-yardimci-olabiliriz\/calisma-alanlarimiz\/kisisel-verilerin-korunmasi-ve-siber-guvenlik\/\" class=\"elementor-item\">Ki\u015fisel Verilerin Korunmas\u0131 ve Siber G\u00fcvenlik<\/a><\/li>\n<li class=\"menu-item menu-item-type-post_type menu-item-object-page menu-item-2720\"><a href=\"https:\/\/old.cukurpartners.com\/tr\/size-nasil-yardimci-olabiliriz\/calisma-alanlarimiz\/fikri-mulkiyet-hukuku\/\" class=\"elementor-item\">Fikri M\u00fclkiyet Hukuku<\/a><\/li>\n<li class=\"menu-item menu-item-type-post_type menu-item-object-page menu-item-2719\"><a href=\"https:\/\/old.cukurpartners.com\/tr\/size-nasil-yardimci-olabiliriz\/calisma-alanlarimiz\/finans-ve-sermaye-piyasasi-hukuku\/\" class=\"elementor-item\">Finans ve Sermaye Piyasas\u0131 Hukuku<\/a><\/li>\n<li class=\"menu-item menu-item-type-post_type menu-item-object-page menu-item-2721\"><a href=\"https:\/\/old.cukurpartners.com\/tr\/size-nasil-yardimci-olabiliriz\/calisma-alanlarimiz\/gayrimenkul-ve-insaat-hukuku\/\" class=\"elementor-item\">Gayrimenkul ve \u0130n\u015faat Hukuku<\/a><\/li>\n<li class=\"menu-item menu-item-type-post_type menu-item-object-page menu-item-2882\"><a href=\"https:\/\/old.cukurpartners.com\/tr\/size-nasil-yardimci-olabiliriz\/calisma-alanlarimiz\/enerji-madencilik-ve-cevre-hukuku\/\" class=\"elementor-item\">Enerji, Madencilik ve \u00c7evre Hukuku<\/a><\/li>\n<li class=\"menu-item menu-item-type-post_type menu-item-object-page menu-item-2744\"><a href=\"https:\/\/old.cukurpartners.com\/tr\/size-nasil-yardimci-olabiliriz\/calisma-alanlarimiz\/rekabet-hukuku-ve-avrupa-birligi-hukuku\/\" class=\"elementor-item\">Rekabet ve Avrupa Birli\u011fi Hukuku<\/a><\/li>\n<li class=\"menu-item menu-item-type-post_type menu-item-object-page menu-item-5133\"><a href=\"https:\/\/old.cukurpartners.com\/tr\/esg-cevre-sosyal-politikalar-ve-yonetisim\/\" class=\"elementor-item\">ESG (\u00c7evre, Sosyal Politikalar ve Y\u00f6neti\u015fim)<\/a><\/li>\n<li class=\"menu-item menu-item-type-post_type menu-item-object-page menu-item-6083\"><a href=\"https:\/\/old.cukurpartners.com\/tr\/size-nasil-yardimci-olabiliriz\/sigorta-ve-tazminat-hukuku\/\" class=\"elementor-item\">Sigorta ve Tazminat Hukuku<\/a><\/li>\n<li class=\"menu-item menu-item-type-post_type menu-item-object-page menu-item-1312\"><a href=\"https:\/\/old.cukurpartners.com\/tr\/size-nasil-yardimci-olabiliriz\/calisma-alanlarimiz\/dava-takip-ve-hukuki-ihtilaflarin-cozumlenmesi\/\" class=\"elementor-item\">Dava, Takip ve Hukuki \u0130htilaflar\u0131n \u00c7\u00f6z\u00fcmlenmesi<\/a><\/li>\n<li class=\"menu-item menu-item-type-post_type menu-item-object-page menu-item-1314\"><a href=\"https:\/\/old.cukurpartners.com\/tr\/size-nasil-yardimci-olabiliriz\/calisma-alanlarimiz\/is-insanlarina-ve-ailelerine-sundugumuz-hizmetler\/\" class=\"elementor-item\">\u0130\u015f \u0130nsanlar\u0131na ve Ailelerine Sundu\u011fumuz Hizmetler<\/a><\/li>\n<\/ul>\t\t\t<\/nav>\n\t\t\t\t\t\t<nav class=\"elementor-nav-menu--dropdown elementor-nav-menu__container\" aria-hidden=\"true\">\n\t\t\t\t<ul id=\"menu-2-ac20b73\" class=\"elementor-nav-menu sm-vertical\"><li class=\"menu-item menu-item-type-post_type menu-item-object-page menu-item-1306\"><a href=\"https:\/\/old.cukurpartners.com\/tr\/size-nasil-yardimci-olabiliriz\/calisma-alanlarimiz\/\" class=\"elementor-item\" tabindex=\"-1\">\u00c7al\u0131\u015fma Alanlar\u0131m\u0131z<\/a><\/li>\n<li class=\"menu-item menu-item-type-post_type menu-item-object-page menu-item-1307\"><a href=\"https:\/\/old.cukurpartners.com\/tr\/size-nasil-yardimci-olabiliriz\/calisma-alanlarimiz\/sirketler-hukuku-birlesme-ve-satin-almalar\/\" class=\"elementor-item\" tabindex=\"-1\">\u015eirketler Hukuku, Birle\u015fme ve Sat\u0131n Almalar<\/a><\/li>\n<li class=\"menu-item menu-item-type-post_type menu-item-object-page menu-item-1308\"><a href=\"https:\/\/old.cukurpartners.com\/tr\/size-nasil-yardimci-olabiliriz\/calisma-alanlarimiz\/ticaret-hukuku\/\" class=\"elementor-item\" tabindex=\"-1\">Ticaret Hukuku<\/a><\/li>\n<li class=\"menu-item menu-item-type-post_type menu-item-object-page menu-item-1309\"><a href=\"https:\/\/old.cukurpartners.com\/tr\/size-nasil-yardimci-olabiliriz\/calisma-alanlarimiz\/insan-kaynaklari-ve-is-hukuku\/\" class=\"elementor-item\" tabindex=\"-1\">\u0130nsan Kaynaklar\u0131 ve \u0130\u015f Hukuku<\/a><\/li>\n<li class=\"menu-item menu-item-type-post_type menu-item-object-page menu-item-1311\"><a href=\"https:\/\/old.cukurpartners.com\/tr\/size-nasil-yardimci-olabiliriz\/calisma-alanlarimiz\/hukuki-uyum-hizmetleri-ve-idare-hukuku\/\" class=\"elementor-item\" tabindex=\"-1\">Hukuki Uyum Hizmetleri ve \u0130dare Hukuku<\/a><\/li>\n<li class=\"menu-item menu-item-type-post_type menu-item-object-page menu-item-1310\"><a href=\"https:\/\/old.cukurpartners.com\/tr\/size-nasil-yardimci-olabiliriz\/calisma-alanlarimiz\/bilgi-ve-iletisim-teknolojileri-dijital-medya\/\" class=\"elementor-item\" tabindex=\"-1\">Bilgi ve \u0130leti\u015fim Teknolojileri &#038; Dijital Medya<\/a><\/li>\n<li class=\"menu-item menu-item-type-post_type menu-item-object-page menu-item-2706\"><a href=\"https:\/\/old.cukurpartners.com\/tr\/size-nasil-yardimci-olabiliriz\/calisma-alanlarimiz\/kisisel-verilerin-korunmasi-ve-siber-guvenlik\/\" class=\"elementor-item\" tabindex=\"-1\">Ki\u015fisel Verilerin Korunmas\u0131 ve Siber G\u00fcvenlik<\/a><\/li>\n<li class=\"menu-item menu-item-type-post_type menu-item-object-page menu-item-2720\"><a href=\"https:\/\/old.cukurpartners.com\/tr\/size-nasil-yardimci-olabiliriz\/calisma-alanlarimiz\/fikri-mulkiyet-hukuku\/\" class=\"elementor-item\" tabindex=\"-1\">Fikri M\u00fclkiyet Hukuku<\/a><\/li>\n<li class=\"menu-item menu-item-type-post_type menu-item-object-page menu-item-2719\"><a href=\"https:\/\/old.cukurpartners.com\/tr\/size-nasil-yardimci-olabiliriz\/calisma-alanlarimiz\/finans-ve-sermaye-piyasasi-hukuku\/\" class=\"elementor-item\" tabindex=\"-1\">Finans ve Sermaye Piyasas\u0131 Hukuku<\/a><\/li>\n<li class=\"menu-item menu-item-type-post_type menu-item-object-page menu-item-2721\"><a href=\"https:\/\/old.cukurpartners.com\/tr\/size-nasil-yardimci-olabiliriz\/calisma-alanlarimiz\/gayrimenkul-ve-insaat-hukuku\/\" class=\"elementor-item\" tabindex=\"-1\">Gayrimenkul ve \u0130n\u015faat Hukuku<\/a><\/li>\n<li class=\"menu-item menu-item-type-post_type menu-item-object-page menu-item-2882\"><a href=\"https:\/\/old.cukurpartners.com\/tr\/size-nasil-yardimci-olabiliriz\/calisma-alanlarimiz\/enerji-madencilik-ve-cevre-hukuku\/\" class=\"elementor-item\" tabindex=\"-1\">Enerji, Madencilik ve \u00c7evre Hukuku<\/a><\/li>\n<li class=\"menu-item menu-item-type-post_type menu-item-object-page menu-item-2744\"><a href=\"https:\/\/old.cukurpartners.com\/tr\/size-nasil-yardimci-olabiliriz\/calisma-alanlarimiz\/rekabet-hukuku-ve-avrupa-birligi-hukuku\/\" class=\"elementor-item\" tabindex=\"-1\">Rekabet ve Avrupa Birli\u011fi Hukuku<\/a><\/li>\n<li class=\"menu-item menu-item-type-post_type menu-item-object-page menu-item-5133\"><a href=\"https:\/\/old.cukurpartners.com\/tr\/esg-cevre-sosyal-politikalar-ve-yonetisim\/\" class=\"elementor-item\" tabindex=\"-1\">ESG (\u00c7evre, Sosyal Politikalar ve Y\u00f6neti\u015fim)<\/a><\/li>\n<li class=\"menu-item menu-item-type-post_type menu-item-object-page menu-item-6083\"><a href=\"https:\/\/old.cukurpartners.com\/tr\/size-nasil-yardimci-olabiliriz\/sigorta-ve-tazminat-hukuku\/\" class=\"elementor-item\" tabindex=\"-1\">Sigorta ve Tazminat Hukuku<\/a><\/li>\n<li class=\"menu-item menu-item-type-post_type menu-item-object-page menu-item-1312\"><a href=\"https:\/\/old.cukurpartners.com\/tr\/size-nasil-yardimci-olabiliriz\/calisma-alanlarimiz\/dava-takip-ve-hukuki-ihtilaflarin-cozumlenmesi\/\" class=\"elementor-item\" tabindex=\"-1\">Dava, Takip ve Hukuki \u0130htilaflar\u0131n \u00c7\u00f6z\u00fcmlenmesi<\/a><\/li>\n<li class=\"menu-item menu-item-type-post_type menu-item-object-page menu-item-1314\"><a href=\"https:\/\/old.cukurpartners.com\/tr\/size-nasil-yardimci-olabiliriz\/calisma-alanlarimiz\/is-insanlarina-ve-ailelerine-sundugumuz-hizmetler\/\" class=\"elementor-item\" tabindex=\"-1\">\u0130\u015f \u0130nsanlar\u0131na ve Ailelerine Sundu\u011fumuz Hizmetler<\/a><\/li>\n<\/ul>\t\t\t<\/nav>\n\t\t\t\t<\/div>\n\t\t\t\t<\/div>\n\t\t\t\t\t<\/div>\n\t\t<\/div>\n\t\t\t\t\t<\/div>\n\t\t<\/section>\n\t\t\t\t<\/div>\n\t\t\t\t<\/div>\n\t\t\t\t<\/div>\n\t\t\t\t<\/div>\n\t\t\t\t\t<\/div>\n\t\t<\/div>\n\t\t\t\t\t<\/div>\n\t\t<\/section>\n\t\t\t\t<section class=\"elementor-section elementor-top-section elementor-element elementor-element-d9a5f5d elementor-section-boxed elementor-section-height-default elementor-section-height-default\" data-id=\"d9a5f5d\" data-element_type=\"section\" data-settings=\"{&quot;background_background&quot;:&quot;classic&quot;}\">\n\t\t\t\t\t\t<div class=\"elementor-container elementor-column-gap-default\">\n\t\t\t\t\t<div class=\"elementor-column elementor-col-100 elementor-top-column elementor-element elementor-element-bb98b9d\" data-id=\"bb98b9d\" data-element_type=\"column\">\n\t\t\t<div class=\"elementor-widget-wrap elementor-element-populated\">\n\t\t\t\t\t\t<section class=\"elementor-section elementor-inner-section elementor-element elementor-element-a342318 elementor-section-boxed elementor-section-height-default elementor-section-height-default\" data-id=\"a342318\" data-element_type=\"section\">\n\t\t\t\t\t\t<div class=\"elementor-container elementor-column-gap-default\">\n\t\t\t\t\t<div class=\"elementor-column elementor-col-33 elementor-inner-column elementor-element elementor-element-c34c0bb\" data-id=\"c34c0bb\" data-element_type=\"column\">\n\t\t\t<div class=\"elementor-widget-wrap elementor-element-populated\">\n\t\t\t\t\t\t<div class=\"elementor-element elementor-element-17c508e elementor-widget elementor-widget-counter\" data-id=\"17c508e\" data-element_type=\"widget\" data-widget_type=\"counter.default\">\n\t\t\t\t<div class=\"elementor-widget-container\">\n\t\t\t\t\t<div class=\"elementor-counter\">\n\t\t\t<div class=\"elementor-counter-title\">TEMEL \u00c7ALI\u015eMA ALANI<\/div>\t\t\t<div class=\"elementor-counter-number-wrapper\">\n\t\t\t\t<span class=\"elementor-counter-number-prefix\"><\/span>\n\t\t\t\t<span class=\"elementor-counter-number\" data-duration=\"2000\" data-to-value=\"8\" data-from-value=\"0\" data-delimiter=\",\">0<\/span>\n\t\t\t\t<span class=\"elementor-counter-number-suffix\"><\/span>\n\t\t\t<\/div>\n\t\t<\/div>\n\t\t\t\t<\/div>\n\t\t\t\t<\/div>\n\t\t\t\t\t<\/div>\n\t\t<\/div>\n\t\t\t\t<div class=\"elementor-column elementor-col-33 elementor-inner-column elementor-element elementor-element-4fe3033\" data-id=\"4fe3033\" data-element_type=\"column\">\n\t\t\t<div class=\"elementor-widget-wrap elementor-element-populated\">\n\t\t\t\t\t\t<div class=\"elementor-element elementor-element-d3fcd91 elementor-widget elementor-widget-counter\" data-id=\"d3fcd91\" data-element_type=\"widget\" data-widget_type=\"counter.default\">\n\t\t\t\t<div class=\"elementor-widget-container\">\n\t\t\t\t\t<div class=\"elementor-counter\">\n\t\t\t<div class=\"elementor-counter-title\">\u00c7ALI\u015eMA ALANI<\/div>\t\t\t<div class=\"elementor-counter-number-wrapper\">\n\t\t\t\t<span class=\"elementor-counter-number-prefix\">+<\/span>\n\t\t\t\t<span class=\"elementor-counter-number\" data-duration=\"2000\" data-to-value=\"40\" data-from-value=\"0\" data-delimiter=\",\">0<\/span>\n\t\t\t\t<span class=\"elementor-counter-number-suffix\"><\/span>\n\t\t\t<\/div>\n\t\t<\/div>\n\t\t\t\t<\/div>\n\t\t\t\t<\/div>\n\t\t\t\t\t<\/div>\n\t\t<\/div>\n\t\t\t\t<div class=\"elementor-column elementor-col-33 elementor-inner-column elementor-element elementor-element-3a579d4\" data-id=\"3a579d4\" data-element_type=\"column\">\n\t\t\t<div class=\"elementor-widget-wrap elementor-element-populated\">\n\t\t\t\t\t\t<div class=\"elementor-element elementor-element-b41314b twolinecounter elementor-widget elementor-widget-counter\" data-id=\"b41314b\" data-element_type=\"widget\" data-widget_type=\"counter.default\">\n\t\t\t\t<div class=\"elementor-widget-container\">\n\t\t\t\t\t<div class=\"elementor-counter\">\n\t\t\t<div class=\"elementor-counter-title\">\u00c7ALI\u015eMA ALANLARIMIZDA 2011 YILINDAN BU YANA ALDI\u011eIMIZ ULUSLARARASI \u00d6D\u00dcLLER<\/div>\t\t\t<div class=\"elementor-counter-number-wrapper\">\n\t\t\t\t<span class=\"elementor-counter-number-prefix\">+<\/span>\n\t\t\t\t<span class=\"elementor-counter-number\" data-duration=\"2000\" data-to-value=\"75\" data-from-value=\"0\" data-delimiter=\",\">0<\/span>\n\t\t\t\t<span class=\"elementor-counter-number-suffix\"><\/span>\n\t\t\t<\/div>\n\t\t<\/div>\n\t\t\t\t<\/div>\n\t\t\t\t<\/div>\n\t\t\t\t\t<\/div>\n\t\t<\/div>\n\t\t\t\t\t<\/div>\n\t\t<\/section>\n\t\t\t\t\t<\/div>\n\t\t<\/div>\n\t\t\t\t\t<\/div>\n\t\t<\/section>\n\t\t\t\t<\/div>\n\t\t","protected":false},"excerpt":{"rendered":"<p>\u00c7ukur &amp; Partners hukuk firmas\u0131nda biz \u00f6zellikle uzmanl\u0131k ve deneyim sahibi oldu\u011fumuz hukuk alanlar\u0131nda \u00e7al\u0131\u015fmay\u0131 ilke edinmi\u015f bir hukuk b\u00fcrosuyuz. Bug\u00fcn, i\u015f d\u00fcnyas\u0131n\u0131n uymas\u0131 gereken yasal d\u00fczenlemeler eskisinden \u00e7ok daha kapsaml\u0131 ve karma\u015f\u0131kt\u0131r. K\u00fcreselle\u015fen ve \u00e7e\u015fitlenen i\u015f modelleri ve h\u0131zlanan teknoloji, i\u015f d\u00fcnyas\u0131n\u0131n g\u00fcndemine yeni yasal meseleler ve ihtiya\u00e7lar getirmektedir. \u00c7ukur &amp; Partners avukatl\u0131k b\u00fcrosu [&hellip;]<\/p>\n","protected":false},"author":1,"featured_media":0,"parent":972,"menu_order":0,"comment_status":"closed","ping_status":"closed","template":"elementor_header_footer","meta":{"_acf_changed":false,"footnotes":""},"class_list":["post-967","page","type-page","status-publish","hentry"],"acf":[],"_links":{"self":[{"href":"https:\/\/old.cukurpartners.com\/tr\/wp-json\/wp\/v2\/pages\/967"}],"collection":[{"href":"https:\/\/old.cukurpartners.com\/tr\/wp-json\/wp\/v2\/pages"}],"about":[{"href":"https:\/\/old.cukurpartners.com\/tr\/wp-json\/wp\/v2\/types\/page"}],"author":[{"embeddable":true,"href":"https:\/\/old.cukurpartners.com\/tr\/wp-json\/wp\/v2\/users\/1"}],"replies":[{"embeddable":true,"href":"https:\/\/old.cukurpartners.com\/tr\/wp-json\/wp\/v2\/comments?post=967"}],"version-history":[{"count":12,"href":"https:\/\/old.cukurpartners.com\/tr\/wp-json\/wp\/v2\/pages\/967\/revisions"}],"predecessor-version":[{"id":5573,"href":"https:\/\/old.cukurpartners.com\/tr\/wp-json\/wp\/v2\/pages\/967\/revisions\/5573"}],"up":[{"embeddable":true,"href":"https:\/\/old.cukurpartners.com\/tr\/wp-json\/wp\/v2\/pages\/972"}],"wp:attachment":[{"href":"https:\/\/old.cukurpartners.com\/tr\/wp-json\/wp\/v2\/media?parent=967"}],"curies":[{"name":"wp","href":"https:\/\/api.w.org\/{rel}","templated":true}]}}