{"id":969,"date":"2019-10-22T12:56:49","date_gmt":"2019-10-22T12:56:49","guid":{"rendered":"https:\/\/cukurpartners.com\/what-we-do\/dispute-resolution-services\/"},"modified":"2022-09-26T07:14:32","modified_gmt":"2022-09-26T07:14:32","slug":"dava-takip-ve-ihtilaf-cozme-hizmetlerimiz","status":"publish","type":"page","link":"https:\/\/old.cukurpartners.com\/tr\/size-nasil-yardimci-olabiliriz\/hizmetlerimiz\/dava-takip-ve-ihtilaf-cozme-hizmetlerimiz\/","title":{"rendered":"Dava, Takip ve \u0130htilaf \u00c7\u00f6zme Hizmetlerimiz"},"content":{"rendered":"\t\t<div data-elementor-type=\"wp-page\" data-elementor-id=\"969\" class=\"elementor elementor-969 elementor-341\" data-elementor-post-type=\"page\">\n\t\t\t\t\t\t<section class=\"elementor-section elementor-top-section elementor-element elementor-element-a1042f6 elementor-section-full_width elementor-section-height-default elementor-section-height-default\" data-id=\"a1042f6\" data-element_type=\"section\">\n\t\t\t\t\t\t<div class=\"elementor-container elementor-column-gap-default\">\n\t\t\t\t\t<div class=\"elementor-column elementor-col-100 elementor-top-column elementor-element elementor-element-8e53056\" data-id=\"8e53056\" data-element_type=\"column\">\n\t\t\t<div class=\"elementor-widget-wrap elementor-element-populated\">\n\t\t\t\t\t\t<div class=\"elementor-element elementor-element-ee42e18 elementor-widget elementor-widget-template\" data-id=\"ee42e18\" data-element_type=\"widget\" data-widget_type=\"template.default\">\n\t\t\t\t<div class=\"elementor-widget-container\">\n\t\t\t\t\t<div class=\"elementor-template\">\n\t\t\t\t\t<div data-elementor-type=\"section\" data-elementor-id=\"1013\" class=\"elementor elementor-1013 elementor-733\" data-elementor-post-type=\"elementor_library\">\n\t\t\t\t\t<section class=\"elementor-section elementor-top-section elementor-element elementor-element-d4e9548 elementor-section-height-min-height elementor-section-boxed elementor-section-height-default elementor-section-items-middle\" data-id=\"d4e9548\" data-element_type=\"section\" data-settings=\"{&quot;background_background&quot;:&quot;classic&quot;}\">\n\t\t\t\t\t\t\t<div class=\"elementor-background-overlay\"><\/div>\n\t\t\t\t\t\t\t<div class=\"elementor-container elementor-column-gap-default\">\n\t\t\t\t\t<div class=\"elementor-column elementor-col-50 elementor-top-column elementor-element elementor-element-6c36b0d\" data-id=\"6c36b0d\" data-element_type=\"column\">\n\t\t\t<div class=\"elementor-widget-wrap elementor-element-populated\">\n\t\t\t\t\t\t<div class=\"elementor-element elementor-element-5f363fc elementor-widget elementor-widget-heading\" data-id=\"5f363fc\" data-element_type=\"widget\" data-widget_type=\"heading.default\">\n\t\t\t\t<div class=\"elementor-widget-container\">\n\t\t\t<h2 class=\"elementor-heading-title elementor-size-default\">Hizmetlerimiz<\/h2>\t\t<\/div>\n\t\t\t\t<\/div>\n\t\t\t\t\t<\/div>\n\t\t<\/div>\n\t\t\t\t<div class=\"elementor-column elementor-col-50 elementor-top-column elementor-element elementor-element-cf3e7ff textright mobcenter\" data-id=\"cf3e7ff\" data-element_type=\"column\">\n\t\t\t<div class=\"elementor-widget-wrap elementor-element-populated\">\n\t\t\t\t\t\t<div class=\"elementor-element elementor-element-296ba97 mb-5 elementor-widget elementor-widget-heading\" data-id=\"296ba97\" data-element_type=\"widget\" data-widget_type=\"heading.default\">\n\t\t\t\t<div class=\"elementor-widget-container\">\n\t\t\t<h2 class=\"elementor-heading-title elementor-size-default\">Leopar<\/h2>\t\t<\/div>\n\t\t\t\t<\/div>\n\t\t\t\t<div class=\"elementor-element elementor-element-e5aeb20 elementor-widget elementor-widget-text-editor\" data-id=\"e5aeb20\" data-element_type=\"widget\" data-widget_type=\"text-editor.default\">\n\t\t\t\t<div class=\"elementor-widget-container\">\n\t\t\t\t\t\t\t<p>Nesli t\u00fckenme tehlikesi alt\u0131ndaki Kafkasya leopar\u0131 (Panthera pardus), T\u00fcrkiye\u2019nin kuzeydo\u011fusunu da i\u00e7ine alan Kafkasya b\u00f6lgesinde nadiren ya\u015famaya devam ediyor.<\/p>\t\t\t\t\t\t<\/div>\n\t\t\t\t<\/div>\n\t\t\t\t\t<\/div>\n\t\t<\/div>\n\t\t\t\t\t<\/div>\n\t\t<\/section>\n\t\t\t\t<\/div>\n\t\t\t\t<\/div>\n\t\t\t\t<\/div>\n\t\t\t\t<\/div>\n\t\t\t\t\t<\/div>\n\t\t<\/div>\n\t\t\t\t\t<\/div>\n\t\t<\/section>\n\t\t\t\t<section class=\"elementor-section elementor-top-section elementor-element elementor-element-a2fe8e8 elementor-section-boxed elementor-section-height-default elementor-section-height-default\" data-id=\"a2fe8e8\" data-element_type=\"section\">\n\t\t\t\t\t\t<div class=\"elementor-container elementor-column-gap-default\">\n\t\t\t\t\t<div class=\"elementor-column elementor-col-50 elementor-top-column elementor-element elementor-element-5840bde\" data-id=\"5840bde\" data-element_type=\"column\">\n\t\t\t<div class=\"elementor-widget-wrap elementor-element-populated\">\n\t\t\t\t\t\t<div class=\"elementor-element elementor-element-98bc6ac mb-10 elementor-widget elementor-widget-heading\" data-id=\"98bc6ac\" data-element_type=\"widget\" data-widget_type=\"heading.default\">\n\t\t\t\t<div class=\"elementor-widget-container\">\n\t\t\t<h2 class=\"elementor-heading-title elementor-size-default\">Dava, Takip ve \u0130htilaf \u00c7\u00f6zme Hizmetlerimiz<\/h2>\t\t<\/div>\n\t\t\t\t<\/div>\n\t\t\t\t<div class=\"elementor-element elementor-element-f4dff06 elementor-widget elementor-widget-image\" data-id=\"f4dff06\" data-element_type=\"widget\" data-widget_type=\"image.default\">\n\t\t\t\t<div class=\"elementor-widget-container\">\n\t\t\t\t\t\t\t\t\t\t\t\t\t<img decoding=\"async\" width=\"110\" height=\"5\" src=\"https:\/\/old.cukurpartners.com\/wp-content\/uploads\/2019\/10\/colored_line_cy.png\" class=\"attachment-full size-full wp-image-52\" alt=\"\" \/>\t\t\t\t\t\t\t\t\t\t\t\t\t<\/div>\n\t\t\t\t<\/div>\n\t\t\t\t<div class=\"elementor-element elementor-element-d7b6997 elementor-widget elementor-widget-text-editor\" data-id=\"d7b6997\" data-element_type=\"widget\" data-widget_type=\"text-editor.default\">\n\t\t\t\t<div class=\"elementor-widget-container\">\n\t\t\t\t\t\t\t<p>\u0130\u015f hayat\u0131 i\u00e7erisinde zaman zaman menfaat \u00e7at\u0131\u015fmalar\u0131, anla\u015fmazl\u0131klar, \u00e7eki\u015fmeler ve ihtilaflar ile kar\u015f\u0131la\u015fabiliyoruz. Bunlar\u0131 en y\u00fcksek kazan\u0131mla veya en az kay\u0131pla, ama mutlaka en h\u0131zl\u0131 \u015fekilde ve en makul b\u00fct\u00e7e ile \u00e7\u00f6z\u00fcmlemeye ihtiyac\u0131n\u0131z oldu\u011funu biliyoruz.<\/p><p>Bu ihtilaflar\u0131n \u00e7\u00f6z\u00fcm\u00fcnde hukuk sistemimizin getirdi\u011fi pek \u00e7ok farkl\u0131 \u00e7\u00f6z\u00fcm y\u00f6ntemi, en iyi sonuca eri\u015fmek i\u00e7in g\u00f6z \u00f6n\u00fcne al\u0131nmas\u0131 gereken say\u0131s\u0131z fakt\u00f6r ve se\u00e7enek var. Bu bak\u0131mdan ihtilaf y\u00f6netiminde etkinli\u011fi ve ba\u015far\u0131l\u0131 sonu\u00e7lar\u0131 getiren en \u00f6nemli unsurlardan birinin hukuki durum ve risk analizi oldu\u011funa inan\u0131yor ve \u00c7ukur &amp; Partners<span style=\"font-weight: 400;\">\u00a0avukatl\u0131k b\u00fcrosun<\/span>da \u00f6n\u00fcm\u00fcze gelen her i\u015fte ilk olarak ihtilaf\u0131 ve t\u00fcm \u00e7\u00f6z\u00fcm alternatiflerini \u00e7e\u015fitli y\u00f6nleriyle de\u011ferlendirmeye \u00f6nem ve \u00f6ncelik veriyoruz.<\/p><p>\u0130ster m\u00fczakere ve yarg\u0131 d\u0131\u015f\u0131 \u00e7\u00f6z\u00fcm yollar\u0131 ile sonuca ula\u015fmaya \u00e7al\u0131\u015fal\u0131m, isterse yasal sistemin imk\u00e2n verdi\u011fi hukuki se\u00e7eneklerden birine ba\u015fvural\u0131m, <span style=\"font-weight: 400;\">\u00c7ukur &amp; Partners hukuk firmas\u0131ndaki <\/span>t\u00fcm ihtilaf \u00e7\u00f6zme i\u015flemlerimizde, ilgili alanda uzman, partner stat\u00fcs\u00fcnde deneyimli bir avukat\u0131n s\u00fcrece liderlik etmesini sa\u011fl\u0131yoruz. <span style=\"font-weight: 400;\">Uyu\u015fmazl\u0131\u011f\u0131n y\u00f6netilmesinde ve \u00e7\u00f6z\u00fcm\u00fcnde m\u00fcvekkil ile koordinasyonu ve i\u015fin takibini \u00fcstlenen bu k\u0131demli avukat\u0131n \u00e7al\u0131\u015fmalar\u0131n\u0131, geni\u015f bir hukuk\u00e7u ve avukat ekibi ile destekliyor; gerekti\u011fi yerde hukuk b\u00fcromuzun ba\u011flant\u0131l\u0131 oldu\u011fu di\u011fer uzmanlardan ve akademisyenlerden de etkin katk\u0131 al\u0131yoruz. <\/span>S\u00fcrecin her a\u015famas\u0131nda etkin bilgilendirme, raporlama ve ara de\u011ferlendirmelerle geli\u015fmeleri sizlerle payla\u015f\u0131yor ve yeni durumlara birlikte reaksiyon veriyoruz.<\/p><p>Uluslararas\u0131 kurulu\u015flar taraf\u0131ndan tavsiye edilen ve bir\u00e7ok \u00f6d\u00fcl kazanan hukuki ihtilaf \u00e7\u00f6zme ve Avukatl\u0131k hizmetlerimiz, <a href=\"https:\/\/old.cukurpartners.com\/tr\/size-nasil-yardimci-olabiliriz\/calisma-alanlarimiz\/\">\u00e7al\u0131\u015fma alanlar\u0131m\u0131z<\/a> ve <a href=\"https:\/\/old.cukurpartners.com\/tr\/size-nasil-yardimci-olabiliriz\/sektorlerimiz\/\">sekt\u00f6rlerimiz<\/a> i\u00e7erisinde yer alan t\u00fcm konulardaki, dava ve her t\u00fcrl\u00fc mahkeme, tahkim veya arabuluculuk s\u00fcre\u00e7lerinde ve t\u00fcm temyiz mahkemelerinde, \u0130dari mercilerdeki her t\u00fcrl\u00fc inceleme ve soru\u015fturma i\u015flemlerinde yasal temsil ve savunma hizmetleri ile, alacaklar\u0131n icra yoluyla takip ve tahsili hizmetlerini kapsamaktad\u0131r.<\/p><p>Hizmet verdi\u011fimiz \u015firketlerin <a href=\"https:\/\/old.cukurpartners.com\/tr\/uluslararasi\/\">T\u00fcrkiye d\u0131\u015f\u0131ndaki ve uluslararas\u0131 ihtilaflar\u0131n\u0131n<\/a> y\u00f6netilmesi ve \u00e7\u00f6z\u00fcmlenmesi konusunda da, 20 y\u0131l\u0131 a\u015fan tecr\u00fcbemizle <a href=\"https:\/\/old.cukurpartners.com\/tr\/uluslararasi\/\">uluslararas\u0131<\/a> hukuk b\u00fcrolar\u0131 kurdu\u011fumuz yak\u0131n g\u00fcven ve i\u015fbirli\u011fi ili\u015fkilerimizle sizi d\u00fcnyan\u0131n her noktas\u0131nda temsil ediyoruz.<\/p>\t\t\t\t\t\t<\/div>\n\t\t\t\t<\/div>\n\t\t\t\t\t<\/div>\n\t\t<\/div>\n\t\t\t\t<div class=\"elementor-column elementor-col-50 elementor-top-column elementor-element elementor-element-4e9e3ed\" data-id=\"4e9e3ed\" data-element_type=\"column\">\n\t\t\t<div class=\"elementor-widget-wrap elementor-element-populated\">\n\t\t\t\t\t\t<div class=\"elementor-element elementor-element-5aaf958 elementor-widget elementor-widget-template\" data-id=\"5aaf958\" data-element_type=\"widget\" data-widget_type=\"template.default\">\n\t\t\t\t<div class=\"elementor-widget-container\">\n\t\t\t\t\t<div class=\"elementor-template\">\n\t\t\t\t\t<div data-elementor-type=\"section\" data-elementor-id=\"1021\" class=\"elementor elementor-1021 elementor-319\" data-elementor-post-type=\"elementor_library\">\n\t\t\t\t\t<section class=\"elementor-section elementor-top-section elementor-element elementor-element-bd70a1f elementor-section-boxed elementor-section-height-default elementor-section-height-default\" data-id=\"bd70a1f\" data-element_type=\"section\">\n\t\t\t\t\t\t<div class=\"elementor-container elementor-column-gap-default\">\n\t\t\t\t\t<div class=\"elementor-column elementor-col-100 elementor-top-column elementor-element elementor-element-0d1c8e1\" data-id=\"0d1c8e1\" data-element_type=\"column\">\n\t\t\t<div class=\"elementor-widget-wrap elementor-element-populated\">\n\t\t\t\t\t\t<div class=\"elementor-element elementor-element-9717d04 sidemenu elementor-nav-menu--dropdown-tablet elementor-nav-menu__text-align-aside elementor-widget elementor-widget-nav-menu\" data-id=\"9717d04\" data-element_type=\"widget\" data-settings=\"{&quot;layout&quot;:&quot;vertical&quot;,&quot;submenu_icon&quot;:{&quot;value&quot;:&quot;&lt;i class=\\&quot;fas fa-caret-down\\&quot;&gt;&lt;\\\/i&gt;&quot;,&quot;library&quot;:&quot;fa-solid&quot;}}\" data-widget_type=\"nav-menu.default\">\n\t\t\t\t<div class=\"elementor-widget-container\">\n\t\t\t\t\t\t<nav aria-label=\"Men\u00fc\" class=\"elementor-nav-menu--main elementor-nav-menu__container elementor-nav-menu--layout-vertical e--pointer-none\">\n\t\t\t\t<ul id=\"menu-1-9717d04\" class=\"elementor-nav-menu sm-vertical\"><li class=\"menu-item menu-item-type-post_type menu-item-object-page menu-item-1302\"><a href=\"https:\/\/old.cukurpartners.com\/tr\/size-nasil-yardimci-olabiliriz\/hizmetlerimiz\/\" class=\"elementor-item\">Hizmetlerimiz<\/a><\/li>\n<li class=\"menu-item menu-item-type-post_type menu-item-object-page menu-item-1303\"><a href=\"https:\/\/old.cukurpartners.com\/tr\/size-nasil-yardimci-olabiliriz\/hizmetlerimiz\/surekli-hukuki-danismanlik-hizmetlerimiz\/\" class=\"elementor-item\">S\u00fcrekli Hukuki Dan\u0131\u015fmanl\u0131k Hizmetlerimiz<\/a><\/li>\n<li class=\"menu-item menu-item-type-post_type menu-item-object-page menu-item-1304\"><a href=\"https:\/\/old.cukurpartners.com\/tr\/size-nasil-yardimci-olabiliriz\/hizmetlerimiz\/ozel-islemlerde-ve-projelerdeki-hukuki-danismanlik-hizmetlerimiz\/\" class=\"elementor-item\">\u00d6zel \u0130\u015flemlerde ve Projelerdeki Hukuki Dan\u0131\u015fmanl\u0131k Hizmetlerimiz<\/a><\/li>\n<li class=\"menu-item menu-item-type-post_type menu-item-object-page menu-item-1305\"><a href=\"https:\/\/old.cukurpartners.com\/tr\/size-nasil-yardimci-olabiliriz\/hizmetlerimiz\/dava-takip-ve-ihtilaf-cozme-hizmetlerimiz\/\" class=\"elementor-item\">Dava, Takip ve \u0130htilaf \u00c7\u00f6zme Hizmetlerimiz<\/a><\/li>\n<\/ul>\t\t\t<\/nav>\n\t\t\t\t\t\t<nav class=\"elementor-nav-menu--dropdown elementor-nav-menu__container\" aria-hidden=\"true\">\n\t\t\t\t<ul id=\"menu-2-9717d04\" class=\"elementor-nav-menu sm-vertical\"><li class=\"menu-item menu-item-type-post_type menu-item-object-page menu-item-1302\"><a href=\"https:\/\/old.cukurpartners.com\/tr\/size-nasil-yardimci-olabiliriz\/hizmetlerimiz\/\" class=\"elementor-item\" tabindex=\"-1\">Hizmetlerimiz<\/a><\/li>\n<li class=\"menu-item menu-item-type-post_type menu-item-object-page menu-item-1303\"><a href=\"https:\/\/old.cukurpartners.com\/tr\/size-nasil-yardimci-olabiliriz\/hizmetlerimiz\/surekli-hukuki-danismanlik-hizmetlerimiz\/\" class=\"elementor-item\" tabindex=\"-1\">S\u00fcrekli Hukuki Dan\u0131\u015fmanl\u0131k Hizmetlerimiz<\/a><\/li>\n<li class=\"menu-item menu-item-type-post_type menu-item-object-page menu-item-1304\"><a href=\"https:\/\/old.cukurpartners.com\/tr\/size-nasil-yardimci-olabiliriz\/hizmetlerimiz\/ozel-islemlerde-ve-projelerdeki-hukuki-danismanlik-hizmetlerimiz\/\" class=\"elementor-item\" tabindex=\"-1\">\u00d6zel \u0130\u015flemlerde ve Projelerdeki Hukuki Dan\u0131\u015fmanl\u0131k Hizmetlerimiz<\/a><\/li>\n<li class=\"menu-item menu-item-type-post_type menu-item-object-page menu-item-1305\"><a href=\"https:\/\/old.cukurpartners.com\/tr\/size-nasil-yardimci-olabiliriz\/hizmetlerimiz\/dava-takip-ve-ihtilaf-cozme-hizmetlerimiz\/\" class=\"elementor-item\" tabindex=\"-1\">Dava, Takip ve \u0130htilaf \u00c7\u00f6zme Hizmetlerimiz<\/a><\/li>\n<\/ul>\t\t\t<\/nav>\n\t\t\t\t<\/div>\n\t\t\t\t<\/div>\n\t\t\t\t\t<\/div>\n\t\t<\/div>\n\t\t\t\t\t<\/div>\n\t\t<\/section>\n\t\t\t\t<\/div>\n\t\t\t\t<\/div>\n\t\t\t\t<\/div>\n\t\t\t\t<\/div>\n\t\t\t\t\t<\/div>\n\t\t<\/div>\n\t\t\t\t\t<\/div>\n\t\t<\/section>\n\t\t\t\t<\/div>\n\t\t","protected":false},"excerpt":{"rendered":"<p>\u0130\u015f hayat\u0131 i\u00e7erisinde zaman zaman menfaat \u00e7at\u0131\u015fmalar\u0131, anla\u015fmazl\u0131klar, \u00e7eki\u015fmeler ve ihtilaflar ile kar\u015f\u0131la\u015fabiliyoruz. Bunlar\u0131 en y\u00fcksek kazan\u0131mla veya en az kay\u0131pla, ama mutlaka en h\u0131zl\u0131 \u015fekilde ve en makul b\u00fct\u00e7e ile \u00e7\u00f6z\u00fcmlemeye ihtiyac\u0131n\u0131z oldu\u011funu biliyoruz. Bu ihtilaflar\u0131n \u00e7\u00f6z\u00fcm\u00fcnde hukuk sistemimizin getirdi\u011fi pek \u00e7ok farkl\u0131 \u00e7\u00f6z\u00fcm y\u00f6ntemi, en iyi sonuca eri\u015fmek i\u00e7in g\u00f6z \u00f6n\u00fcne al\u0131nmas\u0131 gereken [&hellip;]<\/p>\n","protected":false},"author":1,"featured_media":0,"parent":968,"menu_order":0,"comment_status":"closed","ping_status":"closed","template":"elementor_header_footer","meta":{"_acf_changed":false,"footnotes":""},"class_list":["post-969","page","type-page","status-publish","hentry"],"acf":[],"_links":{"self":[{"href":"https:\/\/old.cukurpartners.com\/tr\/wp-json\/wp\/v2\/pages\/969"}],"collection":[{"href":"https:\/\/old.cukurpartners.com\/tr\/wp-json\/wp\/v2\/pages"}],"about":[{"href":"https:\/\/old.cukurpartners.com\/tr\/wp-json\/wp\/v2\/types\/page"}],"author":[{"embeddable":true,"href":"https:\/\/old.cukurpartners.com\/tr\/wp-json\/wp\/v2\/users\/1"}],"replies":[{"embeddable":true,"href":"https:\/\/old.cukurpartners.com\/tr\/wp-json\/wp\/v2\/comments?post=969"}],"version-history":[{"count":15,"href":"https:\/\/old.cukurpartners.com\/tr\/wp-json\/wp\/v2\/pages\/969\/revisions"}],"predecessor-version":[{"id":7244,"href":"https:\/\/old.cukurpartners.com\/tr\/wp-json\/wp\/v2\/pages\/969\/revisions\/7244"}],"up":[{"embeddable":true,"href":"https:\/\/old.cukurpartners.com\/tr\/wp-json\/wp\/v2\/pages\/968"}],"wp:attachment":[{"href":"https:\/\/old.cukurpartners.com\/tr\/wp-json\/wp\/v2\/media?parent=969"}],"curies":[{"name":"wp","href":"https:\/\/api.w.org\/{rel}","templated":true}]}}