{"id":970,"date":"2019-10-22T12:52:12","date_gmt":"2019-10-22T12:52:12","guid":{"rendered":"https:\/\/cukurpartners.com\/what-we-do\/transactional-advisory-services\/"},"modified":"2022-09-26T07:13:20","modified_gmt":"2022-09-26T07:13:20","slug":"ozel-islemlerde-ve-projelerdeki-hukuki-danismanlik-hizmetlerimiz","status":"publish","type":"page","link":"https:\/\/old.cukurpartners.com\/tr\/size-nasil-yardimci-olabiliriz\/hizmetlerimiz\/ozel-islemlerde-ve-projelerdeki-hukuki-danismanlik-hizmetlerimiz\/","title":{"rendered":"\u00d6zel \u0130\u015flemlerde ve Projelerdeki Hukuki Dan\u0131\u015fmanl\u0131k Hizmetlerimiz"},"content":{"rendered":"\t\t<div data-elementor-type=\"wp-page\" data-elementor-id=\"970\" class=\"elementor elementor-970 elementor-336\" data-elementor-post-type=\"page\">\n\t\t\t\t\t\t<section class=\"elementor-section elementor-top-section elementor-element elementor-element-6569cd3 elementor-section-full_width elementor-section-height-default elementor-section-height-default\" data-id=\"6569cd3\" data-element_type=\"section\">\n\t\t\t\t\t\t<div class=\"elementor-container elementor-column-gap-default\">\n\t\t\t\t\t<div class=\"elementor-column elementor-col-100 elementor-top-column elementor-element elementor-element-79e57b2\" data-id=\"79e57b2\" data-element_type=\"column\">\n\t\t\t<div class=\"elementor-widget-wrap elementor-element-populated\">\n\t\t\t\t\t\t<div class=\"elementor-element elementor-element-66e3fcf elementor-widget elementor-widget-template\" data-id=\"66e3fcf\" data-element_type=\"widget\" data-widget_type=\"template.default\">\n\t\t\t\t<div class=\"elementor-widget-container\">\n\t\t\t\t\t<div class=\"elementor-template\">\n\t\t\t\t\t<div data-elementor-type=\"section\" data-elementor-id=\"1012\" class=\"elementor elementor-1012 elementor-739\" data-elementor-post-type=\"elementor_library\">\n\t\t\t\t\t<section class=\"elementor-section elementor-top-section elementor-element elementor-element-e70548a elementor-section-height-min-height elementor-section-boxed elementor-section-height-default elementor-section-items-middle\" data-id=\"e70548a\" data-element_type=\"section\" data-settings=\"{&quot;background_background&quot;:&quot;classic&quot;}\">\n\t\t\t\t\t\t\t<div class=\"elementor-background-overlay\"><\/div>\n\t\t\t\t\t\t\t<div class=\"elementor-container elementor-column-gap-default\">\n\t\t\t\t\t<div class=\"elementor-column elementor-col-50 elementor-top-column elementor-element elementor-element-0764731\" data-id=\"0764731\" data-element_type=\"column\">\n\t\t\t<div class=\"elementor-widget-wrap elementor-element-populated\">\n\t\t\t\t\t\t<div class=\"elementor-element elementor-element-d7e2566 elementor-widget elementor-widget-heading\" data-id=\"d7e2566\" data-element_type=\"widget\" data-widget_type=\"heading.default\">\n\t\t\t\t<div class=\"elementor-widget-container\">\n\t\t\t<h2 class=\"elementor-heading-title elementor-size-default\">Hizmetlerimiz<\/h2>\t\t<\/div>\n\t\t\t\t<\/div>\n\t\t\t\t\t<\/div>\n\t\t<\/div>\n\t\t\t\t<div class=\"elementor-column elementor-col-50 elementor-top-column elementor-element elementor-element-b4f044c textright mobcenter\" data-id=\"b4f044c\" data-element_type=\"column\">\n\t\t\t<div class=\"elementor-widget-wrap elementor-element-populated\">\n\t\t\t\t\t\t<div class=\"elementor-element elementor-element-c7a27f4 mb-5 elementor-widget elementor-widget-heading\" data-id=\"c7a27f4\" data-element_type=\"widget\" data-widget_type=\"heading.default\">\n\t\t\t\t<div class=\"elementor-widget-container\">\n\t\t\t<h2 class=\"elementor-heading-title elementor-size-default\">Apollo Kelebe\u011fi<\/h2>\t\t<\/div>\n\t\t\t\t<\/div>\n\t\t\t\t<div class=\"elementor-element elementor-element-63ff5e2 elementor-widget elementor-widget-text-editor\" data-id=\"63ff5e2\" data-element_type=\"widget\" data-widget_type=\"text-editor.default\">\n\t\t\t\t<div class=\"elementor-widget-container\">\n\t\t\t\t\t\t\t<p>Apollo Kelebe\u011fi (Parnassius apollo), zirveye yak\u0131n, (Isparta) Tota Da\u011f\u0131 eteklerinde ya\u015famaktad\u0131r. Ya\u015fam alanlar\u0131n\u0131n tahrip edilmesi nedeniyle nesli tehlikededir.<\/p>\t\t\t\t\t\t<\/div>\n\t\t\t\t<\/div>\n\t\t\t\t\t<\/div>\n\t\t<\/div>\n\t\t\t\t\t<\/div>\n\t\t<\/section>\n\t\t\t\t<\/div>\n\t\t\t\t<\/div>\n\t\t\t\t<\/div>\n\t\t\t\t<\/div>\n\t\t\t\t\t<\/div>\n\t\t<\/div>\n\t\t\t\t\t<\/div>\n\t\t<\/section>\n\t\t\t\t<section class=\"elementor-section elementor-top-section elementor-element elementor-element-cd804ee elementor-section-boxed elementor-section-height-default elementor-section-height-default\" data-id=\"cd804ee\" data-element_type=\"section\">\n\t\t\t\t\t\t<div class=\"elementor-container elementor-column-gap-default\">\n\t\t\t\t\t<div class=\"elementor-column elementor-col-50 elementor-top-column elementor-element elementor-element-6c6eeef\" data-id=\"6c6eeef\" data-element_type=\"column\">\n\t\t\t<div class=\"elementor-widget-wrap elementor-element-populated\">\n\t\t\t\t\t\t<div class=\"elementor-element elementor-element-c1f494c mb-10 elementor-widget elementor-widget-heading\" data-id=\"c1f494c\" data-element_type=\"widget\" data-widget_type=\"heading.default\">\n\t\t\t\t<div class=\"elementor-widget-container\">\n\t\t\t<h2 class=\"elementor-heading-title elementor-size-default\">\u00d6zel \u0130\u015flemlerde ve Projelerdeki Hukuki Dan\u0131\u015fmanl\u0131k Hizmetlerimiz<\/h2>\t\t<\/div>\n\t\t\t\t<\/div>\n\t\t\t\t<div class=\"elementor-element elementor-element-fe0f4ca elementor-widget elementor-widget-image\" data-id=\"fe0f4ca\" data-element_type=\"widget\" data-widget_type=\"image.default\">\n\t\t\t\t<div class=\"elementor-widget-container\">\n\t\t\t\t\t\t\t\t\t\t\t\t\t<img decoding=\"async\" width=\"110\" height=\"5\" src=\"https:\/\/old.cukurpartners.com\/wp-content\/uploads\/2019\/10\/colored_line_cy.png\" class=\"attachment-full size-full wp-image-52\" alt=\"\" \/>\t\t\t\t\t\t\t\t\t\t\t\t\t<\/div>\n\t\t\t\t<\/div>\n\t\t\t\t<div class=\"elementor-element elementor-element-a5ff833 elementor-widget elementor-widget-text-editor\" data-id=\"a5ff833\" data-element_type=\"widget\" data-widget_type=\"text-editor.default\">\n\t\t\t\t<div class=\"elementor-widget-container\">\n\t\t\t\t\t\t\t<p>D\u00fczenli ve s\u00fcrekli hukuki dan\u0131\u015fmanl\u0131k hizmetlerimizin yan\u0131 s\u0131ra, \u00c7ukur &amp; Partners avukatl\u0131k firmas\u0131, y\u00fcksek nitelikli, derinlemesine hukuki ve sekt\u00f6rel uzmanl\u0131k gerektiren \u00f6zel kurumsal, ticari ve finansal i\u015flemlerde ve projelerde sonu\u00e7 ve de\u011fer odakl\u0131 bir hukuki dan\u0131\u015fmanl\u0131k hizmeti sunmaktad\u0131r:<\/p><ul><li>Birle\u015fme ve Sat\u0131n Alma (M&amp;A), ortakl\u0131k ve ortak giri\u015fimler (joint venture),<\/li><li>\u00d6zel sermaye (private equity), risk sermayesi (venture capital) ve Kurumsal finansman i\u015flemleri,<\/li><li>Melek yat\u0131r\u0131mc\u0131 i\u015flemleri ve erken a\u015fama yat\u0131r\u0131mlar\u0131, giri\u015fimlere fon yaratma ve ortakl\u0131k i\u015flemleri,<\/li><li>Bankac\u0131l\u0131k ve finansman i\u015flemleri,<\/li><li>Halka arz ve sermaye piyasas\u0131 i\u015flemleri,<\/li><li>Enerji, altyap\u0131, gayr\u0131 menkul, in\u015faat, madencilik projeleri i\u00e7in Proje Finansman\u0131 i\u015flemleri ve proje s\u00f6zle\u015fmeleri,<\/li><li>Kamu al\u0131mlar\u0131, kamu ihaleleri, kamu kesimi ile imtiyaz s\u00f6zle\u015fmeleri, \u00f6zelle\u015ftirmeler ve di\u011fer kamusal projeler,<\/li><li>Uluslararas\u0131 yap\u0131lanma ve yat\u0131r\u0131m projeleri,<\/li><li>Finansal, hukuki ve kurumsal yeniden yap\u0131lanma projeleri.<\/li><\/ul><p>\u00c7ukur &amp; Partners hukuk firmas\u0131, bu alanlarda son 25 y\u0131lda say\u0131s\u0131z projeye liderlik etmi\u015f ve ba\u015far\u0131 ile tamamlam\u0131\u015f bir ekiptir. Dan\u0131\u015fmanl\u0131k etti\u011fimiz i\u015flem ve projelerinin \u00e7ok b\u00fcy\u00fck bir b\u00f6l\u00fcm\u00fcn\u00fcn ba\u015far\u0131yla tamamlanm\u0131\u015f olmas\u0131n\u0131n gururunu ya\u015f\u0131yoruz.<\/p><p><a href=\"https:\/\/old.cukurpartners.com\/tr\/size-nasil-yardimci-olabiliriz\/ozel-hukuki-hizmet-programlarimiz\/bi%cc%87rlesme-satin-alma-ma-ortaklik-ve-kurumsal-fi%cc%87nans-islemleri%cc%87ne-hukuki%cc%87-hazirlik-ve-bu-surecleri%cc%87n-hukuki%cc%87-yoneti%cc%87mi%cc%87-hi%cc%87zmet-programi\/\">Birle\u015fme ve sat\u0131n alma, kurumsal finansman<\/a>, <a href=\"https:\/\/old.cukurpartners.com\/tr\/size-nasil-yardimci-olabiliriz\/ozel-hukuki-hizmet-programlarimiz\/private-equity-venture-capi%cc%87tal-ve-mezzanine-fi%cc%87nansmani-islemleri%cc%87ne-hukuki%cc%87-hazirlik-ve-bu-surecleri%cc%87n-hukuki%cc%87-yoneti%cc%87mi%cc%87-hi%cc%87zmet-programi\/\">private equity, venture capital ve mezzanine finansman\u0131 gibi fon yat\u0131r\u0131m i\u015flemleri<\/a>, <a href=\"https:\/\/old.cukurpartners.com\/tr\/size-nasil-yardimci-olabiliriz\/ozel-hukuki-hizmet-programlarimiz\/baslangic-asamasindaki%cc%87-ve-geli%cc%87smekte-olan-si%cc%87rketlere-fon-saglama-ve-melek-yatirimci-ortaklik-islemi%cc%87-surecleri%cc%87ni%cc%87n-hukuki%cc%87-yoneti%cc%87mi%cc%87-hi%cc%87zmet-prog\/\">erken a\u015fama ve melek yat\u0131r\u0131mc\u0131 i\u015flemleri<\/a>, <a href=\"https:\/\/old.cukurpartners.com\/tr\/size-nasil-yardimci-olabiliriz\/ozel-hukuki-hizmet-programlarimiz\/joint-venture-is-ve-proje-ortakligi-ve-isbi%cc%87rli%cc%87gi%cc%87-surecleri%cc%87ni%cc%87n-hukuki%cc%87-yoneti%cc%87mi%cc%87-hi%cc%87zmet-programi\/\">joint venture ve ortakl\u0131klar<\/a>, <a href=\"https:\/\/old.cukurpartners.com\/tr\/size-nasil-yardimci-olabiliriz\/ozel-hukuki-hizmet-programlarimiz\/halka-arz-ve-sermaye-pi%cc%87yasasi-islemlerine-hukuki%cc%87-hazirlik-ve-bu-sureclerin-hukuki%cc%87-yonetimi-hizmet-programi\/\">halka arz ve sermaye piyasas\u0131 projeleri<\/a> gibi \u00f6zel proje ve i\u015flemlere y\u00f6nelik <a href=\"https:\/\/old.cukurpartners.com\/tr\/size-nasil-yardimci-olabiliriz\/ozel-hukuki-hizmet-programlarimiz\/\">\u00f6zel hukuki hizmet programlar\u0131m\u0131z<\/a> \u00e7er\u00e7evesinde y\u00fcksek katma de\u011ferli hukuki \u00e7\u00f6z\u00fcmler sunmaktay\u0131z.<\/p><p>Bu \u00f6zel nitelikli i\u015flem ve projelerin m\u00fczakere s\u00fcre\u00e7lerinde ve uygulamas\u0131nda fark yaratan unsurlar, bu i\u015flere \u00f6zel ve \u00e7ok y\u00f6nl\u00fc bir hukuki bilgiye ve deneyime sahip olmak, bu i\u015flemlerin do\u011fas\u0131ndan gelen hukuki yap\u0131lara ve sekt\u00f6rel dinamiklere yak\u0131ndan h\u00e2kim olmakt\u0131r.<\/p><p>Daha da \u00f6nemlisi, bu i\u015flerde i\u015fin kapsam\u0131na uygun geni\u015f, uzman ve k\u0131demli bir ekibin olu\u015fturulmas\u0131na, uzman ve deneyimli avukatlar\u0131n projeye liderlik etmesine, i\u015fe gereken zaman\u0131n ve \u00f6nceli\u011fin verilmesine, h\u0131za, hizmet verilen tarafla \u00e7ok yak\u0131n bir i\u015fbirli\u011fine ve i\u015flem ve projenin t\u00fcm taraflar\u0131yla etkin ve yap\u0131c\u0131 bir ileti\u015fime ihtiya\u00e7 duyulmaktad\u0131r.<\/p><p>Biz \u00c7ukur &amp; Partners avukatl\u0131k b\u00fcrosunda t\u00fcm bu gereksinimlerin fark\u0131nda olarak, her \u00f6zel i\u015flem ve proje i\u015flerimizde mutlaka bir k\u0131demli partner avukat\u0131n liderlik edece\u011fi ve bir ba\u015fka partner avukat\u0131n da mutlaka ekipte yer alarak proje koordinat\u00f6rl\u00fc\u011f\u00fcn\u00fc y\u00fcr\u00fctece\u011fi \u015fekilde, farkl\u0131 k\u0131dem ve uzmanl\u0131klardaki avukatlardan geni\u015f bir ekip olu\u015fturarak ve ekip istikrar\u0131n\u0131 azami \u00f6l\u00e7\u00fcde g\u00f6zeterek bu i\u015fleri y\u00fcr\u00fct\u00fcyoruz. Bu iki k\u0131demli ve partner avukat\u0131n projenin her a\u015famas\u0131nda mutlaka toplant\u0131, m\u00fczakere ve \u00e7al\u0131\u015fmalara bizzat ve aktif olarak kat\u0131l\u0131m\u0131n\u0131 garanti ediyoruz.<\/p><p>\u0130htiya\u00e7 duyuldu\u011funda, proje ekiplerimize vergi ve finans gibi farkl\u0131 disiplinlerden se\u00e7kin uzmanlar\u0131 da mutlaka d\u00e2hil ediyoruz.<\/p><p>Uluslararas\u0131 i\u015flem ve projelerinizde de, k\u00f6kl\u00fc ve zengin uluslararas\u0131 ba\u011flant\u0131lar\u0131m\u0131zla, d\u00fcnyan\u0131n her noktas\u0131nda sizinleyiz.<\/p><p>Hizmetlerimizin kalitesine duydu\u011fumuz g\u00fcvenin bir yans\u0131mas\u0131 olarak, bu i\u015flerdeki \u00fccret modellerimizi projenin ilerlemesi ve ger\u00e7ekle\u015fmesi ilkesine g\u00f6re belirliyoruz.<\/p>\t\t\t\t\t\t<\/div>\n\t\t\t\t<\/div>\n\t\t\t\t\t<\/div>\n\t\t<\/div>\n\t\t\t\t<div class=\"elementor-column elementor-col-50 elementor-top-column elementor-element elementor-element-7522665\" data-id=\"7522665\" data-element_type=\"column\">\n\t\t\t<div class=\"elementor-widget-wrap elementor-element-populated\">\n\t\t\t\t\t\t<div class=\"elementor-element elementor-element-3b1b07d elementor-widget elementor-widget-template\" data-id=\"3b1b07d\" data-element_type=\"widget\" data-widget_type=\"template.default\">\n\t\t\t\t<div class=\"elementor-widget-container\">\n\t\t\t\t\t<div class=\"elementor-template\">\n\t\t\t\t\t<div data-elementor-type=\"section\" data-elementor-id=\"1021\" class=\"elementor elementor-1021 elementor-319\" data-elementor-post-type=\"elementor_library\">\n\t\t\t\t\t<section class=\"elementor-section elementor-top-section elementor-element elementor-element-bd70a1f elementor-section-boxed elementor-section-height-default elementor-section-height-default\" data-id=\"bd70a1f\" data-element_type=\"section\">\n\t\t\t\t\t\t<div class=\"elementor-container elementor-column-gap-default\">\n\t\t\t\t\t<div class=\"elementor-column elementor-col-100 elementor-top-column elementor-element elementor-element-0d1c8e1\" data-id=\"0d1c8e1\" data-element_type=\"column\">\n\t\t\t<div class=\"elementor-widget-wrap elementor-element-populated\">\n\t\t\t\t\t\t<div class=\"elementor-element elementor-element-9717d04 sidemenu elementor-nav-menu--dropdown-tablet elementor-nav-menu__text-align-aside elementor-widget elementor-widget-nav-menu\" data-id=\"9717d04\" data-element_type=\"widget\" data-settings=\"{&quot;layout&quot;:&quot;vertical&quot;,&quot;submenu_icon&quot;:{&quot;value&quot;:&quot;&lt;i class=\\&quot;fas fa-caret-down\\&quot;&gt;&lt;\\\/i&gt;&quot;,&quot;library&quot;:&quot;fa-solid&quot;}}\" data-widget_type=\"nav-menu.default\">\n\t\t\t\t<div class=\"elementor-widget-container\">\n\t\t\t\t\t\t<nav aria-label=\"Men\u00fc\" class=\"elementor-nav-menu--main elementor-nav-menu__container elementor-nav-menu--layout-vertical e--pointer-none\">\n\t\t\t\t<ul id=\"menu-1-9717d04\" class=\"elementor-nav-menu sm-vertical\"><li class=\"menu-item menu-item-type-post_type menu-item-object-page menu-item-1302\"><a href=\"https:\/\/old.cukurpartners.com\/tr\/size-nasil-yardimci-olabiliriz\/hizmetlerimiz\/\" class=\"elementor-item\">Hizmetlerimiz<\/a><\/li>\n<li class=\"menu-item menu-item-type-post_type menu-item-object-page menu-item-1303\"><a href=\"https:\/\/old.cukurpartners.com\/tr\/size-nasil-yardimci-olabiliriz\/hizmetlerimiz\/surekli-hukuki-danismanlik-hizmetlerimiz\/\" class=\"elementor-item\">S\u00fcrekli Hukuki Dan\u0131\u015fmanl\u0131k Hizmetlerimiz<\/a><\/li>\n<li class=\"menu-item menu-item-type-post_type menu-item-object-page menu-item-1304\"><a href=\"https:\/\/old.cukurpartners.com\/tr\/size-nasil-yardimci-olabiliriz\/hizmetlerimiz\/ozel-islemlerde-ve-projelerdeki-hukuki-danismanlik-hizmetlerimiz\/\" class=\"elementor-item\">\u00d6zel \u0130\u015flemlerde ve Projelerdeki Hukuki Dan\u0131\u015fmanl\u0131k Hizmetlerimiz<\/a><\/li>\n<li class=\"menu-item menu-item-type-post_type menu-item-object-page menu-item-1305\"><a href=\"https:\/\/old.cukurpartners.com\/tr\/size-nasil-yardimci-olabiliriz\/hizmetlerimiz\/dava-takip-ve-ihtilaf-cozme-hizmetlerimiz\/\" class=\"elementor-item\">Dava, Takip ve \u0130htilaf \u00c7\u00f6zme Hizmetlerimiz<\/a><\/li>\n<\/ul>\t\t\t<\/nav>\n\t\t\t\t\t\t<nav class=\"elementor-nav-menu--dropdown elementor-nav-menu__container\" aria-hidden=\"true\">\n\t\t\t\t<ul id=\"menu-2-9717d04\" class=\"elementor-nav-menu sm-vertical\"><li class=\"menu-item menu-item-type-post_type menu-item-object-page menu-item-1302\"><a href=\"https:\/\/old.cukurpartners.com\/tr\/size-nasil-yardimci-olabiliriz\/hizmetlerimiz\/\" class=\"elementor-item\" tabindex=\"-1\">Hizmetlerimiz<\/a><\/li>\n<li class=\"menu-item menu-item-type-post_type menu-item-object-page menu-item-1303\"><a href=\"https:\/\/old.cukurpartners.com\/tr\/size-nasil-yardimci-olabiliriz\/hizmetlerimiz\/surekli-hukuki-danismanlik-hizmetlerimiz\/\" class=\"elementor-item\" tabindex=\"-1\">S\u00fcrekli Hukuki Dan\u0131\u015fmanl\u0131k Hizmetlerimiz<\/a><\/li>\n<li class=\"menu-item menu-item-type-post_type menu-item-object-page menu-item-1304\"><a href=\"https:\/\/old.cukurpartners.com\/tr\/size-nasil-yardimci-olabiliriz\/hizmetlerimiz\/ozel-islemlerde-ve-projelerdeki-hukuki-danismanlik-hizmetlerimiz\/\" class=\"elementor-item\" tabindex=\"-1\">\u00d6zel \u0130\u015flemlerde ve Projelerdeki Hukuki Dan\u0131\u015fmanl\u0131k Hizmetlerimiz<\/a><\/li>\n<li class=\"menu-item menu-item-type-post_type menu-item-object-page menu-item-1305\"><a href=\"https:\/\/old.cukurpartners.com\/tr\/size-nasil-yardimci-olabiliriz\/hizmetlerimiz\/dava-takip-ve-ihtilaf-cozme-hizmetlerimiz\/\" class=\"elementor-item\" tabindex=\"-1\">Dava, Takip ve \u0130htilaf \u00c7\u00f6zme Hizmetlerimiz<\/a><\/li>\n<\/ul>\t\t\t<\/nav>\n\t\t\t\t<\/div>\n\t\t\t\t<\/div>\n\t\t\t\t\t<\/div>\n\t\t<\/div>\n\t\t\t\t\t<\/div>\n\t\t<\/section>\n\t\t\t\t<\/div>\n\t\t\t\t<\/div>\n\t\t\t\t<\/div>\n\t\t\t\t<\/div>\n\t\t\t\t\t<\/div>\n\t\t<\/div>\n\t\t\t\t\t<\/div>\n\t\t<\/section>\n\t\t\t\t<\/div>\n\t\t","protected":false},"excerpt":{"rendered":"<p>D\u00fczenli ve s\u00fcrekli hukuki dan\u0131\u015fmanl\u0131k hizmetlerimizin yan\u0131 s\u0131ra, \u00c7ukur &amp; Partners avukatl\u0131k firmas\u0131, y\u00fcksek nitelikli, derinlemesine hukuki ve sekt\u00f6rel uzmanl\u0131k gerektiren \u00f6zel kurumsal, ticari ve finansal i\u015flemlerde ve projelerde sonu\u00e7 ve de\u011fer odakl\u0131 bir hukuki dan\u0131\u015fmanl\u0131k hizmeti sunmaktad\u0131r: Birle\u015fme ve Sat\u0131n Alma (M&amp;A), ortakl\u0131k ve ortak giri\u015fimler (joint venture), \u00d6zel sermaye (private equity), risk sermayesi [&hellip;]<\/p>\n","protected":false},"author":1,"featured_media":0,"parent":968,"menu_order":0,"comment_status":"closed","ping_status":"closed","template":"elementor_header_footer","meta":{"_acf_changed":false,"footnotes":""},"class_list":["post-970","page","type-page","status-publish","hentry"],"acf":[],"_links":{"self":[{"href":"https:\/\/old.cukurpartners.com\/tr\/wp-json\/wp\/v2\/pages\/970"}],"collection":[{"href":"https:\/\/old.cukurpartners.com\/tr\/wp-json\/wp\/v2\/pages"}],"about":[{"href":"https:\/\/old.cukurpartners.com\/tr\/wp-json\/wp\/v2\/types\/page"}],"author":[{"embeddable":true,"href":"https:\/\/old.cukurpartners.com\/tr\/wp-json\/wp\/v2\/users\/1"}],"replies":[{"embeddable":true,"href":"https:\/\/old.cukurpartners.com\/tr\/wp-json\/wp\/v2\/comments?post=970"}],"version-history":[{"count":18,"href":"https:\/\/old.cukurpartners.com\/tr\/wp-json\/wp\/v2\/pages\/970\/revisions"}],"predecessor-version":[{"id":7241,"href":"https:\/\/old.cukurpartners.com\/tr\/wp-json\/wp\/v2\/pages\/970\/revisions\/7241"}],"up":[{"embeddable":true,"href":"https:\/\/old.cukurpartners.com\/tr\/wp-json\/wp\/v2\/pages\/968"}],"wp:attachment":[{"href":"https:\/\/old.cukurpartners.com\/tr\/wp-json\/wp\/v2\/media?parent=970"}],"curies":[{"name":"wp","href":"https:\/\/api.w.org\/{rel}","templated":true}]}}