{"id":971,"date":"2019-10-22T12:34:45","date_gmt":"2019-10-22T12:34:45","guid":{"rendered":"https:\/\/cukurpartners.com\/what-we-do\/legal-consulting-services\/"},"modified":"2022-09-26T07:12:43","modified_gmt":"2022-09-26T07:12:43","slug":"surekli-hukuki-danismanlik-hizmetlerimiz","status":"publish","type":"page","link":"https:\/\/old.cukurpartners.com\/tr\/size-nasil-yardimci-olabiliriz\/hizmetlerimiz\/surekli-hukuki-danismanlik-hizmetlerimiz\/","title":{"rendered":"S\u00fcrekli Hukuki Dan\u0131\u015fmanl\u0131k Hizmetlerimiz"},"content":{"rendered":"\t\t<div data-elementor-type=\"wp-page\" data-elementor-id=\"971\" class=\"elementor elementor-971 elementor-313\" data-elementor-post-type=\"page\">\n\t\t\t\t\t\t<section class=\"elementor-section elementor-top-section elementor-element elementor-element-a63d68d elementor-section-full_width elementor-section-height-default elementor-section-height-default\" data-id=\"a63d68d\" data-element_type=\"section\">\n\t\t\t\t\t\t<div class=\"elementor-container elementor-column-gap-default\">\n\t\t\t\t\t<div class=\"elementor-column elementor-col-100 elementor-top-column elementor-element elementor-element-7a8088b\" data-id=\"7a8088b\" data-element_type=\"column\">\n\t\t\t<div class=\"elementor-widget-wrap elementor-element-populated\">\n\t\t\t\t\t\t<div class=\"elementor-element elementor-element-485b332 elementor-widget elementor-widget-template\" data-id=\"485b332\" data-element_type=\"widget\" data-widget_type=\"template.default\">\n\t\t\t\t<div class=\"elementor-widget-container\">\n\t\t\t\t\t<div class=\"elementor-template\">\n\t\t\t\t\t<div data-elementor-type=\"section\" data-elementor-id=\"1005\" class=\"elementor elementor-1005 elementor-770\" data-elementor-post-type=\"elementor_library\">\n\t\t\t\t\t<section class=\"elementor-section elementor-top-section elementor-element elementor-element-87be1d8 elementor-section-height-min-height elementor-section-boxed elementor-section-height-default elementor-section-items-middle\" data-id=\"87be1d8\" data-element_type=\"section\" data-settings=\"{&quot;background_background&quot;:&quot;classic&quot;}\">\n\t\t\t\t\t\t\t<div class=\"elementor-background-overlay\"><\/div>\n\t\t\t\t\t\t\t<div class=\"elementor-container elementor-column-gap-default\">\n\t\t\t\t\t<div class=\"elementor-column elementor-col-50 elementor-top-column elementor-element elementor-element-37cf6d3\" data-id=\"37cf6d3\" data-element_type=\"column\">\n\t\t\t<div class=\"elementor-widget-wrap elementor-element-populated\">\n\t\t\t\t\t\t<div class=\"elementor-element elementor-element-5b94e5d elementor-widget elementor-widget-heading\" data-id=\"5b94e5d\" data-element_type=\"widget\" data-widget_type=\"heading.default\">\n\t\t\t\t<div class=\"elementor-widget-container\">\n\t\t\t<h2 class=\"elementor-heading-title elementor-size-default\">Hizmetlerimiz<\/h2>\t\t<\/div>\n\t\t\t\t<\/div>\n\t\t\t\t\t<\/div>\n\t\t<\/div>\n\t\t\t\t<div class=\"elementor-column elementor-col-50 elementor-top-column elementor-element elementor-element-6031e01 textright mobcenter\" data-id=\"6031e01\" data-element_type=\"column\">\n\t\t\t<div class=\"elementor-widget-wrap elementor-element-populated\">\n\t\t\t\t\t\t<div class=\"elementor-element elementor-element-46bdf6f mb-5 elementor-widget elementor-widget-heading\" data-id=\"46bdf6f\" data-element_type=\"widget\" data-widget_type=\"heading.default\">\n\t\t\t\t<div class=\"elementor-widget-container\">\n\t\t\t<h2 class=\"elementor-heading-title elementor-size-default\">Kazda\u011f\u0131 g\u00f6knar\u0131<\/h2>\t\t<\/div>\n\t\t\t\t<\/div>\n\t\t\t\t<div class=\"elementor-element elementor-element-20cc260 elementor-widget elementor-widget-text-editor\" data-id=\"20cc260\" data-element_type=\"widget\" data-widget_type=\"text-editor.default\">\n\t\t\t\t<div class=\"elementor-widget-container\">\n\t\t\t\t\t\t\t<p>Kazda\u011f\u0131 g\u00f6knar\u0131 (Abies nordmanniana subsp. equi-trojani), \u00e7amgiller (Pinaceae) familyas\u0131ndan T\u00fcrkiye&#8217;de yaln\u0131zca Kazda\u011f\u0131&#8217;nda yeti\u015fen endemik bir g\u00f6knar alt t\u00fcr\u00fc.<\/p>\t\t\t\t\t\t<\/div>\n\t\t\t\t<\/div>\n\t\t\t\t\t<\/div>\n\t\t<\/div>\n\t\t\t\t\t<\/div>\n\t\t<\/section>\n\t\t\t\t<\/div>\n\t\t\t\t<\/div>\n\t\t\t\t<\/div>\n\t\t\t\t<\/div>\n\t\t\t\t\t<\/div>\n\t\t<\/div>\n\t\t\t\t\t<\/div>\n\t\t<\/section>\n\t\t\t\t<section class=\"elementor-section elementor-top-section elementor-element elementor-element-17786ee elementor-section-boxed elementor-section-height-default elementor-section-height-default\" data-id=\"17786ee\" data-element_type=\"section\">\n\t\t\t\t\t\t<div class=\"elementor-container elementor-column-gap-default\">\n\t\t\t\t\t<div class=\"elementor-column elementor-col-50 elementor-top-column elementor-element elementor-element-38ffb00\" data-id=\"38ffb00\" data-element_type=\"column\">\n\t\t\t<div class=\"elementor-widget-wrap elementor-element-populated\">\n\t\t\t\t\t\t<div class=\"elementor-element elementor-element-731158b mb-10 elementor-widget elementor-widget-heading\" data-id=\"731158b\" data-element_type=\"widget\" data-widget_type=\"heading.default\">\n\t\t\t\t<div class=\"elementor-widget-container\">\n\t\t\t<h2 class=\"elementor-heading-title elementor-size-default\">S\u00fcrekli Hukuki Dan\u0131\u015fmanl\u0131k Hizmetlerimiz<\/h2>\t\t<\/div>\n\t\t\t\t<\/div>\n\t\t\t\t<div class=\"elementor-element elementor-element-a2e47dd elementor-widget elementor-widget-image\" data-id=\"a2e47dd\" data-element_type=\"widget\" data-widget_type=\"image.default\">\n\t\t\t\t<div class=\"elementor-widget-container\">\n\t\t\t\t\t\t\t\t\t\t\t\t\t<img decoding=\"async\" width=\"110\" height=\"5\" src=\"https:\/\/old.cukurpartners.com\/wp-content\/uploads\/2019\/10\/colored_line_cy.png\" class=\"attachment-full size-full wp-image-52\" alt=\"\" \/>\t\t\t\t\t\t\t\t\t\t\t\t\t<\/div>\n\t\t\t\t<\/div>\n\t\t\t\t<div class=\"elementor-element elementor-element-7d9b0d5 elementor-widget elementor-widget-text-editor\" data-id=\"7d9b0d5\" data-element_type=\"widget\" data-widget_type=\"text-editor.default\">\n\t\t\t\t<div class=\"elementor-widget-container\">\n\t\t\t\t\t\t\t<p>Geni\u015f ve s\u0131k\u00e7a de\u011fi\u015fen yasal mevzuata uyum g\u00f6stermenin, i\u015f hayat\u0131ndaki ili\u015fkilerimizi g\u00fcvenli bir hukuki zemin i\u00e7erisinde s\u00fcrd\u00fcrmenin ne kadar kapsaml\u0131 bir hukuki dan\u0131\u015fmanl\u0131k deste\u011fi gerektirdi\u011fini biliyoruz.<\/p><p>\u00c7ukur &amp; Partners hukuk firmas\u0131ndaki hukuki dan\u0131\u015fmanl\u0131k hizmetlerimiz ile \u015firketler ve hukuk b\u00fcromuz aras\u0131nda dinamik ve s\u00fcrekli bir ili\u015fki ve ileti\u015fim kurulmakta, \u015firketlere kendi i\u00e7erisindeki bir hukuk servisinin h\u0131z, yak\u0131nl\u0131k ve uzmanl\u0131\u011f\u0131 ile hizmet sunulmaktad\u0131r. Buradaki \u00f6nceli\u011fimiz, hizmet verdi\u011fimiz \u015firketlerin b\u00fcy\u00fcme ve geli\u015fme yolculuklar\u0131nda, hukuk g\u00fcvenli\u011fi i\u00e7erisinde yol almalar\u0131n\u0131 sa\u011flamakt\u0131r. Bu hizmetlerde 20 y\u0131l\u0131 a\u015fan s\u00fcredir deneyim kazanm\u0131\u015f geni\u015f ve uzman avukat ekibimizle hukuki uyum s\u00fcre\u00e7lerinde \u015firketlerin i\u015fini kolayla\u015ft\u0131r\u0131yoruz.<\/p><p>S\u00fcrekli hukuki yasal dan\u0131\u015fmanl\u0131k hizmeti, i\u015f ve hedeflerini tam olarak tan\u0131d\u0131k\u00e7a, hizmet verdi\u011fimiz \u015firketler ile daha derin i\u015fbirli\u011fine girmemizi sa\u011flar. Bu hizmetlerde, \u015firketinize ama\u00e7lar\u0131na ula\u015fmas\u0131nda ve hukuki risklerini en aza indirmesinde destek olarak proaktif bir yakla\u015f\u0131m benimsiyoruz.<\/p><p>Bu hizmetlerimizde s\u0131kl\u0131kla,<\/p><ul><li>G\u00fcvenilir ve i\u015flevsel hukuki yap\u0131lar\u0131n olu\u015fturulmas\u0131,<\/li><li>Karar verme s\u00fcre\u00e7lerinde ve operasyonel ak\u0131\u015f\u0131n her a\u015famas\u0131nda etkin bir hukuki dan\u0131\u015fmanl\u0131k deste\u011fi sa\u011flanmas\u0131,<\/li><li>T\u00fcm hukuki belgelerin ve s\u00fcre\u00e7lerin haz\u0131rlanmas\u0131, analizi ve m\u00fczakeresi,<\/li><li>Uluslararas\u0131 hukuki konu ve ihtiya\u00e7lar\u0131n koordine edilmesi,<\/li><li>Olas\u0131 ve g\u00fcncel hukuki ihtilaflar\u0131n \u00f6nceden belirlenmesi ve ortadan kald\u0131r\u0131lmas\u0131,<\/li><li>Uluslararas\u0131 kurumsal politikalar\u0131n, dok\u00fcmanlar\u0131n ve s\u00f6zle\u015fmelerin T\u00fcrkiye\u2019deki yap\u0131ya uyarlanmas\u0131<\/li><li>Hukuki i\u00e7 denetim, hukuki risk y\u00f6netimi ve mevzuata uyum hizmetlerinin sunulmas\u0131<\/li><li>Sekt\u00f6rel reg\u00fclasyonlar ve \u00f6zellikle d\u00fczenlenmi\u015f sekt\u00f6rlere y\u00f6nelik s\u00fcrekli hukuki dan\u0131\u015fmanl\u0131k deste\u011fi,<\/li><li>Rekabet mevzuat\u0131, ki\u015fisel verilerin korunmas\u0131, yolsuzlukla m\u00fccadele d\u00fczenlemeleri gibi t\u00fcm sekt\u00f6rleri ve bir\u00e7ok \u00e7al\u0131\u015fma alan\u0131n\u0131 etkileyen konularda etkin hukuki destek sa\u011flanmas\u0131,<\/li><li>Hukuki geli\u015fmeler hakk\u0131nda \u015firketlerin bilgilendirilmesi ve hukuki e\u011fitim hizmetlerini de i\u00e7ermektedir.<\/li><\/ul><p>Bu s\u00fcrekli hukuki dan\u0131\u015fmanl\u0131k hizmeti ili\u015fkimizde, kendi i\u00e7 hukuk servisi bulunan \u015firketlerde, bu avukat ekibiyle tam bir koordinasyon ve uyum i\u00e7erisinde hukuki ihtiya\u00e7lara \u00e7\u00f6z\u00fcm \u00fcretiyoruz.<\/p><p>\u00c7ukur &amp; Partners avukatl\u0131k b\u00fcrosunun bu s\u00fcrekli dan\u0131\u015fmanl\u0131k hizmetinin yan\u0131 s\u0131ra, <a href=\"https:\/\/old.cukurpartners.com\/tr\/size-nasil-yardimci-olabiliriz\/calisma-alanlarimiz\/\">\u00e7al\u0131\u015fma alanlar\u0131m\u0131z\u0131n<\/a> kapsam\u0131na giren her konuda \u015firketlere ve i\u015f insanlar\u0131na en geni\u015f \u00e7er\u00e7evede hukuki dan\u0131\u015fmanl\u0131k hizmeti sunuyoruz.<\/p><p>\u0130\u015f d\u00fcnyas\u0131n\u0131n de\u011fi\u015fen ve \u00e7e\u015fitlenen \u00f6zel hukuki ihtiya\u00e7lar\u0131n\u0131 yan\u0131tlamak \u00fczere, <a href=\"https:\/\/old.cukurpartners.com\/tr\/size-nasil-yardimci-olabiliriz\/ozel-hukuki-hizmet-programlarimiz\/\">\u00f6zel hukuki hizmet programlar\u0131m\u0131zla<\/a> \u015firketlerin i\u015flerini ve hukuki s\u00fcre\u00e7lerini kolayla\u015ft\u0131r\u0131yoruz.<\/p>\t\t\t\t\t\t<\/div>\n\t\t\t\t<\/div>\n\t\t\t\t\t<\/div>\n\t\t<\/div>\n\t\t\t\t<div class=\"elementor-column elementor-col-50 elementor-top-column elementor-element elementor-element-e8fa846\" data-id=\"e8fa846\" data-element_type=\"column\">\n\t\t\t<div class=\"elementor-widget-wrap elementor-element-populated\">\n\t\t\t\t\t\t<div class=\"elementor-element elementor-element-7e6467d elementor-widget elementor-widget-template\" data-id=\"7e6467d\" data-element_type=\"widget\" data-widget_type=\"template.default\">\n\t\t\t\t<div class=\"elementor-widget-container\">\n\t\t\t\t\t<div class=\"elementor-template\">\n\t\t\t\t\t<div data-elementor-type=\"section\" data-elementor-id=\"1021\" class=\"elementor elementor-1021 elementor-319\" data-elementor-post-type=\"elementor_library\">\n\t\t\t\t\t<section class=\"elementor-section elementor-top-section elementor-element elementor-element-bd70a1f elementor-section-boxed elementor-section-height-default elementor-section-height-default\" data-id=\"bd70a1f\" data-element_type=\"section\">\n\t\t\t\t\t\t<div class=\"elementor-container elementor-column-gap-default\">\n\t\t\t\t\t<div class=\"elementor-column elementor-col-100 elementor-top-column elementor-element elementor-element-0d1c8e1\" data-id=\"0d1c8e1\" data-element_type=\"column\">\n\t\t\t<div class=\"elementor-widget-wrap elementor-element-populated\">\n\t\t\t\t\t\t<div class=\"elementor-element elementor-element-9717d04 sidemenu elementor-nav-menu--dropdown-tablet elementor-nav-menu__text-align-aside elementor-widget elementor-widget-nav-menu\" data-id=\"9717d04\" data-element_type=\"widget\" data-settings=\"{&quot;layout&quot;:&quot;vertical&quot;,&quot;submenu_icon&quot;:{&quot;value&quot;:&quot;&lt;i class=\\&quot;fas fa-caret-down\\&quot;&gt;&lt;\\\/i&gt;&quot;,&quot;library&quot;:&quot;fa-solid&quot;}}\" data-widget_type=\"nav-menu.default\">\n\t\t\t\t<div class=\"elementor-widget-container\">\n\t\t\t\t\t\t<nav aria-label=\"Men\u00fc\" class=\"elementor-nav-menu--main elementor-nav-menu__container elementor-nav-menu--layout-vertical e--pointer-none\">\n\t\t\t\t<ul id=\"menu-1-9717d04\" class=\"elementor-nav-menu sm-vertical\"><li class=\"menu-item menu-item-type-post_type menu-item-object-page menu-item-1302\"><a href=\"https:\/\/old.cukurpartners.com\/tr\/size-nasil-yardimci-olabiliriz\/hizmetlerimiz\/\" class=\"elementor-item\">Hizmetlerimiz<\/a><\/li>\n<li class=\"menu-item menu-item-type-post_type menu-item-object-page menu-item-1303\"><a href=\"https:\/\/old.cukurpartners.com\/tr\/size-nasil-yardimci-olabiliriz\/hizmetlerimiz\/surekli-hukuki-danismanlik-hizmetlerimiz\/\" class=\"elementor-item\">S\u00fcrekli Hukuki Dan\u0131\u015fmanl\u0131k Hizmetlerimiz<\/a><\/li>\n<li class=\"menu-item menu-item-type-post_type menu-item-object-page menu-item-1304\"><a href=\"https:\/\/old.cukurpartners.com\/tr\/size-nasil-yardimci-olabiliriz\/hizmetlerimiz\/ozel-islemlerde-ve-projelerdeki-hukuki-danismanlik-hizmetlerimiz\/\" class=\"elementor-item\">\u00d6zel \u0130\u015flemlerde ve Projelerdeki Hukuki Dan\u0131\u015fmanl\u0131k Hizmetlerimiz<\/a><\/li>\n<li class=\"menu-item menu-item-type-post_type menu-item-object-page menu-item-1305\"><a href=\"https:\/\/old.cukurpartners.com\/tr\/size-nasil-yardimci-olabiliriz\/hizmetlerimiz\/dava-takip-ve-ihtilaf-cozme-hizmetlerimiz\/\" class=\"elementor-item\">Dava, Takip ve \u0130htilaf \u00c7\u00f6zme Hizmetlerimiz<\/a><\/li>\n<\/ul>\t\t\t<\/nav>\n\t\t\t\t\t\t<nav class=\"elementor-nav-menu--dropdown elementor-nav-menu__container\" aria-hidden=\"true\">\n\t\t\t\t<ul id=\"menu-2-9717d04\" class=\"elementor-nav-menu sm-vertical\"><li class=\"menu-item menu-item-type-post_type menu-item-object-page menu-item-1302\"><a href=\"https:\/\/old.cukurpartners.com\/tr\/size-nasil-yardimci-olabiliriz\/hizmetlerimiz\/\" class=\"elementor-item\" tabindex=\"-1\">Hizmetlerimiz<\/a><\/li>\n<li class=\"menu-item menu-item-type-post_type menu-item-object-page menu-item-1303\"><a href=\"https:\/\/old.cukurpartners.com\/tr\/size-nasil-yardimci-olabiliriz\/hizmetlerimiz\/surekli-hukuki-danismanlik-hizmetlerimiz\/\" class=\"elementor-item\" tabindex=\"-1\">S\u00fcrekli Hukuki Dan\u0131\u015fmanl\u0131k Hizmetlerimiz<\/a><\/li>\n<li class=\"menu-item menu-item-type-post_type menu-item-object-page menu-item-1304\"><a href=\"https:\/\/old.cukurpartners.com\/tr\/size-nasil-yardimci-olabiliriz\/hizmetlerimiz\/ozel-islemlerde-ve-projelerdeki-hukuki-danismanlik-hizmetlerimiz\/\" class=\"elementor-item\" tabindex=\"-1\">\u00d6zel \u0130\u015flemlerde ve Projelerdeki Hukuki Dan\u0131\u015fmanl\u0131k Hizmetlerimiz<\/a><\/li>\n<li class=\"menu-item menu-item-type-post_type menu-item-object-page menu-item-1305\"><a href=\"https:\/\/old.cukurpartners.com\/tr\/size-nasil-yardimci-olabiliriz\/hizmetlerimiz\/dava-takip-ve-ihtilaf-cozme-hizmetlerimiz\/\" class=\"elementor-item\" tabindex=\"-1\">Dava, Takip ve \u0130htilaf \u00c7\u00f6zme Hizmetlerimiz<\/a><\/li>\n<\/ul>\t\t\t<\/nav>\n\t\t\t\t<\/div>\n\t\t\t\t<\/div>\n\t\t\t\t\t<\/div>\n\t\t<\/div>\n\t\t\t\t\t<\/div>\n\t\t<\/section>\n\t\t\t\t<\/div>\n\t\t\t\t<\/div>\n\t\t\t\t<\/div>\n\t\t\t\t<\/div>\n\t\t\t\t\t<\/div>\n\t\t<\/div>\n\t\t\t\t\t<\/div>\n\t\t<\/section>\n\t\t\t\t<\/div>\n\t\t","protected":false},"excerpt":{"rendered":"<p>Geni\u015f ve s\u0131k\u00e7a de\u011fi\u015fen yasal mevzuata uyum g\u00f6stermenin, i\u015f hayat\u0131ndaki ili\u015fkilerimizi g\u00fcvenli bir hukuki zemin i\u00e7erisinde s\u00fcrd\u00fcrmenin ne kadar kapsaml\u0131 bir hukuki dan\u0131\u015fmanl\u0131k deste\u011fi gerektirdi\u011fini biliyoruz. \u00c7ukur &amp; Partners hukuk firmas\u0131ndaki hukuki dan\u0131\u015fmanl\u0131k hizmetlerimiz ile \u015firketler ve hukuk b\u00fcromuz aras\u0131nda dinamik ve s\u00fcrekli bir ili\u015fki ve ileti\u015fim kurulmakta, \u015firketlere kendi i\u00e7erisindeki bir hukuk servisinin h\u0131z, [&hellip;]<\/p>\n","protected":false},"author":1,"featured_media":0,"parent":968,"menu_order":0,"comment_status":"closed","ping_status":"closed","template":"elementor_header_footer","meta":{"_acf_changed":false,"footnotes":""},"class_list":["post-971","page","type-page","status-publish","hentry"],"acf":[],"_links":{"self":[{"href":"https:\/\/old.cukurpartners.com\/tr\/wp-json\/wp\/v2\/pages\/971"}],"collection":[{"href":"https:\/\/old.cukurpartners.com\/tr\/wp-json\/wp\/v2\/pages"}],"about":[{"href":"https:\/\/old.cukurpartners.com\/tr\/wp-json\/wp\/v2\/types\/page"}],"author":[{"embeddable":true,"href":"https:\/\/old.cukurpartners.com\/tr\/wp-json\/wp\/v2\/users\/1"}],"replies":[{"embeddable":true,"href":"https:\/\/old.cukurpartners.com\/tr\/wp-json\/wp\/v2\/comments?post=971"}],"version-history":[{"count":15,"href":"https:\/\/old.cukurpartners.com\/tr\/wp-json\/wp\/v2\/pages\/971\/revisions"}],"predecessor-version":[{"id":7238,"href":"https:\/\/old.cukurpartners.com\/tr\/wp-json\/wp\/v2\/pages\/971\/revisions\/7238"}],"up":[{"embeddable":true,"href":"https:\/\/old.cukurpartners.com\/tr\/wp-json\/wp\/v2\/pages\/968"}],"wp:attachment":[{"href":"https:\/\/old.cukurpartners.com\/tr\/wp-json\/wp\/v2\/media?parent=971"}],"curies":[{"name":"wp","href":"https:\/\/api.w.org\/{rel}","templated":true}]}}