{"id":972,"date":"2019-10-22T12:20:39","date_gmt":"2019-10-22T12:20:39","guid":{"rendered":"https:\/\/cukurpartners.com\/practices\/"},"modified":"2022-09-26T07:09:39","modified_gmt":"2022-09-26T07:09:39","slug":"size-nasil-yardimci-olabiliriz","status":"publish","type":"page","link":"https:\/\/old.cukurpartners.com\/tr\/size-nasil-yardimci-olabiliriz\/","title":{"rendered":"Size Nas\u0131l Yard\u0131mc\u0131 Olabiliriz"},"content":{"rendered":"\t\t<div data-elementor-type=\"wp-page\" data-elementor-id=\"972\" class=\"elementor elementor-972 elementor-299\" data-elementor-post-type=\"page\">\n\t\t\t\t\t\t<section class=\"elementor-section elementor-top-section elementor-element elementor-element-050aa25 elementor-section-full_width elementor-section-height-default elementor-section-height-default\" data-id=\"050aa25\" data-element_type=\"section\">\n\t\t\t\t\t\t<div class=\"elementor-container elementor-column-gap-default\">\n\t\t\t\t\t<div class=\"elementor-column elementor-col-100 elementor-top-column elementor-element elementor-element-b2778ee\" data-id=\"b2778ee\" data-element_type=\"column\">\n\t\t\t<div class=\"elementor-widget-wrap elementor-element-populated\">\n\t\t\t\t\t\t<div class=\"elementor-element elementor-element-db0b16d elementor-widget elementor-widget-template\" data-id=\"db0b16d\" data-element_type=\"widget\" data-widget_type=\"template.default\">\n\t\t\t\t<div class=\"elementor-widget-container\">\n\t\t\t\t\t<div class=\"elementor-template\">\n\t\t\t\t\t<div data-elementor-type=\"section\" data-elementor-id=\"1010\" class=\"elementor elementor-1010 elementor-748\" data-elementor-post-type=\"elementor_library\">\n\t\t\t\t\t<section class=\"elementor-section elementor-top-section elementor-element elementor-element-79a1fbc elementor-section-height-min-height elementor-section-boxed elementor-section-height-default elementor-section-items-middle\" data-id=\"79a1fbc\" data-element_type=\"section\" data-settings=\"{&quot;background_background&quot;:&quot;classic&quot;}\">\n\t\t\t\t\t\t\t<div class=\"elementor-background-overlay\"><\/div>\n\t\t\t\t\t\t\t<div class=\"elementor-container elementor-column-gap-default\">\n\t\t\t\t\t<div class=\"elementor-column elementor-col-50 elementor-top-column elementor-element elementor-element-f8d2f81\" data-id=\"f8d2f81\" data-element_type=\"column\">\n\t\t\t<div class=\"elementor-widget-wrap elementor-element-populated\">\n\t\t\t\t\t\t<div class=\"elementor-element elementor-element-9b63783 elementor-widget elementor-widget-heading\" data-id=\"9b63783\" data-element_type=\"widget\" data-widget_type=\"heading.default\">\n\t\t\t\t<div class=\"elementor-widget-container\">\n\t\t\t<h2 class=\"elementor-heading-title elementor-size-default\"><\/h2>\t\t<\/div>\n\t\t\t\t<\/div>\n\t\t\t\t\t<\/div>\n\t\t<\/div>\n\t\t\t\t<div class=\"elementor-column elementor-col-50 elementor-top-column elementor-element elementor-element-23d8f88 textright mobcenter\" data-id=\"23d8f88\" data-element_type=\"column\">\n\t\t\t<div class=\"elementor-widget-wrap elementor-element-populated\">\n\t\t\t\t\t\t<div class=\"elementor-element elementor-element-6640c9b mb-5 elementor-widget elementor-widget-heading\" data-id=\"6640c9b\" data-element_type=\"widget\" data-widget_type=\"heading.default\">\n\t\t\t\t<div class=\"elementor-widget-container\">\n\t\t\t<h2 class=\"elementor-heading-title elementor-size-default\">Yunus<\/h2>\t\t<\/div>\n\t\t\t\t<\/div>\n\t\t\t\t<div class=\"elementor-element elementor-element-3e7bacf elementor-widget elementor-widget-text-editor\" data-id=\"3e7bacf\" data-element_type=\"widget\" data-widget_type=\"text-editor.default\">\n\t\t\t\t<div class=\"elementor-widget-container\">\n\t\t\t\t\t\t\t<p>Yunus (Delphinus delphis), T\u00fcrkiye&#8217;nin b\u00fct\u00fcn denizlerinde yayg\u0131n olarak ya\u015far. Son 40 y\u0131l i\u00e7inde t\u00fcr\u00fcn n\u00fcfusu a\u015f\u0131r\u0131 avlanma ve ya\u015fam alanlar\u0131n\u0131n bozulmas\u0131 sonucu %50 d\u00fc\u015fm\u00fc\u015ft\u00fcr.<\/p>\t\t\t\t\t\t<\/div>\n\t\t\t\t<\/div>\n\t\t\t\t\t<\/div>\n\t\t<\/div>\n\t\t\t\t\t<\/div>\n\t\t<\/section>\n\t\t\t\t<\/div>\n\t\t\t\t<\/div>\n\t\t\t\t<\/div>\n\t\t\t\t<\/div>\n\t\t\t\t\t<\/div>\n\t\t<\/div>\n\t\t\t\t\t<\/div>\n\t\t<\/section>\n\t\t\t\t<section class=\"elementor-section elementor-top-section elementor-element elementor-element-f8fc7fd elementor-section-boxed elementor-section-height-default elementor-section-height-default\" data-id=\"f8fc7fd\" data-element_type=\"section\">\n\t\t\t\t\t\t<div class=\"elementor-container elementor-column-gap-default\">\n\t\t\t\t\t<div class=\"elementor-column elementor-col-50 elementor-top-column elementor-element elementor-element-19e3f65\" data-id=\"19e3f65\" data-element_type=\"column\">\n\t\t\t<div class=\"elementor-widget-wrap elementor-element-populated\">\n\t\t\t\t\t\t<div class=\"elementor-element elementor-element-328c35a mb-10 elementor-widget elementor-widget-heading\" data-id=\"328c35a\" data-element_type=\"widget\" data-widget_type=\"heading.default\">\n\t\t\t\t<div class=\"elementor-widget-container\">\n\t\t\t<h2 class=\"elementor-heading-title elementor-size-default\">Size Nas\u0131l Yard\u0131mc\u0131 Olabiliriz<\/h2>\t\t<\/div>\n\t\t\t\t<\/div>\n\t\t\t\t<div class=\"elementor-element elementor-element-8a0c694 elementor-widget elementor-widget-image\" data-id=\"8a0c694\" data-element_type=\"widget\" data-widget_type=\"image.default\">\n\t\t\t\t<div class=\"elementor-widget-container\">\n\t\t\t\t\t\t\t\t\t\t\t\t\t<img decoding=\"async\" width=\"110\" height=\"5\" src=\"https:\/\/old.cukurpartners.com\/wp-content\/uploads\/2019\/10\/colored_line_cy.png\" class=\"attachment-full size-full wp-image-52\" alt=\"\" \/>\t\t\t\t\t\t\t\t\t\t\t\t\t<\/div>\n\t\t\t\t<\/div>\n\t\t\t\t<div class=\"elementor-element elementor-element-54191fd elementor-widget elementor-widget-text-editor\" data-id=\"54191fd\" data-element_type=\"widget\" data-widget_type=\"text-editor.default\">\n\t\t\t\t<div class=\"elementor-widget-container\">\n\t\t\t\t\t\t\t<p>\u00c7ukur &amp; Partners avukatl\u0131k b\u00fcrosunda biz, i\u015f d\u00fcnyas\u0131na hizmet veren bir hukuk b\u00fcrosunun ana i\u015flevinin, \u015firketlere ve i\u015f insanlar\u0131na i\u015flerini b\u00fcy\u00fct\u00fcr ve geli\u015ftirirken hukuki netlik sa\u011flamak ve hukuki riskleri ve ihtilaflar\u0131 azaltmak, uygulanabilir \u00e7\u00f6z\u00fcmler geli\u015ftirmek oldu\u011funa inan\u0131yoruz.<\/p><p>Bu anlay\u0131\u015ftan yola \u00e7\u0131karak, kendimizi i\u015f d\u00fcnyas\u0131n\u0131n i\u015fini kolayla\u015ft\u0131racak, ba\u015far\u0131 yolculu\u011funda \u015firketlere yard\u0131mc\u0131 olacak bir <a href=\"https:\/\/old.cukurpartners.com\/tr\/bizi-taniyin\/neden-farkliyiz\/\">tak\u0131m arkada\u015f\u0131<\/a> olarak konumland\u0131rd\u0131k.<\/p><p>Hizmet \u00e7e\u015fitlili\u011fimiz, <a href=\"https:\/\/old.cukurpartners.com\/tr\/size-nasil-yardimci-olabiliriz\/sektorlerimiz\/\">sekt\u00f6rel deneyim<\/a> ile birle\u015fen \u015fekilde, hukukun i\u015f d\u00fcnyas\u0131n\u0131 ilgilendiren t\u00fcm <a href=\"https:\/\/old.cukurpartners.com\/tr\/size-nasil-yardimci-olabiliriz\/calisma-alanlarimiz\/\">temel \u00e7al\u0131\u015fma alanlar\u0131n\u0131<\/a> ve <a href=\"https:\/\/old.cukurpartners.com\/tr\/size-nasil-yardimci-olabiliriz\/hizmetlerimiz\/ozel-islemlerde-ve-projelerdeki-hukuki-danismanlik-hizmetlerimiz\/\">\u00f6zel uzmanl\u0131k gerektiren hukuki hizmetleri<\/a> de kapsamaktad\u0131r. \u00d6zel hukuki hizmet programlar\u0131m\u0131z ile, \u015eirketlere, ihtiya\u00e7 duyduklar\u0131 g\u00fcncel ve \u00f6zel hukuki konulardaki hukuki dan\u0131\u015fmanl\u0131k deste\u011fini sa\u011flamaktay\u0131z.<\/p><p>\u0130\u015f hayat\u0131n\u0131n, kurumsal ve ki\u015fisel ya\u015fam d\u00f6ng\u00fcs\u00fcn\u00fcn her noktas\u0131nda, \u00c7ukur &amp; Partners hukuk firmas\u0131n\u0131n servisleri ile yan\u0131n\u0131zday\u0131z.<\/p>\t\t\t\t\t\t<\/div>\n\t\t\t\t<\/div>\n\t\t\t\t\t<\/div>\n\t\t<\/div>\n\t\t\t\t<div class=\"elementor-column elementor-col-50 elementor-top-column elementor-element elementor-element-43a3fb3\" data-id=\"43a3fb3\" data-element_type=\"column\">\n\t\t\t<div class=\"elementor-widget-wrap elementor-element-populated\">\n\t\t\t\t\t\t<div class=\"elementor-element elementor-element-3b5fe65 elementor-widget elementor-widget-template\" data-id=\"3b5fe65\" data-element_type=\"widget\" data-widget_type=\"template.default\">\n\t\t\t\t<div class=\"elementor-widget-container\">\n\t\t\t\t\t<div class=\"elementor-template\">\n\t\t\t\t\t<div data-elementor-type=\"section\" data-elementor-id=\"1022\" class=\"elementor elementor-1022 elementor-301\" data-elementor-post-type=\"elementor_library\">\n\t\t\t\t\t<section class=\"elementor-section elementor-top-section elementor-element elementor-element-f6a6c99 elementor-section-boxed elementor-section-height-default elementor-section-height-default\" data-id=\"f6a6c99\" data-element_type=\"section\">\n\t\t\t\t\t\t<div class=\"elementor-container elementor-column-gap-default\">\n\t\t\t\t\t<div class=\"elementor-column elementor-col-100 elementor-top-column elementor-element elementor-element-14d686a\" data-id=\"14d686a\" data-element_type=\"column\">\n\t\t\t<div class=\"elementor-widget-wrap elementor-element-populated\">\n\t\t\t\t\t\t<div class=\"elementor-element elementor-element-a722628 sidemenu elementor-nav-menu--dropdown-tablet elementor-nav-menu__text-align-aside elementor-widget elementor-widget-nav-menu\" data-id=\"a722628\" data-element_type=\"widget\" data-settings=\"{&quot;layout&quot;:&quot;vertical&quot;,&quot;submenu_icon&quot;:{&quot;value&quot;:&quot;&lt;i class=\\&quot;fas fa-caret-down\\&quot;&gt;&lt;\\\/i&gt;&quot;,&quot;library&quot;:&quot;fa-solid&quot;}}\" data-widget_type=\"nav-menu.default\">\n\t\t\t\t<div class=\"elementor-widget-container\">\n\t\t\t\t\t\t<nav aria-label=\"Men\u00fc\" class=\"elementor-nav-menu--main elementor-nav-menu__container elementor-nav-menu--layout-vertical e--pointer-none\">\n\t\t\t\t<ul id=\"menu-1-a722628\" class=\"elementor-nav-menu sm-vertical\"><li class=\"menu-item menu-item-type-post_type menu-item-object-page menu-item-1297\"><a href=\"https:\/\/old.cukurpartners.com\/tr\/size-nasil-yardimci-olabiliriz\/\" class=\"elementor-item\">Size Nas\u0131l Yard\u0131mc\u0131 Olabiliriz<\/a><\/li>\n<li class=\"menu-item menu-item-type-post_type menu-item-object-page menu-item-1298\"><a href=\"https:\/\/old.cukurpartners.com\/tr\/size-nasil-yardimci-olabiliriz\/hizmetlerimiz\/\" class=\"elementor-item\">Hizmetlerimiz<\/a><\/li>\n<li class=\"menu-item menu-item-type-post_type menu-item-object-page menu-item-1299\"><a href=\"https:\/\/old.cukurpartners.com\/tr\/size-nasil-yardimci-olabiliriz\/calisma-alanlarimiz\/\" class=\"elementor-item\">\u00c7al\u0131\u015fma Alanlar\u0131m\u0131z<\/a><\/li>\n<li class=\"menu-item menu-item-type-post_type menu-item-object-page menu-item-1300\"><a href=\"https:\/\/old.cukurpartners.com\/tr\/size-nasil-yardimci-olabiliriz\/sektorlerimiz\/\" class=\"elementor-item\">Sekt\u00f6rlerimiz<\/a><\/li>\n<li class=\"menu-item menu-item-type-post_type menu-item-object-page menu-item-1301\"><a href=\"https:\/\/old.cukurpartners.com\/tr\/uluslararasi\/\" class=\"elementor-item\">Uluslararas\u0131<\/a><\/li>\n<\/ul>\t\t\t<\/nav>\n\t\t\t\t\t\t<nav class=\"elementor-nav-menu--dropdown elementor-nav-menu__container\" aria-hidden=\"true\">\n\t\t\t\t<ul id=\"menu-2-a722628\" class=\"elementor-nav-menu sm-vertical\"><li class=\"menu-item menu-item-type-post_type menu-item-object-page menu-item-1297\"><a href=\"https:\/\/old.cukurpartners.com\/tr\/size-nasil-yardimci-olabiliriz\/\" class=\"elementor-item\" tabindex=\"-1\">Size Nas\u0131l Yard\u0131mc\u0131 Olabiliriz<\/a><\/li>\n<li class=\"menu-item menu-item-type-post_type menu-item-object-page menu-item-1298\"><a href=\"https:\/\/old.cukurpartners.com\/tr\/size-nasil-yardimci-olabiliriz\/hizmetlerimiz\/\" class=\"elementor-item\" tabindex=\"-1\">Hizmetlerimiz<\/a><\/li>\n<li class=\"menu-item menu-item-type-post_type menu-item-object-page menu-item-1299\"><a href=\"https:\/\/old.cukurpartners.com\/tr\/size-nasil-yardimci-olabiliriz\/calisma-alanlarimiz\/\" class=\"elementor-item\" tabindex=\"-1\">\u00c7al\u0131\u015fma Alanlar\u0131m\u0131z<\/a><\/li>\n<li class=\"menu-item menu-item-type-post_type menu-item-object-page menu-item-1300\"><a href=\"https:\/\/old.cukurpartners.com\/tr\/size-nasil-yardimci-olabiliriz\/sektorlerimiz\/\" class=\"elementor-item\" tabindex=\"-1\">Sekt\u00f6rlerimiz<\/a><\/li>\n<li class=\"menu-item menu-item-type-post_type menu-item-object-page menu-item-1301\"><a href=\"https:\/\/old.cukurpartners.com\/tr\/uluslararasi\/\" class=\"elementor-item\" tabindex=\"-1\">Uluslararas\u0131<\/a><\/li>\n<\/ul>\t\t\t<\/nav>\n\t\t\t\t<\/div>\n\t\t\t\t<\/div>\n\t\t\t\t\t<\/div>\n\t\t<\/div>\n\t\t\t\t\t<\/div>\n\t\t<\/section>\n\t\t\t\t<\/div>\n\t\t\t\t<\/div>\n\t\t\t\t<\/div>\n\t\t\t\t<\/div>\n\t\t\t\t\t<\/div>\n\t\t<\/div>\n\t\t\t\t\t<\/div>\n\t\t<\/section>\n\t\t\t\t<\/div>\n\t\t","protected":false},"excerpt":{"rendered":"<p>\u00c7ukur &amp; Partners avukatl\u0131k b\u00fcrosunda biz, i\u015f d\u00fcnyas\u0131na hizmet veren bir hukuk b\u00fcrosunun ana i\u015flevinin, \u015firketlere ve i\u015f insanlar\u0131na i\u015flerini b\u00fcy\u00fct\u00fcr ve geli\u015ftirirken hukuki netlik sa\u011flamak ve hukuki riskleri ve ihtilaflar\u0131 azaltmak, uygulanabilir \u00e7\u00f6z\u00fcmler geli\u015ftirmek oldu\u011funa inan\u0131yoruz. Bu anlay\u0131\u015ftan yola \u00e7\u0131karak, kendimizi i\u015f d\u00fcnyas\u0131n\u0131n i\u015fini kolayla\u015ft\u0131racak, ba\u015far\u0131 yolculu\u011funda \u015firketlere yard\u0131mc\u0131 olacak bir tak\u0131m arkada\u015f\u0131 olarak [&hellip;]<\/p>\n","protected":false},"author":1,"featured_media":0,"parent":0,"menu_order":0,"comment_status":"closed","ping_status":"closed","template":"elementor_header_footer","meta":{"_acf_changed":false,"footnotes":""},"class_list":["post-972","page","type-page","status-publish","hentry"],"acf":[],"_links":{"self":[{"href":"https:\/\/old.cukurpartners.com\/tr\/wp-json\/wp\/v2\/pages\/972"}],"collection":[{"href":"https:\/\/old.cukurpartners.com\/tr\/wp-json\/wp\/v2\/pages"}],"about":[{"href":"https:\/\/old.cukurpartners.com\/tr\/wp-json\/wp\/v2\/types\/page"}],"author":[{"embeddable":true,"href":"https:\/\/old.cukurpartners.com\/tr\/wp-json\/wp\/v2\/users\/1"}],"replies":[{"embeddable":true,"href":"https:\/\/old.cukurpartners.com\/tr\/wp-json\/wp\/v2\/comments?post=972"}],"version-history":[{"count":24,"href":"https:\/\/old.cukurpartners.com\/tr\/wp-json\/wp\/v2\/pages\/972\/revisions"}],"predecessor-version":[{"id":7232,"href":"https:\/\/old.cukurpartners.com\/tr\/wp-json\/wp\/v2\/pages\/972\/revisions\/7232"}],"wp:attachment":[{"href":"https:\/\/old.cukurpartners.com\/tr\/wp-json\/wp\/v2\/media?parent=972"}],"curies":[{"name":"wp","href":"https:\/\/api.w.org\/{rel}","templated":true}]}}