{"id":973,"date":"2019-10-22T08:44:19","date_gmt":"2019-10-22T08:44:19","guid":{"rendered":"https:\/\/cukurpartners.com\/inclusion-diversty-and-wellbeing-of-our-family\/"},"modified":"2021-10-19T07:10:26","modified_gmt":"2021-10-19T07:10:26","slug":"katilimcilik-cesitlilik-ve-refah-uygulamalarimiz","status":"publish","type":"page","link":"https:\/\/old.cukurpartners.com\/tr\/sorumlu-is-anlayisimiz\/katilimcilik-cesitlilik-ve-refah-uygulamalarimiz\/","title":{"rendered":"Kat\u0131l\u0131mc\u0131l\u0131k, \u00c7e\u015fitlilik Ve Refah Uygulamalar\u0131m\u0131z"},"content":{"rendered":"\t\t<div data-elementor-type=\"wp-page\" data-elementor-id=\"973\" class=\"elementor elementor-973 elementor-240\" data-elementor-post-type=\"page\">\n\t\t\t\t\t\t<section class=\"elementor-section elementor-top-section elementor-element elementor-element-1c23a90 elementor-section-full_width elementor-section-height-default elementor-section-height-default\" data-id=\"1c23a90\" data-element_type=\"section\">\n\t\t\t\t\t\t<div class=\"elementor-container elementor-column-gap-default\">\n\t\t\t\t\t<div class=\"elementor-column elementor-col-100 elementor-top-column elementor-element elementor-element-d5b0c8a\" data-id=\"d5b0c8a\" data-element_type=\"column\">\n\t\t\t<div class=\"elementor-widget-wrap elementor-element-populated\">\n\t\t\t\t\t\t<div class=\"elementor-element elementor-element-0cd51b8 elementor-widget elementor-widget-template\" data-id=\"0cd51b8\" data-element_type=\"widget\" data-widget_type=\"template.default\">\n\t\t\t\t<div class=\"elementor-widget-container\">\n\t\t\t\t\t<div class=\"elementor-template\">\n\t\t\t\t\t<div data-elementor-type=\"section\" data-elementor-id=\"1002\" class=\"elementor elementor-1002 elementor-786\" data-elementor-post-type=\"elementor_library\">\n\t\t\t\t\t<section class=\"elementor-section elementor-top-section elementor-element elementor-element-6aca3a0 elementor-section-height-min-height elementor-section-boxed elementor-section-height-default elementor-section-items-middle\" data-id=\"6aca3a0\" data-element_type=\"section\" data-settings=\"{&quot;background_background&quot;:&quot;classic&quot;}\">\n\t\t\t\t\t\t\t<div class=\"elementor-background-overlay\"><\/div>\n\t\t\t\t\t\t\t<div class=\"elementor-container elementor-column-gap-default\">\n\t\t\t\t\t<div class=\"elementor-column elementor-col-50 elementor-top-column elementor-element elementor-element-38df83e\" data-id=\"38df83e\" data-element_type=\"column\">\n\t\t\t<div class=\"elementor-widget-wrap elementor-element-populated\">\n\t\t\t\t\t\t<div class=\"elementor-element elementor-element-9455bb8 elementor-widget elementor-widget-heading\" data-id=\"9455bb8\" data-element_type=\"widget\" data-widget_type=\"heading.default\">\n\t\t\t\t<div class=\"elementor-widget-container\">\n\t\t\t<h2 class=\"elementor-heading-title elementor-size-default\">Sorumlu \u0130\u015f Anlay\u0131\u015f\u0131m\u0131z<\/h2>\t\t<\/div>\n\t\t\t\t<\/div>\n\t\t\t\t\t<\/div>\n\t\t<\/div>\n\t\t\t\t<div class=\"elementor-column elementor-col-50 elementor-top-column elementor-element elementor-element-8bc58c4 textright mobcenter\" data-id=\"8bc58c4\" data-element_type=\"column\">\n\t\t\t<div class=\"elementor-widget-wrap elementor-element-populated\">\n\t\t\t\t\t\t<div class=\"elementor-element elementor-element-428c8ab mb-5 elementor-widget elementor-widget-heading\" data-id=\"428c8ab\" data-element_type=\"widget\" data-widget_type=\"heading.default\">\n\t\t\t\t<div class=\"elementor-widget-container\">\n\t\t\t<h2 class=\"elementor-heading-title elementor-size-default\">Kardelen<\/h2>\t\t<\/div>\n\t\t\t\t<\/div>\n\t\t\t\t<div class=\"elementor-element elementor-element-395eb3e elementor-widget elementor-widget-text-editor\" data-id=\"395eb3e\" data-element_type=\"widget\" data-widget_type=\"text-editor.default\">\n\t\t\t\t<div class=\"elementor-widget-container\">\n\t\t\t\t\t\t\t<p>\u0130lk olarak 1874 y\u0131l\u0131nda, \u0130zmir yak\u0131n\u0131ndaki da\u011flarda bulunmu\u015f olan kardelen (Galanthus Elwesii), Kuzeybat\u0131, Bat\u0131, G\u00fcneybat\u0131 Anadolu&#8217;da yay\u0131l\u0131\u015f g\u00f6sterir. Do\u011fadan a\u015f\u0131r\u0131 miktarda toplanarak sat\u0131lmas\u0131 kardelenlerin neslini tehlike alt\u0131na sokmu\u015ftur.<\/p>\t\t\t\t\t\t<\/div>\n\t\t\t\t<\/div>\n\t\t\t\t\t<\/div>\n\t\t<\/div>\n\t\t\t\t\t<\/div>\n\t\t<\/section>\n\t\t\t\t<\/div>\n\t\t\t\t<\/div>\n\t\t\t\t<\/div>\n\t\t\t\t<\/div>\n\t\t\t\t\t<\/div>\n\t\t<\/div>\n\t\t\t\t\t<\/div>\n\t\t<\/section>\n\t\t\t\t<section class=\"elementor-section elementor-top-section elementor-element elementor-element-975816f elementor-section-boxed elementor-section-height-default elementor-section-height-default\" data-id=\"975816f\" data-element_type=\"section\">\n\t\t\t\t\t\t<div class=\"elementor-container elementor-column-gap-default\">\n\t\t\t\t\t<div class=\"elementor-column elementor-col-50 elementor-top-column elementor-element elementor-element-669d382\" data-id=\"669d382\" data-element_type=\"column\">\n\t\t\t<div class=\"elementor-widget-wrap elementor-element-populated\">\n\t\t\t\t\t\t<div class=\"elementor-element elementor-element-af3914b mb-10 elementor-widget elementor-widget-heading\" data-id=\"af3914b\" data-element_type=\"widget\" data-widget_type=\"heading.default\">\n\t\t\t\t<div class=\"elementor-widget-container\">\n\t\t\t<h2 class=\"elementor-heading-title elementor-size-default\">Kat\u0131l\u0131mc\u0131l\u0131k, \u00c7e\u015fitlilik Ve Refah Uygulamalar\u0131m\u0131z<\/h2>\t\t<\/div>\n\t\t\t\t<\/div>\n\t\t\t\t<div class=\"elementor-element elementor-element-9c5300a elementor-widget elementor-widget-image\" data-id=\"9c5300a\" data-element_type=\"widget\" data-widget_type=\"image.default\">\n\t\t\t\t<div class=\"elementor-widget-container\">\n\t\t\t\t\t\t\t\t\t\t\t\t\t<img decoding=\"async\" width=\"110\" height=\"5\" src=\"https:\/\/old.cukurpartners.com\/wp-content\/uploads\/2019\/10\/colored_line_cy.png\" class=\"attachment-full size-full wp-image-52\" alt=\"\" \/>\t\t\t\t\t\t\t\t\t\t\t\t\t<\/div>\n\t\t\t\t<\/div>\n\t\t\t\t<div class=\"elementor-element elementor-element-55ff06c elementor-widget elementor-widget-text-editor\" data-id=\"55ff06c\" data-element_type=\"widget\" data-widget_type=\"text-editor.default\">\n\t\t\t\t<div class=\"elementor-widget-container\">\n\t\t\t\t\t\t\t<p>\u00c7ukur ve Partners <span style=\"font-weight: 400;\">hukuk firmas\u0131n<\/span>da biz, refah i\u00e7inde kat\u0131l\u0131mc\u0131, destekleyici ve sa\u011fl\u0131kl\u0131 bir ortamda \u00e7al\u0131\u015fan mutlu avukatlar ve geni\u015f bir <span style=\"font-weight: 400;\">tak\u0131m\u0131z<\/span>. Bu, itibar\u0131m\u0131z\u0131n ve m\u00fc\u015fterilerimize y\u00fcksek kalitede ve eri\u015filebilir hizmetlerimizi sa\u011flama g\u00fcc\u00fcm\u00fcz\u00fcn e\u015fsiz temelidir.<\/p>\n<p><span style=\"font-weight: 400;\">Biz insanlar, avukatlar eliyle insanlara hizmet sunan bir i\u015fi yap\u0131yoruz ve bireysel de\u011ferleri te\u015fvik etmek k\u00fclt\u00fcr\u00fcm\u00fcz\u00fcn bir par\u00e7as\u0131.<\/span><\/p>\n<p>\u00c7ukur &amp; Partners ailesindeki i\u015f ya\u015fam\u0131n\u0131,<\/p>\n<ul>\n<li>Kat\u0131l\u0131mc\u0131 ve destekleyici,<\/li>\n<li>\u00c7e\u015fitlili\u011fe sayg\u0131 duyan ve bunu zenginlik olarak g\u00f6ren,<\/li>\n<li>E\u015fit f\u0131rsatlar sa\u011flayan,<\/li>\n<li>\u00d6zel ya\u015fam \/ \u0130\u015f ya\u015fam\u0131 dengesi hakk\u0131nda bilin\u00e7li,<\/li>\n<li>Aile dostu,<\/li>\n<li>Kad\u0131nlara de\u011fer veren ve onlar\u0131 takdir eden,<\/li>\n<li>Sa\u011fl\u0131kl\u0131 ve refaha \u00f6nem veren \u015feklinde tan\u0131mlayabiliriz.<\/li>\n<\/ul>\n<p><span style=\"font-weight: 400;\">\u00c7e\u015fitlili\u011fimiz ve kat\u0131l\u0131mc\u0131 uygulamalar\u0131m\u0131z, de\u011ferlerimizi \u00c7ukur &amp; Partners avukatl\u0131k b\u00fcrosunda nas\u0131l ger\u00e7ekle\u015ftirdi\u011fimizi, avukatlar\u0131m\u0131za ve ekibimize nas\u0131l bakt\u0131\u011f\u0131m\u0131z\u0131 yans\u0131t\u0131r. Birbirimizin bireysellik ve farkl\u0131l\u0131klar\u0131na de\u011fer vermenin, \u00e7al\u0131\u015ft\u0131\u011f\u0131m\u0131z tak\u0131mlara, ekibimize ve bir b\u00fct\u00fcn olarak hukuk b\u00fcromuza g\u00fc\u00e7 katt\u0131\u011f\u0131n\u0131 biliyoruz. Ayr\u0131mc\u0131l\u0131\u011f\u0131n olmad\u0131\u011f\u0131 ve \u00f6nyarg\u0131s\u0131z bir atmosferde \u00e7al\u0131\u015f\u0131yoruz. Ekip \u00e7al\u0131\u015fmas\u0131, birbirimize sayg\u0131 ve g\u00fcven, \u015feffafl\u0131k, adalet, f\u0131rsat e\u015fitli\u011fi, farkl\u0131l\u0131klar\u0131n kabul\u00fc \u00c7ukur &amp; Partners hukuk firmas\u0131nda i\u015f k\u00fclt\u00fcr\u00fcm\u00fcz\u00fcn temel unsurlar\u0131d\u0131r.<\/span><\/p>\n<p><span style=\"font-weight: 400;\">Cinsiyete, kimli\u011fe, \u0131rka, ulusal veya etnik k\u00f6kenlere, sosyal veya ekonomik ge\u00e7mi\u015flere ya da stat\u00fcye, fiziksel yeterlili\u011fe, dini yahut siyasi inan\u00e7lara veya di\u011fer ideolojilere dayanan hi\u00e7bir engel olmadan, herkesin tam anlam\u0131yla ba\u015far\u0131l\u0131 ve mutlu olma \u015fans\u0131na sahip oldu\u011fu, destekleyici ve kapsay\u0131c\u0131 bir kurum olman\u0131n de\u011ferine inan\u0131yoruz.&nbsp;<\/span><\/p>\n<p><span style=\"font-weight: 400;\">Farkl\u0131 bireysel \u00f6zellikler ta\u015f\u0131yan avukatlar\u0131m\u0131z\u0131n ve ekip arkada\u015flar\u0131m\u0131z\u0131n, hizmet uygulamalar\u0131m\u0131za ve i\u015fimize de\u011ferli fikirler ve yenilikler sa\u011flad\u0131\u011f\u0131n\u0131n fark\u0131nday\u0131z. \u00c7ukur &amp; Partners hukuk firmas\u0131n\u0131n t\u00fcm fertlerinin farkl\u0131 bak\u0131\u015f a\u00e7\u0131lar\u0131ndan yararlanman\u0131n \u00f6nemini bildi\u011fimiz i\u00e7in, hukuk b\u00fcromuz i\u00e7erisindeki herkesi y\u00f6netsel ve operasyonel s\u00fcre\u00e7lere kat\u0131lmaya ve fikirlerini \u00f6zg\u00fcrce payla\u015fmaya te\u015fvik ediyoruz. Bu tak\u0131m ruhu, m\u00fcvekkillerimizin beklentilerini kar\u015f\u0131lamak, birbirimizi anlamak, birlikte \u00e7al\u0131\u015fmak ve \u015firket k\u00fclt\u00fcr\u00fcn\u00fc g\u00fc\u00e7lendirmek i\u00e7in bizi daha iyi konumland\u0131r\u0131yor. \u00c7ukur &amp; Partners avukatl\u0131k b\u00fcrosunda, t\u00fcm avukatlar\u0131n ve ekibimizin kendilerini de\u011ferli, aidiyet duygusu i\u00e7erisinde ve birlikte hizmet \u00fcretmeye istekli hissettikleri bir ortam yaratmak i\u00e7in \u00e7al\u0131\u015f\u0131yoruz.<\/span><\/p>\n<p><span style=\"font-weight: 400;\">\u00c7ukur ve Partners hukuk b\u00fcrosunun t\u00fcm avukatlar\u0131na ve ekibine, bireysel performanslar\u0131n\u0131 g\u00f6sterme, bunu geli\u015ftirme, yeteneklerini kullanma ve potansiyellerini ger\u00e7ekle\u015ftirme konusunda elveri\u015fli ve yeterli f\u0131rsatlar\u0131 sa\u011flamak i\u00e7in \u00e7aba g\u00f6steriyoruz. \u00c7ukur &amp; Partners hukuk firmas\u0131nda avukatlar ve ekip arkada\u015flar\u0131m\u0131z, kariyerleri boyunca mentorluk, ko\u00e7luk, kariyer planlama ve rehberlik, ki\u015fisel ve mesleki geli\u015fim programlar\u0131 ve bireyin kendine \u00f6zg\u00fc geli\u015fim ihtiya\u00e7lar\u0131na odaklanan \u00e7ok \u00e7e\u015fitli beceri e\u011fitimleriyle destekleniyorlar.<\/span><\/p>\n<p><span style=\"font-weight: 400;\">\u0130\u015f ya\u015fam\u0131 ve \u00f6zel hayat dengesinin \u00f6nemli konusunda bilin\u00e7liyiz. Bu nedenle, ekibimizin \u00f6zel hayatlar\u0131na yeterli zaman ay\u0131rmalar\u0131na \u00f6zen g\u00f6steriyoruz. Ofislerimizde a\u015f\u0131r\u0131 \u00e7al\u0131\u015fma saatlerimiz yok; ekibimizin dinlenme g\u00fcn ve saatlerine, hafta sonlar\u0131na, tatillerine ve ki\u015fisel zamanlar\u0131na ciddiyetle sayg\u0131 duyuyoruz. Gerekti\u011finde esnek ve alternatif \u00e7al\u0131\u015fma modelleri uyguluyoruz. Bunlar\u0131n i\u015f verimlili\u011fimizi art\u0131rd\u0131\u011f\u0131n\u0131n fark\u0131nday\u0131z.<\/span><\/p>\n<p><span style=\"font-weight: 400;\">Ekip arkada\u015flar\u0131m\u0131z\u0131n i\u015f hayat\u0131 d\u0131\u015f\u0131nda da bir ya\u015famlar\u0131n\u0131n bulundu\u011funu bilen, buna hak etti\u011fi de\u011feri veren, aile dostu bir hukuk firmas\u0131 olmaktan gurur duyuyoruz. Bu anlay\u0131\u015f\u0131m\u0131z\u0131 desteklemek i\u00e7in verimli bir \u00e7al\u0131\u015fma ortam\u0131n\u0131 yarat\u0131yor ve ekibimizin ailelerine gereken zaman\u0131 ay\u0131rmalar\u0131 i\u00e7in gerekli esnekli\u011fi sa\u011fl\u0131yoruz. Annelik ve babal\u0131k sorumluluklar\u0131n\u0131 lay\u0131\u011f\u0131yla yerine getirmelerini \u00e7ok \u00f6nemsiyoruz.<\/span><\/p>\n<p>Ekimizdeki kad\u0131nlar, ki \u00c7ukur &amp; Partners<span style=\"font-weight: 400;\">&nbsp;avukatl\u0131k b\u00fcrosu <\/span>ekibinde \u00e7o\u011funlu\u011fu te\u015fkil ediyorlar, en \u00f6nde gelen zenginliklerimizden birisi. <a href=\"https:\/\/www.globalcompactturkiye.org\/kadinin-guclenmesi\/\" target=\"_blank\" rel=\"noopener\">Birle\u015fmi\u015f Milletler Kad\u0131n G\u00fc\u00e7lendirilmesi Prensiplerinin (WEP\u2019s)<\/a><span style=\"font-weight: 400;\"> ilk imzalayan hukuk b\u00fcrolar\u0131ndan olmakla, kad\u0131nlar\u0131n i\u015f d\u00fcnyas\u0131nda rol\u00fcne olan inan\u00e7 ve ba\u011fl\u0131l\u0131\u011f\u0131m\u0131z\u0131n alt\u0131n\u0131 \u00e7iziyoruz.<\/span><\/p>\n<p><span style=\"font-weight: 400;\">Kad\u0131nlar\u0131n ya\u015fam\u0131n ve hukuk b\u00fcromuzun i\u00e7erisindeki pozitif etkilerine g\u00fcveniyoruz; yapt\u0131\u011f\u0131m\u0131z her \u015feyin i\u00e7inde onlar\u0131 eme\u011fi ve sesi en g\u00fc\u00e7l\u00fc \u015fekilde var. \u00c7ukur ve Partners hukuk firmas\u0131n\u0131n kad\u0131nlar\u0131, dinamik, kararl\u0131 ve ba\u015far\u0131l\u0131. Her g\u00fcn m\u00fcvekkillerimiz i\u00e7in kayda de\u011fer hizmetler ve sonu\u00e7lar yarat\u0131yorlar. Daha da \u00f6nemlisi, t\u00fcm bunlar\u0131 ba\u015far\u0131rken, kad\u0131n olman\u0131n de\u011ferli \u00f6z\u00fcn\u00fc ve di\u015fil ruhlar\u0131n\u0131 feda etmeleri gerekmiyor.<\/span><\/p>\n<p><span style=\"font-weight: 400;\">Amac\u0131m\u0131z, kad\u0131n avukatlar\u0131m\u0131z\u0131n ve \u00e7al\u0131\u015fma arkada\u015flar\u0131m\u0131z\u0131n ba\u015far\u0131s\u0131 ve geli\u015fimi i\u00e7in ger\u00e7ek bir platform olmak. Kad\u0131nlar, \u00c7ukur &amp; Partners hukuk b\u00fcrosunda \u00fcst y\u00f6netim pozisyonlar\u0131nda sorumluluk alabiliyorlar, \u00e7al\u0131\u015fmalar\u0131m\u0131za ve ekiplerimize liderlik edebiliyorlar; m\u00fckemmel profesyoneller olarak ba\u015far\u0131l\u0131 olabilecekleri e\u015fit f\u0131rsatlar\u0131 elde ediyorlar.<\/span><\/p>\n<p><span style=\"font-weight: 400;\">\u00c7ukur &amp; Partners avukatl\u0131k b\u00fcrosunda ekibimizi olu\u015fturan bireylerin refah\u0131 ve sa\u011fl\u0131\u011f\u0131 ile yak\u0131ndan ilgileniyoruz.<\/span><\/p>\n<p><span style=\"font-weight: 400;\">\u0130nsan\u0131n ancak mutlu, dengeli, sa\u011fl\u0131kl\u0131 oldu\u011funda i\u015finden keyif ald\u0131\u011f\u0131n\u0131, daha iyi ya\u015fad\u0131\u011f\u0131n\u0131 ve performans g\u00f6sterdi\u011fini biliyoruz. Bu nedenle, avukatlar ve ekibimiz i\u00e7in entelekt\u00fcel, fiziksel, duygusal, sosyal ve mesleki y\u00f6nleri kapsayan \u00f6zel bir sa\u011fl\u0131k ve refah politikas\u0131 yaratarak, \u00c7ukur &amp; Partners hukuk firmas\u0131nda ekip arkada\u015flar\u0131m\u0131z\u0131n iyili\u011fine katk\u0131da bulunmaya \u00e7al\u0131\u015f\u0131yoruz.<\/span><\/p>\n<p><span style=\"font-weight: 400;\">\u00c7ukur ve Partners hukuk b\u00fcrosunda, iyi bir \u00e7al\u0131\u015fma ortam\u0131n\u0131n ve refah\u0131n ekip \u00fcyelerimizin her biri i\u00e7in farkl\u0131 anlamlar\u0131 olabilece\u011finin fark\u0131nday\u0131z. Bu \u00e7er\u00e7evede, ekibimize y\u00f6nelik yakla\u015f\u0131m\u0131m\u0131z, ki\u015fisel geli\u015fim, dan\u0131\u015fmanl\u0131k, fitness ve beslenme, yoga ve meditasyon, \u00e7at\u0131\u015fma \u00e7\u00f6zme gibi genel sa\u011fl\u0131k ve iyilik i\u00e7in \u00f6nem ta\u015f\u0131yan temel destekleri i\u00e7eriyor.<\/span><\/p>\t\t\t\t\t\t<\/div>\n\t\t\t\t<\/div>\n\t\t\t\t\t<\/div>\n\t\t<\/div>\n\t\t\t\t<div class=\"elementor-column elementor-col-50 elementor-top-column elementor-element elementor-element-85f7689\" data-id=\"85f7689\" data-element_type=\"column\">\n\t\t\t<div class=\"elementor-widget-wrap elementor-element-populated\">\n\t\t\t\t\t\t<div class=\"elementor-element elementor-element-c7a7362 elementor-widget elementor-widget-template\" data-id=\"c7a7362\" data-element_type=\"widget\" data-widget_type=\"template.default\">\n\t\t\t\t<div class=\"elementor-widget-container\">\n\t\t\t\t\t<div class=\"elementor-template\">\n\t\t\t\t\t<div data-elementor-type=\"section\" data-elementor-id=\"1023\" class=\"elementor elementor-1023 elementor-216\" data-elementor-post-type=\"elementor_library\">\n\t\t\t\t\t<section class=\"elementor-section elementor-top-section elementor-element elementor-element-e22e1f3 elementor-section-boxed elementor-section-height-default elementor-section-height-default\" data-id=\"e22e1f3\" data-element_type=\"section\">\n\t\t\t\t\t\t<div class=\"elementor-container elementor-column-gap-default\">\n\t\t\t\t\t<div class=\"elementor-column elementor-col-100 elementor-top-column elementor-element elementor-element-dcec2a6\" data-id=\"dcec2a6\" data-element_type=\"column\">\n\t\t\t<div class=\"elementor-widget-wrap elementor-element-populated\">\n\t\t\t\t\t\t<div class=\"elementor-element elementor-element-26d0b63 sidemenu elementor-nav-menu--dropdown-tablet elementor-nav-menu__text-align-aside elementor-widget elementor-widget-nav-menu\" data-id=\"26d0b63\" data-element_type=\"widget\" data-settings=\"{&quot;layout&quot;:&quot;vertical&quot;,&quot;submenu_icon&quot;:{&quot;value&quot;:&quot;&lt;i class=\\&quot;fas fa-caret-down\\&quot;&gt;&lt;\\\/i&gt;&quot;,&quot;library&quot;:&quot;fa-solid&quot;}}\" data-widget_type=\"nav-menu.default\">\n\t\t\t\t<div class=\"elementor-widget-container\">\n\t\t\t\t\t\t<nav aria-label=\"Men\u00fc\" class=\"elementor-nav-menu--main elementor-nav-menu__container elementor-nav-menu--layout-vertical e--pointer-none\">\n\t\t\t\t<ul id=\"menu-1-26d0b63\" class=\"elementor-nav-menu sm-vertical\"><li class=\"menu-item menu-item-type-post_type menu-item-object-page menu-item-2633\"><a href=\"https:\/\/old.cukurpartners.com\/tr\/surdurulebi%cc%87li%cc%87r-cozum-ortaginiz\/\" class=\"elementor-item\">S\u00fcrd\u00fcr\u00fclebilir \u00c7\u00f6z\u00fcm Orta\u011f\u0131n\u0131z<\/a><\/li>\n<li class=\"menu-item menu-item-type-post_type menu-item-object-page menu-item-has-children menu-item-2644\"><a href=\"https:\/\/old.cukurpartners.com\/tr\/cukur-partners-akademi\/\" class=\"elementor-item\">\u00c7ukur &#038; Partners Akademi<\/a>\n<ul class=\"sub-menu elementor-nav-menu--dropdown\">\n\t<li class=\"menu-item menu-item-type-post_type menu-item-object-page menu-item-6688\"><a href=\"https:\/\/old.cukurpartners.com\/tr\/cukur-partners-akademi-kevser-ve-nihat-cukur-egitim-burslari\/\" class=\"elementor-sub-item\">\u00c7ukur &#038; Partners Akademi \u201cKevser Ve Nihat \u00c7ukur E\u011fitim Burslar\u0131\u201d<\/a><\/li>\n\t<li class=\"menu-item menu-item-type-post_type menu-item-object-page menu-item-6689\"><a href=\"https:\/\/old.cukurpartners.com\/tr\/hukuk-fakultesi-ogrencileri-icin-avukatlik-kariyerine-hazirlik-programi\/\" class=\"elementor-sub-item\">Hukuk Fak\u00fcltesi \u00d6\u011frencileri \u0130\u00e7in Avukatl\u0131k Kariyerine Haz\u0131rl\u0131k Program\u0131<\/a><\/li>\n\t<li class=\"menu-item menu-item-type-post_type menu-item-object-page menu-item-6690\"><a href=\"https:\/\/old.cukurpartners.com\/tr\/meslege-yeni-baslayan-avukatlar-ve-stajyer-avukatlar-icin-mentorluk-programi\/\" class=\"elementor-sub-item\">Mesle\u011fe Yeni Ba\u015flayan Avukatlar ve Stajyer Avukatlar \u0130\u00e7in Mentorluk Program\u0131<\/a><\/li>\n\t<li class=\"menu-item menu-item-type-post_type menu-item-object-page menu-item-6691\"><a href=\"https:\/\/old.cukurpartners.com\/tr\/cukur-partners-akademi-social-club\/\" class=\"elementor-sub-item\">\u00c7ukur &#038; Partners Akademi Social Club<\/a><\/li>\n<\/ul>\n<\/li>\n<li class=\"menu-item menu-item-type-post_type menu-item-object-page menu-item-1293\"><a href=\"https:\/\/old.cukurpartners.com\/tr\/sorumlu-is-anlayisimiz\/kurumsal-sosyal-sorumluluk-ve-ucretsiz-hukuki-hizmet-pro-bono-uygulamalarimiz\/\" class=\"elementor-item\">Kurumsal Sosyal Sorumluluk Ve \u00dccretsiz Hukuki Hizmet (Pro Bono) Uygulamalar\u0131m\u0131z<\/a><\/li>\n<li class=\"menu-item menu-item-type-post_type menu-item-object-page menu-item-1294\"><a href=\"https:\/\/old.cukurpartners.com\/tr\/sorumlu-is-anlayisimiz\/etik-ve-is-ilkelerimiz\/\" class=\"elementor-item\">Etik ve \u0130\u015f \u0130lkelerimiz<\/a><\/li>\n<li class=\"menu-item menu-item-type-post_type menu-item-object-page menu-item-1295\"><a href=\"https:\/\/old.cukurpartners.com\/tr\/sorumlu-is-anlayisimiz\/surdurulebilirlik-ve-cevre\/\" class=\"elementor-item\">S\u00fcrd\u00fcr\u00fclebilirlik ve \u00c7evre<\/a><\/li>\n<li class=\"menu-item menu-item-type-post_type menu-item-object-page menu-item-1296\"><a href=\"https:\/\/old.cukurpartners.com\/tr\/sorumlu-is-anlayisimiz\/katilimcilik-cesitlilik-ve-refah-uygulamalarimiz\/\" class=\"elementor-item\">Kat\u0131l\u0131mc\u0131l\u0131k, \u00c7e\u015fitlilik Ve Refah Uygulamalar\u0131m\u0131z<\/a><\/li>\n<\/ul>\t\t\t<\/nav>\n\t\t\t\t\t\t<nav class=\"elementor-nav-menu--dropdown elementor-nav-menu__container\" aria-hidden=\"true\">\n\t\t\t\t<ul id=\"menu-2-26d0b63\" class=\"elementor-nav-menu sm-vertical\"><li class=\"menu-item menu-item-type-post_type menu-item-object-page menu-item-2633\"><a href=\"https:\/\/old.cukurpartners.com\/tr\/surdurulebi%cc%87li%cc%87r-cozum-ortaginiz\/\" class=\"elementor-item\" tabindex=\"-1\">S\u00fcrd\u00fcr\u00fclebilir \u00c7\u00f6z\u00fcm Orta\u011f\u0131n\u0131z<\/a><\/li>\n<li class=\"menu-item menu-item-type-post_type menu-item-object-page menu-item-has-children menu-item-2644\"><a href=\"https:\/\/old.cukurpartners.com\/tr\/cukur-partners-akademi\/\" class=\"elementor-item\" tabindex=\"-1\">\u00c7ukur &#038; Partners Akademi<\/a>\n<ul class=\"sub-menu elementor-nav-menu--dropdown\">\n\t<li class=\"menu-item menu-item-type-post_type menu-item-object-page menu-item-6688\"><a href=\"https:\/\/old.cukurpartners.com\/tr\/cukur-partners-akademi-kevser-ve-nihat-cukur-egitim-burslari\/\" class=\"elementor-sub-item\" tabindex=\"-1\">\u00c7ukur &#038; Partners Akademi \u201cKevser Ve Nihat \u00c7ukur E\u011fitim Burslar\u0131\u201d<\/a><\/li>\n\t<li class=\"menu-item menu-item-type-post_type menu-item-object-page menu-item-6689\"><a href=\"https:\/\/old.cukurpartners.com\/tr\/hukuk-fakultesi-ogrencileri-icin-avukatlik-kariyerine-hazirlik-programi\/\" class=\"elementor-sub-item\" tabindex=\"-1\">Hukuk Fak\u00fcltesi \u00d6\u011frencileri \u0130\u00e7in Avukatl\u0131k Kariyerine Haz\u0131rl\u0131k Program\u0131<\/a><\/li>\n\t<li class=\"menu-item menu-item-type-post_type menu-item-object-page menu-item-6690\"><a href=\"https:\/\/old.cukurpartners.com\/tr\/meslege-yeni-baslayan-avukatlar-ve-stajyer-avukatlar-icin-mentorluk-programi\/\" class=\"elementor-sub-item\" tabindex=\"-1\">Mesle\u011fe Yeni Ba\u015flayan Avukatlar ve Stajyer Avukatlar \u0130\u00e7in Mentorluk Program\u0131<\/a><\/li>\n\t<li class=\"menu-item menu-item-type-post_type menu-item-object-page menu-item-6691\"><a href=\"https:\/\/old.cukurpartners.com\/tr\/cukur-partners-akademi-social-club\/\" class=\"elementor-sub-item\" tabindex=\"-1\">\u00c7ukur &#038; Partners Akademi Social Club<\/a><\/li>\n<\/ul>\n<\/li>\n<li class=\"menu-item menu-item-type-post_type menu-item-object-page menu-item-1293\"><a href=\"https:\/\/old.cukurpartners.com\/tr\/sorumlu-is-anlayisimiz\/kurumsal-sosyal-sorumluluk-ve-ucretsiz-hukuki-hizmet-pro-bono-uygulamalarimiz\/\" class=\"elementor-item\" tabindex=\"-1\">Kurumsal Sosyal Sorumluluk Ve \u00dccretsiz Hukuki Hizmet (Pro Bono) Uygulamalar\u0131m\u0131z<\/a><\/li>\n<li class=\"menu-item menu-item-type-post_type menu-item-object-page menu-item-1294\"><a href=\"https:\/\/old.cukurpartners.com\/tr\/sorumlu-is-anlayisimiz\/etik-ve-is-ilkelerimiz\/\" class=\"elementor-item\" tabindex=\"-1\">Etik ve \u0130\u015f \u0130lkelerimiz<\/a><\/li>\n<li class=\"menu-item menu-item-type-post_type menu-item-object-page menu-item-1295\"><a href=\"https:\/\/old.cukurpartners.com\/tr\/sorumlu-is-anlayisimiz\/surdurulebilirlik-ve-cevre\/\" class=\"elementor-item\" tabindex=\"-1\">S\u00fcrd\u00fcr\u00fclebilirlik ve \u00c7evre<\/a><\/li>\n<li class=\"menu-item menu-item-type-post_type menu-item-object-page menu-item-1296\"><a href=\"https:\/\/old.cukurpartners.com\/tr\/sorumlu-is-anlayisimiz\/katilimcilik-cesitlilik-ve-refah-uygulamalarimiz\/\" class=\"elementor-item\" tabindex=\"-1\">Kat\u0131l\u0131mc\u0131l\u0131k, \u00c7e\u015fitlilik Ve Refah Uygulamalar\u0131m\u0131z<\/a><\/li>\n<\/ul>\t\t\t<\/nav>\n\t\t\t\t<\/div>\n\t\t\t\t<\/div>\n\t\t\t\t\t<\/div>\n\t\t<\/div>\n\t\t\t\t\t<\/div>\n\t\t<\/section>\n\t\t\t\t<\/div>\n\t\t\t\t<\/div>\n\t\t\t\t<\/div>\n\t\t\t\t<\/div>\n\t\t\t\t\t<\/div>\n\t\t<\/div>\n\t\t\t\t\t<\/div>\n\t\t<\/section>\n\t\t\t\t<\/div>\n\t\t","protected":false},"excerpt":{"rendered":"<p>\u00c7ukur ve Partners hukuk firmas\u0131nda biz, refah i\u00e7inde kat\u0131l\u0131mc\u0131, destekleyici ve sa\u011fl\u0131kl\u0131 bir ortamda \u00e7al\u0131\u015fan mutlu avukatlar ve geni\u015f bir tak\u0131m\u0131z. Bu, itibar\u0131m\u0131z\u0131n ve m\u00fc\u015fterilerimize y\u00fcksek kalitede ve eri\u015filebilir hizmetlerimizi sa\u011flama g\u00fcc\u00fcm\u00fcz\u00fcn e\u015fsiz temelidir. Biz insanlar, avukatlar eliyle insanlara hizmet sunan bir i\u015fi yap\u0131yoruz ve bireysel de\u011ferleri te\u015fvik etmek k\u00fclt\u00fcr\u00fcm\u00fcz\u00fcn bir par\u00e7as\u0131. \u00c7ukur &amp; Partners [&hellip;]<\/p>\n","protected":false},"author":1,"featured_media":0,"parent":977,"menu_order":0,"comment_status":"closed","ping_status":"closed","template":"elementor_header_footer","meta":{"_acf_changed":false,"footnotes":""},"class_list":["post-973","page","type-page","status-publish","hentry"],"acf":[],"_links":{"self":[{"href":"https:\/\/old.cukurpartners.com\/tr\/wp-json\/wp\/v2\/pages\/973"}],"collection":[{"href":"https:\/\/old.cukurpartners.com\/tr\/wp-json\/wp\/v2\/pages"}],"about":[{"href":"https:\/\/old.cukurpartners.com\/tr\/wp-json\/wp\/v2\/types\/page"}],"author":[{"embeddable":true,"href":"https:\/\/old.cukurpartners.com\/tr\/wp-json\/wp\/v2\/users\/1"}],"replies":[{"embeddable":true,"href":"https:\/\/old.cukurpartners.com\/tr\/wp-json\/wp\/v2\/comments?post=973"}],"version-history":[{"count":16,"href":"https:\/\/old.cukurpartners.com\/tr\/wp-json\/wp\/v2\/pages\/973\/revisions"}],"predecessor-version":[{"id":5625,"href":"https:\/\/old.cukurpartners.com\/tr\/wp-json\/wp\/v2\/pages\/973\/revisions\/5625"}],"up":[{"embeddable":true,"href":"https:\/\/old.cukurpartners.com\/tr\/wp-json\/wp\/v2\/pages\/977"}],"wp:attachment":[{"href":"https:\/\/old.cukurpartners.com\/tr\/wp-json\/wp\/v2\/media?parent=973"}],"curies":[{"name":"wp","href":"https:\/\/api.w.org\/{rel}","templated":true}]}}