{"id":974,"date":"2019-10-22T08:39:39","date_gmt":"2019-10-22T08:39:39","guid":{"rendered":"https:\/\/cukurpartners.com\/sustainability-environment\/"},"modified":"2021-10-18T14:21:08","modified_gmt":"2021-10-18T14:21:08","slug":"surdurulebilirlik-ve-cevre","status":"publish","type":"page","link":"https:\/\/old.cukurpartners.com\/tr\/sorumlu-is-anlayisimiz\/surdurulebilirlik-ve-cevre\/","title":{"rendered":"S\u00fcrd\u00fcr\u00fclebilirlik ve \u00c7evre"},"content":{"rendered":"\t\t<div data-elementor-type=\"wp-page\" data-elementor-id=\"974\" class=\"elementor elementor-974 elementor-236\" data-elementor-post-type=\"page\">\n\t\t\t\t\t\t<section class=\"elementor-section elementor-top-section elementor-element elementor-element-68ba573 elementor-section-full_width elementor-section-height-default elementor-section-height-default\" data-id=\"68ba573\" data-element_type=\"section\">\n\t\t\t\t\t\t<div class=\"elementor-container elementor-column-gap-default\">\n\t\t\t\t\t<div class=\"elementor-column elementor-col-100 elementor-top-column elementor-element elementor-element-79b4c90\" data-id=\"79b4c90\" data-element_type=\"column\">\n\t\t\t<div class=\"elementor-widget-wrap elementor-element-populated\">\n\t\t\t\t\t\t<div class=\"elementor-element elementor-element-c5ddaba elementor-widget elementor-widget-template\" data-id=\"c5ddaba\" data-element_type=\"widget\" data-widget_type=\"template.default\">\n\t\t\t\t<div class=\"elementor-widget-container\">\n\t\t\t\t\t<div class=\"elementor-template\">\n\t\t\t\t\t<div data-elementor-type=\"section\" data-elementor-id=\"1007\" class=\"elementor elementor-1007 elementor-760\" data-elementor-post-type=\"elementor_library\">\n\t\t\t\t\t<section class=\"elementor-section elementor-top-section elementor-element elementor-element-b085d4e elementor-section-height-min-height elementor-section-boxed elementor-section-height-default elementor-section-items-middle\" data-id=\"b085d4e\" data-element_type=\"section\" data-settings=\"{&quot;background_background&quot;:&quot;classic&quot;}\">\n\t\t\t\t\t\t\t<div class=\"elementor-background-overlay\"><\/div>\n\t\t\t\t\t\t\t<div class=\"elementor-container elementor-column-gap-default\">\n\t\t\t\t\t<div class=\"elementor-column elementor-col-50 elementor-top-column elementor-element elementor-element-4c26bc0\" data-id=\"4c26bc0\" data-element_type=\"column\">\n\t\t\t<div class=\"elementor-widget-wrap elementor-element-populated\">\n\t\t\t\t\t\t<div class=\"elementor-element elementor-element-171f3fd elementor-widget elementor-widget-heading\" data-id=\"171f3fd\" data-element_type=\"widget\" data-widget_type=\"heading.default\">\n\t\t\t\t<div class=\"elementor-widget-container\">\n\t\t\t<h2 class=\"elementor-heading-title elementor-size-default\">Sorumlu \u0130\u015f Anlay\u0131\u015f\u0131m\u0131z<\/h2>\t\t<\/div>\n\t\t\t\t<\/div>\n\t\t\t\t\t<\/div>\n\t\t<\/div>\n\t\t\t\t<div class=\"elementor-column elementor-col-50 elementor-top-column elementor-element elementor-element-1c03ae8 textright mobcenter\" data-id=\"1c03ae8\" data-element_type=\"column\">\n\t\t\t<div class=\"elementor-widget-wrap elementor-element-populated\">\n\t\t\t\t\t\t<div class=\"elementor-element elementor-element-5ac37ca mb-5 elementor-widget elementor-widget-heading\" data-id=\"5ac37ca\" data-element_type=\"widget\" data-widget_type=\"heading.default\">\n\t\t\t\t<div class=\"elementor-widget-container\">\n\t\t\t<h2 class=\"elementor-heading-title elementor-size-default\">Akdeniz Foku<\/h2>\t\t<\/div>\n\t\t\t\t<\/div>\n\t\t\t\t<div class=\"elementor-element elementor-element-1beca0b elementor-widget elementor-widget-text-editor\" data-id=\"1beca0b\" data-element_type=\"widget\" data-widget_type=\"text-editor.default\">\n\t\t\t\t<div class=\"elementor-widget-container\">\n\t\t\t\t\t\t\t<p>Akdeniz Foku (Monachus monachus) T\u00fcrkiye k\u0131y\u0131lar\u0131nda; Marmara, Ege ve Akdeniz&#8217;deki sahillerde ya\u015far. Nesli\u00a0kritik derecede tehdit alt\u0131nda olan bir t\u00fcrd\u00fcr.<\/p>\t\t\t\t\t\t<\/div>\n\t\t\t\t<\/div>\n\t\t\t\t\t<\/div>\n\t\t<\/div>\n\t\t\t\t\t<\/div>\n\t\t<\/section>\n\t\t\t\t<\/div>\n\t\t\t\t<\/div>\n\t\t\t\t<\/div>\n\t\t\t\t<\/div>\n\t\t\t\t\t<\/div>\n\t\t<\/div>\n\t\t\t\t\t<\/div>\n\t\t<\/section>\n\t\t\t\t<section class=\"elementor-section elementor-top-section elementor-element elementor-element-1b36183 elementor-section-boxed elementor-section-height-default elementor-section-height-default\" data-id=\"1b36183\" data-element_type=\"section\">\n\t\t\t\t\t\t<div class=\"elementor-container elementor-column-gap-default\">\n\t\t\t\t\t<div class=\"elementor-column elementor-col-50 elementor-top-column elementor-element elementor-element-7505335\" data-id=\"7505335\" data-element_type=\"column\">\n\t\t\t<div class=\"elementor-widget-wrap elementor-element-populated\">\n\t\t\t\t\t\t<div class=\"elementor-element elementor-element-1def14e mb-10 elementor-widget elementor-widget-heading\" data-id=\"1def14e\" data-element_type=\"widget\" data-widget_type=\"heading.default\">\n\t\t\t\t<div class=\"elementor-widget-container\">\n\t\t\t<h2 class=\"elementor-heading-title elementor-size-default\">S\u00fcrd\u00fcr\u00fclebilirlik ve \u00c7evre<\/h2>\t\t<\/div>\n\t\t\t\t<\/div>\n\t\t\t\t<div class=\"elementor-element elementor-element-b4f953b elementor-widget elementor-widget-image\" data-id=\"b4f953b\" data-element_type=\"widget\" data-widget_type=\"image.default\">\n\t\t\t\t<div class=\"elementor-widget-container\">\n\t\t\t\t\t\t\t\t\t\t\t\t\t<img decoding=\"async\" width=\"110\" height=\"5\" src=\"https:\/\/old.cukurpartners.com\/wp-content\/uploads\/2019\/10\/colored_line_cy.png\" class=\"attachment-full size-full wp-image-52\" alt=\"\" \/>\t\t\t\t\t\t\t\t\t\t\t\t\t<\/div>\n\t\t\t\t<\/div>\n\t\t\t\t<div class=\"elementor-element elementor-element-22c70f1 elementor-widget elementor-widget-text-editor\" data-id=\"22c70f1\" data-element_type=\"widget\" data-widget_type=\"text-editor.default\">\n\t\t\t\t<div class=\"elementor-widget-container\">\n\t\t\t\t\t\t\t<p>T\u00fcrk hukuk sekt\u00f6r\u00fcnde s\u00fcrd\u00fcr\u00fclebilir \u00e7evre i\u00e7in en iyi uygulamalar\u0131n \u00f6nc\u00fcs\u00fc ve geli\u015ftiricisi olmak, \u00c7ukur ve Partners&nbsp;<span style=\"font-weight: 400;\">hukuk firmas\u0131n<\/span>daki sorumlu i\u015f \u00e7abalar\u0131m\u0131z\u0131n temel ta\u015f\u0131d\u0131r.<\/p>\n<p><span style=\"font-weight: 400;\">Bu yakla\u015f\u0131m ayn\u0131 zamanda web sitemizin t\u00fcm g\u00f6rsellerini nesli t\u00fckenmekte olan Anadolu canl\u0131lar\u0131na ithaf etmemizin ba\u015fl\u0131ca sebebidir.<\/span><\/p>\n<p>S\u00fcrd\u00fcr\u00fclebilirlik ve \u00e7evre stratejimizin \u00f6ncelikleri ve ana \u00e7al\u0131\u015fma konular\u0131 \u015funlard\u0131r:<\/p>\n<ul>\n<li>Ye\u015fil giri\u015fimler sayesinde kendi \u00e7evresel etkimizi ve karbon ayak izimizi azaltma sorumlulu\u011funu \u00fcstlenmek,<\/li>\n<li>Ye\u015fil ofis politikalar\u0131, enerji ve kaynak verimlili\u011fi, \u00e7evresel a\u00e7\u0131dan s\u00fcrd\u00fcr\u00fclebilir i\u015f ve hizmet modelleri geli\u015ftirerek, t\u00fcketim ve at\u0131klar\u0131m\u0131z\u0131 azaltmak,<\/li>\n<li>M\u00fcvekkillerimizde, ekip \u00fcyelerimizde, t\u00fcm payda\u015flar\u0131m\u0131zda ve toplumda, do\u011fan\u0131n, d\u00fcnyan\u0131n ve \u00e7evrenin korunmas\u0131na ili\u015fkin fark\u0131ndal\u0131\u011f\u0131 ve sorumluluk duygusunu artt\u0131rmak,<\/li>\n<li>Kurumsal sosyal sorumluluk ve pro bono uygulamalar\u0131m\u0131z arac\u0131l\u0131\u011f\u0131yla, do\u011fa, iklim de\u011fi\u015fikli\u011fi, kaynak koruma, at\u0131k y\u00f6netimi, kirlilik \u00f6nleme ve biyolojik \u00e7e\u015fitlilik \u00fczerine \u00e7al\u0131\u015fan \u00e7evre \u00f6rg\u00fctlerini desteklemek.<\/li>\n<\/ul>\n<p><a href=\"https:\/\/www.globalcompactturkiye.org\/\" target=\"_blank\" rel=\"noopener\">Birle\u015fmi\u015f Milletler K\u00fcresel \u0130lkeler S\u00f6zle\u015fmesi&#8217;nin (Global Compact)<\/a><span style=\"font-weight: 400;\"> imzac\u0131lar\u0131ndan biri oldu\u011fumuz i\u00e7in, mesleki \u00e7al\u0131\u015fmalar\u0131m\u0131z\u0131 s\u00fcrd\u00fcr\u00fclebilir \u015fekilde yaparken, hem bu s\u00f6zle\u015fmedeki \u00e7evresel ilkeler hem de <\/span><a href=\"https:\/\/www.tr.undp.org\/content\/turkey\/tr\/home\/sustainable-development-goals.html\" target=\"_blank\" rel=\"noopener\">BM&#8217;nin S\u00fcrd\u00fcr\u00fclebilir Kalk\u0131nma Ama\u00e7lar\u0131<\/a><span style=\"font-weight: 400;\"> ile uyum i\u00e7erisinde olmay\u0131 ama\u00e7l\u0131yoruz.<\/span><\/p>\n<p><span style=\"font-weight: 400;\">S\u00fcrd\u00fcr\u00fclebilir \u00e7evre politikam\u0131z \u00e7er\u00e7evesinde, ye\u015fil ofis olma yolunda a\u015fa\u011f\u0131daki i\u015fyeri uygulamalar\u0131n\u0131 hayata ge\u00e7iriyoruz:<\/span><\/p>\n<ul>\n<li><span style=\"font-weight: 400;\"> Hukuk B\u00fcromuz taraf\u0131ndan kullan\u0131lan en \u00f6nemli do\u011fal kaynaklar\u0131 belirlemek ve bu kaynaklar\u0131 ve enerjiyi verimli bir \u015fekilde kullanmam\u0131z\u0131 sa\u011flamak i\u00e7in \u00f6nlemler almak,<\/span><\/li>\n<li><span style=\"font-weight: 400;\"> \u00dcretti\u011fimiz at\u0131k miktar\u0131n\u0131 en aza indirmek ve geri d\u00f6n\u00fc\u015ft\u00fcrd\u00fc\u011f\u00fcm\u00fcz at\u0131k miktar\u0131n\u0131 en \u00fcst seviyeye \u00e7\u0131karmak i\u00e7in firma genelinde s\u00fcrd\u00fcr\u00fclebilir at\u0131k y\u00f6netimi uygulamalar\u0131n\u0131 hayata ge\u00e7irmek,<\/span><\/li>\n<li><span style=\"font-weight: 400;\"> Ye\u015fil i\u015fyeri davran\u0131\u015flar\u0131n\u0131 te\u015fvik etmek i\u00e7in bir program olan k\u00e2\u011f\u0131ts\u0131z bir giri\u015fim geli\u015ftirmek, en iyi uygulamalar\u0131 benimsemek ve i\u015fyerinde k\u00e2\u011f\u0131t sarfiyat\u0131n\u0131 azaltmak i\u00e7in en geli\u015fmi\u015f teknolojileri kullanmak,<\/span><\/li>\n<li><span style=\"font-weight: 400;\"> Ofislerimizde tek kullan\u0131ml\u0131k plastik \u00fcr\u00fcnlerin kullan\u0131m\u0131n\u0131 en aza indirgemek,<\/span><\/li>\n<li><span style=\"font-weight: 400;\"> M\u00fcmk\u00fcn oldu\u011funca geri d\u00f6n\u00fc\u015ft\u00fcr\u00fclebilir ve yenilenebilir malzemeler kullanmak,<\/span><\/li>\n<li><span style=\"font-weight: 400;\"> Ofislerimizde do\u011faya uyumlu, bitki \u00f6zl\u00fc temizlik \u00fcr\u00fcnlerini tercih etmek,<\/span><\/li>\n<li><span style=\"font-weight: 400;\"> Seyahat gereksinimlerini ve karbon ayak izimizi azaltmak i\u00e7in geli\u015fmi\u015f bilgi teknolojileri ve ileti\u015fim sistemlerini etkin bir \u015fekilde kullanmak,<\/span><\/li>\n<li><span style=\"font-weight: 400;\"> Ekibimizi y\u00fcr\u00fcmek ve toplu ta\u015f\u0131ma ara\u00e7lar\u0131n\u0131 kullanmaya te\u015fvik etmek,<\/span><\/li>\n<li><span style=\"font-weight: 400;\"> Gerekmedik\u00e7e ve kullan\u0131lmad\u0131k\u00e7a ayd\u0131nlatma, bilgisayar, klima ve di\u011fer enerji t\u00fcketen e\u015fyalar i\u00e7in kesin bir kapal\u0131 tutma prensibi uygulamak,<\/span><\/li>\n<li><span style=\"font-weight: 400;\"> Enerji t\u00fcketimimizi en aza indirgemek i\u00e7in ortak ve payla\u015f\u0131ml\u0131 ofisler, yaz\u0131c\u0131lar ve cihazlar kullanmak,<\/span><\/li>\n<li><span style=\"font-weight: 400;\"> \u0130\u015f kararlar\u0131m\u0131za \u00e7evresel fakt\u00f6rleri daima d\u00e2hil etmek,<\/span><\/li>\n<li><span style=\"font-weight: 400;\"> Ofis genelinde ye\u015fil giri\u015fimleri te\u015fvik ederek ekibimizi e\u011fitmek ve onlar\u0131n etkin kat\u0131l\u0131mlar\u0131n\u0131 sa\u011flamak,<\/span><\/li>\n<li><span style=\"font-weight: 400;\"> M\u00fcvekkillerimiz, t\u00fcm payda\u015flar\u0131m\u0131z ve toplum aras\u0131nda, kaynaklar\u0131n ve s\u00fcrd\u00fcr\u00fclebilir \u00e7evrenin korunmas\u0131na ili\u015fkin fark\u0131ndal\u0131k yaratmaya \u00e7al\u0131\u015fmak,<\/span><\/li>\n<li><span style=\"font-weight: 400;\"> S\u00fcrd\u00fcr\u00fclebilirli\u011fimizi artt\u0131rmaya y\u00f6nelik olarak, \u00e7evre ve do\u011fa kurulu\u015flar\u0131n\u0131n uzmanl\u0131\u011f\u0131ndan ve deneyimlerinden faydalanmak,<\/span><\/li>\n<li><span style=\"font-weight: 400;\"> Firmam\u0131z \u00e7ap\u0131nda do\u011fa etkinlikleri ve \u00e7evresel sorumluluk faaliyetleri d\u00fczenlemek,<\/span><\/li>\n<li><span style=\"font-weight: 400;\"> \u00c7evre, s\u00fcrd\u00fcr\u00fclebilirlik, biyolojik \u00e7e\u015fitlilik, do\u011fa koruma ve iklim de\u011fi\u015fikli\u011fi projelerini ve STK\u2019lar\u0131n bu alanlardaki giri\u015fimlerini pro bono ve kurumsal sosyal sorumluluk uygulamalar\u0131m\u0131zla aktif olarak desteklemek.<\/span><\/li>\n<\/ul>\t\t\t\t\t\t<\/div>\n\t\t\t\t<\/div>\n\t\t\t\t\t<\/div>\n\t\t<\/div>\n\t\t\t\t<div class=\"elementor-column elementor-col-50 elementor-top-column elementor-element elementor-element-f34984c\" data-id=\"f34984c\" data-element_type=\"column\">\n\t\t\t<div class=\"elementor-widget-wrap elementor-element-populated\">\n\t\t\t\t\t\t<div class=\"elementor-element elementor-element-1de7959 elementor-widget elementor-widget-template\" data-id=\"1de7959\" data-element_type=\"widget\" data-widget_type=\"template.default\">\n\t\t\t\t<div class=\"elementor-widget-container\">\n\t\t\t\t\t<div class=\"elementor-template\">\n\t\t\t\t\t<div data-elementor-type=\"section\" data-elementor-id=\"1023\" class=\"elementor elementor-1023 elementor-216\" data-elementor-post-type=\"elementor_library\">\n\t\t\t\t\t<section class=\"elementor-section elementor-top-section elementor-element elementor-element-e22e1f3 elementor-section-boxed elementor-section-height-default elementor-section-height-default\" data-id=\"e22e1f3\" data-element_type=\"section\">\n\t\t\t\t\t\t<div class=\"elementor-container elementor-column-gap-default\">\n\t\t\t\t\t<div class=\"elementor-column elementor-col-100 elementor-top-column elementor-element elementor-element-dcec2a6\" data-id=\"dcec2a6\" data-element_type=\"column\">\n\t\t\t<div class=\"elementor-widget-wrap elementor-element-populated\">\n\t\t\t\t\t\t<div class=\"elementor-element elementor-element-26d0b63 sidemenu elementor-nav-menu--dropdown-tablet elementor-nav-menu__text-align-aside elementor-widget elementor-widget-nav-menu\" data-id=\"26d0b63\" data-element_type=\"widget\" data-settings=\"{&quot;layout&quot;:&quot;vertical&quot;,&quot;submenu_icon&quot;:{&quot;value&quot;:&quot;&lt;i class=\\&quot;fas fa-caret-down\\&quot;&gt;&lt;\\\/i&gt;&quot;,&quot;library&quot;:&quot;fa-solid&quot;}}\" data-widget_type=\"nav-menu.default\">\n\t\t\t\t<div class=\"elementor-widget-container\">\n\t\t\t\t\t\t<nav aria-label=\"Men\u00fc\" class=\"elementor-nav-menu--main elementor-nav-menu__container elementor-nav-menu--layout-vertical e--pointer-none\">\n\t\t\t\t<ul id=\"menu-1-26d0b63\" class=\"elementor-nav-menu sm-vertical\"><li class=\"menu-item menu-item-type-post_type menu-item-object-page menu-item-2633\"><a href=\"https:\/\/old.cukurpartners.com\/tr\/surdurulebi%cc%87li%cc%87r-cozum-ortaginiz\/\" class=\"elementor-item\">S\u00fcrd\u00fcr\u00fclebilir \u00c7\u00f6z\u00fcm Orta\u011f\u0131n\u0131z<\/a><\/li>\n<li class=\"menu-item menu-item-type-post_type menu-item-object-page menu-item-has-children menu-item-2644\"><a href=\"https:\/\/old.cukurpartners.com\/tr\/cukur-partners-akademi\/\" class=\"elementor-item\">\u00c7ukur &#038; Partners Akademi<\/a>\n<ul class=\"sub-menu elementor-nav-menu--dropdown\">\n\t<li class=\"menu-item menu-item-type-post_type menu-item-object-page menu-item-6688\"><a href=\"https:\/\/old.cukurpartners.com\/tr\/cukur-partners-akademi-kevser-ve-nihat-cukur-egitim-burslari\/\" class=\"elementor-sub-item\">\u00c7ukur &#038; Partners Akademi \u201cKevser Ve Nihat \u00c7ukur E\u011fitim Burslar\u0131\u201d<\/a><\/li>\n\t<li class=\"menu-item menu-item-type-post_type menu-item-object-page menu-item-6689\"><a href=\"https:\/\/old.cukurpartners.com\/tr\/hukuk-fakultesi-ogrencileri-icin-avukatlik-kariyerine-hazirlik-programi\/\" class=\"elementor-sub-item\">Hukuk Fak\u00fcltesi \u00d6\u011frencileri \u0130\u00e7in Avukatl\u0131k Kariyerine Haz\u0131rl\u0131k Program\u0131<\/a><\/li>\n\t<li class=\"menu-item menu-item-type-post_type menu-item-object-page menu-item-6690\"><a href=\"https:\/\/old.cukurpartners.com\/tr\/meslege-yeni-baslayan-avukatlar-ve-stajyer-avukatlar-icin-mentorluk-programi\/\" class=\"elementor-sub-item\">Mesle\u011fe Yeni Ba\u015flayan Avukatlar ve Stajyer Avukatlar \u0130\u00e7in Mentorluk Program\u0131<\/a><\/li>\n\t<li class=\"menu-item menu-item-type-post_type menu-item-object-page menu-item-6691\"><a href=\"https:\/\/old.cukurpartners.com\/tr\/cukur-partners-akademi-social-club\/\" class=\"elementor-sub-item\">\u00c7ukur &#038; Partners Akademi Social Club<\/a><\/li>\n<\/ul>\n<\/li>\n<li class=\"menu-item menu-item-type-post_type menu-item-object-page menu-item-1293\"><a href=\"https:\/\/old.cukurpartners.com\/tr\/sorumlu-is-anlayisimiz\/kurumsal-sosyal-sorumluluk-ve-ucretsiz-hukuki-hizmet-pro-bono-uygulamalarimiz\/\" class=\"elementor-item\">Kurumsal Sosyal Sorumluluk Ve \u00dccretsiz Hukuki Hizmet (Pro Bono) Uygulamalar\u0131m\u0131z<\/a><\/li>\n<li class=\"menu-item menu-item-type-post_type menu-item-object-page menu-item-1294\"><a href=\"https:\/\/old.cukurpartners.com\/tr\/sorumlu-is-anlayisimiz\/etik-ve-is-ilkelerimiz\/\" class=\"elementor-item\">Etik ve \u0130\u015f \u0130lkelerimiz<\/a><\/li>\n<li class=\"menu-item menu-item-type-post_type menu-item-object-page menu-item-1295\"><a href=\"https:\/\/old.cukurpartners.com\/tr\/sorumlu-is-anlayisimiz\/surdurulebilirlik-ve-cevre\/\" class=\"elementor-item\">S\u00fcrd\u00fcr\u00fclebilirlik ve \u00c7evre<\/a><\/li>\n<li class=\"menu-item menu-item-type-post_type menu-item-object-page menu-item-1296\"><a href=\"https:\/\/old.cukurpartners.com\/tr\/sorumlu-is-anlayisimiz\/katilimcilik-cesitlilik-ve-refah-uygulamalarimiz\/\" class=\"elementor-item\">Kat\u0131l\u0131mc\u0131l\u0131k, \u00c7e\u015fitlilik Ve Refah Uygulamalar\u0131m\u0131z<\/a><\/li>\n<\/ul>\t\t\t<\/nav>\n\t\t\t\t\t\t<nav class=\"elementor-nav-menu--dropdown elementor-nav-menu__container\" aria-hidden=\"true\">\n\t\t\t\t<ul id=\"menu-2-26d0b63\" class=\"elementor-nav-menu sm-vertical\"><li class=\"menu-item menu-item-type-post_type menu-item-object-page menu-item-2633\"><a href=\"https:\/\/old.cukurpartners.com\/tr\/surdurulebi%cc%87li%cc%87r-cozum-ortaginiz\/\" class=\"elementor-item\" tabindex=\"-1\">S\u00fcrd\u00fcr\u00fclebilir \u00c7\u00f6z\u00fcm Orta\u011f\u0131n\u0131z<\/a><\/li>\n<li class=\"menu-item menu-item-type-post_type menu-item-object-page menu-item-has-children menu-item-2644\"><a href=\"https:\/\/old.cukurpartners.com\/tr\/cukur-partners-akademi\/\" class=\"elementor-item\" tabindex=\"-1\">\u00c7ukur &#038; Partners Akademi<\/a>\n<ul class=\"sub-menu elementor-nav-menu--dropdown\">\n\t<li class=\"menu-item menu-item-type-post_type menu-item-object-page menu-item-6688\"><a href=\"https:\/\/old.cukurpartners.com\/tr\/cukur-partners-akademi-kevser-ve-nihat-cukur-egitim-burslari\/\" class=\"elementor-sub-item\" tabindex=\"-1\">\u00c7ukur &#038; Partners Akademi \u201cKevser Ve Nihat \u00c7ukur E\u011fitim Burslar\u0131\u201d<\/a><\/li>\n\t<li class=\"menu-item menu-item-type-post_type menu-item-object-page menu-item-6689\"><a href=\"https:\/\/old.cukurpartners.com\/tr\/hukuk-fakultesi-ogrencileri-icin-avukatlik-kariyerine-hazirlik-programi\/\" class=\"elementor-sub-item\" tabindex=\"-1\">Hukuk Fak\u00fcltesi \u00d6\u011frencileri \u0130\u00e7in Avukatl\u0131k Kariyerine Haz\u0131rl\u0131k Program\u0131<\/a><\/li>\n\t<li class=\"menu-item menu-item-type-post_type menu-item-object-page menu-item-6690\"><a href=\"https:\/\/old.cukurpartners.com\/tr\/meslege-yeni-baslayan-avukatlar-ve-stajyer-avukatlar-icin-mentorluk-programi\/\" class=\"elementor-sub-item\" tabindex=\"-1\">Mesle\u011fe Yeni Ba\u015flayan Avukatlar ve Stajyer Avukatlar \u0130\u00e7in Mentorluk Program\u0131<\/a><\/li>\n\t<li class=\"menu-item menu-item-type-post_type menu-item-object-page menu-item-6691\"><a href=\"https:\/\/old.cukurpartners.com\/tr\/cukur-partners-akademi-social-club\/\" class=\"elementor-sub-item\" tabindex=\"-1\">\u00c7ukur &#038; Partners Akademi Social Club<\/a><\/li>\n<\/ul>\n<\/li>\n<li class=\"menu-item menu-item-type-post_type menu-item-object-page menu-item-1293\"><a href=\"https:\/\/old.cukurpartners.com\/tr\/sorumlu-is-anlayisimiz\/kurumsal-sosyal-sorumluluk-ve-ucretsiz-hukuki-hizmet-pro-bono-uygulamalarimiz\/\" class=\"elementor-item\" tabindex=\"-1\">Kurumsal Sosyal Sorumluluk Ve \u00dccretsiz Hukuki Hizmet (Pro Bono) Uygulamalar\u0131m\u0131z<\/a><\/li>\n<li class=\"menu-item menu-item-type-post_type menu-item-object-page menu-item-1294\"><a href=\"https:\/\/old.cukurpartners.com\/tr\/sorumlu-is-anlayisimiz\/etik-ve-is-ilkelerimiz\/\" class=\"elementor-item\" tabindex=\"-1\">Etik ve \u0130\u015f \u0130lkelerimiz<\/a><\/li>\n<li class=\"menu-item menu-item-type-post_type menu-item-object-page menu-item-1295\"><a href=\"https:\/\/old.cukurpartners.com\/tr\/sorumlu-is-anlayisimiz\/surdurulebilirlik-ve-cevre\/\" class=\"elementor-item\" tabindex=\"-1\">S\u00fcrd\u00fcr\u00fclebilirlik ve \u00c7evre<\/a><\/li>\n<li class=\"menu-item menu-item-type-post_type menu-item-object-page menu-item-1296\"><a href=\"https:\/\/old.cukurpartners.com\/tr\/sorumlu-is-anlayisimiz\/katilimcilik-cesitlilik-ve-refah-uygulamalarimiz\/\" class=\"elementor-item\" tabindex=\"-1\">Kat\u0131l\u0131mc\u0131l\u0131k, \u00c7e\u015fitlilik Ve Refah Uygulamalar\u0131m\u0131z<\/a><\/li>\n<\/ul>\t\t\t<\/nav>\n\t\t\t\t<\/div>\n\t\t\t\t<\/div>\n\t\t\t\t\t<\/div>\n\t\t<\/div>\n\t\t\t\t\t<\/div>\n\t\t<\/section>\n\t\t\t\t<\/div>\n\t\t\t\t<\/div>\n\t\t\t\t<\/div>\n\t\t\t\t<\/div>\n\t\t\t\t\t<\/div>\n\t\t<\/div>\n\t\t\t\t\t<\/div>\n\t\t<\/section>\n\t\t\t\t<\/div>\n\t\t","protected":false},"excerpt":{"rendered":"<p>T\u00fcrk hukuk sekt\u00f6r\u00fcnde s\u00fcrd\u00fcr\u00fclebilir \u00e7evre i\u00e7in en iyi uygulamalar\u0131n \u00f6nc\u00fcs\u00fc ve geli\u015ftiricisi olmak, \u00c7ukur ve Partners&nbsp;hukuk firmas\u0131ndaki sorumlu i\u015f \u00e7abalar\u0131m\u0131z\u0131n temel ta\u015f\u0131d\u0131r. Bu yakla\u015f\u0131m ayn\u0131 zamanda web sitemizin t\u00fcm g\u00f6rsellerini nesli t\u00fckenmekte olan Anadolu canl\u0131lar\u0131na ithaf etmemizin ba\u015fl\u0131ca sebebidir. S\u00fcrd\u00fcr\u00fclebilirlik ve \u00e7evre stratejimizin \u00f6ncelikleri ve ana \u00e7al\u0131\u015fma konular\u0131 \u015funlard\u0131r: Ye\u015fil giri\u015fimler sayesinde kendi \u00e7evresel etkimizi [&hellip;]<\/p>\n","protected":false},"author":1,"featured_media":0,"parent":977,"menu_order":0,"comment_status":"closed","ping_status":"closed","template":"elementor_header_footer","meta":{"_acf_changed":false,"footnotes":""},"class_list":["post-974","page","type-page","status-publish","hentry"],"acf":[],"_links":{"self":[{"href":"https:\/\/old.cukurpartners.com\/tr\/wp-json\/wp\/v2\/pages\/974"}],"collection":[{"href":"https:\/\/old.cukurpartners.com\/tr\/wp-json\/wp\/v2\/pages"}],"about":[{"href":"https:\/\/old.cukurpartners.com\/tr\/wp-json\/wp\/v2\/types\/page"}],"author":[{"embeddable":true,"href":"https:\/\/old.cukurpartners.com\/tr\/wp-json\/wp\/v2\/users\/1"}],"replies":[{"embeddable":true,"href":"https:\/\/old.cukurpartners.com\/tr\/wp-json\/wp\/v2\/comments?post=974"}],"version-history":[{"count":9,"href":"https:\/\/old.cukurpartners.com\/tr\/wp-json\/wp\/v2\/pages\/974\/revisions"}],"predecessor-version":[{"id":5418,"href":"https:\/\/old.cukurpartners.com\/tr\/wp-json\/wp\/v2\/pages\/974\/revisions\/5418"}],"up":[{"embeddable":true,"href":"https:\/\/old.cukurpartners.com\/tr\/wp-json\/wp\/v2\/pages\/977"}],"wp:attachment":[{"href":"https:\/\/old.cukurpartners.com\/tr\/wp-json\/wp\/v2\/media?parent=974"}],"curies":[{"name":"wp","href":"https:\/\/api.w.org\/{rel}","templated":true}]}}