{"id":975,"date":"2019-10-22T08:36:43","date_gmt":"2019-10-22T08:36:43","guid":{"rendered":"https:\/\/cukurpartners.com\/our-ethics-commitment\/"},"modified":"2022-09-26T07:41:51","modified_gmt":"2022-09-26T07:41:51","slug":"etik-ve-is-ilkelerimiz","status":"publish","type":"page","link":"https:\/\/old.cukurpartners.com\/tr\/sorumlu-is-anlayisimiz\/etik-ve-is-ilkelerimiz\/","title":{"rendered":"Etik ve \u0130\u015f \u0130lkelerimiz"},"content":{"rendered":"\t\t<div data-elementor-type=\"wp-page\" data-elementor-id=\"975\" class=\"elementor elementor-975 elementor-233\" data-elementor-post-type=\"page\">\n\t\t\t\t\t\t<section class=\"elementor-section elementor-top-section elementor-element elementor-element-57f2f73 elementor-section-full_width elementor-section-height-default elementor-section-height-default\" data-id=\"57f2f73\" data-element_type=\"section\">\n\t\t\t\t\t\t<div class=\"elementor-container elementor-column-gap-default\">\n\t\t\t\t\t<div class=\"elementor-column elementor-col-100 elementor-top-column elementor-element elementor-element-9810b95\" data-id=\"9810b95\" data-element_type=\"column\">\n\t\t\t<div class=\"elementor-widget-wrap elementor-element-populated\">\n\t\t\t\t\t\t<div class=\"elementor-element elementor-element-377151f elementor-widget elementor-widget-template\" data-id=\"377151f\" data-element_type=\"widget\" data-widget_type=\"template.default\">\n\t\t\t\t<div class=\"elementor-widget-container\">\n\t\t\t\t\t<div class=\"elementor-template\">\n\t\t\t\t\t<div data-elementor-type=\"section\" data-elementor-id=\"1014\" class=\"elementor elementor-1014 elementor-729\" data-elementor-post-type=\"elementor_library\">\n\t\t\t\t\t<section class=\"elementor-section elementor-top-section elementor-element elementor-element-c0c1385 elementor-section-height-min-height elementor-section-boxed elementor-section-height-default elementor-section-items-middle\" data-id=\"c0c1385\" data-element_type=\"section\" data-settings=\"{&quot;background_background&quot;:&quot;classic&quot;}\">\n\t\t\t\t\t\t\t<div class=\"elementor-background-overlay\"><\/div>\n\t\t\t\t\t\t\t<div class=\"elementor-container elementor-column-gap-default\">\n\t\t\t\t\t<div class=\"elementor-column elementor-col-50 elementor-top-column elementor-element elementor-element-f9bf198\" data-id=\"f9bf198\" data-element_type=\"column\">\n\t\t\t<div class=\"elementor-widget-wrap elementor-element-populated\">\n\t\t\t\t\t\t<div class=\"elementor-element elementor-element-f90acb8 elementor-widget elementor-widget-heading\" data-id=\"f90acb8\" data-element_type=\"widget\" data-widget_type=\"heading.default\">\n\t\t\t\t<div class=\"elementor-widget-container\">\n\t\t\t<h2 class=\"elementor-heading-title elementor-size-default\">Sorumlu \u0130\u015f Anlay\u0131\u015f\u0131m\u0131z<\/h2>\t\t<\/div>\n\t\t\t\t<\/div>\n\t\t\t\t\t<\/div>\n\t\t<\/div>\n\t\t\t\t<div class=\"elementor-column elementor-col-50 elementor-top-column elementor-element elementor-element-0225d60 textright mobcenter\" data-id=\"0225d60\" data-element_type=\"column\">\n\t\t\t<div class=\"elementor-widget-wrap elementor-element-populated\">\n\t\t\t\t\t\t<div class=\"elementor-element elementor-element-96caacd mb-5 elementor-widget elementor-widget-heading\" data-id=\"96caacd\" data-element_type=\"widget\" data-widget_type=\"heading.default\">\n\t\t\t\t<div class=\"elementor-widget-container\">\n\t\t\t<h2 class=\"elementor-heading-title elementor-size-default\">Pe\u00e7eli Bayku\u015f<\/h2>\t\t<\/div>\n\t\t\t\t<\/div>\n\t\t\t\t<div class=\"elementor-element elementor-element-d75b0e8 elementor-widget elementor-widget-text-editor\" data-id=\"d75b0e8\" data-element_type=\"widget\" data-widget_type=\"text-editor.default\">\n\t\t\t\t<div class=\"elementor-widget-container\">\n\t\t\t\t\t\t\t<p>Pe\u00e7eli bayku\u015f (Tyto alba), T\u00fcrkiye\u2019nin Marmara, Ege ve Do\u011fu Akdeniz b\u00f6lgelerinde bulunur. Tar\u0131m ila\u00e7lar\u0131n\u0131n yo\u011fun kullan\u0131m\u0131 ve ya\u015fama ortamlar\u0131n\u0131n bozulmas\u0131 nedeniyle soylar\u0131 tehlike alt\u0131ndad\u0131r.<\/p>\t\t\t\t\t\t<\/div>\n\t\t\t\t<\/div>\n\t\t\t\t\t<\/div>\n\t\t<\/div>\n\t\t\t\t\t<\/div>\n\t\t<\/section>\n\t\t\t\t<\/div>\n\t\t\t\t<\/div>\n\t\t\t\t<\/div>\n\t\t\t\t<\/div>\n\t\t\t\t\t<\/div>\n\t\t<\/div>\n\t\t\t\t\t<\/div>\n\t\t<\/section>\n\t\t\t\t<section class=\"elementor-section elementor-top-section elementor-element elementor-element-4e783f8 elementor-section-boxed elementor-section-height-default elementor-section-height-default\" data-id=\"4e783f8\" data-element_type=\"section\">\n\t\t\t\t\t\t<div class=\"elementor-container elementor-column-gap-default\">\n\t\t\t\t\t<div class=\"elementor-column elementor-col-50 elementor-top-column elementor-element elementor-element-8ab94ef\" data-id=\"8ab94ef\" data-element_type=\"column\">\n\t\t\t<div class=\"elementor-widget-wrap elementor-element-populated\">\n\t\t\t\t\t\t<div class=\"elementor-element elementor-element-5937573 mb-10 elementor-widget elementor-widget-heading\" data-id=\"5937573\" data-element_type=\"widget\" data-widget_type=\"heading.default\">\n\t\t\t\t<div class=\"elementor-widget-container\">\n\t\t\t<h2 class=\"elementor-heading-title elementor-size-default\">Etik ve \u0130\u015f \u0130lkelerimiz<\/h2>\t\t<\/div>\n\t\t\t\t<\/div>\n\t\t\t\t<div class=\"elementor-element elementor-element-f68f3a4 elementor-widget elementor-widget-image\" data-id=\"f68f3a4\" data-element_type=\"widget\" data-widget_type=\"image.default\">\n\t\t\t\t<div class=\"elementor-widget-container\">\n\t\t\t\t\t\t\t\t\t\t\t\t\t<img decoding=\"async\" width=\"110\" height=\"5\" src=\"https:\/\/old.cukurpartners.com\/wp-content\/uploads\/2019\/10\/colored_line_cy.png\" class=\"attachment-full size-full wp-image-52\" alt=\"\" \/>\t\t\t\t\t\t\t\t\t\t\t\t\t<\/div>\n\t\t\t\t<\/div>\n\t\t\t\t<div class=\"elementor-element elementor-element-640f379 elementor-widget elementor-widget-text-editor\" data-id=\"640f379\" data-element_type=\"widget\" data-widget_type=\"text-editor.default\">\n\t\t\t\t<div class=\"elementor-widget-container\">\n\t\t\t\t\t\t\t<p>\u00c7ukur &amp; Partners\u00a0avukatl\u0131k b\u00fcrosu olarak, itibar\u0131m\u0131z hukuk firmam\u0131z\u0131n en y\u00fcksek etik, teknik ve kalite standartlar\u0131nda hizmet vermesine dayanmaktad\u0131r.<\/p><p>Bu anlay\u0131\u015f\u0131n bir sonucu olarak, t\u00fcm avukatlar\u0131m\u0131zla, d\u00fcr\u00fcstl\u00fck, i\u015f eti\u011fine ba\u011fl\u0131l\u0131k, \u015feffafl\u0131k, hizmette profesyonellik ve m\u00fckemmellik ile olu\u015fmu\u015f sayg\u0131nl\u0131\u011f\u0131m\u0131za ve bize duyulan g\u00fcvene b\u00fcy\u00fck bir \u00f6nem ve de\u011fer veriyoruz.<\/p><p>\u00c7ukur &amp; Partners avukatl\u0131k b\u00fcrosundaki etik i\u015f ilkelerimiz, sorumlu i\u015f taahh\u00fcd\u00fcm\u00fcz\u00fcn temel unsurlar\u0131d\u0131r. Mesle\u011fimizin T\u00fcrkiye&#8217;deki profesyonel ve etik standartlar\u0131n\u0131n \u00f6tesinde, en \u00fcst seviyedeki uluslararas\u0131 d\u00fczenlemeler bu konudaki yakla\u015f\u0131m\u0131m\u0131z i\u00e7in bize geni\u015f bir \u00e7er\u00e7eve \u00e7izmektedir.<\/p><p>D\u00fcnya \u00e7ap\u0131nda, sorumlu bir i\u015fletmenin kurumsal standartlar\u0131n\u0131 tan\u0131mlayan <a href=\"https:\/\/www.globalcompactturkiye.org\/\" target=\"_blank\" rel=\"noopener\">BM K\u00fcresel \u0130lkeler S\u00f6zle\u015fmesi&#8217;ne (Global Compact)<\/a> imza atm\u0131\u015f bulunmaktay\u0131z ve \u00c7ukur &amp; Partners hukuk b\u00fcrosundaki t\u00fcm i\u015f uygulamalar\u0131m\u0131z bu taahh\u00fcd\u00fcm\u00fcze tam olarak uygun \u015fekilde y\u00fcr\u00fct\u00fclmektedir.<\/p><p>K\u00fcresel \u0130lkeler S\u00f6zle\u015fmesi i\u015fletmelerden, insan haklar\u0131, \u00e7al\u0131\u015fma standartlar\u0131, \u00e7evre ve yolsuzlukla m\u00fccadele konular\u0131nda bir dizi temel de\u011feri benimsemelerini, bunlarla ilgili sorumlu \u00e7al\u0131\u015fmalar\u0131 desteklenmelerini ve bu alanlarda pozitif etki yaratmalar\u0131n\u0131 ister.<\/p><p>Bu taahh\u00fcd\u00fcm\u00fcz k\u00e2\u011f\u0131t \u00fczerinde kalmay\u0131p, i\u015fimizi ve t\u00fcm faaliyetlerimizi d\u00fczenlerken bu uluslararas\u0131 d\u00fczenlemeler ve onlar\u0131n arkas\u0131ndaki ruhu i\u00e7selle\u015ftirmeye ve i\u015fimize ve t\u00fcm uygulamalar\u0131m\u0131za yans\u0131tmaya kendimizi adad\u0131k.<\/p><p>\u00c7ukur &amp; Partners hukuk firmas\u0131nda, kara para aklama, r\u00fc\u015fvet, ter\u00f6rizmin finansman\u0131 ve modern k\u00f6lelik kar\u015f\u0131s\u0131nda s\u0131f\u0131r tolerans politikas\u0131 uygulamaktay\u0131z.<\/p>\t\t\t\t\t\t<\/div>\n\t\t\t\t<\/div>\n\t\t\t\t\t<\/div>\n\t\t<\/div>\n\t\t\t\t<div class=\"elementor-column elementor-col-50 elementor-top-column elementor-element elementor-element-8feec43\" data-id=\"8feec43\" data-element_type=\"column\">\n\t\t\t<div class=\"elementor-widget-wrap elementor-element-populated\">\n\t\t\t\t\t\t<div class=\"elementor-element elementor-element-9aac4ce elementor-widget elementor-widget-template\" data-id=\"9aac4ce\" data-element_type=\"widget\" data-widget_type=\"template.default\">\n\t\t\t\t<div class=\"elementor-widget-container\">\n\t\t\t\t\t<div class=\"elementor-template\">\n\t\t\t\t\t<div data-elementor-type=\"section\" data-elementor-id=\"1023\" class=\"elementor elementor-1023 elementor-216\" data-elementor-post-type=\"elementor_library\">\n\t\t\t\t\t<section class=\"elementor-section elementor-top-section elementor-element elementor-element-e22e1f3 elementor-section-boxed elementor-section-height-default elementor-section-height-default\" data-id=\"e22e1f3\" data-element_type=\"section\">\n\t\t\t\t\t\t<div class=\"elementor-container elementor-column-gap-default\">\n\t\t\t\t\t<div class=\"elementor-column elementor-col-100 elementor-top-column elementor-element elementor-element-dcec2a6\" data-id=\"dcec2a6\" data-element_type=\"column\">\n\t\t\t<div class=\"elementor-widget-wrap elementor-element-populated\">\n\t\t\t\t\t\t<div class=\"elementor-element elementor-element-26d0b63 sidemenu elementor-nav-menu--dropdown-tablet elementor-nav-menu__text-align-aside elementor-widget elementor-widget-nav-menu\" data-id=\"26d0b63\" data-element_type=\"widget\" data-settings=\"{&quot;layout&quot;:&quot;vertical&quot;,&quot;submenu_icon&quot;:{&quot;value&quot;:&quot;&lt;i class=\\&quot;fas fa-caret-down\\&quot;&gt;&lt;\\\/i&gt;&quot;,&quot;library&quot;:&quot;fa-solid&quot;}}\" data-widget_type=\"nav-menu.default\">\n\t\t\t\t<div class=\"elementor-widget-container\">\n\t\t\t\t\t\t<nav aria-label=\"Men\u00fc\" class=\"elementor-nav-menu--main elementor-nav-menu__container elementor-nav-menu--layout-vertical e--pointer-none\">\n\t\t\t\t<ul id=\"menu-1-26d0b63\" class=\"elementor-nav-menu sm-vertical\"><li class=\"menu-item menu-item-type-post_type menu-item-object-page menu-item-2633\"><a href=\"https:\/\/old.cukurpartners.com\/tr\/surdurulebi%cc%87li%cc%87r-cozum-ortaginiz\/\" class=\"elementor-item\">S\u00fcrd\u00fcr\u00fclebilir \u00c7\u00f6z\u00fcm Orta\u011f\u0131n\u0131z<\/a><\/li>\n<li class=\"menu-item menu-item-type-post_type menu-item-object-page menu-item-has-children menu-item-2644\"><a href=\"https:\/\/old.cukurpartners.com\/tr\/cukur-partners-akademi\/\" class=\"elementor-item\">\u00c7ukur &#038; Partners Akademi<\/a>\n<ul class=\"sub-menu elementor-nav-menu--dropdown\">\n\t<li class=\"menu-item menu-item-type-post_type menu-item-object-page menu-item-6688\"><a href=\"https:\/\/old.cukurpartners.com\/tr\/cukur-partners-akademi-kevser-ve-nihat-cukur-egitim-burslari\/\" class=\"elementor-sub-item\">\u00c7ukur &#038; Partners Akademi \u201cKevser Ve Nihat \u00c7ukur E\u011fitim Burslar\u0131\u201d<\/a><\/li>\n\t<li class=\"menu-item menu-item-type-post_type menu-item-object-page menu-item-6689\"><a href=\"https:\/\/old.cukurpartners.com\/tr\/hukuk-fakultesi-ogrencileri-icin-avukatlik-kariyerine-hazirlik-programi\/\" class=\"elementor-sub-item\">Hukuk Fak\u00fcltesi \u00d6\u011frencileri \u0130\u00e7in Avukatl\u0131k Kariyerine Haz\u0131rl\u0131k Program\u0131<\/a><\/li>\n\t<li class=\"menu-item menu-item-type-post_type menu-item-object-page menu-item-6690\"><a href=\"https:\/\/old.cukurpartners.com\/tr\/meslege-yeni-baslayan-avukatlar-ve-stajyer-avukatlar-icin-mentorluk-programi\/\" class=\"elementor-sub-item\">Mesle\u011fe Yeni Ba\u015flayan Avukatlar ve Stajyer Avukatlar \u0130\u00e7in Mentorluk Program\u0131<\/a><\/li>\n\t<li class=\"menu-item menu-item-type-post_type menu-item-object-page menu-item-6691\"><a href=\"https:\/\/old.cukurpartners.com\/tr\/cukur-partners-akademi-social-club\/\" class=\"elementor-sub-item\">\u00c7ukur &#038; Partners Akademi Social Club<\/a><\/li>\n<\/ul>\n<\/li>\n<li class=\"menu-item menu-item-type-post_type menu-item-object-page menu-item-1293\"><a href=\"https:\/\/old.cukurpartners.com\/tr\/sorumlu-is-anlayisimiz\/kurumsal-sosyal-sorumluluk-ve-ucretsiz-hukuki-hizmet-pro-bono-uygulamalarimiz\/\" class=\"elementor-item\">Kurumsal Sosyal Sorumluluk Ve \u00dccretsiz Hukuki Hizmet (Pro Bono) Uygulamalar\u0131m\u0131z<\/a><\/li>\n<li class=\"menu-item menu-item-type-post_type menu-item-object-page menu-item-1294\"><a href=\"https:\/\/old.cukurpartners.com\/tr\/sorumlu-is-anlayisimiz\/etik-ve-is-ilkelerimiz\/\" class=\"elementor-item\">Etik ve \u0130\u015f \u0130lkelerimiz<\/a><\/li>\n<li class=\"menu-item menu-item-type-post_type menu-item-object-page menu-item-1295\"><a href=\"https:\/\/old.cukurpartners.com\/tr\/sorumlu-is-anlayisimiz\/surdurulebilirlik-ve-cevre\/\" class=\"elementor-item\">S\u00fcrd\u00fcr\u00fclebilirlik ve \u00c7evre<\/a><\/li>\n<li class=\"menu-item menu-item-type-post_type menu-item-object-page menu-item-1296\"><a href=\"https:\/\/old.cukurpartners.com\/tr\/sorumlu-is-anlayisimiz\/katilimcilik-cesitlilik-ve-refah-uygulamalarimiz\/\" class=\"elementor-item\">Kat\u0131l\u0131mc\u0131l\u0131k, \u00c7e\u015fitlilik Ve Refah Uygulamalar\u0131m\u0131z<\/a><\/li>\n<\/ul>\t\t\t<\/nav>\n\t\t\t\t\t\t<nav class=\"elementor-nav-menu--dropdown elementor-nav-menu__container\" aria-hidden=\"true\">\n\t\t\t\t<ul id=\"menu-2-26d0b63\" class=\"elementor-nav-menu sm-vertical\"><li class=\"menu-item menu-item-type-post_type menu-item-object-page menu-item-2633\"><a href=\"https:\/\/old.cukurpartners.com\/tr\/surdurulebi%cc%87li%cc%87r-cozum-ortaginiz\/\" class=\"elementor-item\" tabindex=\"-1\">S\u00fcrd\u00fcr\u00fclebilir \u00c7\u00f6z\u00fcm Orta\u011f\u0131n\u0131z<\/a><\/li>\n<li class=\"menu-item menu-item-type-post_type menu-item-object-page menu-item-has-children menu-item-2644\"><a href=\"https:\/\/old.cukurpartners.com\/tr\/cukur-partners-akademi\/\" class=\"elementor-item\" tabindex=\"-1\">\u00c7ukur &#038; Partners Akademi<\/a>\n<ul class=\"sub-menu elementor-nav-menu--dropdown\">\n\t<li class=\"menu-item menu-item-type-post_type menu-item-object-page menu-item-6688\"><a href=\"https:\/\/old.cukurpartners.com\/tr\/cukur-partners-akademi-kevser-ve-nihat-cukur-egitim-burslari\/\" class=\"elementor-sub-item\" tabindex=\"-1\">\u00c7ukur &#038; Partners Akademi \u201cKevser Ve Nihat \u00c7ukur E\u011fitim Burslar\u0131\u201d<\/a><\/li>\n\t<li class=\"menu-item menu-item-type-post_type menu-item-object-page menu-item-6689\"><a href=\"https:\/\/old.cukurpartners.com\/tr\/hukuk-fakultesi-ogrencileri-icin-avukatlik-kariyerine-hazirlik-programi\/\" class=\"elementor-sub-item\" tabindex=\"-1\">Hukuk Fak\u00fcltesi \u00d6\u011frencileri \u0130\u00e7in Avukatl\u0131k Kariyerine Haz\u0131rl\u0131k Program\u0131<\/a><\/li>\n\t<li class=\"menu-item menu-item-type-post_type menu-item-object-page menu-item-6690\"><a href=\"https:\/\/old.cukurpartners.com\/tr\/meslege-yeni-baslayan-avukatlar-ve-stajyer-avukatlar-icin-mentorluk-programi\/\" class=\"elementor-sub-item\" tabindex=\"-1\">Mesle\u011fe Yeni Ba\u015flayan Avukatlar ve Stajyer Avukatlar \u0130\u00e7in Mentorluk Program\u0131<\/a><\/li>\n\t<li class=\"menu-item menu-item-type-post_type menu-item-object-page menu-item-6691\"><a href=\"https:\/\/old.cukurpartners.com\/tr\/cukur-partners-akademi-social-club\/\" class=\"elementor-sub-item\" tabindex=\"-1\">\u00c7ukur &#038; Partners Akademi Social Club<\/a><\/li>\n<\/ul>\n<\/li>\n<li class=\"menu-item menu-item-type-post_type menu-item-object-page menu-item-1293\"><a href=\"https:\/\/old.cukurpartners.com\/tr\/sorumlu-is-anlayisimiz\/kurumsal-sosyal-sorumluluk-ve-ucretsiz-hukuki-hizmet-pro-bono-uygulamalarimiz\/\" class=\"elementor-item\" tabindex=\"-1\">Kurumsal Sosyal Sorumluluk Ve \u00dccretsiz Hukuki Hizmet (Pro Bono) Uygulamalar\u0131m\u0131z<\/a><\/li>\n<li class=\"menu-item menu-item-type-post_type menu-item-object-page menu-item-1294\"><a href=\"https:\/\/old.cukurpartners.com\/tr\/sorumlu-is-anlayisimiz\/etik-ve-is-ilkelerimiz\/\" class=\"elementor-item\" tabindex=\"-1\">Etik ve \u0130\u015f \u0130lkelerimiz<\/a><\/li>\n<li class=\"menu-item menu-item-type-post_type menu-item-object-page menu-item-1295\"><a href=\"https:\/\/old.cukurpartners.com\/tr\/sorumlu-is-anlayisimiz\/surdurulebilirlik-ve-cevre\/\" class=\"elementor-item\" tabindex=\"-1\">S\u00fcrd\u00fcr\u00fclebilirlik ve \u00c7evre<\/a><\/li>\n<li class=\"menu-item menu-item-type-post_type menu-item-object-page menu-item-1296\"><a href=\"https:\/\/old.cukurpartners.com\/tr\/sorumlu-is-anlayisimiz\/katilimcilik-cesitlilik-ve-refah-uygulamalarimiz\/\" class=\"elementor-item\" tabindex=\"-1\">Kat\u0131l\u0131mc\u0131l\u0131k, \u00c7e\u015fitlilik Ve Refah Uygulamalar\u0131m\u0131z<\/a><\/li>\n<\/ul>\t\t\t<\/nav>\n\t\t\t\t<\/div>\n\t\t\t\t<\/div>\n\t\t\t\t\t<\/div>\n\t\t<\/div>\n\t\t\t\t\t<\/div>\n\t\t<\/section>\n\t\t\t\t<\/div>\n\t\t\t\t<\/div>\n\t\t\t\t<\/div>\n\t\t\t\t<\/div>\n\t\t\t\t\t<\/div>\n\t\t<\/div>\n\t\t\t\t\t<\/div>\n\t\t<\/section>\n\t\t\t\t<\/div>\n\t\t","protected":false},"excerpt":{"rendered":"<p>\u00c7ukur &amp; Partners\u00a0avukatl\u0131k b\u00fcrosu olarak, itibar\u0131m\u0131z hukuk firmam\u0131z\u0131n en y\u00fcksek etik, teknik ve kalite standartlar\u0131nda hizmet vermesine dayanmaktad\u0131r. Bu anlay\u0131\u015f\u0131n bir sonucu olarak, t\u00fcm avukatlar\u0131m\u0131zla, d\u00fcr\u00fcstl\u00fck, i\u015f eti\u011fine ba\u011fl\u0131l\u0131k, \u015feffafl\u0131k, hizmette profesyonellik ve m\u00fckemmellik ile olu\u015fmu\u015f sayg\u0131nl\u0131\u011f\u0131m\u0131za ve bize duyulan g\u00fcvene b\u00fcy\u00fck bir \u00f6nem ve de\u011fer veriyoruz. \u00c7ukur &amp; Partners avukatl\u0131k b\u00fcrosundaki etik i\u015f ilkelerimiz, [&hellip;]<\/p>\n","protected":false},"author":1,"featured_media":0,"parent":977,"menu_order":0,"comment_status":"closed","ping_status":"closed","template":"elementor_header_footer","meta":{"_acf_changed":false,"footnotes":""},"class_list":["post-975","page","type-page","status-publish","hentry"],"acf":[],"_links":{"self":[{"href":"https:\/\/old.cukurpartners.com\/tr\/wp-json\/wp\/v2\/pages\/975"}],"collection":[{"href":"https:\/\/old.cukurpartners.com\/tr\/wp-json\/wp\/v2\/pages"}],"about":[{"href":"https:\/\/old.cukurpartners.com\/tr\/wp-json\/wp\/v2\/types\/page"}],"author":[{"embeddable":true,"href":"https:\/\/old.cukurpartners.com\/tr\/wp-json\/wp\/v2\/users\/1"}],"replies":[{"embeddable":true,"href":"https:\/\/old.cukurpartners.com\/tr\/wp-json\/wp\/v2\/comments?post=975"}],"version-history":[{"count":16,"href":"https:\/\/old.cukurpartners.com\/tr\/wp-json\/wp\/v2\/pages\/975\/revisions"}],"predecessor-version":[{"id":7391,"href":"https:\/\/old.cukurpartners.com\/tr\/wp-json\/wp\/v2\/pages\/975\/revisions\/7391"}],"up":[{"embeddable":true,"href":"https:\/\/old.cukurpartners.com\/tr\/wp-json\/wp\/v2\/pages\/977"}],"wp:attachment":[{"href":"https:\/\/old.cukurpartners.com\/tr\/wp-json\/wp\/v2\/media?parent=975"}],"curies":[{"name":"wp","href":"https:\/\/api.w.org\/{rel}","templated":true}]}}