{"id":977,"date":"2019-10-22T08:15:37","date_gmt":"2019-10-22T08:15:37","guid":{"rendered":"https:\/\/cukurpartners.com\/responsible-business\/"},"modified":"2022-09-26T07:38:19","modified_gmt":"2022-09-26T07:38:19","slug":"sorumlu-is-anlayisimiz","status":"publish","type":"page","link":"https:\/\/old.cukurpartners.com\/tr\/sorumlu-is-anlayisimiz\/","title":{"rendered":"Sorumlu \u0130\u015f Anlay\u0131\u015f\u0131m\u0131z"},"content":{"rendered":"\t\t<div data-elementor-type=\"wp-page\" data-elementor-id=\"977\" class=\"elementor elementor-977 elementor-214\" data-elementor-post-type=\"page\">\n\t\t\t\t\t\t<section class=\"elementor-section elementor-top-section elementor-element elementor-element-18844d9 elementor-section-full_width elementor-section-height-default elementor-section-height-default\" data-id=\"18844d9\" data-element_type=\"section\">\n\t\t\t\t\t\t<div class=\"elementor-container elementor-column-gap-default\">\n\t\t\t\t\t<div class=\"elementor-column elementor-col-100 elementor-top-column elementor-element elementor-element-5883d09\" data-id=\"5883d09\" data-element_type=\"column\">\n\t\t\t<div class=\"elementor-widget-wrap elementor-element-populated\">\n\t\t\t\t\t\t<div class=\"elementor-element elementor-element-8a78cd9 elementor-widget elementor-widget-template\" data-id=\"8a78cd9\" data-element_type=\"widget\" data-widget_type=\"template.default\">\n\t\t\t\t<div class=\"elementor-widget-container\">\n\t\t\t\t\t<div class=\"elementor-template\">\n\t\t\t\t\t<div data-elementor-type=\"section\" data-elementor-id=\"1004\" class=\"elementor elementor-1004 elementor-775\" data-elementor-post-type=\"elementor_library\">\n\t\t\t\t\t<section class=\"elementor-section elementor-top-section elementor-element elementor-element-9b089e6 elementor-section-height-min-height elementor-section-boxed elementor-section-height-default elementor-section-items-middle\" data-id=\"9b089e6\" data-element_type=\"section\" data-settings=\"{&quot;background_background&quot;:&quot;classic&quot;}\">\n\t\t\t\t\t\t\t<div class=\"elementor-background-overlay\"><\/div>\n\t\t\t\t\t\t\t<div class=\"elementor-container elementor-column-gap-default\">\n\t\t\t\t\t<div class=\"elementor-column elementor-col-50 elementor-top-column elementor-element elementor-element-f99c0c6\" data-id=\"f99c0c6\" data-element_type=\"column\">\n\t\t\t<div class=\"elementor-widget-wrap elementor-element-populated\">\n\t\t\t\t\t\t<div class=\"elementor-element elementor-element-54b4be6 elementor-widget elementor-widget-heading\" data-id=\"54b4be6\" data-element_type=\"widget\" data-widget_type=\"heading.default\">\n\t\t\t\t<div class=\"elementor-widget-container\">\n\t\t\t<h2 class=\"elementor-heading-title elementor-size-default\"><\/h2>\t\t<\/div>\n\t\t\t\t<\/div>\n\t\t\t\t\t<\/div>\n\t\t<\/div>\n\t\t\t\t<div class=\"elementor-column elementor-col-50 elementor-top-column elementor-element elementor-element-b4bdca3 textright mobcenter\" data-id=\"b4bdca3\" data-element_type=\"column\">\n\t\t\t<div class=\"elementor-widget-wrap elementor-element-populated\">\n\t\t\t\t\t\t<div class=\"elementor-element elementor-element-7105132 mb-5 elementor-widget elementor-widget-heading\" data-id=\"7105132\" data-element_type=\"widget\" data-widget_type=\"heading.default\">\n\t\t\t\t<div class=\"elementor-widget-container\">\n\t\t\t<h2 class=\"elementor-heading-title elementor-size-default\">Turna<\/h2>\t\t<\/div>\n\t\t\t\t<\/div>\n\t\t\t\t<div class=\"elementor-element elementor-element-cd7a141 elementor-widget elementor-widget-text-editor\" data-id=\"cd7a141\" data-element_type=\"widget\" data-widget_type=\"text-editor.default\">\n\t\t\t\t<div class=\"elementor-widget-container\">\n\t\t\t\t\t\t\t<p>Turna (Grus grus) T\u00fcrkiye\u2019de \u0130\u00e7 Anadolu, Akdeniz, G\u00fcneydo\u011fu Anadolu b\u00f6lgelerinde bulunur.\u00a0Ya\u015fam alanlar\u0131n\u0131n tahrip edilmesi, hatal\u0131 tar\u0131m uygulamalar\u0131 ve ka\u00e7ak avc\u0131l\u0131k kar\u015f\u0131 kar\u015f\u0131ya olduklar\u0131 ana tehditlerdir.<\/p>\t\t\t\t\t\t<\/div>\n\t\t\t\t<\/div>\n\t\t\t\t\t<\/div>\n\t\t<\/div>\n\t\t\t\t\t<\/div>\n\t\t<\/section>\n\t\t\t\t<\/div>\n\t\t\t\t<\/div>\n\t\t\t\t<\/div>\n\t\t\t\t<\/div>\n\t\t\t\t\t<\/div>\n\t\t<\/div>\n\t\t\t\t\t<\/div>\n\t\t<\/section>\n\t\t\t\t<section class=\"elementor-section elementor-top-section elementor-element elementor-element-a08b258 elementor-section-boxed elementor-section-height-default elementor-section-height-default\" data-id=\"a08b258\" data-element_type=\"section\">\n\t\t\t\t\t\t<div class=\"elementor-container elementor-column-gap-default\">\n\t\t\t\t\t<div class=\"elementor-column elementor-col-50 elementor-top-column elementor-element elementor-element-0f51848\" data-id=\"0f51848\" data-element_type=\"column\">\n\t\t\t<div class=\"elementor-widget-wrap elementor-element-populated\">\n\t\t\t\t\t\t<div class=\"elementor-element elementor-element-378de33 mb-10 elementor-widget elementor-widget-heading\" data-id=\"378de33\" data-element_type=\"widget\" data-widget_type=\"heading.default\">\n\t\t\t\t<div class=\"elementor-widget-container\">\n\t\t\t<h2 class=\"elementor-heading-title elementor-size-default\">Sorumlu \u0130\u015f Anlay\u0131\u015f\u0131m\u0131z<\/h2>\t\t<\/div>\n\t\t\t\t<\/div>\n\t\t\t\t<div class=\"elementor-element elementor-element-1e28ee4 elementor-widget elementor-widget-image\" data-id=\"1e28ee4\" data-element_type=\"widget\" data-widget_type=\"image.default\">\n\t\t\t\t<div class=\"elementor-widget-container\">\n\t\t\t\t\t\t\t\t\t\t\t\t\t<img decoding=\"async\" width=\"110\" height=\"5\" src=\"https:\/\/old.cukurpartners.com\/wp-content\/uploads\/2019\/10\/colored_line_cy.png\" class=\"attachment-full size-full wp-image-52\" alt=\"\" \/>\t\t\t\t\t\t\t\t\t\t\t\t\t<\/div>\n\t\t\t\t<\/div>\n\t\t\t\t<div class=\"elementor-element elementor-element-36f52e3 elementor-widget elementor-widget-text-editor\" data-id=\"36f52e3\" data-element_type=\"widget\" data-widget_type=\"text-editor.default\">\n\t\t\t\t<div class=\"elementor-widget-container\">\n\t\t\t\t\t\t\t<p>Biz i\u015f yapman\u0131n, \u00e7al\u0131\u015fman\u0131n bir \u201canlam\u0131\u201d olmas\u0131 gerekti\u011fini biliyoruz.<\/p><p>Bu y\u00fczden, \u201csorumlu i\u015f anlay\u0131\u015f\u0131m\u0131z\u201d, \u00c7ukur &amp; Partners hukuk firmas\u0131n\u0131n ruhunu ve d\u00fcnyas\u0131n\u0131 yans\u0131t\u0131r. Ne yapt\u0131\u011f\u0131m\u0131z\u0131 ve nas\u0131l \u00e7al\u0131\u015ft\u0131\u011f\u0131m\u0131z\u0131 ve ya\u015fad\u0131\u011f\u0131m\u0131z\u0131 belirleyen temel bir yap\u0131ta\u015f\u0131d\u0131r.<\/p><p>Hukuk b\u00fcromuzda i\u015f kararlar\u0131m\u0131z\u0131 sorumlulukla almak,\u00a0 bu kararlar\u0131n ba\u015fkalar\u0131 \u00fczerindeki etkisini de\u011ferlendirmek ve uzun s\u00fcreli \u00e7\u0131karlar\u0131 da dikkate almak anlam\u0131na gelen \u201cetki ekonomisi\u201dne inan\u0131yoruz biz. \u0130\u015fimizi bu \u015fekilde y\u00fcr\u00fct\u00fcyoruz.<\/p><p>Bizim anlay\u0131\u015f\u0131m\u0131za g\u00f6re, \u201ciyi bir hukuk b\u00fcrosunun\u201d anlam\u0131, uzmanl\u0131k gerektiren, karma\u015f\u0131k hukuki konularda hizmet sunan, uluslararas\u0131 alanda sayg\u0131 g\u00f6ren bir hukuki \u00e7\u00f6z\u00fcm sa\u011flay\u0131c\u0131s\u0131 olmaktan fazla bir \u015feydir. Biz bu anlam\u0131 \u00e7ok daha ileri ta\u015f\u0131maya \u00f6nc\u00fcl\u00fck ediyoruz. Yapt\u0131klar\u0131m\u0131zla ve avukatlar\u0131m\u0131zla \u00f6rnek olmak istiyoruz.<\/p><p>Bu \u00e7er\u00e7evede, ciddiye alaca\u011f\u0131m\u0131z ba\u015fka sorumluluklar\u0131m\u0131z oldu\u011funun bilincindeyiz. Karar ve eylemlerimizin m\u00fcvekkillerimiz, etkile\u015fimde bulundu\u011fumuz insanlar, mesle\u011fimiz, toplum, \u00e7evre, d\u00fcnya ve \u00c7ukur &amp; Partners avukatlar\u0131 ve ekibi \u00fczerindeki etkilerini de \u00f6nemsiyoruz.<\/p><p>Sorumlu i\u015f yakla\u015f\u0131m\u0131m\u0131z sadece soyut bir taahh\u00fct de\u011fil; somut i\u015fbirlikleri, giri\u015fimler ve \u00f6l\u00e7\u00fclebilir sonu\u00e7lar yoluyla \u015feffaf ve hesap verebilir bir i\u015f prensibi ve ya\u015fam tarz\u0131d\u0131r.<\/p><p>Eylemlerimizin ger\u00e7ek bir sosyal de\u011fer etkisine sahip olmas\u0131n\u0131 istiyoruz ve bu nedenle sosyal \u00c7ukur &amp; Partners avukatl\u0131k b\u00fcrosu olarak, sorumluluk etkinli\u011fimizi e\u011fitim, \u00e7ocuklar ve gen\u00e7lik, s\u00fcrd\u00fcr\u00fclebilir \u00e7evre, sa\u011fl\u0131k, k\u00fclt\u00fcr, sanat, giri\u015fimcilik ve hukuk mesle\u011finin geli\u015fimi alanlar\u0131nda yo\u011funla\u015ft\u0131r\u0131yoruz.<\/p><p>Sosyal sorumlulu\u011fa olan ba\u011fl\u0131l\u0131\u011f\u0131m\u0131z bir\u00e7ok \u015fekilde yerine getiriyoruz. Toplumsal projeler ve giri\u015fimler i\u00e7in g\u00f6n\u00fcll\u00fc oluyoruz; \u00fccretsiz hukuki dan\u0131\u015fmanl\u0131k, entelekt\u00fcel destek ve ba\u011f\u0131\u015flar sa\u011fl\u0131yoruz; sosyal hizmet kurumlar\u0131 ile bir\u00e7ok faaliyet ve hizmet y\u00fcr\u00fct\u00fcyoruz, ortak projeler geli\u015ftiriyoruz. Avukatlar\u0131m\u0131z ve ekip \u00fcyelerimiz aktif olarak \u00e7e\u015fitli sivil toplum kurulu\u015flar\u0131nda g\u00f6rev al\u0131yorlar.<\/p><p>D\u00fcnyan\u0131n en b\u00fcy\u00fck g\u00f6n\u00fcll\u00fc sorumlu i\u015f giri\u015fimi olan <a href=\"https:\/\/www.globalcompactturkiye.org\/\" target=\"_blank\" rel=\"noopener\">Birle\u015fmi\u015f Milletler K\u00fcresel \u0130lkeler S\u00f6zle\u015fmesi&#8217;ne (Global Compact)<\/a> imza atan \u00c7ukur &amp; Partners, t\u00fcm i\u015f uygulamalar\u0131n\u0131 insan haklar\u0131, i\u015f g\u00fcc\u00fc, \u00e7evre ve yolsuzlukla m\u00fccadele konusundaki <a href=\"https:\/\/www.globalcompactturkiye.org\/10-ilke\/\" target=\"_blank\" rel=\"noopener\">on ilkeyle<\/a> uyumlu hale getirerek ve bunlar\u0131 i\u015f k\u00fclt\u00fcr\u00fc i\u00e7erisinde yerle\u015ftirerek sorumlu bir \u015fekilde i\u015f yapmaya kararl\u0131d\u0131r.<\/p><p><a href=\"https:\/\/www.globalcompactturkiye.org\/surdurulebilir-kalkinma-amaclari\/\" target=\"_blank\" rel=\"noopener\">BM\u2019nin S\u00fcrd\u00fcr\u00fclebilir Kalk\u0131nma Ama\u00e7lar\u0131<\/a>, sosyal sorumlulu\u011fumuzun ve \u00e7evreye duyarl\u0131l\u0131k politikam\u0131z\u0131n ana unsurudur ve s\u00fcrd\u00fcr\u00fclebilirlik stratejimiz i\u00e7in bir \u00e7er\u00e7eve olu\u015fturur. Yeni teknolojileri benimseyerek ve \u00e7al\u0131\u015fanlar\u0131m\u0131z\u0131n davran\u0131\u015flar\u0131n\u0131 de\u011fi\u015ftirerek karbon ayak izimizi ve \u00e7evresel etkimizi azaltmay\u0131 hedefliyoruz. \u00c7evre dostu se\u00e7enekleri g\u00fcnl\u00fck i\u015flerimize d\u00e2hil ediyoruz ve i\u015f kararlar\u0131m\u0131zda \u00e7evresel de\u011ferleri g\u00f6z \u00f6n\u00fcnde bulunduruyoruz. At\u0131klar\u0131 \u00e7evre dostu bir \u015fekilde y\u00f6netiyoruz ve kaynak kullan\u0131m\u0131n\u0131 s\u0131n\u0131rl\u0131yoruz.<\/p><p><a href=\"https:\/\/www.globalcompactturkiye.org\/kadinin-guclenmesi\/\" target=\"_blank\" rel=\"noopener\">BM Kad\u0131n\u0131 G\u00fc\u00e7lendirme Prensiplerinin (WEP\u2019s)<\/a> imzac\u0131lar\u0131ndan biriyiz ve bu nedenle kad\u0131nlar\u0131n i\u015f hayat\u0131nda etkin \u015fekilde yer almas\u0131 ve \u00e7e\u015fitlilik hukuk b\u00fcromuzun uygulamadaki \u00f6ncelikleri aras\u0131nda.<\/p><p>\u0130\u015f yerlerimizi, mutlu insanlar\u0131n sa\u011fl\u0131kl\u0131 ya\u015fam ve \u00f6zel hayat\/\u00e7al\u0131\u015fma hayat\u0131 dengesi g\u00fcvencesinde \u00e7al\u0131\u015ft\u0131klar\u0131, ilham verici ve hayranl\u0131k uyand\u0131ran ortamlar haline getirmeye \u00e7al\u0131\u015f\u0131yoruz.<\/p><p>OECD ve di\u011fer uluslararas\u0131 kurulu\u015flar\u0131n sorumlu i\u015f d\u00fczenlemelerine en geni\u015f \u00e7er\u00e7evede sayg\u0131 duymay\u0131 ve bunlara uymay\u0131 hedefleyen bir anlay\u0131\u015fla i\u015fimizi yap\u0131yoruz.<\/p><p>Sorumlu i\u015f stratejimizin ve \u00c7ukur &amp; Partners\u00a0avukatl\u0131k b\u00fcrosunda bu konuda yapt\u0131\u011f\u0131m\u0131z \u00e7al\u0131\u015fmalar\u0131n temel unsurlar\u0131n\u0131 kurumsal sosyal sorumluluk ve \u00fccretsiz hukuki hizmet uygulamalar\u0131m\u0131z, etik ve i\u015f ilkelerimiz, s\u00fcrd\u00fcr\u00fclebilir \u00e7evre \u00e7al\u0131\u015fmalar\u0131m\u0131z,\u00a0 kat\u0131l\u0131mc\u0131l\u0131k, \u00e7e\u015fitlilik ve refah uygulamalar\u0131m\u0131z ba\u015fl\u0131klar\u0131 alt\u0131nda s\u0131ralayabiliriz.<\/p><p>Sorumlu ve s\u00fcrd\u00fcr\u00fclebilir i\u015f anlay\u0131\u015f\u0131m\u0131z\u0131n bir yans\u0131mas\u0131 olarak,\u00a0<a href=\"https:\/\/old.cukurpartners.com\/tr\/esg-cevre-sosyal-politikalar-ve-yonetisim\/\">ESG (\u00c7evre, Sosyal Politikalar ve Y\u00f6neti\u015fim)<\/a>\u00a0ile ba\u011flant\u0131l\u0131 t\u00fcm hukuki konular\u0131 kapsayacak \u015fekilde, ESG\u2019yi temel bir \u00e7al\u0131\u015fma alan\u0131 olarak belirleyerek, bu alanda \u00fclkemiz hukuk sekt\u00f6r\u00fcnde \u00f6nc\u00fcl\u00fck ediyoruz.<\/p>\t\t\t\t\t\t<\/div>\n\t\t\t\t<\/div>\n\t\t\t\t\t<\/div>\n\t\t<\/div>\n\t\t\t\t<div class=\"elementor-column elementor-col-50 elementor-top-column elementor-element elementor-element-c63297d\" data-id=\"c63297d\" data-element_type=\"column\">\n\t\t\t<div class=\"elementor-widget-wrap elementor-element-populated\">\n\t\t\t\t\t\t<div class=\"elementor-element elementor-element-5a514b5 elementor-widget elementor-widget-template\" data-id=\"5a514b5\" data-element_type=\"widget\" data-widget_type=\"template.default\">\n\t\t\t\t<div class=\"elementor-widget-container\">\n\t\t\t\t\t<div class=\"elementor-template\">\n\t\t\t\t\t<div data-elementor-type=\"section\" data-elementor-id=\"1023\" class=\"elementor elementor-1023 elementor-216\" data-elementor-post-type=\"elementor_library\">\n\t\t\t\t\t<section class=\"elementor-section elementor-top-section elementor-element elementor-element-e22e1f3 elementor-section-boxed elementor-section-height-default elementor-section-height-default\" data-id=\"e22e1f3\" data-element_type=\"section\">\n\t\t\t\t\t\t<div class=\"elementor-container elementor-column-gap-default\">\n\t\t\t\t\t<div class=\"elementor-column elementor-col-100 elementor-top-column elementor-element elementor-element-dcec2a6\" data-id=\"dcec2a6\" data-element_type=\"column\">\n\t\t\t<div class=\"elementor-widget-wrap elementor-element-populated\">\n\t\t\t\t\t\t<div class=\"elementor-element elementor-element-26d0b63 sidemenu elementor-nav-menu--dropdown-tablet elementor-nav-menu__text-align-aside elementor-widget elementor-widget-nav-menu\" data-id=\"26d0b63\" data-element_type=\"widget\" data-settings=\"{&quot;layout&quot;:&quot;vertical&quot;,&quot;submenu_icon&quot;:{&quot;value&quot;:&quot;&lt;i class=\\&quot;fas fa-caret-down\\&quot;&gt;&lt;\\\/i&gt;&quot;,&quot;library&quot;:&quot;fa-solid&quot;}}\" data-widget_type=\"nav-menu.default\">\n\t\t\t\t<div class=\"elementor-widget-container\">\n\t\t\t\t\t\t<nav aria-label=\"Men\u00fc\" class=\"elementor-nav-menu--main elementor-nav-menu__container elementor-nav-menu--layout-vertical e--pointer-none\">\n\t\t\t\t<ul id=\"menu-1-26d0b63\" class=\"elementor-nav-menu sm-vertical\"><li class=\"menu-item menu-item-type-post_type menu-item-object-page menu-item-2633\"><a href=\"https:\/\/old.cukurpartners.com\/tr\/surdurulebi%cc%87li%cc%87r-cozum-ortaginiz\/\" class=\"elementor-item\">S\u00fcrd\u00fcr\u00fclebilir \u00c7\u00f6z\u00fcm Orta\u011f\u0131n\u0131z<\/a><\/li>\n<li class=\"menu-item menu-item-type-post_type menu-item-object-page menu-item-has-children menu-item-2644\"><a href=\"https:\/\/old.cukurpartners.com\/tr\/cukur-partners-akademi\/\" class=\"elementor-item\">\u00c7ukur &#038; Partners Akademi<\/a>\n<ul class=\"sub-menu elementor-nav-menu--dropdown\">\n\t<li class=\"menu-item menu-item-type-post_type menu-item-object-page menu-item-6688\"><a href=\"https:\/\/old.cukurpartners.com\/tr\/cukur-partners-akademi-kevser-ve-nihat-cukur-egitim-burslari\/\" class=\"elementor-sub-item\">\u00c7ukur &#038; Partners Akademi \u201cKevser Ve Nihat \u00c7ukur E\u011fitim Burslar\u0131\u201d<\/a><\/li>\n\t<li class=\"menu-item menu-item-type-post_type menu-item-object-page menu-item-6689\"><a href=\"https:\/\/old.cukurpartners.com\/tr\/hukuk-fakultesi-ogrencileri-icin-avukatlik-kariyerine-hazirlik-programi\/\" class=\"elementor-sub-item\">Hukuk Fak\u00fcltesi \u00d6\u011frencileri \u0130\u00e7in Avukatl\u0131k Kariyerine Haz\u0131rl\u0131k Program\u0131<\/a><\/li>\n\t<li class=\"menu-item menu-item-type-post_type menu-item-object-page menu-item-6690\"><a href=\"https:\/\/old.cukurpartners.com\/tr\/meslege-yeni-baslayan-avukatlar-ve-stajyer-avukatlar-icin-mentorluk-programi\/\" class=\"elementor-sub-item\">Mesle\u011fe Yeni Ba\u015flayan Avukatlar ve Stajyer Avukatlar \u0130\u00e7in Mentorluk Program\u0131<\/a><\/li>\n\t<li class=\"menu-item menu-item-type-post_type menu-item-object-page menu-item-6691\"><a href=\"https:\/\/old.cukurpartners.com\/tr\/cukur-partners-akademi-social-club\/\" class=\"elementor-sub-item\">\u00c7ukur &#038; Partners Akademi Social Club<\/a><\/li>\n<\/ul>\n<\/li>\n<li class=\"menu-item menu-item-type-post_type menu-item-object-page menu-item-1293\"><a href=\"https:\/\/old.cukurpartners.com\/tr\/sorumlu-is-anlayisimiz\/kurumsal-sosyal-sorumluluk-ve-ucretsiz-hukuki-hizmet-pro-bono-uygulamalarimiz\/\" class=\"elementor-item\">Kurumsal Sosyal Sorumluluk Ve \u00dccretsiz Hukuki Hizmet (Pro Bono) Uygulamalar\u0131m\u0131z<\/a><\/li>\n<li class=\"menu-item menu-item-type-post_type menu-item-object-page menu-item-1294\"><a href=\"https:\/\/old.cukurpartners.com\/tr\/sorumlu-is-anlayisimiz\/etik-ve-is-ilkelerimiz\/\" class=\"elementor-item\">Etik ve \u0130\u015f \u0130lkelerimiz<\/a><\/li>\n<li class=\"menu-item menu-item-type-post_type menu-item-object-page menu-item-1295\"><a href=\"https:\/\/old.cukurpartners.com\/tr\/sorumlu-is-anlayisimiz\/surdurulebilirlik-ve-cevre\/\" class=\"elementor-item\">S\u00fcrd\u00fcr\u00fclebilirlik ve \u00c7evre<\/a><\/li>\n<li class=\"menu-item menu-item-type-post_type menu-item-object-page menu-item-1296\"><a href=\"https:\/\/old.cukurpartners.com\/tr\/sorumlu-is-anlayisimiz\/katilimcilik-cesitlilik-ve-refah-uygulamalarimiz\/\" class=\"elementor-item\">Kat\u0131l\u0131mc\u0131l\u0131k, \u00c7e\u015fitlilik Ve Refah Uygulamalar\u0131m\u0131z<\/a><\/li>\n<\/ul>\t\t\t<\/nav>\n\t\t\t\t\t\t<nav class=\"elementor-nav-menu--dropdown elementor-nav-menu__container\" aria-hidden=\"true\">\n\t\t\t\t<ul id=\"menu-2-26d0b63\" class=\"elementor-nav-menu sm-vertical\"><li class=\"menu-item menu-item-type-post_type menu-item-object-page menu-item-2633\"><a href=\"https:\/\/old.cukurpartners.com\/tr\/surdurulebi%cc%87li%cc%87r-cozum-ortaginiz\/\" class=\"elementor-item\" tabindex=\"-1\">S\u00fcrd\u00fcr\u00fclebilir \u00c7\u00f6z\u00fcm Orta\u011f\u0131n\u0131z<\/a><\/li>\n<li class=\"menu-item menu-item-type-post_type menu-item-object-page menu-item-has-children menu-item-2644\"><a href=\"https:\/\/old.cukurpartners.com\/tr\/cukur-partners-akademi\/\" class=\"elementor-item\" tabindex=\"-1\">\u00c7ukur &#038; Partners Akademi<\/a>\n<ul class=\"sub-menu elementor-nav-menu--dropdown\">\n\t<li class=\"menu-item menu-item-type-post_type menu-item-object-page menu-item-6688\"><a href=\"https:\/\/old.cukurpartners.com\/tr\/cukur-partners-akademi-kevser-ve-nihat-cukur-egitim-burslari\/\" class=\"elementor-sub-item\" tabindex=\"-1\">\u00c7ukur &#038; Partners Akademi \u201cKevser Ve Nihat \u00c7ukur E\u011fitim Burslar\u0131\u201d<\/a><\/li>\n\t<li class=\"menu-item menu-item-type-post_type menu-item-object-page menu-item-6689\"><a href=\"https:\/\/old.cukurpartners.com\/tr\/hukuk-fakultesi-ogrencileri-icin-avukatlik-kariyerine-hazirlik-programi\/\" class=\"elementor-sub-item\" tabindex=\"-1\">Hukuk Fak\u00fcltesi \u00d6\u011frencileri \u0130\u00e7in Avukatl\u0131k Kariyerine Haz\u0131rl\u0131k Program\u0131<\/a><\/li>\n\t<li class=\"menu-item menu-item-type-post_type menu-item-object-page menu-item-6690\"><a href=\"https:\/\/old.cukurpartners.com\/tr\/meslege-yeni-baslayan-avukatlar-ve-stajyer-avukatlar-icin-mentorluk-programi\/\" class=\"elementor-sub-item\" tabindex=\"-1\">Mesle\u011fe Yeni Ba\u015flayan Avukatlar ve Stajyer Avukatlar \u0130\u00e7in Mentorluk Program\u0131<\/a><\/li>\n\t<li class=\"menu-item menu-item-type-post_type menu-item-object-page menu-item-6691\"><a href=\"https:\/\/old.cukurpartners.com\/tr\/cukur-partners-akademi-social-club\/\" class=\"elementor-sub-item\" tabindex=\"-1\">\u00c7ukur &#038; Partners Akademi Social Club<\/a><\/li>\n<\/ul>\n<\/li>\n<li class=\"menu-item menu-item-type-post_type menu-item-object-page menu-item-1293\"><a href=\"https:\/\/old.cukurpartners.com\/tr\/sorumlu-is-anlayisimiz\/kurumsal-sosyal-sorumluluk-ve-ucretsiz-hukuki-hizmet-pro-bono-uygulamalarimiz\/\" class=\"elementor-item\" tabindex=\"-1\">Kurumsal Sosyal Sorumluluk Ve \u00dccretsiz Hukuki Hizmet (Pro Bono) Uygulamalar\u0131m\u0131z<\/a><\/li>\n<li class=\"menu-item menu-item-type-post_type menu-item-object-page menu-item-1294\"><a href=\"https:\/\/old.cukurpartners.com\/tr\/sorumlu-is-anlayisimiz\/etik-ve-is-ilkelerimiz\/\" class=\"elementor-item\" tabindex=\"-1\">Etik ve \u0130\u015f \u0130lkelerimiz<\/a><\/li>\n<li class=\"menu-item menu-item-type-post_type menu-item-object-page menu-item-1295\"><a href=\"https:\/\/old.cukurpartners.com\/tr\/sorumlu-is-anlayisimiz\/surdurulebilirlik-ve-cevre\/\" class=\"elementor-item\" tabindex=\"-1\">S\u00fcrd\u00fcr\u00fclebilirlik ve \u00c7evre<\/a><\/li>\n<li class=\"menu-item menu-item-type-post_type menu-item-object-page menu-item-1296\"><a href=\"https:\/\/old.cukurpartners.com\/tr\/sorumlu-is-anlayisimiz\/katilimcilik-cesitlilik-ve-refah-uygulamalarimiz\/\" class=\"elementor-item\" tabindex=\"-1\">Kat\u0131l\u0131mc\u0131l\u0131k, \u00c7e\u015fitlilik Ve Refah Uygulamalar\u0131m\u0131z<\/a><\/li>\n<\/ul>\t\t\t<\/nav>\n\t\t\t\t<\/div>\n\t\t\t\t<\/div>\n\t\t\t\t\t<\/div>\n\t\t<\/div>\n\t\t\t\t\t<\/div>\n\t\t<\/section>\n\t\t\t\t<\/div>\n\t\t\t\t<\/div>\n\t\t\t\t<\/div>\n\t\t\t\t<\/div>\n\t\t\t\t\t<\/div>\n\t\t<\/div>\n\t\t\t\t\t<\/div>\n\t\t<\/section>\n\t\t\t\t<\/div>\n\t\t","protected":false},"excerpt":{"rendered":"<p>Biz i\u015f yapman\u0131n, \u00e7al\u0131\u015fman\u0131n bir \u201canlam\u0131\u201d olmas\u0131 gerekti\u011fini biliyoruz. Bu y\u00fczden, \u201csorumlu i\u015f anlay\u0131\u015f\u0131m\u0131z\u201d, \u00c7ukur &amp; Partners hukuk firmas\u0131n\u0131n ruhunu ve d\u00fcnyas\u0131n\u0131 yans\u0131t\u0131r. Ne yapt\u0131\u011f\u0131m\u0131z\u0131 ve nas\u0131l \u00e7al\u0131\u015ft\u0131\u011f\u0131m\u0131z\u0131 ve ya\u015fad\u0131\u011f\u0131m\u0131z\u0131 belirleyen temel bir yap\u0131ta\u015f\u0131d\u0131r. Hukuk b\u00fcromuzda i\u015f kararlar\u0131m\u0131z\u0131 sorumlulukla almak,\u00a0 bu kararlar\u0131n ba\u015fkalar\u0131 \u00fczerindeki etkisini de\u011ferlendirmek ve uzun s\u00fcreli \u00e7\u0131karlar\u0131 da dikkate almak anlam\u0131na gelen [&hellip;]<\/p>\n","protected":false},"author":1,"featured_media":0,"parent":0,"menu_order":0,"comment_status":"closed","ping_status":"closed","template":"elementor_header_footer","meta":{"_acf_changed":false,"footnotes":""},"class_list":["post-977","page","type-page","status-publish","hentry"],"acf":[],"_links":{"self":[{"href":"https:\/\/old.cukurpartners.com\/tr\/wp-json\/wp\/v2\/pages\/977"}],"collection":[{"href":"https:\/\/old.cukurpartners.com\/tr\/wp-json\/wp\/v2\/pages"}],"about":[{"href":"https:\/\/old.cukurpartners.com\/tr\/wp-json\/wp\/v2\/types\/page"}],"author":[{"embeddable":true,"href":"https:\/\/old.cukurpartners.com\/tr\/wp-json\/wp\/v2\/users\/1"}],"replies":[{"embeddable":true,"href":"https:\/\/old.cukurpartners.com\/tr\/wp-json\/wp\/v2\/comments?post=977"}],"version-history":[{"count":15,"href":"https:\/\/old.cukurpartners.com\/tr\/wp-json\/wp\/v2\/pages\/977\/revisions"}],"predecessor-version":[{"id":7364,"href":"https:\/\/old.cukurpartners.com\/tr\/wp-json\/wp\/v2\/pages\/977\/revisions\/7364"}],"wp:attachment":[{"href":"https:\/\/old.cukurpartners.com\/tr\/wp-json\/wp\/v2\/media?parent=977"}],"curies":[{"name":"wp","href":"https:\/\/api.w.org\/{rel}","templated":true}]}}