{"id":978,"date":"2019-10-22T08:11:09","date_gmt":"2019-10-22T08:11:09","guid":{"rendered":"https:\/\/cukurpartners.com\/international-recognation-and-accolades\/"},"modified":"2024-05-08T05:58:37","modified_gmt":"2024-05-08T05:58:37","slug":"odullerimiz-ve-basarilarimiz","status":"publish","type":"page","link":"https:\/\/old.cukurpartners.com\/tr\/bizi-taniyin\/odullerimiz-ve-basarilarimiz\/","title":{"rendered":"\u00d6d\u00fcllerimiz ve Ba\u015far\u0131lar\u0131m\u0131z"},"content":{"rendered":"\t\t<div data-elementor-type=\"wp-page\" data-elementor-id=\"978\" class=\"elementor elementor-978 elementor-208\" data-elementor-post-type=\"page\">\n\t\t\t\t\t\t<section class=\"elementor-section elementor-top-section elementor-element elementor-element-b8a1fcb elementor-section-full_width elementor-section-height-default elementor-section-height-default\" data-id=\"b8a1fcb\" data-element_type=\"section\">\n\t\t\t\t\t\t<div class=\"elementor-container elementor-column-gap-default\">\n\t\t\t\t\t<div class=\"elementor-column elementor-col-100 elementor-top-column elementor-element elementor-element-6bebd1b\" data-id=\"6bebd1b\" data-element_type=\"column\">\n\t\t\t<div class=\"elementor-widget-wrap elementor-element-populated\">\n\t\t\t\t\t\t<div class=\"elementor-element elementor-element-6d3dbf7 elementor-widget elementor-widget-template\" data-id=\"6d3dbf7\" data-element_type=\"widget\" data-widget_type=\"template.default\">\n\t\t\t\t<div class=\"elementor-widget-container\">\n\t\t\t\t\t<div class=\"elementor-template\">\n\t\t\t\t\t<div data-elementor-type=\"section\" data-elementor-id=\"1009\" class=\"elementor elementor-1009 elementor-752\" data-elementor-post-type=\"elementor_library\">\n\t\t\t\t\t<section class=\"elementor-section elementor-top-section elementor-element elementor-element-06ee9af elementor-section-height-min-height elementor-section-boxed elementor-section-height-default elementor-section-items-middle\" data-id=\"06ee9af\" data-element_type=\"section\" data-settings=\"{&quot;background_background&quot;:&quot;classic&quot;}\">\n\t\t\t\t\t\t\t<div class=\"elementor-background-overlay\"><\/div>\n\t\t\t\t\t\t\t<div class=\"elementor-container elementor-column-gap-default\">\n\t\t\t\t\t<div class=\"elementor-column elementor-col-50 elementor-top-column elementor-element elementor-element-ac5ac5d\" data-id=\"ac5ac5d\" data-element_type=\"column\">\n\t\t\t<div class=\"elementor-widget-wrap elementor-element-populated\">\n\t\t\t\t\t\t<div class=\"elementor-element elementor-element-164dc57 elementor-widget elementor-widget-heading\" data-id=\"164dc57\" data-element_type=\"widget\" data-widget_type=\"heading.default\">\n\t\t\t\t<div class=\"elementor-widget-container\">\n\t\t\t<h2 class=\"elementor-heading-title elementor-size-default\">Bizi Tan\u0131y\u0131n<\/h2>\t\t<\/div>\n\t\t\t\t<\/div>\n\t\t\t\t\t<\/div>\n\t\t<\/div>\n\t\t\t\t<div class=\"elementor-column elementor-col-50 elementor-top-column elementor-element elementor-element-c18002f textright mobcenter\" data-id=\"c18002f\" data-element_type=\"column\">\n\t\t\t<div class=\"elementor-widget-wrap elementor-element-populated\">\n\t\t\t\t\t\t<div class=\"elementor-element elementor-element-e490aa6 mb-5 elementor-widget elementor-widget-heading\" data-id=\"e490aa6\" data-element_type=\"widget\" data-widget_type=\"heading.default\">\n\t\t\t\t<div class=\"elementor-widget-container\">\n\t\t\t<h2 class=\"elementor-heading-title elementor-size-default\">Yabani At<\/h2>\t\t<\/div>\n\t\t\t\t<\/div>\n\t\t\t\t<div class=\"elementor-element elementor-element-39e2be3 elementor-widget elementor-widget-text-editor\" data-id=\"39e2be3\" data-element_type=\"widget\" data-widget_type=\"text-editor.default\">\n\t\t\t\t<div class=\"elementor-widget-container\">\n\t\t\t\t\t\t\t<p>T\u00fcrkiye\u2019de art\u0131k nadiren kar\u015f\u0131la\u015f\u0131lan Yabani atlar (Equus Ferus Caballus), orta Anadolu ve i\u00e7 Ege b\u00f6lgelerinde bulunurlar.<\/p>\t\t\t\t\t\t<\/div>\n\t\t\t\t<\/div>\n\t\t\t\t\t<\/div>\n\t\t<\/div>\n\t\t\t\t\t<\/div>\n\t\t<\/section>\n\t\t\t\t<\/div>\n\t\t\t\t<\/div>\n\t\t\t\t<\/div>\n\t\t\t\t<\/div>\n\t\t\t\t\t<\/div>\n\t\t<\/div>\n\t\t\t\t\t<\/div>\n\t\t<\/section>\n\t\t\t\t<section class=\"elementor-section elementor-top-section elementor-element elementor-element-648439e elementor-section-boxed elementor-section-height-default elementor-section-height-default\" data-id=\"648439e\" data-element_type=\"section\">\n\t\t\t\t\t\t<div class=\"elementor-container elementor-column-gap-default\">\n\t\t\t\t\t<div class=\"elementor-column elementor-col-50 elementor-top-column elementor-element elementor-element-51bfa59\" data-id=\"51bfa59\" data-element_type=\"column\">\n\t\t\t<div class=\"elementor-widget-wrap elementor-element-populated\">\n\t\t\t\t\t\t<div class=\"elementor-element elementor-element-0b51907 mb-10 elementor-widget elementor-widget-heading\" data-id=\"0b51907\" data-element_type=\"widget\" data-widget_type=\"heading.default\">\n\t\t\t\t<div class=\"elementor-widget-container\">\n\t\t\t<h2 class=\"elementor-heading-title elementor-size-default\">\u00d6d\u00fcllerimiz ve Ba\u015far\u0131lar\u0131m\u0131z<\/h2>\t\t<\/div>\n\t\t\t\t<\/div>\n\t\t\t\t<div class=\"elementor-element elementor-element-d20de91 elementor-widget elementor-widget-image\" data-id=\"d20de91\" data-element_type=\"widget\" data-widget_type=\"image.default\">\n\t\t\t\t<div class=\"elementor-widget-container\">\n\t\t\t\t\t\t\t\t\t\t\t\t\t<img decoding=\"async\" width=\"110\" height=\"5\" src=\"https:\/\/old.cukurpartners.com\/wp-content\/uploads\/2019\/10\/colored_line_cy.png\" class=\"attachment-full size-full wp-image-52\" alt=\"\" \/>\t\t\t\t\t\t\t\t\t\t\t\t\t<\/div>\n\t\t\t\t<\/div>\n\t\t\t\t<div class=\"elementor-element elementor-element-c394723 elementor-widget elementor-widget-text-editor\" data-id=\"c394723\" data-element_type=\"widget\" data-widget_type=\"text-editor.default\">\n\t\t\t\t<div class=\"elementor-widget-container\">\n\t\t\t\t\t\t\t<p><span style=\"font-weight: 400;\">\u00c7ukur &amp; Partners hukuk firmas\u0131 10 y\u0131l\u0131 a\u015fk\u0131n s\u00fcredir hizmetlerinin kalitesini ve uzmanl\u0131\u011f\u0131n\u0131, uluslararas\u0131 ba\u011f\u0131ms\u0131z kurumlar\u0131n denetimine sunmaktad\u0131r.\u00a0<\/span><\/p><p><span style=\"font-weight: 400;\">\u0130\u015fimizi nas\u0131l yapt\u0131\u011f\u0131m\u0131z\u0131, nas\u0131l bir hukuk b\u00fcrosu oldu\u011fumuzu anlat\u0131rken, referans noktalar\u0131m\u0131zdan birisi de, ba\u015far\u0131 ile tamamlad\u0131\u011f\u0131m\u0131z projeler ve hizmet verdi\u011fimiz se\u00e7kin \u015firketler ile birlikte, bu sayg\u0131n ba\u011f\u0131ms\u0131z kurumlar\u0131n bizi nas\u0131l anlatt\u0131klar\u0131.<\/span><\/p><p><span style=\"font-weight: 400;\">Gururla ifade etmek isteriz ki, <\/span>bu ba\u011f\u0131ms\u0131z kurumlar, \u00c7ukur &amp; Partners <span style=\"font-weight: 400;\">hukuk b\u00fcrosunu ve avukatlar\u0131n\u0131<\/span>, hemen t\u00fcm temel \u00e7al\u0131\u015fma alanlar\u0131nda \u00f6nermekte, tavsiye ettikleri T\u00fcrk Hukuk B\u00fcrolar\u0131 listelerine almakta ve bir\u00e7ok kategoride \u201cT\u00fcrkiye\u2019nin en iyi hukuk b\u00fcrosu \u00f6d\u00fclleri\u201d<span style=\"font-weight: 400;\"> ile onurland\u0131rmaktad\u0131rlar.<\/span><\/p><p>\u00c7ukur &amp; Partners <span style=\"font-weight: 400;\">hukuk firmas\u0131<\/span>, 2016 ve 2017 y\u0131llar\u0131nda \u00fcst \u00fcste iki kez Avrupa\u2019da en sayg\u0131n ve tan\u0131nm\u0131\u015f hukuk \u00f6d\u00fclleri<span style=\"font-weight: 400;\"> aras\u0131nda en \u00fcst s\u0131rada yer alan <\/span>The Lawyer Hukuk \u00d6d\u00fcllerinde, \u201cT\u00fcrkiye\u2019de Y\u0131l\u0131n Hukuk B\u00fcrosu\u201d olarak se\u00e7ilmi\u015ftir<span style=\"font-weight: 400;\">. Bu \u00f6d\u00fcl\u00fc iki kez alma ba\u015far\u0131s\u0131 g\u00f6steren ilk ve tek T\u00fcrk hukuk b\u00fcrosu oldu\u011fumuz gibi, bunu iki y\u0131l \u00fcst \u00fcste ba\u015faran d\u00fcnyadaki bir avu\u00e7 hukuk b\u00fcrosundan birisiyiz.\u00a0<\/span><\/p><p><span style=\"font-weight: 400;\">Uluslararas\u0131 Hukuk D\u00fcnyas\u0131n\u0131n en sayg\u0131n derecelendirme kurulu\u015flar\u0131 olan<\/span> LEGAL 500 \u2013 CHAMBERS &amp; PARTNERS \u2013 IFLR 1000<span style=\"font-weight: 400;\"> \u00c7ukur &amp; Partners hukuk firmas\u0131n\u0131 ve avukatlar\u0131n\u0131 hizmet alanlar\u0131nda 2008 y\u0131l\u0131ndan bu yana <\/span>T\u00fcrkiye\u2019de tercih edilecek hukuk b\u00fcrosu olarak tavsiye ediyorlar<span style=\"font-weight: 400;\">.<\/span><\/p><p><span style=\"font-weight: 400;\">Bunlar\u0131n yan\u0131 s\u0131ra, Hukuk B\u00fcromuzun son y\u0131llarda ald\u0131\u011f\u0131 uluslararas\u0131 \u00f6d\u00fcllerden baz\u0131lar\u0131 \u015funlard\u0131r:<br \/><\/span><\/p><p><strong>ACQFIVE Global \u00d6d\u00fclleri\u00a0<\/strong>2024 Y\u0131l\u0131n Uluslararas\u0131 Hukuk Firmas\u0131<\/p><p><strong>Corporate INTL Global \u00d6d\u00fclleri <\/strong>2024 T\u00fcrkiye&#8217;nin Orta Pazar M&amp;A \u0130\u015flemleri Hukuk Firmas\u0131<\/p><p><strong>Exclusive Bundle Offers for Legal 100 \u00d6d\u00fclleri<\/strong>\u00a02024<strong>\u00a0<\/strong>Y\u0131l\u0131n Hukuk Firmas\u0131\u00a0&#8211;\u00a0\u00d6zel Sermaye<\/p><p><strong>Exclusive Bundle Offers for Legal 100 \u00d6d\u00fclleri\u00a0<\/strong>2024 Y\u0131l\u0131n Enerji Hukuku Firmas\u0131<\/p><p><strong>Finance Monthly Magazine \u00d6d\u00fclleri<\/strong>\u00a02024 Y\u0131l\u0131n Anla\u015fma Yap\u0131c\u0131s\u0131<\/p><p><strong>Global Law Experts Annual \u00d6d\u00fclleri<\/strong>\u00a02024\u00a0T\u00fcrkiye&#8217;nin Y\u0131l\u0131n Tam Hizmet Hukuk Firmas\u0131\u00a0<\/p><p><strong>Global Law Experts Annual \u00d6d\u00fclleri<\/strong>\u00a02024\u00a0T\u00fcrkiye&#8217;nin Orta Pazar M&amp;A \u0130\u015flemleri Hukuk Firmas\u0131\u00a0<\/p><p><strong>LEGAL 500<\/strong>\u00a02024 Derecelendirmesinde Yer Ald\u0131<\/p><p><strong>IFLR1000<\/strong>\u00a02023 Derecelendirmesinde Yer Ald\u0131<\/p><p><strong>LEGAL500<\/strong>\u00a02023 Derecelendirmesinde Yer Ald\u0131<\/p><p><strong>IFLR1000<\/strong>\u00a02022 Derecelendirmesinde Yer Ald\u0131<\/p><p><b>Corporate Int. Global \u00d6d\u00fclleri <\/b><span style=\"font-weight: 400;\">2021. T\u00fcrkiye\u2019de Y\u0131l\u0131n Hukuk B\u00fcrosu<\/span><\/p><p><b>Corporate Int. Global \u00d6d\u00fclleri <\/b><span style=\"font-weight: 400;\">2020. T\u00fcrkiye\u2019de Y\u0131l\u0131n Hukuk B\u00fcrosu<\/span><\/p><p><b>Corporate Int. Global \u00d6d\u00fclleri <\/b><span style=\"font-weight: 400;\">2019. T\u00fcrkiye\u2019de Y\u0131l\u0131n Hukuk B\u00fcrosu<\/span><\/p><p><b>ACQ5 Global \u00d6d\u00fclleri <\/b><span style=\"font-weight: 400;\">2019<\/span><b>. <\/b><span style=\"font-weight: 400;\">T\u00fcrkiye\u2019de Y\u0131l\u0131n Uluslararas\u0131 Hukuk B\u00fcrosu<\/span><\/p><p><b>Acquisition INTL Magazine\u00a0 Global Excellence \u00d6d\u00fclleri <\/b><span style=\"font-weight: 400;\">2019. T\u00fcrkiye\u2019de Y\u0131l\u0131n En Se\u00e7kin Hukuk B\u00fcrosu<\/span><\/p><p><b>Corporate Int. Global \u00d6d\u00fclleri <\/b><span style=\"font-weight: 400;\">2018. T\u00fcrkiye\u2019de Y\u0131l\u0131n Hukuk B\u00fcrosu<\/span><\/p><p><b>Al Global Media \u00d6d\u00fclleri <\/b><span style=\"font-weight: 400;\">2018. T\u00fcrkiye\u2019de Y\u0131l\u0131n Hukuk B\u00fcrosu<\/span><\/p><p><b>ACQ5 Global \u00d6d\u00fclleri <\/b><span style=\"font-weight: 400;\">2018<\/span><b>. <\/b><span style=\"font-weight: 400;\">Y\u0131l\u0131n B\u00f6lgesel Hukuk B\u00fcrosu<\/span><\/p><p><b>Corporate Excellence \u00d6d\u00fclleri<\/b><span style=\"font-weight: 400;\"> 2017. T\u00fcrkiye\u2019de Y\u0131l\u0131n Ba\u011f\u0131ms\u0131z Hukuk B\u00fcrosu<\/span><\/p><p><b>Global Law Experts <\/b><span style=\"font-weight: 400;\">2017. T\u00fcrkiye\u2019de Y\u0131l\u0131n Hukuk B\u00fcrosu<\/span><\/p><p><b>Worldwide Financial Advisor \u00d6d\u00fclleri<\/b><span style=\"font-weight: 400;\"> 2017. T\u00fcrkiye\u2019de Y\u0131l\u0131n Dan\u0131\u015fman\u0131 \u00d6d\u00fcl\u00fc<\/span><\/p><p><b>M&amp;A Today Global \u00d6d\u00fclleri<\/b><span style=\"font-weight: 400;\"> 2016. T\u00fcrkiye\u2019de Y\u0131l\u0131n Hukuk B\u00fcrosu<\/span><\/p><p><b>2015\u2019s Leading Advisers \u00d6d\u00fclleri<\/b><span style=\"font-weight: 400;\"> 2015. T\u00fcrkiye\u2019de Y\u0131l\u0131n \u00d6nde Gelen Dan\u0131\u015fman\u0131<\/span><\/p><p><b>ACQ5 Global \u00d6d\u00fclleri <\/b><span style=\"font-weight: 400;\">2015. T\u00fcrkiye\u2019de Y\u0131l\u0131n Ba\u011f\u0131ms\u0131z Hukuk B\u00fcrosu<\/span><\/p><p><b>Dealmakers Hukuk \u00d6d\u00fclleri<\/b><span style=\"font-weight: 400;\"> 2014. T\u00fcrkiye\u2019de Y\u0131l\u0131n Hukuk B\u00fcrosu<\/span><\/p><p><b>Worldwide Financial Advisor \u00d6d\u00fclleri<\/b><span style=\"font-weight: 400;\"> 2014. T\u00fcrkiye\u2019de Alt\u0131n Dan\u0131\u015fman \u00d6d\u00fcl\u00fc<\/span><\/p><p><b>Lawyers World Global \u00d6d\u00fclleri<\/b><span style=\"font-weight: 400;\"> 2013. T\u00fcrkiye\u2019de Y\u0131l\u0131n Hukuk B\u00fcrosu \u00d6d\u00fcl\u00fc<\/span><\/p><p><b>Acquisition Finance Magazine ACQ Global \u00d6d\u00fclleri <\/b><span style=\"font-weight: 400;\">2011. T\u00fcrkiye\u2019de Y\u0131l\u0131n Hukuk B\u00fcrosu \u00d6d\u00fcl\u00fc<\/span><\/p><p><span style=\"font-weight: 400;\">Ayr\u0131ca hizmet verdi\u011fimiz t\u00fcm \u00e7al\u0131\u015fma alanlar\u0131m\u0131zda ald\u0131\u011f\u0131m\u0131z pek \u00e7ok uluslararas\u0131 takdir ve \u00f6d\u00fcllerle de gurur duyuyoruz. Bunlar hakk\u0131nda daha fazla bilgiye eri\u015fmek i\u00e7in l\u00fctfen <a href=\"https:\/\/old.cukurpartners.com\/tr\/size-nasil-yardimci-olabiliriz\/calisma-alanlarimiz\/\">\u00e7al\u0131\u015fma alanlar\u0131<\/a> sayfalar\u0131m\u0131z\u0131 ziyaret ediniz.<\/span><\/p>\t\t\t\t\t\t<\/div>\n\t\t\t\t<\/div>\n\t\t\t\t\t<\/div>\n\t\t<\/div>\n\t\t\t\t<div class=\"elementor-column elementor-col-50 elementor-top-column elementor-element elementor-element-f5ed3dc\" data-id=\"f5ed3dc\" data-element_type=\"column\">\n\t\t\t<div class=\"elementor-widget-wrap elementor-element-populated\">\n\t\t\t\t\t\t<div class=\"elementor-element elementor-element-e8fbc5b elementor-widget elementor-widget-template\" data-id=\"e8fbc5b\" data-element_type=\"widget\" data-widget_type=\"template.default\">\n\t\t\t\t<div class=\"elementor-widget-container\">\n\t\t\t\t\t<div class=\"elementor-template\">\n\t\t\t\t\t<div data-elementor-type=\"section\" data-elementor-id=\"1028\" class=\"elementor elementor-1028 elementor-56\" data-elementor-post-type=\"elementor_library\">\n\t\t\t\t\t<section class=\"elementor-section elementor-top-section elementor-element elementor-element-35e3170 elementor-section-boxed elementor-section-height-default elementor-section-height-default\" data-id=\"35e3170\" data-element_type=\"section\">\n\t\t\t\t\t\t<div class=\"elementor-container elementor-column-gap-default\">\n\t\t\t\t\t<div class=\"elementor-column elementor-col-100 elementor-top-column elementor-element elementor-element-a5b9a20\" data-id=\"a5b9a20\" data-element_type=\"column\">\n\t\t\t<div class=\"elementor-widget-wrap elementor-element-populated\">\n\t\t\t\t\t\t<div class=\"elementor-element elementor-element-7450ddc sidemenu elementor-nav-menu--dropdown-tablet elementor-nav-menu__text-align-aside elementor-widget elementor-widget-nav-menu\" data-id=\"7450ddc\" data-element_type=\"widget\" data-settings=\"{&quot;layout&quot;:&quot;vertical&quot;,&quot;submenu_icon&quot;:{&quot;value&quot;:&quot;&lt;i class=\\&quot;fas fa-caret-down\\&quot;&gt;&lt;\\\/i&gt;&quot;,&quot;library&quot;:&quot;fa-solid&quot;}}\" data-widget_type=\"nav-menu.default\">\n\t\t\t\t<div class=\"elementor-widget-container\">\n\t\t\t\t\t\t<nav aria-label=\"Men\u00fc\" class=\"elementor-nav-menu--main elementor-nav-menu__container elementor-nav-menu--layout-vertical e--pointer-none\">\n\t\t\t\t<ul id=\"menu-1-7450ddc\" class=\"elementor-nav-menu sm-vertical\"><li class=\"menu-item menu-item-type-post_type menu-item-object-page menu-item-1281\"><a href=\"https:\/\/old.cukurpartners.com\/tr\/bizi-taniyin\/\" class=\"elementor-item\">Bizi Tan\u0131y\u0131n<\/a><\/li>\n<li class=\"menu-item menu-item-type-post_type menu-item-object-page menu-item-1282\"><a href=\"https:\/\/old.cukurpartners.com\/tr\/bizi-taniyin\/neden-farkliyiz\/\" class=\"elementor-item\">Neden Farkl\u0131y\u0131z<\/a><\/li>\n<li class=\"menu-item menu-item-type-post_type menu-item-object-page menu-item-1283\"><a href=\"https:\/\/old.cukurpartners.com\/tr\/bizi-taniyin\/ekibimiz\/\" class=\"elementor-item\">Ekibimiz<\/a><\/li>\n<li class=\"menu-item menu-item-type-post_type menu-item-object-page menu-item-1284\"><a href=\"https:\/\/old.cukurpartners.com\/tr\/bizi-taniyin\/kimlere-hizmet-veriyoruz\/\" class=\"elementor-item\">Kimlere Hizmet Veriyoruz<\/a><\/li>\n<li class=\"menu-item menu-item-type-post_type menu-item-object-page menu-item-1285\"><a href=\"https:\/\/old.cukurpartners.com\/tr\/bizi-taniyin\/odullerimiz-ve-basarilarimiz\/\" class=\"elementor-item\">\u00d6d\u00fcllerimiz ve Ba\u015far\u0131lar\u0131m\u0131z<\/a><\/li>\n<li class=\"menu-item menu-item-type-post_type menu-item-object-page menu-item-3306\"><a href=\"https:\/\/old.cukurpartners.com\/tr\/cukur-yilmaz-alliance\/\" class=\"elementor-item\">\u00c7ukur &#038; Partners Alliance<\/a><\/li>\n<\/ul>\t\t\t<\/nav>\n\t\t\t\t\t\t<nav class=\"elementor-nav-menu--dropdown elementor-nav-menu__container\" aria-hidden=\"true\">\n\t\t\t\t<ul id=\"menu-2-7450ddc\" class=\"elementor-nav-menu sm-vertical\"><li class=\"menu-item menu-item-type-post_type menu-item-object-page menu-item-1281\"><a href=\"https:\/\/old.cukurpartners.com\/tr\/bizi-taniyin\/\" class=\"elementor-item\" tabindex=\"-1\">Bizi Tan\u0131y\u0131n<\/a><\/li>\n<li class=\"menu-item menu-item-type-post_type menu-item-object-page menu-item-1282\"><a href=\"https:\/\/old.cukurpartners.com\/tr\/bizi-taniyin\/neden-farkliyiz\/\" class=\"elementor-item\" tabindex=\"-1\">Neden Farkl\u0131y\u0131z<\/a><\/li>\n<li class=\"menu-item menu-item-type-post_type menu-item-object-page menu-item-1283\"><a href=\"https:\/\/old.cukurpartners.com\/tr\/bizi-taniyin\/ekibimiz\/\" class=\"elementor-item\" tabindex=\"-1\">Ekibimiz<\/a><\/li>\n<li class=\"menu-item menu-item-type-post_type menu-item-object-page menu-item-1284\"><a href=\"https:\/\/old.cukurpartners.com\/tr\/bizi-taniyin\/kimlere-hizmet-veriyoruz\/\" class=\"elementor-item\" tabindex=\"-1\">Kimlere Hizmet Veriyoruz<\/a><\/li>\n<li class=\"menu-item menu-item-type-post_type menu-item-object-page menu-item-1285\"><a href=\"https:\/\/old.cukurpartners.com\/tr\/bizi-taniyin\/odullerimiz-ve-basarilarimiz\/\" class=\"elementor-item\" tabindex=\"-1\">\u00d6d\u00fcllerimiz ve Ba\u015far\u0131lar\u0131m\u0131z<\/a><\/li>\n<li class=\"menu-item menu-item-type-post_type menu-item-object-page menu-item-3306\"><a href=\"https:\/\/old.cukurpartners.com\/tr\/cukur-yilmaz-alliance\/\" class=\"elementor-item\" tabindex=\"-1\">\u00c7ukur &#038; Partners Alliance<\/a><\/li>\n<\/ul>\t\t\t<\/nav>\n\t\t\t\t<\/div>\n\t\t\t\t<\/div>\n\t\t\t\t\t<\/div>\n\t\t<\/div>\n\t\t\t\t\t<\/div>\n\t\t<\/section>\n\t\t\t\t<\/div>\n\t\t\t\t<\/div>\n\t\t\t\t<\/div>\n\t\t\t\t<\/div>\n\t\t\t\t\t<\/div>\n\t\t<\/div>\n\t\t\t\t\t<\/div>\n\t\t<\/section>\n\t\t\t\t<\/div>\n\t\t","protected":false},"excerpt":{"rendered":"<p>\u00c7ukur &amp; Partners hukuk firmas\u0131 10 y\u0131l\u0131 a\u015fk\u0131n s\u00fcredir hizmetlerinin kalitesini ve uzmanl\u0131\u011f\u0131n\u0131, uluslararas\u0131 ba\u011f\u0131ms\u0131z kurumlar\u0131n denetimine sunmaktad\u0131r.\u00a0 \u0130\u015fimizi nas\u0131l yapt\u0131\u011f\u0131m\u0131z\u0131, nas\u0131l bir hukuk b\u00fcrosu oldu\u011fumuzu anlat\u0131rken, referans noktalar\u0131m\u0131zdan birisi de, ba\u015far\u0131 ile tamamlad\u0131\u011f\u0131m\u0131z projeler ve hizmet verdi\u011fimiz se\u00e7kin \u015firketler ile birlikte, bu sayg\u0131n ba\u011f\u0131ms\u0131z kurumlar\u0131n bizi nas\u0131l anlatt\u0131klar\u0131. Gururla ifade etmek isteriz ki, bu [&hellip;]<\/p>\n","protected":false},"author":1,"featured_media":0,"parent":992,"menu_order":0,"comment_status":"closed","ping_status":"closed","template":"elementor_header_footer","meta":{"_acf_changed":false,"footnotes":""},"class_list":["post-978","page","type-page","status-publish","hentry"],"acf":[],"_links":{"self":[{"href":"https:\/\/old.cukurpartners.com\/tr\/wp-json\/wp\/v2\/pages\/978"}],"collection":[{"href":"https:\/\/old.cukurpartners.com\/tr\/wp-json\/wp\/v2\/pages"}],"about":[{"href":"https:\/\/old.cukurpartners.com\/tr\/wp-json\/wp\/v2\/types\/page"}],"author":[{"embeddable":true,"href":"https:\/\/old.cukurpartners.com\/tr\/wp-json\/wp\/v2\/users\/1"}],"replies":[{"embeddable":true,"href":"https:\/\/old.cukurpartners.com\/tr\/wp-json\/wp\/v2\/comments?post=978"}],"version-history":[{"count":21,"href":"https:\/\/old.cukurpartners.com\/tr\/wp-json\/wp\/v2\/pages\/978\/revisions"}],"predecessor-version":[{"id":8392,"href":"https:\/\/old.cukurpartners.com\/tr\/wp-json\/wp\/v2\/pages\/978\/revisions\/8392"}],"up":[{"embeddable":true,"href":"https:\/\/old.cukurpartners.com\/tr\/wp-json\/wp\/v2\/pages\/992"}],"wp:attachment":[{"href":"https:\/\/old.cukurpartners.com\/tr\/wp-json\/wp\/v2\/media?parent=978"}],"curies":[{"name":"wp","href":"https:\/\/api.w.org\/{rel}","templated":true}]}}