{"id":979,"date":"2019-10-22T08:06:54","date_gmt":"2019-10-22T08:06:54","guid":{"rendered":"https:\/\/cukurpartners.com\/our-clients\/"},"modified":"2022-09-26T07:50:13","modified_gmt":"2022-09-26T07:50:13","slug":"kimlere-hizmet-veriyoruz","status":"publish","type":"page","link":"https:\/\/old.cukurpartners.com\/tr\/bizi-taniyin\/kimlere-hizmet-veriyoruz\/","title":{"rendered":"Kimlere Hizmet Veriyoruz"},"content":{"rendered":"\t\t<div data-elementor-type=\"wp-page\" data-elementor-id=\"979\" class=\"elementor elementor-979 elementor-204\" data-elementor-post-type=\"page\">\n\t\t\t\t\t\t<section class=\"elementor-section elementor-top-section elementor-element elementor-element-d257a13 elementor-section-full_width elementor-section-height-default elementor-section-height-default\" data-id=\"d257a13\" data-element_type=\"section\">\n\t\t\t\t\t\t<div class=\"elementor-container elementor-column-gap-default\">\n\t\t\t\t\t<div class=\"elementor-column elementor-col-100 elementor-top-column elementor-element elementor-element-8685a0b\" data-id=\"8685a0b\" data-element_type=\"column\">\n\t\t\t<div class=\"elementor-widget-wrap elementor-element-populated\">\n\t\t\t\t\t\t<div class=\"elementor-element elementor-element-18c67c9 elementor-widget elementor-widget-template\" data-id=\"18c67c9\" data-element_type=\"widget\" data-widget_type=\"template.default\">\n\t\t\t\t<div class=\"elementor-widget-container\">\n\t\t\t\t\t<div class=\"elementor-template\">\n\t\t\t\t\t<div data-elementor-type=\"section\" data-elementor-id=\"1005\" class=\"elementor elementor-1005 elementor-770\" data-elementor-post-type=\"elementor_library\">\n\t\t\t\t\t<section class=\"elementor-section elementor-top-section elementor-element elementor-element-87be1d8 elementor-section-height-min-height elementor-section-boxed elementor-section-height-default elementor-section-items-middle\" data-id=\"87be1d8\" data-element_type=\"section\" data-settings=\"{&quot;background_background&quot;:&quot;classic&quot;}\">\n\t\t\t\t\t\t\t<div class=\"elementor-background-overlay\"><\/div>\n\t\t\t\t\t\t\t<div class=\"elementor-container elementor-column-gap-default\">\n\t\t\t\t\t<div class=\"elementor-column elementor-col-50 elementor-top-column elementor-element elementor-element-37cf6d3\" data-id=\"37cf6d3\" data-element_type=\"column\">\n\t\t\t<div class=\"elementor-widget-wrap elementor-element-populated\">\n\t\t\t\t\t\t<div class=\"elementor-element elementor-element-5b94e5d elementor-widget elementor-widget-heading\" data-id=\"5b94e5d\" data-element_type=\"widget\" data-widget_type=\"heading.default\">\n\t\t\t\t<div class=\"elementor-widget-container\">\n\t\t\t<h2 class=\"elementor-heading-title elementor-size-default\">Bizi Tan\u0131y\u0131n<\/h2>\t\t<\/div>\n\t\t\t\t<\/div>\n\t\t\t\t\t<\/div>\n\t\t<\/div>\n\t\t\t\t<div class=\"elementor-column elementor-col-50 elementor-top-column elementor-element elementor-element-6031e01 textright mobcenter\" data-id=\"6031e01\" data-element_type=\"column\">\n\t\t\t<div class=\"elementor-widget-wrap elementor-element-populated\">\n\t\t\t\t\t\t<div class=\"elementor-element elementor-element-46bdf6f mb-5 elementor-widget elementor-widget-heading\" data-id=\"46bdf6f\" data-element_type=\"widget\" data-widget_type=\"heading.default\">\n\t\t\t\t<div class=\"elementor-widget-container\">\n\t\t\t<h2 class=\"elementor-heading-title elementor-size-default\">Kazda\u011f\u0131 g\u00f6knar\u0131<\/h2>\t\t<\/div>\n\t\t\t\t<\/div>\n\t\t\t\t<div class=\"elementor-element elementor-element-20cc260 elementor-widget elementor-widget-text-editor\" data-id=\"20cc260\" data-element_type=\"widget\" data-widget_type=\"text-editor.default\">\n\t\t\t\t<div class=\"elementor-widget-container\">\n\t\t\t\t\t\t\t<p>Kazda\u011f\u0131 g\u00f6knar\u0131 (Abies nordmanniana subsp. equi-trojani), \u00e7amgiller (Pinaceae) familyas\u0131ndan T\u00fcrkiye&#8217;de yaln\u0131zca Kazda\u011f\u0131&#8217;nda yeti\u015fen endemik bir g\u00f6knar alt t\u00fcr\u00fc.<\/p>\t\t\t\t\t\t<\/div>\n\t\t\t\t<\/div>\n\t\t\t\t\t<\/div>\n\t\t<\/div>\n\t\t\t\t\t<\/div>\n\t\t<\/section>\n\t\t\t\t<\/div>\n\t\t\t\t<\/div>\n\t\t\t\t<\/div>\n\t\t\t\t<\/div>\n\t\t\t\t\t<\/div>\n\t\t<\/div>\n\t\t\t\t\t<\/div>\n\t\t<\/section>\n\t\t\t\t<section class=\"elementor-section elementor-top-section elementor-element elementor-element-68b8a66 elementor-section-boxed elementor-section-height-default elementor-section-height-default\" data-id=\"68b8a66\" data-element_type=\"section\">\n\t\t\t\t\t\t<div class=\"elementor-container elementor-column-gap-default\">\n\t\t\t\t\t<div class=\"elementor-column elementor-col-50 elementor-top-column elementor-element elementor-element-f421edb\" data-id=\"f421edb\" data-element_type=\"column\">\n\t\t\t<div class=\"elementor-widget-wrap elementor-element-populated\">\n\t\t\t\t\t\t<div class=\"elementor-element elementor-element-13cabb1 mb-10 elementor-widget elementor-widget-heading\" data-id=\"13cabb1\" data-element_type=\"widget\" data-widget_type=\"heading.default\">\n\t\t\t\t<div class=\"elementor-widget-container\">\n\t\t\t<h2 class=\"elementor-heading-title elementor-size-default\">Kimlere Hizmet Veriyoruz<\/h2>\t\t<\/div>\n\t\t\t\t<\/div>\n\t\t\t\t<div class=\"elementor-element elementor-element-692dc11 elementor-widget elementor-widget-image\" data-id=\"692dc11\" data-element_type=\"widget\" data-widget_type=\"image.default\">\n\t\t\t\t<div class=\"elementor-widget-container\">\n\t\t\t\t\t\t\t\t\t\t\t\t\t<img decoding=\"async\" width=\"110\" height=\"5\" src=\"https:\/\/old.cukurpartners.com\/wp-content\/uploads\/2019\/10\/colored_line_cy.png\" class=\"attachment-full size-full wp-image-52\" alt=\"\" \/>\t\t\t\t\t\t\t\t\t\t\t\t\t<\/div>\n\t\t\t\t<\/div>\n\t\t\t\t<div class=\"elementor-element elementor-element-faa2bf0 elementor-widget elementor-widget-text-editor\" data-id=\"faa2bf0\" data-element_type=\"widget\" data-widget_type=\"text-editor.default\">\n\t\t\t\t<div class=\"elementor-widget-container\">\n\t\t\t\t\t\t\t<p><span style=\"font-weight: 400;\">\u00c7ukur &amp; Partners hukuk firmas\u0131nda, <\/span>biz, 25 y\u0131l\u0131 a\u015fan bir s\u00fcredir, b\u00fcy\u00fcyen ve uluslararas\u0131 bir vizyonla \u00e7al\u0131\u015fan \u015firketlere ve i\u015f insanlar\u0131na hizmet veriyoruz.<\/p><p><span style=\"font-weight: 400;\">Hukuk b\u00fcromuzun b<\/span>ug\u00fcne kadarki hizmetleri ile, T\u00fcrkiye\u2019nin ve uluslararas\u0131 i\u015f d\u00fcnyas\u0131n\u0131n hayranl\u0131k uyand\u0131ran ve ilham veren bir\u00e7ok \u015firketine ve bunlar\u0131 yaratan i\u015f insanlar\u0131na destek vermekten, onlar i\u00e7in g\u00fcvenilir bir \u00e7\u00f6z\u00fcm orta\u011f\u0131 olmaktan, onlar\u0131n ba\u015far\u0131 hik\u00e2yelerine e\u015flik etmi\u015f olmaktan gurur duyuyoruz.<\/p><p>HOLD\u0130NGLER VE \u015e\u0130RKET GRUPLARI<\/p><p>D\u00fcnyan\u0131n d\u00f6rt bir yan\u0131ndaki ve T\u00fcrkiye\u2019deki holdingler ve \u015firket gruplar\u0131 i\u00e7in \u00c7ukur &amp; Partners hukuk firmas\u0131, her zaman hizmet alabilecekleri, uzman hukuk firmalar\u0131ndan biri olarak g\u00f6r\u00fcl\u00fcyor.<\/p><p>T\u00dcRK\u0130YE\u2019DE \u0130\u015e YAPAN ULUSLARARASI \u015e\u0130RKETLER<\/p><p>T\u00fcrkiye&#8217;de yat\u0131r\u0131m ve i\u015f yapan uluslararas\u0131 \u015firket ve kurulu\u015flar a\u00e7\u0131s\u0131ndan, T\u00fcrkiye&#8217;nin her b\u00f6lgesindeki hukuki i\u015flerinde \u00c7ukur &amp; Partners avukatl\u0131k b\u00fcrosu ile \u00e7al\u0131\u015fmak, bu \u015firketlere hizmet vermek konusundaki 25 y\u0131l\u0131 a\u015fan tecr\u00fcbemizle, rahatl\u0131k ve h\u0131z sa\u011fl\u0131yor.<\/p><p>A\u0130LE \u015e\u0130RKETLER\u0130 VE B\u00dcY\u00dcYEN T\u00dcRK \u015e\u0130RKETLER\u0130<\/p><p>Hukuk hizmetleri i\u00e7in <span style=\"font-weight: 400;\">\u00c7ukur &amp; Partners hukuk b\u00fcrosunu <\/span>se\u00e7en \u015firketler aras\u0131nda, <a href=\"https:\/\/old.cukurpartners.com\/tr\/size-nasil-yardimci-olabiliriz\/sektorlerimiz\/aile-sirketleri-ve-aile-ofisleri\/\">aile \u015firketlerinin<\/a>, <a href=\"https:\/\/old.cukurpartners.com\/tr\/size-nasil-yardimci-olabiliriz\/ozel-hukuki-hizmet-programlarimiz\/geli%cc%87smekte-olan-ve-hizla-buyuyen-si%cc%87rketler-hukuki%cc%87-hi%cc%87zmet-programi\/\">b\u00fcy\u00fcmekte ve geli\u015fmekte olan T\u00fcrk \u015firket ve i\u015fletmelerin<\/a> \u00f6zel bir yeri bulunmaktad\u0131r. Bu \u015firketlerin geli\u015fme ve kurumsalla\u015fma s\u00fcre\u00e7lerinde ve uluslararas\u0131 i\u015flerinde yanlar\u0131nda olmaktan keyif al\u0131yoruz.<\/p><p><a href=\"https:\/\/old.cukurpartners.com\/tr\/size-nasil-yardimci-olabiliriz\/ozel-hukuki-hizmet-programlarimiz\/aile-sirketlerinin-is-ailelerinin-ve-aile-ofislerinin-hukuki-yapilanmasi-hizmet-programi\/\">Aile \u015firketleri<\/a> \u00f6zel \u00e7al\u0131\u015fma alanlar\u0131m\u0131zdan birisi ve <span style=\"font-weight: 400;\">avukatlar\u0131m\u0131z\u0131n <\/span>bunlar i\u00e7in, yap\u0131lar\u0131ndan kaynaklanan \u00f6zel hukuki meseleler<span style=\"font-weight: 400;\">in \u00e7\u00f6z\u00fcm\u00fcnde<\/span> sunduklar\u0131 bir\u00e7ok <a href=\"https:\/\/old.cukurpartners.com\/tr\/size-nasil-yardimci-olabiliriz\/ozel-hukuki-hizmet-programlarimiz\/aile-sirketlerinin-is-ailelerinin-ve-aile-ofislerinin-hukuki-yapilanmasi-hizmet-programi\/\">\u00f6zel hukuki hizmet<\/a> var.<\/p><p>F\u0130NANS KURULU\u015eLARI<\/p><p>\u00c7ukur &amp; Partners\u2019da, birle\u015fme ve sat\u0131n alma, finans ve sermaye piyasas\u0131 i\u015flemleri ve kurumsal finans s\u00fcre\u00e7lerinde, finans kurulu\u015flar\u0131, yat\u0131r\u0131m bankalar\u0131 ve fonlara hizmet vermekteyiz.<\/p><p>K\u00dc\u00c7\u00dcK VE ORTA \u00d6L\u00c7EKL\u0130 \u015e\u0130RKETLER<\/p><p>K\u00fc\u00e7\u00fck ve orta \u00f6l\u00e7ekli \u015firketler ve i\u015fletmeler a\u00e7\u0131s\u0131ndan \u00c7ukur &amp; Partners, i\u015flerini b\u00fcy\u00fctme ve geli\u015ftirme yolculuklar\u0131nda, hukuk hizmetleri konusunda her zaman hizmet al\u0131nabilecek hukuk firmalar\u0131ndan biridir.<\/p><p>START UP\u2019LAR VE HIZLA B\u00dcY\u00dcYEN G\u0130R\u0130\u015e\u0130MLER<\/p><p>\u00d6zellikle teknoloji, dijital, medya, sa\u011fl\u0131k<span style=\"font-weight: 400;\">, t\u00fcketici \u00fcr\u00fcnleri, perakende<\/span> ve g\u0131da sekt\u00f6rlerinde <a href=\"https:\/\/old.cukurpartners.com\/tr\/size-nasil-yardimci-olabiliriz\/ozel-hukuki-hizmet-programlarimiz\/geli%cc%87smekte-olan-ve-hizla-buyuyen-si%cc%87rketler-hukuki%cc%87-hi%cc%87zmet-programi\/\">h\u0131zla b\u00fcy\u00fcyen ve geli\u015fen \u015firketlere<\/a>, <a href=\"https:\/\/old.cukurpartners.com\/tr\/size-nasil-yardimci-olabiliriz\/ozel-hukuki-hizmet-programlarimiz\/start-up-yeni%cc%87-baslayan-si%cc%87rketler-ve-gi%cc%87ri%cc%87si%cc%87mci%cc%87ler-hukuki%cc%87-hi%cc%87zmet-programi\/\">start up\u2019lara ve yeni giri\u015fimcilere<\/a> hizmet etme konusunda s\u0131kl\u0131kla tercih edilen hukuk firmalar\u0131ndan biriyiz. Smart i\u015f modellerimiz ve bu yarat\u0131c\u0131 \u015firketler i\u00e7in geli\u015ftirdi\u011fimiz \u00f6zel hizmet paketlerimiz, <span style=\"font-weight: 400;\">giri\u015fimcilik ekosisteminin bir par\u00e7as\u0131 olan avukatlar\u0131m\u0131z,<\/span> gen\u00e7 ve a\u00e7\u0131k fikirli giri\u015fimcilerin beklenti ve ihtiya\u00e7lar\u0131 ile m\u00fckemmel bir uyum g\u00f6steriyor.<\/p><p>\u0130\u015e \u0130NSANLARI VE A\u0130LELER\u0130<\/p><p>\u0130\u015f d\u00fcnyas\u0131nda faaliyet g\u00f6steren aile ve i\u015f insanlar\u0131n\u0131n son y\u0131llarda \u00e7e\u015fitlenen ve \u00e7ok boyutlu hale gelen ki\u015fisel hukuki ihtiya\u00e7lar\u0131, <span style=\"font-weight: 400;\">\u00c7ukur &amp; Partners <\/span>hukuk b\u00fcromuzun bu konuyu <a href=\"https:\/\/old.cukurpartners.com\/tr\/size-nasil-yardimci-olabiliriz\/calisma-alanlarimiz\/is-insanlarina-ve-ailelerine-sundugumuz-hizmetler\/\">\u00f6zel bir \u00e7al\u0131\u015fma alan\u0131<\/a> olarak kabul etmesini ve bunlara y\u00f6nelik \u00f6zel, yak\u0131n ve geni\u015f kapsaml\u0131 <a href=\"https:\/\/old.cukurpartners.com\/tr\/size-nasil-yardimci-olabiliriz\/calisma-alanlarimiz\/is-insanlarina-ve-ailelerine-sundugumuz-hizmetler\/\">hukuki hizmetler<\/a> sunmas\u0131n\u0131 sa\u011flam\u0131\u015ft\u0131r.<\/p><p>S\u0130V\u0130L TOPLUM KURULU\u015eLARI<\/p><p><span style=\"font-weight: 400;\">\u00c7ukur &amp; Partners hukuk firmam\u0131zdaki p<\/span>ro bono ve hukuki hizmetlerimizle, sivil toplum kurulu\u015flar\u0131, sosyal hizmet ve yard\u0131m kurumlar\u0131, sivil toplum giri\u015fimleri ve sosyal giri\u015fimciler i\u00e7in sorumlu ve s\u00fcrd\u00fcr\u00fclebilir bir \u00e7\u00f6z\u00fcm orta\u011f\u0131 olmaktan mutluluk duyuyoruz.<\/p><p>Hizmetlerimize g\u00fcvenen \u015firketler, kurulu\u015flar ve i\u015f insanlar\u0131 bizim en \u00f6nemli de\u011ferimizdir; bug\u00fcn yapabildi\u011fimiz her \u015fey onlar\u0131n eseri\u2026<\/p>\t\t\t\t\t\t<\/div>\n\t\t\t\t<\/div>\n\t\t\t\t\t<\/div>\n\t\t<\/div>\n\t\t\t\t<div class=\"elementor-column elementor-col-50 elementor-top-column elementor-element elementor-element-05d6052\" data-id=\"05d6052\" data-element_type=\"column\">\n\t\t\t<div class=\"elementor-widget-wrap elementor-element-populated\">\n\t\t\t\t\t\t<div class=\"elementor-element elementor-element-d2942a5 elementor-widget elementor-widget-template\" data-id=\"d2942a5\" data-element_type=\"widget\" data-widget_type=\"template.default\">\n\t\t\t\t<div class=\"elementor-widget-container\">\n\t\t\t\t\t<div class=\"elementor-template\">\n\t\t\t\t\t<div data-elementor-type=\"section\" data-elementor-id=\"1028\" class=\"elementor elementor-1028 elementor-56\" data-elementor-post-type=\"elementor_library\">\n\t\t\t\t\t<section class=\"elementor-section elementor-top-section elementor-element elementor-element-35e3170 elementor-section-boxed elementor-section-height-default elementor-section-height-default\" data-id=\"35e3170\" data-element_type=\"section\">\n\t\t\t\t\t\t<div class=\"elementor-container elementor-column-gap-default\">\n\t\t\t\t\t<div class=\"elementor-column elementor-col-100 elementor-top-column elementor-element elementor-element-a5b9a20\" data-id=\"a5b9a20\" data-element_type=\"column\">\n\t\t\t<div class=\"elementor-widget-wrap elementor-element-populated\">\n\t\t\t\t\t\t<div class=\"elementor-element elementor-element-7450ddc sidemenu elementor-nav-menu--dropdown-tablet elementor-nav-menu__text-align-aside elementor-widget elementor-widget-nav-menu\" data-id=\"7450ddc\" data-element_type=\"widget\" data-settings=\"{&quot;layout&quot;:&quot;vertical&quot;,&quot;submenu_icon&quot;:{&quot;value&quot;:&quot;&lt;i class=\\&quot;fas fa-caret-down\\&quot;&gt;&lt;\\\/i&gt;&quot;,&quot;library&quot;:&quot;fa-solid&quot;}}\" data-widget_type=\"nav-menu.default\">\n\t\t\t\t<div class=\"elementor-widget-container\">\n\t\t\t\t\t\t<nav aria-label=\"Men\u00fc\" class=\"elementor-nav-menu--main elementor-nav-menu__container elementor-nav-menu--layout-vertical e--pointer-none\">\n\t\t\t\t<ul id=\"menu-1-7450ddc\" class=\"elementor-nav-menu sm-vertical\"><li class=\"menu-item menu-item-type-post_type menu-item-object-page menu-item-1281\"><a href=\"https:\/\/old.cukurpartners.com\/tr\/bizi-taniyin\/\" class=\"elementor-item\">Bizi Tan\u0131y\u0131n<\/a><\/li>\n<li class=\"menu-item menu-item-type-post_type menu-item-object-page menu-item-1282\"><a href=\"https:\/\/old.cukurpartners.com\/tr\/bizi-taniyin\/neden-farkliyiz\/\" class=\"elementor-item\">Neden Farkl\u0131y\u0131z<\/a><\/li>\n<li class=\"menu-item menu-item-type-post_type menu-item-object-page menu-item-1283\"><a href=\"https:\/\/old.cukurpartners.com\/tr\/bizi-taniyin\/ekibimiz\/\" class=\"elementor-item\">Ekibimiz<\/a><\/li>\n<li class=\"menu-item menu-item-type-post_type menu-item-object-page menu-item-1284\"><a href=\"https:\/\/old.cukurpartners.com\/tr\/bizi-taniyin\/kimlere-hizmet-veriyoruz\/\" class=\"elementor-item\">Kimlere Hizmet Veriyoruz<\/a><\/li>\n<li class=\"menu-item menu-item-type-post_type menu-item-object-page menu-item-1285\"><a href=\"https:\/\/old.cukurpartners.com\/tr\/bizi-taniyin\/odullerimiz-ve-basarilarimiz\/\" class=\"elementor-item\">\u00d6d\u00fcllerimiz ve Ba\u015far\u0131lar\u0131m\u0131z<\/a><\/li>\n<li class=\"menu-item menu-item-type-post_type menu-item-object-page menu-item-3306\"><a href=\"https:\/\/old.cukurpartners.com\/tr\/cukur-yilmaz-alliance\/\" class=\"elementor-item\">\u00c7ukur &#038; Partners Alliance<\/a><\/li>\n<\/ul>\t\t\t<\/nav>\n\t\t\t\t\t\t<nav class=\"elementor-nav-menu--dropdown elementor-nav-menu__container\" aria-hidden=\"true\">\n\t\t\t\t<ul id=\"menu-2-7450ddc\" class=\"elementor-nav-menu sm-vertical\"><li class=\"menu-item menu-item-type-post_type menu-item-object-page menu-item-1281\"><a href=\"https:\/\/old.cukurpartners.com\/tr\/bizi-taniyin\/\" class=\"elementor-item\" tabindex=\"-1\">Bizi Tan\u0131y\u0131n<\/a><\/li>\n<li class=\"menu-item menu-item-type-post_type menu-item-object-page menu-item-1282\"><a href=\"https:\/\/old.cukurpartners.com\/tr\/bizi-taniyin\/neden-farkliyiz\/\" class=\"elementor-item\" tabindex=\"-1\">Neden Farkl\u0131y\u0131z<\/a><\/li>\n<li class=\"menu-item menu-item-type-post_type menu-item-object-page menu-item-1283\"><a href=\"https:\/\/old.cukurpartners.com\/tr\/bizi-taniyin\/ekibimiz\/\" class=\"elementor-item\" tabindex=\"-1\">Ekibimiz<\/a><\/li>\n<li class=\"menu-item menu-item-type-post_type menu-item-object-page menu-item-1284\"><a href=\"https:\/\/old.cukurpartners.com\/tr\/bizi-taniyin\/kimlere-hizmet-veriyoruz\/\" class=\"elementor-item\" tabindex=\"-1\">Kimlere Hizmet Veriyoruz<\/a><\/li>\n<li class=\"menu-item menu-item-type-post_type menu-item-object-page menu-item-1285\"><a href=\"https:\/\/old.cukurpartners.com\/tr\/bizi-taniyin\/odullerimiz-ve-basarilarimiz\/\" class=\"elementor-item\" tabindex=\"-1\">\u00d6d\u00fcllerimiz ve Ba\u015far\u0131lar\u0131m\u0131z<\/a><\/li>\n<li class=\"menu-item menu-item-type-post_type menu-item-object-page menu-item-3306\"><a href=\"https:\/\/old.cukurpartners.com\/tr\/cukur-yilmaz-alliance\/\" class=\"elementor-item\" tabindex=\"-1\">\u00c7ukur &#038; Partners Alliance<\/a><\/li>\n<\/ul>\t\t\t<\/nav>\n\t\t\t\t<\/div>\n\t\t\t\t<\/div>\n\t\t\t\t\t<\/div>\n\t\t<\/div>\n\t\t\t\t\t<\/div>\n\t\t<\/section>\n\t\t\t\t<\/div>\n\t\t\t\t<\/div>\n\t\t\t\t<\/div>\n\t\t\t\t<\/div>\n\t\t\t\t\t<\/div>\n\t\t<\/div>\n\t\t\t\t\t<\/div>\n\t\t<\/section>\n\t\t\t\t<\/div>\n\t\t","protected":false},"excerpt":{"rendered":"<p>\u00c7ukur &amp; Partners hukuk firmas\u0131nda, biz, 25 y\u0131l\u0131 a\u015fan bir s\u00fcredir, b\u00fcy\u00fcyen ve uluslararas\u0131 bir vizyonla \u00e7al\u0131\u015fan \u015firketlere ve i\u015f insanlar\u0131na hizmet veriyoruz. Hukuk b\u00fcromuzun bug\u00fcne kadarki hizmetleri ile, T\u00fcrkiye\u2019nin ve uluslararas\u0131 i\u015f d\u00fcnyas\u0131n\u0131n hayranl\u0131k uyand\u0131ran ve ilham veren bir\u00e7ok \u015firketine ve bunlar\u0131 yaratan i\u015f insanlar\u0131na destek vermekten, onlar i\u00e7in g\u00fcvenilir bir \u00e7\u00f6z\u00fcm orta\u011f\u0131 olmaktan, [&hellip;]<\/p>\n","protected":false},"author":1,"featured_media":0,"parent":992,"menu_order":0,"comment_status":"closed","ping_status":"closed","template":"elementor_header_footer","meta":{"_acf_changed":false,"footnotes":""},"class_list":["post-979","page","type-page","status-publish","hentry"],"acf":[],"_links":{"self":[{"href":"https:\/\/old.cukurpartners.com\/tr\/wp-json\/wp\/v2\/pages\/979"}],"collection":[{"href":"https:\/\/old.cukurpartners.com\/tr\/wp-json\/wp\/v2\/pages"}],"about":[{"href":"https:\/\/old.cukurpartners.com\/tr\/wp-json\/wp\/v2\/types\/page"}],"author":[{"embeddable":true,"href":"https:\/\/old.cukurpartners.com\/tr\/wp-json\/wp\/v2\/users\/1"}],"replies":[{"embeddable":true,"href":"https:\/\/old.cukurpartners.com\/tr\/wp-json\/wp\/v2\/comments?post=979"}],"version-history":[{"count":21,"href":"https:\/\/old.cukurpartners.com\/tr\/wp-json\/wp\/v2\/pages\/979\/revisions"}],"predecessor-version":[{"id":7433,"href":"https:\/\/old.cukurpartners.com\/tr\/wp-json\/wp\/v2\/pages\/979\/revisions\/7433"}],"up":[{"embeddable":true,"href":"https:\/\/old.cukurpartners.com\/tr\/wp-json\/wp\/v2\/pages\/992"}],"wp:attachment":[{"href":"https:\/\/old.cukurpartners.com\/tr\/wp-json\/wp\/v2\/media?parent=979"}],"curies":[{"name":"wp","href":"https:\/\/api.w.org\/{rel}","templated":true}]}}