{"id":981,"date":"2019-10-22T07:35:07","date_gmt":"2019-10-22T07:35:07","guid":{"rendered":"https:\/\/cukurpartners.com\/we-work-positively\/"},"modified":"2022-09-26T07:47:47","modified_gmt":"2022-09-26T07:47:47","slug":"pozitif-dinamik-ve-tutkuluyuz","status":"publish","type":"page","link":"https:\/\/old.cukurpartners.com\/tr\/bizi-taniyin\/neden-farkliyiz\/pozitif-dinamik-ve-tutkuluyuz\/","title":{"rendered":"Pozitif, Dinamik ve Tutkuluyuz"},"content":{"rendered":"\t\t<div data-elementor-type=\"wp-page\" data-elementor-id=\"981\" class=\"elementor elementor-981 elementor-173\" data-elementor-post-type=\"page\">\n\t\t\t\t\t\t<section class=\"elementor-section elementor-top-section elementor-element elementor-element-697abb0 elementor-section-full_width elementor-section-height-default elementor-section-height-default\" data-id=\"697abb0\" data-element_type=\"section\">\n\t\t\t\t\t\t<div class=\"elementor-container elementor-column-gap-default\">\n\t\t\t\t\t<div class=\"elementor-column elementor-col-100 elementor-top-column elementor-element elementor-element-1778ed1\" data-id=\"1778ed1\" data-element_type=\"column\">\n\t\t\t<div class=\"elementor-widget-wrap elementor-element-populated\">\n\t\t\t\t\t\t<div class=\"elementor-element elementor-element-e5bb6f3 elementor-widget elementor-widget-template\" data-id=\"e5bb6f3\" data-element_type=\"widget\" data-widget_type=\"template.default\">\n\t\t\t\t<div class=\"elementor-widget-container\">\n\t\t\t\t\t<div class=\"elementor-template\">\n\t\t\t\t\t<div data-elementor-type=\"section\" data-elementor-id=\"1007\" class=\"elementor elementor-1007 elementor-760\" data-elementor-post-type=\"elementor_library\">\n\t\t\t\t\t<section class=\"elementor-section elementor-top-section elementor-element elementor-element-b085d4e elementor-section-height-min-height elementor-section-boxed elementor-section-height-default elementor-section-items-middle\" data-id=\"b085d4e\" data-element_type=\"section\" data-settings=\"{&quot;background_background&quot;:&quot;classic&quot;}\">\n\t\t\t\t\t\t\t<div class=\"elementor-background-overlay\"><\/div>\n\t\t\t\t\t\t\t<div class=\"elementor-container elementor-column-gap-default\">\n\t\t\t\t\t<div class=\"elementor-column elementor-col-50 elementor-top-column elementor-element elementor-element-4c26bc0\" data-id=\"4c26bc0\" data-element_type=\"column\">\n\t\t\t<div class=\"elementor-widget-wrap elementor-element-populated\">\n\t\t\t\t\t\t<div class=\"elementor-element elementor-element-171f3fd elementor-widget elementor-widget-heading\" data-id=\"171f3fd\" data-element_type=\"widget\" data-widget_type=\"heading.default\">\n\t\t\t\t<div class=\"elementor-widget-container\">\n\t\t\t<h2 class=\"elementor-heading-title elementor-size-default\">Neden Farkl\u0131y\u0131z<\/h2>\t\t<\/div>\n\t\t\t\t<\/div>\n\t\t\t\t\t<\/div>\n\t\t<\/div>\n\t\t\t\t<div class=\"elementor-column elementor-col-50 elementor-top-column elementor-element elementor-element-1c03ae8 textright mobcenter\" data-id=\"1c03ae8\" data-element_type=\"column\">\n\t\t\t<div class=\"elementor-widget-wrap elementor-element-populated\">\n\t\t\t\t\t\t<div class=\"elementor-element elementor-element-5ac37ca mb-5 elementor-widget elementor-widget-heading\" data-id=\"5ac37ca\" data-element_type=\"widget\" data-widget_type=\"heading.default\">\n\t\t\t\t<div class=\"elementor-widget-container\">\n\t\t\t<h2 class=\"elementor-heading-title elementor-size-default\">Akdeniz Foku<\/h2>\t\t<\/div>\n\t\t\t\t<\/div>\n\t\t\t\t<div class=\"elementor-element elementor-element-1beca0b elementor-widget elementor-widget-text-editor\" data-id=\"1beca0b\" data-element_type=\"widget\" data-widget_type=\"text-editor.default\">\n\t\t\t\t<div class=\"elementor-widget-container\">\n\t\t\t\t\t\t\t<p>Akdeniz Foku (Monachus monachus) T\u00fcrkiye k\u0131y\u0131lar\u0131nda; Marmara, Ege ve Akdeniz&#8217;deki sahillerde ya\u015far. Nesli\u00a0kritik derecede tehdit alt\u0131nda olan bir t\u00fcrd\u00fcr.<\/p>\t\t\t\t\t\t<\/div>\n\t\t\t\t<\/div>\n\t\t\t\t\t<\/div>\n\t\t<\/div>\n\t\t\t\t\t<\/div>\n\t\t<\/section>\n\t\t\t\t<\/div>\n\t\t\t\t<\/div>\n\t\t\t\t<\/div>\n\t\t\t\t<\/div>\n\t\t\t\t\t<\/div>\n\t\t<\/div>\n\t\t\t\t\t<\/div>\n\t\t<\/section>\n\t\t\t\t<section class=\"elementor-section elementor-top-section elementor-element elementor-element-e82f4af elementor-section-boxed elementor-section-height-default elementor-section-height-default\" data-id=\"e82f4af\" data-element_type=\"section\">\n\t\t\t\t\t\t<div class=\"elementor-container elementor-column-gap-default\">\n\t\t\t\t\t<div class=\"elementor-column elementor-col-50 elementor-top-column elementor-element elementor-element-324deb5\" data-id=\"324deb5\" data-element_type=\"column\">\n\t\t\t<div class=\"elementor-widget-wrap elementor-element-populated\">\n\t\t\t\t\t\t<div class=\"elementor-element elementor-element-22a997f mb-10 elementor-widget elementor-widget-heading\" data-id=\"22a997f\" data-element_type=\"widget\" data-widget_type=\"heading.default\">\n\t\t\t\t<div class=\"elementor-widget-container\">\n\t\t\t<h2 class=\"elementor-heading-title elementor-size-default\">Pozitif, Dinamik ve Tutkuluyuz<\/h2>\t\t<\/div>\n\t\t\t\t<\/div>\n\t\t\t\t<div class=\"elementor-element elementor-element-0a46283 elementor-widget elementor-widget-image\" data-id=\"0a46283\" data-element_type=\"widget\" data-widget_type=\"image.default\">\n\t\t\t\t<div class=\"elementor-widget-container\">\n\t\t\t\t\t\t\t\t\t\t\t\t\t<img decoding=\"async\" width=\"110\" height=\"5\" src=\"https:\/\/old.cukurpartners.com\/wp-content\/uploads\/2019\/10\/colored_line_cy.png\" class=\"attachment-full size-full wp-image-52\" alt=\"\" \/>\t\t\t\t\t\t\t\t\t\t\t\t\t<\/div>\n\t\t\t\t<\/div>\n\t\t\t\t<div class=\"elementor-element elementor-element-8564c55 elementor-widget elementor-widget-text-editor\" data-id=\"8564c55\" data-element_type=\"widget\" data-widget_type=\"text-editor.default\">\n\t\t\t\t<div class=\"elementor-widget-container\">\n\t\t\t\t\t\t\t<p>Hukuki meselelerin, \u015firketlerin ve i\u015f insanlar\u0131n\u0131n \u00e7al\u0131\u015fma hayatlar\u0131n\u0131n en keyifli b\u00f6l\u00fcmlerinden birini olu\u015fturmas\u0131 pek nadirdir.<\/p><p>Hele as\u0131k suratl\u0131, gergin, yukar\u0131dan bakan, s\u0131k\u0131c\u0131 ya da karamsar bir hukuk dan\u0131\u015fman\u0131 ile bu hukuki s\u00fcre\u00e7leri y\u00fcr\u00fctmenin nas\u0131l zorlay\u0131c\u0131 deneyim oldu\u011funu tahmin edebiliyoruz.<\/p><p>\u0130yi haber \u015fu ki, biz \u00c7ukur &amp; Partners <span style=\"font-weight: 400;\">hukuk firmas\u0131nda<\/span> meselelere ve insanlara pozitif bir bak\u0131\u015f a\u00e7\u0131s\u0131 ile yakla\u015f\u0131yoruz. Sizin sorun dediklerinize, biz \u00e7\u00f6z\u00fcmlenecek meseleler diyoruz.<\/p><p>Sizi ve i\u015flerinizi dinlerken ve sizin i\u00e7in neler yapabilece\u011fimizi de\u011ferlendirirken, yarg\u0131lar\u0131m\u0131z, \u00f6n yarg\u0131lar\u0131m\u0131z, pe\u015fin kabullerimiz yok. <span style=\"font-weight: 400;\">\u00c7ukur &amp; Partners hukuk b\u00fcrosu avukatlar\u0131 olarak, e<\/span>ngellerin, s\u0131n\u0131rlamalar\u0131n, krizlerin veya ihtilaflar\u0131n \u00f6tesine bak\u0131yor ve bunlar\u0131n i\u00e7erisinde sakl\u0131 imk\u00e2nlara, f\u0131rsatlara, \u00e7\u0131k\u0131\u015f yollar\u0131na ve deneyimlere odaklan\u0131yoruz.<\/p><p>Bu yakla\u015f\u0131m\u0131z bizi, pek \u00e7ok \u015firketin al\u0131\u015ft\u0131\u011f\u0131n\u0131n d\u0131\u015f\u0131nda, pozitif ve \u00e7\u00f6z\u00fcm odakl\u0131 bir hukuk b\u00fcrosu olarak tan\u0131ml\u0131yor.<\/p><p>Sizlere sadece yasal d\u00fczenlemelerin veya bir yarg\u0131 karar\u0131n\u0131n ya da idari i\u015flemin ne dedi\u011fini s\u00f6ylemenin \u00f6tesinde, ger\u00e7ek kazan\u0131mlar yaratan, uygulanabilir ve size \u00f6zel \u00e7\u00f6z\u00fcm fikirleri \u00fcretiyoruz. Niyetinizi ger\u00e7ekle\u015ftirmeniz ve amac\u0131n\u0131za ula\u015fman\u0131z i\u00e7in yeni se\u00e7enekler ar\u0131yoruz. Belirsiz ve de\u011fi\u015fken bir hukuk zemininde i\u015f yapmaya \u00e7al\u0131\u015f\u0131rken, sizlere netlik ve kolayl\u0131k sa\u011flamaya \u00e7al\u0131\u015f\u0131yoruz.<\/p><p><span style=\"color: var( --e-global-color-text ); font-family: var( --e-global-typography-text-font-family ), Sans-serif; font-size: 1rem;\">\u0130\u015f ya\u015fam\u0131m\u0131z ve \u00f6zel hayatlar\u0131m\u0131z dengeli ve bunlar bizim kim oldu\u011fumuzun e\u015fit de\u011ferdeki par\u00e7alar\u0131. Hayat\u0131n getirdikleri kar\u015f\u0131s\u0131nda daima iyimseriz.<\/span><\/p><p>Hukuki meseleler karma\u015f\u0131k, s\u0131k\u0131c\u0131 ve zorlu olsa bile, <span style=\"font-weight: 400;\">\u00c7ukur &amp; Partners hukuk firmas\u0131nda m\u00fcvekkillerimize <\/span>rahatl\u0131k ve keyif veren bir i\u015f deneyimi sunmak i\u00e7in elimizden geleni yap\u0131yoruz.<\/p><p>Bug\u00fcnk\u00fc i\u015f hayat\u0131n\u0131n gerektirdi\u011fi h\u0131z\u0131n ve i\u015flerin aciliyetinin de fark\u0131nday\u0131z. Bu anlamda biz de, hizmet verdi\u011fimiz \u015firketler ve i\u015f insanlar\u0131 kadar dinamik ve pratik bir \u015fekilde s\u00fcre\u00e7leri y\u00f6netiyor ve h\u0131zla sonu\u00e7land\u0131rmaya \u00e7al\u0131\u015f\u0131yoruz. <span style=\"font-weight: 400;\">Avukatlar\u0131m\u0131z, k<\/span>arma\u015f\u0131k i\u00e7 prosed\u00fcrlerle ve b\u00fcrokrasilerle zaman <span style=\"font-weight: 400;\">kaybetmiyorlar<\/span>. T\u00fcm ileti\u015fimlerimizde ve i\u015fimizde direkt, h\u0131zl\u0131 ve sonu\u00e7-odakl\u0131 geri d\u00f6n\u00fc\u015f\u00fc ve i\u015f teslimini \u00e7ok \u00f6nemsiyoruz. Hizmet verdiklerimiz ile ayn\u0131 ritimde ko\u015fmay\u0131, <span style=\"font-weight: 400;\">\u00c7ukur &amp; Partners avukatl\u0131k b\u00fcrosunda<\/span> kendimize ilke edindik.<\/p><p>\u0130\u015fimize tutku ile ba\u011fl\u0131y\u0131z. Her g\u00fcn i\u015fimize ne\u015feyle, keyifle geliyor ve yaratt\u0131\u011f\u0131m\u0131z de\u011ferin, sa\u011flad\u0131\u011f\u0131m\u0131z faydan\u0131n bilincinde olarak \u00e7al\u0131\u015f\u0131yoruz. Bu ba\u015far\u0131m\u0131z\u0131n arkas\u0131ndaki en b\u00fcy\u00fck g\u00fc\u00e7 kaynaklar\u0131ndan birisi.<\/p><p>Bu pozitif, dinamik ve tutkulu tavr\u0131n temelinde ne var diye sorarsan\u0131z cevab\u0131m\u0131z basit: Bizler huzurlu bir i\u015fyerinde sevdi\u011fimiz i\u015fi yapan mutlu avukatlar\u0131z.<\/p>\t\t\t\t\t\t<\/div>\n\t\t\t\t<\/div>\n\t\t\t\t\t<\/div>\n\t\t<\/div>\n\t\t\t\t<div class=\"elementor-column elementor-col-50 elementor-top-column elementor-element elementor-element-7e2337e\" data-id=\"7e2337e\" data-element_type=\"column\">\n\t\t\t<div class=\"elementor-widget-wrap elementor-element-populated\">\n\t\t\t\t\t\t<div class=\"elementor-element elementor-element-47f11b7 elementor-widget elementor-widget-template\" data-id=\"47f11b7\" data-element_type=\"widget\" data-widget_type=\"template.default\">\n\t\t\t\t<div class=\"elementor-widget-container\">\n\t\t\t\t\t<div class=\"elementor-template\">\n\t\t\t\t\t<div data-elementor-type=\"page\" data-elementor-id=\"1024\" class=\"elementor elementor-1024 elementor-136\" data-elementor-post-type=\"elementor_library\">\n\t\t\t\t\t\t<section class=\"elementor-section elementor-top-section elementor-element elementor-element-c186c77 elementor-section-boxed elementor-section-height-default elementor-section-height-default\" data-id=\"c186c77\" data-element_type=\"section\">\n\t\t\t\t\t\t<div class=\"elementor-container elementor-column-gap-default\">\n\t\t\t\t\t<div class=\"elementor-column elementor-col-100 elementor-top-column elementor-element elementor-element-7e46cb6\" data-id=\"7e46cb6\" data-element_type=\"column\">\n\t\t\t<div class=\"elementor-widget-wrap elementor-element-populated\">\n\t\t\t\t\t\t<div class=\"elementor-element elementor-element-9cc8484 sidemenu elementor-nav-menu--dropdown-tablet elementor-nav-menu__text-align-aside elementor-widget elementor-widget-nav-menu\" data-id=\"9cc8484\" data-element_type=\"widget\" data-settings=\"{&quot;layout&quot;:&quot;vertical&quot;,&quot;submenu_icon&quot;:{&quot;value&quot;:&quot;&lt;i class=\\&quot;fas fa-caret-down\\&quot;&gt;&lt;\\\/i&gt;&quot;,&quot;library&quot;:&quot;fa-solid&quot;}}\" data-widget_type=\"nav-menu.default\">\n\t\t\t\t<div class=\"elementor-widget-container\">\n\t\t\t\t\t\t<nav aria-label=\"Men\u00fc\" class=\"elementor-nav-menu--main elementor-nav-menu__container elementor-nav-menu--layout-vertical e--pointer-none\">\n\t\t\t\t<ul id=\"menu-1-9cc8484\" class=\"elementor-nav-menu sm-vertical\"><li class=\"menu-item menu-item-type-post_type menu-item-object-page menu-item-2609\"><a href=\"https:\/\/old.cukurpartners.com\/tr\/bizi-taniyin\/bir-bakista-farkimiz\/\" class=\"elementor-item\">Bir Bak\u0131\u015fta Fark\u0131m\u0131z<\/a><\/li>\n<li class=\"menu-item menu-item-type-post_type menu-item-object-page menu-item-2608\"><a href=\"https:\/\/old.cukurpartners.com\/tr\/bizi-taniyin\/28-yildir-si%cc%87rketleri%cc%87n-ve-is-dunyasinin-guveni%cc%87li%cc%87r-hukuk-danismaniyiz\/\" class=\"elementor-item\">28 Y\u0131ld\u0131r \u015ei\u0307rketleri\u0307n ve \u0130\u015f D\u00fcnyas\u0131n\u0131n G\u00fcveni\u0307li\u0307r Hukuk Dan\u0131\u015fman\u0131y\u0131z<\/a><\/li>\n<li class=\"menu-item menu-item-type-post_type menu-item-object-page menu-item-1289\"><a href=\"https:\/\/old.cukurpartners.com\/tr\/bizi-taniyin\/neden-farkliyiz\/sizin-takim-arkadasiniziz\/\" class=\"elementor-item\">Sizin Tak\u0131m Arkada\u015f\u0131n\u0131z\u0131z<\/a><\/li>\n<li class=\"menu-item menu-item-type-post_type menu-item-object-page menu-item-1291\"><a href=\"https:\/\/old.cukurpartners.com\/tr\/bizi-taniyin\/neden-farkliyiz\/pozitif-dinamik-ve-tutkuluyuz\/\" class=\"elementor-item\">Pozitif, Dinamik ve Tutkuluyuz<\/a><\/li>\n<li class=\"menu-item menu-item-type-post_type menu-item-object-page menu-item-2616\"><a href=\"https:\/\/old.cukurpartners.com\/tr\/bizi-taniyin\/neden-farkliyiz\/unvanlara-degil-insanlara-hizmet-veriyoruz\/\" class=\"elementor-item\">\u00dcnvanlara De\u011fil \u0130nsanlara Hizmet Veriyoruz<\/a><\/li>\n<li class=\"menu-item menu-item-type-post_type menu-item-object-page menu-item-1290\"><a href=\"https:\/\/old.cukurpartners.com\/tr\/bizi-taniyin\/neden-farkliyiz\/yenilikcilik-cozum-odaklilik-ve-sorumluluk-duygumuz-karakterimizdir\/\" class=\"elementor-item\">Yenilik\u00e7ilik, \u00c7\u00f6z\u00fcm Odakl\u0131l\u0131k ve Sorumluluk Duygumuz Karakterimizdir<\/a><\/li>\n<\/ul>\t\t\t<\/nav>\n\t\t\t\t\t\t<nav class=\"elementor-nav-menu--dropdown elementor-nav-menu__container\" aria-hidden=\"true\">\n\t\t\t\t<ul id=\"menu-2-9cc8484\" class=\"elementor-nav-menu sm-vertical\"><li class=\"menu-item menu-item-type-post_type menu-item-object-page menu-item-2609\"><a href=\"https:\/\/old.cukurpartners.com\/tr\/bizi-taniyin\/bir-bakista-farkimiz\/\" class=\"elementor-item\" tabindex=\"-1\">Bir Bak\u0131\u015fta Fark\u0131m\u0131z<\/a><\/li>\n<li class=\"menu-item menu-item-type-post_type menu-item-object-page menu-item-2608\"><a href=\"https:\/\/old.cukurpartners.com\/tr\/bizi-taniyin\/28-yildir-si%cc%87rketleri%cc%87n-ve-is-dunyasinin-guveni%cc%87li%cc%87r-hukuk-danismaniyiz\/\" class=\"elementor-item\" tabindex=\"-1\">28 Y\u0131ld\u0131r \u015ei\u0307rketleri\u0307n ve \u0130\u015f D\u00fcnyas\u0131n\u0131n G\u00fcveni\u0307li\u0307r Hukuk Dan\u0131\u015fman\u0131y\u0131z<\/a><\/li>\n<li class=\"menu-item menu-item-type-post_type menu-item-object-page menu-item-1289\"><a href=\"https:\/\/old.cukurpartners.com\/tr\/bizi-taniyin\/neden-farkliyiz\/sizin-takim-arkadasiniziz\/\" class=\"elementor-item\" tabindex=\"-1\">Sizin Tak\u0131m Arkada\u015f\u0131n\u0131z\u0131z<\/a><\/li>\n<li class=\"menu-item menu-item-type-post_type menu-item-object-page menu-item-1291\"><a href=\"https:\/\/old.cukurpartners.com\/tr\/bizi-taniyin\/neden-farkliyiz\/pozitif-dinamik-ve-tutkuluyuz\/\" class=\"elementor-item\" tabindex=\"-1\">Pozitif, Dinamik ve Tutkuluyuz<\/a><\/li>\n<li class=\"menu-item menu-item-type-post_type menu-item-object-page menu-item-2616\"><a href=\"https:\/\/old.cukurpartners.com\/tr\/bizi-taniyin\/neden-farkliyiz\/unvanlara-degil-insanlara-hizmet-veriyoruz\/\" class=\"elementor-item\" tabindex=\"-1\">\u00dcnvanlara De\u011fil \u0130nsanlara Hizmet Veriyoruz<\/a><\/li>\n<li class=\"menu-item menu-item-type-post_type menu-item-object-page menu-item-1290\"><a href=\"https:\/\/old.cukurpartners.com\/tr\/bizi-taniyin\/neden-farkliyiz\/yenilikcilik-cozum-odaklilik-ve-sorumluluk-duygumuz-karakterimizdir\/\" class=\"elementor-item\" tabindex=\"-1\">Yenilik\u00e7ilik, \u00c7\u00f6z\u00fcm Odakl\u0131l\u0131k ve Sorumluluk Duygumuz Karakterimizdir<\/a><\/li>\n<\/ul>\t\t\t<\/nav>\n\t\t\t\t<\/div>\n\t\t\t\t<\/div>\n\t\t\t\t\t<\/div>\n\t\t<\/div>\n\t\t\t\t\t<\/div>\n\t\t<\/section>\n\t\t\t\t<\/div>\n\t\t\t\t<\/div>\n\t\t\t\t<\/div>\n\t\t\t\t<\/div>\n\t\t\t\t\t<\/div>\n\t\t<\/div>\n\t\t\t\t\t<\/div>\n\t\t<\/section>\n\t\t\t\t<\/div>\n\t\t","protected":false},"excerpt":{"rendered":"<p>Hukuki meselelerin, \u015firketlerin ve i\u015f insanlar\u0131n\u0131n \u00e7al\u0131\u015fma hayatlar\u0131n\u0131n en keyifli b\u00f6l\u00fcmlerinden birini olu\u015fturmas\u0131 pek nadirdir. Hele as\u0131k suratl\u0131, gergin, yukar\u0131dan bakan, s\u0131k\u0131c\u0131 ya da karamsar bir hukuk dan\u0131\u015fman\u0131 ile bu hukuki s\u00fcre\u00e7leri y\u00fcr\u00fctmenin nas\u0131l zorlay\u0131c\u0131 deneyim oldu\u011funu tahmin edebiliyoruz. \u0130yi haber \u015fu ki, biz \u00c7ukur &amp; Partners hukuk firmas\u0131nda meselelere ve insanlara pozitif bir bak\u0131\u015f [&hellip;]<\/p>\n","protected":false},"author":1,"featured_media":0,"parent":991,"menu_order":0,"comment_status":"closed","ping_status":"closed","template":"elementor_header_footer","meta":{"_acf_changed":false,"footnotes":""},"class_list":["post-981","page","type-page","status-publish","hentry"],"acf":[],"_links":{"self":[{"href":"https:\/\/old.cukurpartners.com\/tr\/wp-json\/wp\/v2\/pages\/981"}],"collection":[{"href":"https:\/\/old.cukurpartners.com\/tr\/wp-json\/wp\/v2\/pages"}],"about":[{"href":"https:\/\/old.cukurpartners.com\/tr\/wp-json\/wp\/v2\/types\/page"}],"author":[{"embeddable":true,"href":"https:\/\/old.cukurpartners.com\/tr\/wp-json\/wp\/v2\/users\/1"}],"replies":[{"embeddable":true,"href":"https:\/\/old.cukurpartners.com\/tr\/wp-json\/wp\/v2\/comments?post=981"}],"version-history":[{"count":16,"href":"https:\/\/old.cukurpartners.com\/tr\/wp-json\/wp\/v2\/pages\/981\/revisions"}],"predecessor-version":[{"id":7424,"href":"https:\/\/old.cukurpartners.com\/tr\/wp-json\/wp\/v2\/pages\/981\/revisions\/7424"}],"up":[{"embeddable":true,"href":"https:\/\/old.cukurpartners.com\/tr\/wp-json\/wp\/v2\/pages\/991"}],"wp:attachment":[{"href":"https:\/\/old.cukurpartners.com\/tr\/wp-json\/wp\/v2\/media?parent=981"}],"curies":[{"name":"wp","href":"https:\/\/api.w.org\/{rel}","templated":true}]}}