{"id":983,"date":"2019-10-22T07:29:44","date_gmt":"2019-10-22T07:29:44","guid":{"rendered":"https:\/\/cukurpartners.com\/we-deliver-solutions-innovatively\/"},"modified":"2022-09-26T07:49:30","modified_gmt":"2022-09-26T07:49:30","slug":"yenilikcilik-cozum-odaklilik-ve-sorumluluk-duygumuz-karakterimizdir","status":"publish","type":"page","link":"https:\/\/old.cukurpartners.com\/tr\/bizi-taniyin\/neden-farkliyiz\/yenilikcilik-cozum-odaklilik-ve-sorumluluk-duygumuz-karakterimizdir\/","title":{"rendered":"Yenilik\u00e7ilik, \u00c7\u00f6z\u00fcm Odakl\u0131l\u0131k ve Sorumluluk Duygumuz Karakterimizdir"},"content":{"rendered":"\t\t<div data-elementor-type=\"wp-page\" data-elementor-id=\"983\" class=\"elementor elementor-983 elementor-168\" data-elementor-post-type=\"page\">\n\t\t\t\t\t\t<section class=\"elementor-section elementor-top-section elementor-element elementor-element-367d77e elementor-section-full_width elementor-section-height-default elementor-section-height-default\" data-id=\"367d77e\" data-element_type=\"section\">\n\t\t\t\t\t\t<div class=\"elementor-container elementor-column-gap-default\">\n\t\t\t\t\t<div class=\"elementor-column elementor-col-100 elementor-top-column elementor-element elementor-element-0516876\" data-id=\"0516876\" data-element_type=\"column\">\n\t\t\t<div class=\"elementor-widget-wrap elementor-element-populated\">\n\t\t\t\t\t\t<div class=\"elementor-element elementor-element-7c12fa9 elementor-widget elementor-widget-template\" data-id=\"7c12fa9\" data-element_type=\"widget\" data-widget_type=\"template.default\">\n\t\t\t\t<div class=\"elementor-widget-container\">\n\t\t\t\t\t<div class=\"elementor-template\">\n\t\t\t\t\t<div data-elementor-type=\"section\" data-elementor-id=\"1008\" class=\"elementor elementor-1008 elementor-756\" data-elementor-post-type=\"elementor_library\">\n\t\t\t\t\t<section class=\"elementor-section elementor-top-section elementor-element elementor-element-2b380a3 elementor-section-height-min-height elementor-section-boxed elementor-section-height-default elementor-section-items-middle\" data-id=\"2b380a3\" data-element_type=\"section\" data-settings=\"{&quot;background_background&quot;:&quot;classic&quot;}\">\n\t\t\t\t\t\t\t<div class=\"elementor-background-overlay\"><\/div>\n\t\t\t\t\t\t\t<div class=\"elementor-container elementor-column-gap-default\">\n\t\t\t\t\t<div class=\"elementor-column elementor-col-50 elementor-top-column elementor-element elementor-element-101508e\" data-id=\"101508e\" data-element_type=\"column\">\n\t\t\t<div class=\"elementor-widget-wrap elementor-element-populated\">\n\t\t\t\t\t\t<div class=\"elementor-element elementor-element-a1b1b53 elementor-widget elementor-widget-heading\" data-id=\"a1b1b53\" data-element_type=\"widget\" data-widget_type=\"heading.default\">\n\t\t\t\t<div class=\"elementor-widget-container\">\n\t\t\t<h2 class=\"elementor-heading-title elementor-size-default\">Neden Farkl\u0131y\u0131z<\/h2>\t\t<\/div>\n\t\t\t\t<\/div>\n\t\t\t\t\t<\/div>\n\t\t<\/div>\n\t\t\t\t<div class=\"elementor-column elementor-col-50 elementor-top-column elementor-element elementor-element-adfac83 textright mobcenter\" data-id=\"adfac83\" data-element_type=\"column\">\n\t\t\t<div class=\"elementor-widget-wrap elementor-element-populated\">\n\t\t\t\t\t\t<div class=\"elementor-element elementor-element-d52025b mb-5 elementor-widget elementor-widget-heading\" data-id=\"d52025b\" data-element_type=\"widget\" data-widget_type=\"heading.default\">\n\t\t\t\t<div class=\"elementor-widget-container\">\n\t\t\t<h2 class=\"elementor-heading-title elementor-size-default\">Bukalemun<\/h2>\t\t<\/div>\n\t\t\t\t<\/div>\n\t\t\t\t<div class=\"elementor-element elementor-element-5105125 elementor-widget elementor-widget-text-editor\" data-id=\"5105125\" data-element_type=\"widget\" data-widget_type=\"text-editor.default\">\n\t\t\t\t<div class=\"elementor-widget-container\">\n\t\t\t\t\t\t\t<p>Bukalemun, Ege, Akdeniz ve G\u00fcneydo\u011fu Anadolu\u2019da a\u011fa\u00e7 ve \u00e7al\u0131l\u0131klarda ya\u015far. Ya\u015fam alanlar\u0131n\u0131n yok edilmesi nedeniyle tehdit alt\u0131ndad\u0131r.<\/p>\t\t\t\t\t\t<\/div>\n\t\t\t\t<\/div>\n\t\t\t\t\t<\/div>\n\t\t<\/div>\n\t\t\t\t\t<\/div>\n\t\t<\/section>\n\t\t\t\t<\/div>\n\t\t\t\t<\/div>\n\t\t\t\t<\/div>\n\t\t\t\t<\/div>\n\t\t\t\t\t<\/div>\n\t\t<\/div>\n\t\t\t\t\t<\/div>\n\t\t<\/section>\n\t\t\t\t<section class=\"elementor-section elementor-top-section elementor-element elementor-element-c7f5219 elementor-section-boxed elementor-section-height-default elementor-section-height-default\" data-id=\"c7f5219\" data-element_type=\"section\">\n\t\t\t\t\t\t<div class=\"elementor-container elementor-column-gap-default\">\n\t\t\t\t\t<div class=\"elementor-column elementor-col-50 elementor-top-column elementor-element elementor-element-4493ade\" data-id=\"4493ade\" data-element_type=\"column\">\n\t\t\t<div class=\"elementor-widget-wrap elementor-element-populated\">\n\t\t\t\t\t\t<div class=\"elementor-element elementor-element-8cba461 mb-10 elementor-widget elementor-widget-heading\" data-id=\"8cba461\" data-element_type=\"widget\" data-widget_type=\"heading.default\">\n\t\t\t\t<div class=\"elementor-widget-container\">\n\t\t\t<h2 class=\"elementor-heading-title elementor-size-default\">Yenilik\u00e7ilik, \u00c7\u00f6z\u00fcm Odakl\u0131l\u0131k ve Sorumluluk Duygumuz Karakterimizdir<\/h2>\t\t<\/div>\n\t\t\t\t<\/div>\n\t\t\t\t<div class=\"elementor-element elementor-element-af7cb6c elementor-widget elementor-widget-image\" data-id=\"af7cb6c\" data-element_type=\"widget\" data-widget_type=\"image.default\">\n\t\t\t\t<div class=\"elementor-widget-container\">\n\t\t\t\t\t\t\t\t\t\t\t\t\t<img decoding=\"async\" width=\"110\" height=\"5\" src=\"https:\/\/old.cukurpartners.com\/wp-content\/uploads\/2019\/10\/colored_line_cy.png\" class=\"attachment-full size-full wp-image-52\" alt=\"\" \/>\t\t\t\t\t\t\t\t\t\t\t\t\t<\/div>\n\t\t\t\t<\/div>\n\t\t\t\t<div class=\"elementor-element elementor-element-911f836 elementor-widget elementor-widget-text-editor\" data-id=\"911f836\" data-element_type=\"widget\" data-widget_type=\"text-editor.default\">\n\t\t\t\t<div class=\"elementor-widget-container\">\n\t\t\t\t\t\t\t<p>\u0130\u015f d\u00fcnyas\u0131 da, hukuki d\u00fczenlemeler de, ihtiya\u00e7 duyulan hukuki hizmetler ve bunlar\u0131n sunulu\u015f y\u00f6ntemleri de s\u00fcrekli geli\u015fiyor, de\u011fi\u015fiyor ve \u00e7e\u015fitleniyor. Yeni bir \u00e7a\u011f\u0131n ba\u015flad\u0131\u011f\u0131n\u0131 g\u00f6r\u00fcyoruz. Biz, <span style=\"font-weight: 400;\">\u00c7ukur &amp; Partners avukatl\u0131k b\u00fcrosunda,<\/span> bu yeni\u00e7a\u011fa haz\u0131r\u0131z.<\/p><p>Hizmet verdi\u011fimiz \u015firketlere bu yolda rehberlik etmeye, gelece\u011fi birlikte ke\u015ffetmeye ve yeni ko\u015fullara uyum g\u00f6stererek, yeni ihtiya\u00e7lara en h\u0131zl\u0131 \u015fekilde cevap vermeye \u00e7al\u0131\u015f\u0131yoruz. <span style=\"font-weight: 400;\">\u00c7ukur &amp; Partners hukuk firmas\u0131nda de\u011fi\u015fime<\/span> ve geli\u015fime daima a\u00e7\u0131\u011f\u0131z ve hevesliyiz.<\/p><p>Bu nedenle proaktif, stratejik ve gelece\u011fi dikkate alarak d\u00fc\u015f\u00fcn\u00fcyor ve hizmetlerimizi bu \u015fekilde planl\u0131yoruz. Hukuk d\u00fcnyas\u0131n\u0131 oldu\u011fu kadar, i\u015f d\u00fcnyas\u0131n\u0131 da a\u00e7\u0131k fikirli ve merakl\u0131 bir bak\u0131\u015f a\u00e7\u0131s\u0131yla izliyor, takip ediyoruz. Entelekt\u00fcel \u00e7eviklik, yarat\u0131c\u0131l\u0131k ruhumuzda var.<\/p><p>Teknolojinin y\u00f6nlendirdi\u011fi yeni\u00e7a\u011f\u0131n y\u00fckselen taleplerine cevap vermek i\u00e7in i\u015f d\u00fcnyas\u0131 ile i\u015fbirli\u011fi yap\u0131yoruz. Bu \u00e7er\u00e7evede teknolojimizi s\u00fcrekli yeniliyor ve onu etkin \u015fekilde yeni hizmet modelleri ve imk\u00e2nlar\u0131 yaratmak i\u00e7in kullan\u0131yoruz. Y\u00fcz\u00fcm\u00fcz ve ufkumuz gelece\u011fe d\u00f6n\u00fck.<\/p><p>Hizmet verdi\u011fimiz \u015eirketlerin i\u015flerine de\u011fer katmak, gelenekselin \u00f6tesine ge\u00e7mek ve yenilik\u00e7i \u00e7\u00f6z\u00fcmlere \u00fcretmek bizim k\u00fclt\u00fcr\u00fcm\u00fcz.<\/p><p>\u015eirketlerin ve i\u015f insanlar\u0131n\u0131n neden bize geldiklerini biliyoruz: Ba\u015far\u0131 yolculuklar\u0131nda \u00f6nlerine gelen hukuki meselelere \u00e7\u00f6z\u00fcm bulmak.<\/p><p>Bunun fark\u0131nda olarak, t\u00fcm i\u015flerimizde ve hizmetlerimizde \u00e7\u00f6z\u00fcm odakl\u0131y\u0131z. Meselelere b\u00fct\u00fcnc\u00fcl bir yakla\u015f\u0131mla, i\u015fin ve \u00e7\u00f6z\u00fcm\u00fcn hukuka uygun oldu\u011fu kadar, uygulanabilir, pratik ve i\u015fin ruhuna uygun olmas\u0131n\u0131 da \u00f6nemsiyoruz. Sorunlara, engellere ve s\u0131n\u0131rlamalara de\u011fil, hayata ge\u00e7irilebilir \u00e7\u00f6z\u00fcmlere odaklan\u0131yoruz.<\/p><p>Hizmet sundu\u011fumuz \u015firket ve i\u015f insanlar\u0131na kar\u015f\u0131 y\u00fcksek bir sorumluluk duygumuz var. Bu duygumuz, onlar i\u00e7in \u00f6l\u00e7\u00fclebilir sonu\u00e7lar yaratmam\u0131z\u0131 ve her zaman \u015feffaf ve hesap verebilir konumda bulunmam\u0131z\u0131 sa\u011fl\u0131yor.<\/p><p>Ancak sorumluluk duygumuzun kapsam\u0131 bunun da \u00e7ok \u00f6tesinde.<\/p><p>\u0130\u015f ailemize, \u00e7al\u0131\u015fma ekibimize, \u00e7evremize, topluma, insanl\u0131\u011fa ve t\u00fcm d\u00fcnyaya kar\u015f\u0131 da sorumluluklar\u0131m\u0131z oldu\u011funun fark\u0131nday\u0131z.<\/p><p>Bu, \u00c7ukur &amp; Partners\u2019\u0131n en \u00f6nemli ay\u0131rt edici karakterler \u00f6zelliklerinden bir tanesi. Bu bizim ya\u015fam bi\u00e7imimiz.<\/p><p>Ya\u015fam\u0131 bir de\u011fer ve arma\u011fan olarak alg\u0131l\u0131yor ve kabul ediyoruz. T\u00fcm var olu\u015fa sayg\u0131 duyuyoruz. Varl\u0131\u011f\u0131m\u0131z\u0131, s\u00fcrd\u00fcr\u00fclebilir ba\u015far\u0131m\u0131z\u0131 ve hayat\u0131m\u0131zdaki de\u011ferleri bu b\u00fct\u00fcn\u00fcn i\u00e7erisinde yer alan her \u015feye ve herkese bor\u00e7lu oldu\u011fumuzun bilincindeyiz. O y\u00fczden, almak kadar vermek, kazanmak kadar payla\u015fmak da bizim i\u00e7in \u00f6nemli.<\/p><p>Bu fark\u0131ndal\u0131k ve duyarl\u0131l\u0131\u011f\u0131m\u0131z <span style=\"font-weight: 400;\">\u00c7ukur &amp; Partners hukuk b\u00fcrosunda <\/span>bizlerin ya\u015fam\u0131 bir denge i\u00e7erisinde kucaklamam\u0131z\u0131, huzurla ve g\u00f6n\u00fcl rahatl\u0131\u011f\u0131 ile ya\u015famam\u0131z\u0131 ve i\u015f yapmam\u0131z\u0131 sa\u011fl\u0131yor. Bu bize sadece daha iyi bir hukuk b\u00fcrosu olma konusunda de\u011fil, ayn\u0131 zamanda daha iyi <span style=\"font-weight: 400;\">avukatlar ve <\/span>bireyler olarak geli\u015fmemiz noktas\u0131nda da yard\u0131m ediyor.<\/p><p>B\u00f6yle bir sorumluluk duygusu ile \u00e7al\u0131\u015fma kararl\u0131l\u0131\u011f\u0131 ile akl\u0131m\u0131z\u0131 ve kalbimizi bilgelikle a\u00e7t\u0131\u011f\u0131m\u0131zda, bu \u00e7abalar\u0131m\u0131z\u0131n yaratt\u0131\u011f\u0131 g\u00fczellikler ve iyilikler t\u00fcm eme\u011fimize de\u011fiyor.<\/p><p>Bu konuda yapt\u0131\u011f\u0131m\u0131z somut \u00e7al\u0131\u015fmalar hakk\u0131nda daha fazla bilgi sahibi olmak i\u00e7in Sorumlu \u0130\u015f Anlay\u0131\u015f\u0131m\u0131z sayfalar\u0131m\u0131z\u0131 ziyaret etmenizi \u00f6neririz.<\/p>\t\t\t\t\t\t<\/div>\n\t\t\t\t<\/div>\n\t\t\t\t\t<\/div>\n\t\t<\/div>\n\t\t\t\t<div class=\"elementor-column elementor-col-50 elementor-top-column elementor-element elementor-element-3312ae1\" data-id=\"3312ae1\" data-element_type=\"column\">\n\t\t\t<div class=\"elementor-widget-wrap elementor-element-populated\">\n\t\t\t\t\t\t<div class=\"elementor-element elementor-element-b04ed22 elementor-widget elementor-widget-template\" data-id=\"b04ed22\" data-element_type=\"widget\" data-widget_type=\"template.default\">\n\t\t\t\t<div class=\"elementor-widget-container\">\n\t\t\t\t\t<div class=\"elementor-template\">\n\t\t\t\t\t<div data-elementor-type=\"page\" data-elementor-id=\"1024\" class=\"elementor elementor-1024 elementor-136\" data-elementor-post-type=\"elementor_library\">\n\t\t\t\t\t\t<section class=\"elementor-section elementor-top-section elementor-element elementor-element-c186c77 elementor-section-boxed elementor-section-height-default elementor-section-height-default\" data-id=\"c186c77\" data-element_type=\"section\">\n\t\t\t\t\t\t<div class=\"elementor-container elementor-column-gap-default\">\n\t\t\t\t\t<div class=\"elementor-column elementor-col-100 elementor-top-column elementor-element elementor-element-7e46cb6\" data-id=\"7e46cb6\" data-element_type=\"column\">\n\t\t\t<div class=\"elementor-widget-wrap elementor-element-populated\">\n\t\t\t\t\t\t<div class=\"elementor-element elementor-element-9cc8484 sidemenu elementor-nav-menu--dropdown-tablet elementor-nav-menu__text-align-aside elementor-widget elementor-widget-nav-menu\" data-id=\"9cc8484\" data-element_type=\"widget\" data-settings=\"{&quot;layout&quot;:&quot;vertical&quot;,&quot;submenu_icon&quot;:{&quot;value&quot;:&quot;&lt;i class=\\&quot;fas fa-caret-down\\&quot;&gt;&lt;\\\/i&gt;&quot;,&quot;library&quot;:&quot;fa-solid&quot;}}\" data-widget_type=\"nav-menu.default\">\n\t\t\t\t<div class=\"elementor-widget-container\">\n\t\t\t\t\t\t<nav aria-label=\"Men\u00fc\" class=\"elementor-nav-menu--main elementor-nav-menu__container elementor-nav-menu--layout-vertical e--pointer-none\">\n\t\t\t\t<ul id=\"menu-1-9cc8484\" class=\"elementor-nav-menu sm-vertical\"><li class=\"menu-item menu-item-type-post_type menu-item-object-page menu-item-2609\"><a href=\"https:\/\/old.cukurpartners.com\/tr\/bizi-taniyin\/bir-bakista-farkimiz\/\" class=\"elementor-item\">Bir Bak\u0131\u015fta Fark\u0131m\u0131z<\/a><\/li>\n<li class=\"menu-item menu-item-type-post_type menu-item-object-page menu-item-2608\"><a href=\"https:\/\/old.cukurpartners.com\/tr\/bizi-taniyin\/28-yildir-si%cc%87rketleri%cc%87n-ve-is-dunyasinin-guveni%cc%87li%cc%87r-hukuk-danismaniyiz\/\" class=\"elementor-item\">28 Y\u0131ld\u0131r \u015ei\u0307rketleri\u0307n ve \u0130\u015f D\u00fcnyas\u0131n\u0131n G\u00fcveni\u0307li\u0307r Hukuk Dan\u0131\u015fman\u0131y\u0131z<\/a><\/li>\n<li class=\"menu-item menu-item-type-post_type menu-item-object-page menu-item-1289\"><a href=\"https:\/\/old.cukurpartners.com\/tr\/bizi-taniyin\/neden-farkliyiz\/sizin-takim-arkadasiniziz\/\" class=\"elementor-item\">Sizin Tak\u0131m Arkada\u015f\u0131n\u0131z\u0131z<\/a><\/li>\n<li class=\"menu-item menu-item-type-post_type menu-item-object-page menu-item-1291\"><a href=\"https:\/\/old.cukurpartners.com\/tr\/bizi-taniyin\/neden-farkliyiz\/pozitif-dinamik-ve-tutkuluyuz\/\" class=\"elementor-item\">Pozitif, Dinamik ve Tutkuluyuz<\/a><\/li>\n<li class=\"menu-item menu-item-type-post_type menu-item-object-page menu-item-2616\"><a href=\"https:\/\/old.cukurpartners.com\/tr\/bizi-taniyin\/neden-farkliyiz\/unvanlara-degil-insanlara-hizmet-veriyoruz\/\" class=\"elementor-item\">\u00dcnvanlara De\u011fil \u0130nsanlara Hizmet Veriyoruz<\/a><\/li>\n<li class=\"menu-item menu-item-type-post_type menu-item-object-page menu-item-1290\"><a href=\"https:\/\/old.cukurpartners.com\/tr\/bizi-taniyin\/neden-farkliyiz\/yenilikcilik-cozum-odaklilik-ve-sorumluluk-duygumuz-karakterimizdir\/\" class=\"elementor-item\">Yenilik\u00e7ilik, \u00c7\u00f6z\u00fcm Odakl\u0131l\u0131k ve Sorumluluk Duygumuz Karakterimizdir<\/a><\/li>\n<\/ul>\t\t\t<\/nav>\n\t\t\t\t\t\t<nav class=\"elementor-nav-menu--dropdown elementor-nav-menu__container\" aria-hidden=\"true\">\n\t\t\t\t<ul id=\"menu-2-9cc8484\" class=\"elementor-nav-menu sm-vertical\"><li class=\"menu-item menu-item-type-post_type menu-item-object-page menu-item-2609\"><a href=\"https:\/\/old.cukurpartners.com\/tr\/bizi-taniyin\/bir-bakista-farkimiz\/\" class=\"elementor-item\" tabindex=\"-1\">Bir Bak\u0131\u015fta Fark\u0131m\u0131z<\/a><\/li>\n<li class=\"menu-item menu-item-type-post_type menu-item-object-page menu-item-2608\"><a href=\"https:\/\/old.cukurpartners.com\/tr\/bizi-taniyin\/28-yildir-si%cc%87rketleri%cc%87n-ve-is-dunyasinin-guveni%cc%87li%cc%87r-hukuk-danismaniyiz\/\" class=\"elementor-item\" tabindex=\"-1\">28 Y\u0131ld\u0131r \u015ei\u0307rketleri\u0307n ve \u0130\u015f D\u00fcnyas\u0131n\u0131n G\u00fcveni\u0307li\u0307r Hukuk Dan\u0131\u015fman\u0131y\u0131z<\/a><\/li>\n<li class=\"menu-item menu-item-type-post_type menu-item-object-page menu-item-1289\"><a href=\"https:\/\/old.cukurpartners.com\/tr\/bizi-taniyin\/neden-farkliyiz\/sizin-takim-arkadasiniziz\/\" class=\"elementor-item\" tabindex=\"-1\">Sizin Tak\u0131m Arkada\u015f\u0131n\u0131z\u0131z<\/a><\/li>\n<li class=\"menu-item menu-item-type-post_type menu-item-object-page menu-item-1291\"><a href=\"https:\/\/old.cukurpartners.com\/tr\/bizi-taniyin\/neden-farkliyiz\/pozitif-dinamik-ve-tutkuluyuz\/\" class=\"elementor-item\" tabindex=\"-1\">Pozitif, Dinamik ve Tutkuluyuz<\/a><\/li>\n<li class=\"menu-item menu-item-type-post_type menu-item-object-page menu-item-2616\"><a href=\"https:\/\/old.cukurpartners.com\/tr\/bizi-taniyin\/neden-farkliyiz\/unvanlara-degil-insanlara-hizmet-veriyoruz\/\" class=\"elementor-item\" tabindex=\"-1\">\u00dcnvanlara De\u011fil \u0130nsanlara Hizmet Veriyoruz<\/a><\/li>\n<li class=\"menu-item menu-item-type-post_type menu-item-object-page menu-item-1290\"><a href=\"https:\/\/old.cukurpartners.com\/tr\/bizi-taniyin\/neden-farkliyiz\/yenilikcilik-cozum-odaklilik-ve-sorumluluk-duygumuz-karakterimizdir\/\" class=\"elementor-item\" tabindex=\"-1\">Yenilik\u00e7ilik, \u00c7\u00f6z\u00fcm Odakl\u0131l\u0131k ve Sorumluluk Duygumuz Karakterimizdir<\/a><\/li>\n<\/ul>\t\t\t<\/nav>\n\t\t\t\t<\/div>\n\t\t\t\t<\/div>\n\t\t\t\t\t<\/div>\n\t\t<\/div>\n\t\t\t\t\t<\/div>\n\t\t<\/section>\n\t\t\t\t<\/div>\n\t\t\t\t<\/div>\n\t\t\t\t<\/div>\n\t\t\t\t<\/div>\n\t\t\t\t\t<\/div>\n\t\t<\/div>\n\t\t\t\t\t<\/div>\n\t\t<\/section>\n\t\t\t\t<\/div>\n\t\t","protected":false},"excerpt":{"rendered":"<p>\u0130\u015f d\u00fcnyas\u0131 da, hukuki d\u00fczenlemeler de, ihtiya\u00e7 duyulan hukuki hizmetler ve bunlar\u0131n sunulu\u015f y\u00f6ntemleri de s\u00fcrekli geli\u015fiyor, de\u011fi\u015fiyor ve \u00e7e\u015fitleniyor. Yeni bir \u00e7a\u011f\u0131n ba\u015flad\u0131\u011f\u0131n\u0131 g\u00f6r\u00fcyoruz. Biz, \u00c7ukur &amp; Partners avukatl\u0131k b\u00fcrosunda, bu yeni\u00e7a\u011fa haz\u0131r\u0131z. Hizmet verdi\u011fimiz \u015firketlere bu yolda rehberlik etmeye, gelece\u011fi birlikte ke\u015ffetmeye ve yeni ko\u015fullara uyum g\u00f6stererek, yeni ihtiya\u00e7lara en h\u0131zl\u0131 \u015fekilde cevap [&hellip;]<\/p>\n","protected":false},"author":1,"featured_media":0,"parent":991,"menu_order":0,"comment_status":"closed","ping_status":"closed","template":"elementor_header_footer","meta":{"_acf_changed":false,"footnotes":""},"class_list":["post-983","page","type-page","status-publish","hentry"],"acf":[],"_links":{"self":[{"href":"https:\/\/old.cukurpartners.com\/tr\/wp-json\/wp\/v2\/pages\/983"}],"collection":[{"href":"https:\/\/old.cukurpartners.com\/tr\/wp-json\/wp\/v2\/pages"}],"about":[{"href":"https:\/\/old.cukurpartners.com\/tr\/wp-json\/wp\/v2\/types\/page"}],"author":[{"embeddable":true,"href":"https:\/\/old.cukurpartners.com\/tr\/wp-json\/wp\/v2\/users\/1"}],"replies":[{"embeddable":true,"href":"https:\/\/old.cukurpartners.com\/tr\/wp-json\/wp\/v2\/comments?post=983"}],"version-history":[{"count":17,"href":"https:\/\/old.cukurpartners.com\/tr\/wp-json\/wp\/v2\/pages\/983\/revisions"}],"predecessor-version":[{"id":7430,"href":"https:\/\/old.cukurpartners.com\/tr\/wp-json\/wp\/v2\/pages\/983\/revisions\/7430"}],"up":[{"embeddable":true,"href":"https:\/\/old.cukurpartners.com\/tr\/wp-json\/wp\/v2\/pages\/991"}],"wp:attachment":[{"href":"https:\/\/old.cukurpartners.com\/tr\/wp-json\/wp\/v2\/media?parent=983"}],"curies":[{"name":"wp","href":"https:\/\/api.w.org\/{rel}","templated":true}]}}