{"id":985,"date":"2019-10-22T07:20:06","date_gmt":"2019-10-22T07:20:06","guid":{"rendered":"https:\/\/cukurpartners.com\/we-are-teammates\/"},"modified":"2022-09-26T07:46:42","modified_gmt":"2022-09-26T07:46:42","slug":"sizin-takim-arkadasiniziz","status":"publish","type":"page","link":"https:\/\/old.cukurpartners.com\/tr\/bizi-taniyin\/neden-farkliyiz\/sizin-takim-arkadasiniziz\/","title":{"rendered":"Sizin Tak\u0131m Arkada\u015f\u0131n\u0131z\u0131z"},"content":{"rendered":"\t\t<div data-elementor-type=\"wp-page\" data-elementor-id=\"985\" class=\"elementor elementor-985 elementor-163\" data-elementor-post-type=\"page\">\n\t\t\t\t\t\t<section class=\"elementor-section elementor-top-section elementor-element elementor-element-fb5b16c elementor-section-full_width elementor-section-height-default elementor-section-height-default\" data-id=\"fb5b16c\" data-element_type=\"section\">\n\t\t\t\t\t\t<div class=\"elementor-container elementor-column-gap-default\">\n\t\t\t\t\t<div class=\"elementor-column elementor-col-100 elementor-top-column elementor-element elementor-element-9f42f07\" data-id=\"9f42f07\" data-element_type=\"column\">\n\t\t\t<div class=\"elementor-widget-wrap elementor-element-populated\">\n\t\t\t\t\t\t<div class=\"elementor-element elementor-element-093bd8d elementor-widget elementor-widget-template\" data-id=\"093bd8d\" data-element_type=\"widget\" data-widget_type=\"template.default\">\n\t\t\t\t<div class=\"elementor-widget-container\">\n\t\t\t\t\t<div class=\"elementor-template\">\n\t\t\t\t\t<div data-elementor-type=\"section\" data-elementor-id=\"1009\" class=\"elementor elementor-1009 elementor-752\" data-elementor-post-type=\"elementor_library\">\n\t\t\t\t\t<section class=\"elementor-section elementor-top-section elementor-element elementor-element-06ee9af elementor-section-height-min-height elementor-section-boxed elementor-section-height-default elementor-section-items-middle\" data-id=\"06ee9af\" data-element_type=\"section\" data-settings=\"{&quot;background_background&quot;:&quot;classic&quot;}\">\n\t\t\t\t\t\t\t<div class=\"elementor-background-overlay\"><\/div>\n\t\t\t\t\t\t\t<div class=\"elementor-container elementor-column-gap-default\">\n\t\t\t\t\t<div class=\"elementor-column elementor-col-50 elementor-top-column elementor-element elementor-element-ac5ac5d\" data-id=\"ac5ac5d\" data-element_type=\"column\">\n\t\t\t<div class=\"elementor-widget-wrap elementor-element-populated\">\n\t\t\t\t\t\t<div class=\"elementor-element elementor-element-164dc57 elementor-widget elementor-widget-heading\" data-id=\"164dc57\" data-element_type=\"widget\" data-widget_type=\"heading.default\">\n\t\t\t\t<div class=\"elementor-widget-container\">\n\t\t\t<h2 class=\"elementor-heading-title elementor-size-default\">Neden Farkl\u0131y\u0131z<\/h2>\t\t<\/div>\n\t\t\t\t<\/div>\n\t\t\t\t\t<\/div>\n\t\t<\/div>\n\t\t\t\t<div class=\"elementor-column elementor-col-50 elementor-top-column elementor-element elementor-element-c18002f textright mobcenter\" data-id=\"c18002f\" data-element_type=\"column\">\n\t\t\t<div class=\"elementor-widget-wrap elementor-element-populated\">\n\t\t\t\t\t\t<div class=\"elementor-element elementor-element-e490aa6 mb-5 elementor-widget elementor-widget-heading\" data-id=\"e490aa6\" data-element_type=\"widget\" data-widget_type=\"heading.default\">\n\t\t\t\t<div class=\"elementor-widget-container\">\n\t\t\t<h2 class=\"elementor-heading-title elementor-size-default\">Yabani At<\/h2>\t\t<\/div>\n\t\t\t\t<\/div>\n\t\t\t\t<div class=\"elementor-element elementor-element-39e2be3 elementor-widget elementor-widget-text-editor\" data-id=\"39e2be3\" data-element_type=\"widget\" data-widget_type=\"text-editor.default\">\n\t\t\t\t<div class=\"elementor-widget-container\">\n\t\t\t\t\t\t\t<p>T\u00fcrkiye\u2019de art\u0131k nadiren kar\u015f\u0131la\u015f\u0131lan Yabani atlar (Equus Ferus Caballus), orta Anadolu ve i\u00e7 Ege b\u00f6lgelerinde bulunurlar.<\/p>\t\t\t\t\t\t<\/div>\n\t\t\t\t<\/div>\n\t\t\t\t\t<\/div>\n\t\t<\/div>\n\t\t\t\t\t<\/div>\n\t\t<\/section>\n\t\t\t\t<\/div>\n\t\t\t\t<\/div>\n\t\t\t\t<\/div>\n\t\t\t\t<\/div>\n\t\t\t\t\t<\/div>\n\t\t<\/div>\n\t\t\t\t\t<\/div>\n\t\t<\/section>\n\t\t\t\t<section class=\"elementor-section elementor-top-section elementor-element elementor-element-d0c1f2b elementor-section-boxed elementor-section-height-default elementor-section-height-default\" data-id=\"d0c1f2b\" data-element_type=\"section\">\n\t\t\t\t\t\t<div class=\"elementor-container elementor-column-gap-default\">\n\t\t\t\t\t<div class=\"elementor-column elementor-col-50 elementor-top-column elementor-element elementor-element-7132264\" data-id=\"7132264\" data-element_type=\"column\">\n\t\t\t<div class=\"elementor-widget-wrap elementor-element-populated\">\n\t\t\t\t\t\t<div class=\"elementor-element elementor-element-4334d7c mb-10 elementor-widget elementor-widget-heading\" data-id=\"4334d7c\" data-element_type=\"widget\" data-widget_type=\"heading.default\">\n\t\t\t\t<div class=\"elementor-widget-container\">\n\t\t\t<h2 class=\"elementor-heading-title elementor-size-default\">Sizin Tak\u0131m Arkada\u015f\u0131n\u0131z\u0131z<\/h2>\t\t<\/div>\n\t\t\t\t<\/div>\n\t\t\t\t<div class=\"elementor-element elementor-element-12a53e4 elementor-widget elementor-widget-image\" data-id=\"12a53e4\" data-element_type=\"widget\" data-widget_type=\"image.default\">\n\t\t\t\t<div class=\"elementor-widget-container\">\n\t\t\t\t\t\t\t\t\t\t\t\t\t<img decoding=\"async\" width=\"110\" height=\"5\" src=\"https:\/\/old.cukurpartners.com\/wp-content\/uploads\/2019\/10\/colored_line_cy.png\" class=\"attachment-full size-full wp-image-52\" alt=\"\" \/>\t\t\t\t\t\t\t\t\t\t\t\t\t<\/div>\n\t\t\t\t<\/div>\n\t\t\t\t<div class=\"elementor-element elementor-element-8440f1a elementor-widget elementor-widget-text-editor\" data-id=\"8440f1a\" data-element_type=\"widget\" data-widget_type=\"text-editor.default\">\n\t\t\t\t<div class=\"elementor-widget-container\">\n\t\t\t\t\t\t\t<p>\u201cTak\u0131m Arkada\u015fl\u0131\u011f\u0131\u201d ilkemiz, 1993 y\u0131l\u0131ndaki kurulu\u015fumuzdan beri <span style=\"font-weight: 400;\">\u00c7ukur &amp; Partners avukatl\u0131k b\u00fcrosunda<\/span> bizim parolam\u0131z. Bizler sizinle tak\u0131m arkada\u015f\u0131y\u0131z, sizden yanay\u0131z, ayn\u0131 taraftay\u0131z, ayn\u0131 tak\u0131mday\u0131z.<\/p><p>Bu ilke, basit bir hizmet veren \u2013 hizmet alan ili\u015fkisinin \u00e7ok \u00f6tesinde, \u00e7al\u0131\u015ft\u0131\u011f\u0131m\u0131z \u015firketler ile birbirimizin hedeflerini, beklentilerini ve en \u00f6nemlisi k\u00fclt\u00fcr\u00fcn\u00fc derinlemesine anlamam\u0131z\u0131 ve bunlara sayg\u0131 duymam\u0131z\u0131 sa\u011fl\u0131yor. Ger\u00e7ek bir g\u00fcven ve i\u015fbirli\u011fi ba\u011f\u0131n\u0131 temsil ediyor.<\/p><p>Bu ilkenin <span style=\"font-weight: 400;\">hukuki dan\u0131\u015fmanl\u0131k ve avukatl\u0131k <\/span>hizmetlerimize yans\u0131mas\u0131, her a\u015famada destekleyici davranmak, ortak akla ve i\u015fbirli\u011fine a\u00e7\u0131k olmak \u015feklinde ger\u00e7ekle\u015fiyor. Birlikte, uzun vadeli, hem verimli hem de keyifli i\u015f deneyimlerine yat\u0131r\u0131m yapmak anlam\u0131 ta\u015f\u0131yor.<\/p><p><span style=\"font-weight: 400;\">\u00c7ukur &amp; Partners hukuk firmas\u0131 avukatlar\u0131 olarak, b<\/span>iz i\u015f hayat\u0131n\u0131 bir tak\u0131m oyunu olarak g\u00f6r\u00fcyor ve birlikte \u00e7al\u0131\u015fman\u0131n daha iyi ve ki\u015fiye \u00f6zel hizmet sonu\u00e7lar\u0131 ve daha zengin bir \u00e7al\u0131\u015fma ortam\u0131 yaratt\u0131\u011f\u0131n\u0131 kabul ediyoruz.<\/p>\t\t\t\t\t\t<\/div>\n\t\t\t\t<\/div>\n\t\t\t\t\t<\/div>\n\t\t<\/div>\n\t\t\t\t<div class=\"elementor-column elementor-col-50 elementor-top-column elementor-element elementor-element-ea3012f\" data-id=\"ea3012f\" data-element_type=\"column\">\n\t\t\t<div class=\"elementor-widget-wrap elementor-element-populated\">\n\t\t\t\t\t\t<div class=\"elementor-element elementor-element-25aee49 elementor-widget elementor-widget-template\" data-id=\"25aee49\" data-element_type=\"widget\" data-widget_type=\"template.default\">\n\t\t\t\t<div class=\"elementor-widget-container\">\n\t\t\t\t\t<div class=\"elementor-template\">\n\t\t\t\t\t<div data-elementor-type=\"page\" data-elementor-id=\"1024\" class=\"elementor elementor-1024 elementor-136\" data-elementor-post-type=\"elementor_library\">\n\t\t\t\t\t\t<section class=\"elementor-section elementor-top-section elementor-element elementor-element-c186c77 elementor-section-boxed elementor-section-height-default elementor-section-height-default\" data-id=\"c186c77\" data-element_type=\"section\">\n\t\t\t\t\t\t<div class=\"elementor-container elementor-column-gap-default\">\n\t\t\t\t\t<div class=\"elementor-column elementor-col-100 elementor-top-column elementor-element elementor-element-7e46cb6\" data-id=\"7e46cb6\" data-element_type=\"column\">\n\t\t\t<div class=\"elementor-widget-wrap elementor-element-populated\">\n\t\t\t\t\t\t<div class=\"elementor-element elementor-element-9cc8484 sidemenu elementor-nav-menu--dropdown-tablet elementor-nav-menu__text-align-aside elementor-widget elementor-widget-nav-menu\" data-id=\"9cc8484\" data-element_type=\"widget\" data-settings=\"{&quot;layout&quot;:&quot;vertical&quot;,&quot;submenu_icon&quot;:{&quot;value&quot;:&quot;&lt;i class=\\&quot;fas fa-caret-down\\&quot;&gt;&lt;\\\/i&gt;&quot;,&quot;library&quot;:&quot;fa-solid&quot;}}\" data-widget_type=\"nav-menu.default\">\n\t\t\t\t<div class=\"elementor-widget-container\">\n\t\t\t\t\t\t<nav aria-label=\"Men\u00fc\" class=\"elementor-nav-menu--main elementor-nav-menu__container elementor-nav-menu--layout-vertical e--pointer-none\">\n\t\t\t\t<ul id=\"menu-1-9cc8484\" class=\"elementor-nav-menu sm-vertical\"><li class=\"menu-item menu-item-type-post_type menu-item-object-page menu-item-2609\"><a href=\"https:\/\/old.cukurpartners.com\/tr\/bizi-taniyin\/bir-bakista-farkimiz\/\" class=\"elementor-item\">Bir Bak\u0131\u015fta Fark\u0131m\u0131z<\/a><\/li>\n<li class=\"menu-item menu-item-type-post_type menu-item-object-page menu-item-2608\"><a href=\"https:\/\/old.cukurpartners.com\/tr\/bizi-taniyin\/28-yildir-si%cc%87rketleri%cc%87n-ve-is-dunyasinin-guveni%cc%87li%cc%87r-hukuk-danismaniyiz\/\" class=\"elementor-item\">28 Y\u0131ld\u0131r \u015ei\u0307rketleri\u0307n ve \u0130\u015f D\u00fcnyas\u0131n\u0131n G\u00fcveni\u0307li\u0307r Hukuk Dan\u0131\u015fman\u0131y\u0131z<\/a><\/li>\n<li class=\"menu-item menu-item-type-post_type menu-item-object-page menu-item-1289\"><a href=\"https:\/\/old.cukurpartners.com\/tr\/bizi-taniyin\/neden-farkliyiz\/sizin-takim-arkadasiniziz\/\" class=\"elementor-item\">Sizin Tak\u0131m Arkada\u015f\u0131n\u0131z\u0131z<\/a><\/li>\n<li class=\"menu-item menu-item-type-post_type menu-item-object-page menu-item-1291\"><a href=\"https:\/\/old.cukurpartners.com\/tr\/bizi-taniyin\/neden-farkliyiz\/pozitif-dinamik-ve-tutkuluyuz\/\" class=\"elementor-item\">Pozitif, Dinamik ve Tutkuluyuz<\/a><\/li>\n<li class=\"menu-item menu-item-type-post_type menu-item-object-page menu-item-2616\"><a href=\"https:\/\/old.cukurpartners.com\/tr\/bizi-taniyin\/neden-farkliyiz\/unvanlara-degil-insanlara-hizmet-veriyoruz\/\" class=\"elementor-item\">\u00dcnvanlara De\u011fil \u0130nsanlara Hizmet Veriyoruz<\/a><\/li>\n<li class=\"menu-item menu-item-type-post_type menu-item-object-page menu-item-1290\"><a href=\"https:\/\/old.cukurpartners.com\/tr\/bizi-taniyin\/neden-farkliyiz\/yenilikcilik-cozum-odaklilik-ve-sorumluluk-duygumuz-karakterimizdir\/\" class=\"elementor-item\">Yenilik\u00e7ilik, \u00c7\u00f6z\u00fcm Odakl\u0131l\u0131k ve Sorumluluk Duygumuz Karakterimizdir<\/a><\/li>\n<\/ul>\t\t\t<\/nav>\n\t\t\t\t\t\t<nav class=\"elementor-nav-menu--dropdown elementor-nav-menu__container\" aria-hidden=\"true\">\n\t\t\t\t<ul id=\"menu-2-9cc8484\" class=\"elementor-nav-menu sm-vertical\"><li class=\"menu-item menu-item-type-post_type menu-item-object-page menu-item-2609\"><a href=\"https:\/\/old.cukurpartners.com\/tr\/bizi-taniyin\/bir-bakista-farkimiz\/\" class=\"elementor-item\" tabindex=\"-1\">Bir Bak\u0131\u015fta Fark\u0131m\u0131z<\/a><\/li>\n<li class=\"menu-item menu-item-type-post_type menu-item-object-page menu-item-2608\"><a href=\"https:\/\/old.cukurpartners.com\/tr\/bizi-taniyin\/28-yildir-si%cc%87rketleri%cc%87n-ve-is-dunyasinin-guveni%cc%87li%cc%87r-hukuk-danismaniyiz\/\" class=\"elementor-item\" tabindex=\"-1\">28 Y\u0131ld\u0131r \u015ei\u0307rketleri\u0307n ve \u0130\u015f D\u00fcnyas\u0131n\u0131n G\u00fcveni\u0307li\u0307r Hukuk Dan\u0131\u015fman\u0131y\u0131z<\/a><\/li>\n<li class=\"menu-item menu-item-type-post_type menu-item-object-page menu-item-1289\"><a href=\"https:\/\/old.cukurpartners.com\/tr\/bizi-taniyin\/neden-farkliyiz\/sizin-takim-arkadasiniziz\/\" class=\"elementor-item\" tabindex=\"-1\">Sizin Tak\u0131m Arkada\u015f\u0131n\u0131z\u0131z<\/a><\/li>\n<li class=\"menu-item menu-item-type-post_type menu-item-object-page menu-item-1291\"><a href=\"https:\/\/old.cukurpartners.com\/tr\/bizi-taniyin\/neden-farkliyiz\/pozitif-dinamik-ve-tutkuluyuz\/\" class=\"elementor-item\" tabindex=\"-1\">Pozitif, Dinamik ve Tutkuluyuz<\/a><\/li>\n<li class=\"menu-item menu-item-type-post_type menu-item-object-page menu-item-2616\"><a href=\"https:\/\/old.cukurpartners.com\/tr\/bizi-taniyin\/neden-farkliyiz\/unvanlara-degil-insanlara-hizmet-veriyoruz\/\" class=\"elementor-item\" tabindex=\"-1\">\u00dcnvanlara De\u011fil \u0130nsanlara Hizmet Veriyoruz<\/a><\/li>\n<li class=\"menu-item menu-item-type-post_type menu-item-object-page menu-item-1290\"><a href=\"https:\/\/old.cukurpartners.com\/tr\/bizi-taniyin\/neden-farkliyiz\/yenilikcilik-cozum-odaklilik-ve-sorumluluk-duygumuz-karakterimizdir\/\" class=\"elementor-item\" tabindex=\"-1\">Yenilik\u00e7ilik, \u00c7\u00f6z\u00fcm Odakl\u0131l\u0131k ve Sorumluluk Duygumuz Karakterimizdir<\/a><\/li>\n<\/ul>\t\t\t<\/nav>\n\t\t\t\t<\/div>\n\t\t\t\t<\/div>\n\t\t\t\t\t<\/div>\n\t\t<\/div>\n\t\t\t\t\t<\/div>\n\t\t<\/section>\n\t\t\t\t<\/div>\n\t\t\t\t<\/div>\n\t\t\t\t<\/div>\n\t\t\t\t<\/div>\n\t\t\t\t\t<\/div>\n\t\t<\/div>\n\t\t\t\t\t<\/div>\n\t\t<\/section>\n\t\t\t\t<\/div>\n\t\t","protected":false},"excerpt":{"rendered":"<p>\u201cTak\u0131m Arkada\u015fl\u0131\u011f\u0131\u201d ilkemiz, 1993 y\u0131l\u0131ndaki kurulu\u015fumuzdan beri \u00c7ukur &amp; Partners avukatl\u0131k b\u00fcrosunda bizim parolam\u0131z. Bizler sizinle tak\u0131m arkada\u015f\u0131y\u0131z, sizden yanay\u0131z, ayn\u0131 taraftay\u0131z, ayn\u0131 tak\u0131mday\u0131z. Bu ilke, basit bir hizmet veren \u2013 hizmet alan ili\u015fkisinin \u00e7ok \u00f6tesinde, \u00e7al\u0131\u015ft\u0131\u011f\u0131m\u0131z \u015firketler ile birbirimizin hedeflerini, beklentilerini ve en \u00f6nemlisi k\u00fclt\u00fcr\u00fcn\u00fc derinlemesine anlamam\u0131z\u0131 ve bunlara sayg\u0131 duymam\u0131z\u0131 sa\u011fl\u0131yor. Ger\u00e7ek bir [&hellip;]<\/p>\n","protected":false},"author":1,"featured_media":0,"parent":991,"menu_order":0,"comment_status":"closed","ping_status":"closed","template":"elementor_header_footer","meta":{"_acf_changed":false,"footnotes":""},"class_list":["post-985","page","type-page","status-publish","hentry"],"acf":[],"_links":{"self":[{"href":"https:\/\/old.cukurpartners.com\/tr\/wp-json\/wp\/v2\/pages\/985"}],"collection":[{"href":"https:\/\/old.cukurpartners.com\/tr\/wp-json\/wp\/v2\/pages"}],"about":[{"href":"https:\/\/old.cukurpartners.com\/tr\/wp-json\/wp\/v2\/types\/page"}],"author":[{"embeddable":true,"href":"https:\/\/old.cukurpartners.com\/tr\/wp-json\/wp\/v2\/users\/1"}],"replies":[{"embeddable":true,"href":"https:\/\/old.cukurpartners.com\/tr\/wp-json\/wp\/v2\/comments?post=985"}],"version-history":[{"count":15,"href":"https:\/\/old.cukurpartners.com\/tr\/wp-json\/wp\/v2\/pages\/985\/revisions"}],"predecessor-version":[{"id":7421,"href":"https:\/\/old.cukurpartners.com\/tr\/wp-json\/wp\/v2\/pages\/985\/revisions\/7421"}],"up":[{"embeddable":true,"href":"https:\/\/old.cukurpartners.com\/tr\/wp-json\/wp\/v2\/pages\/991"}],"wp:attachment":[{"href":"https:\/\/old.cukurpartners.com\/tr\/wp-json\/wp\/v2\/media?parent=985"}],"curies":[{"name":"wp","href":"https:\/\/api.w.org\/{rel}","templated":true}]}}