{"id":989,"date":"2019-10-22T07:00:15","date_gmt":"2019-10-22T07:00:15","guid":{"rendered":"https:\/\/cukurpartners.com\/we-practice-responsibly\/"},"modified":"2022-09-26T07:45:29","modified_gmt":"2022-09-26T07:45:29","slug":"sorumluluk-duygumuz-karakterimizdir","status":"publish","type":"page","link":"https:\/\/old.cukurpartners.com\/tr\/bizi-taniyin\/neden-farkliyiz\/sorumluluk-duygumuz-karakterimizdir\/","title":{"rendered":"Sorumluluk Duygumuz Karakterimizdir"},"content":{"rendered":"\t\t<div data-elementor-type=\"wp-page\" data-elementor-id=\"989\" class=\"elementor elementor-989 elementor-151\" data-elementor-post-type=\"page\">\n\t\t\t\t\t\t<section class=\"elementor-section elementor-top-section elementor-element elementor-element-5780c73 elementor-section-full_width elementor-section-height-default elementor-section-height-default\" data-id=\"5780c73\" data-element_type=\"section\">\n\t\t\t\t\t\t<div class=\"elementor-container elementor-column-gap-default\">\n\t\t\t\t\t<div class=\"elementor-column elementor-col-100 elementor-top-column elementor-element elementor-element-2f2d55b\" data-id=\"2f2d55b\" data-element_type=\"column\">\n\t\t\t<div class=\"elementor-widget-wrap elementor-element-populated\">\n\t\t\t\t\t\t<div class=\"elementor-element elementor-element-73eab81 elementor-widget elementor-widget-template\" data-id=\"73eab81\" data-element_type=\"widget\" data-widget_type=\"template.default\">\n\t\t\t\t<div class=\"elementor-widget-container\">\n\t\t\t\t\t<div class=\"elementor-template\">\n\t\t\t\t\t<div data-elementor-type=\"section\" data-elementor-id=\"1011\" class=\"elementor elementor-1011 elementor-744\" data-elementor-post-type=\"elementor_library\">\n\t\t\t\t\t<section class=\"elementor-section elementor-top-section elementor-element elementor-element-d224e0c elementor-section-height-min-height elementor-section-boxed elementor-section-height-default elementor-section-items-middle\" data-id=\"d224e0c\" data-element_type=\"section\" data-settings=\"{&quot;background_background&quot;:&quot;classic&quot;}\">\n\t\t\t\t\t\t\t<div class=\"elementor-background-overlay\"><\/div>\n\t\t\t\t\t\t\t<div class=\"elementor-container elementor-column-gap-default\">\n\t\t\t\t\t<div class=\"elementor-column elementor-col-50 elementor-top-column elementor-element elementor-element-1afa4de\" data-id=\"1afa4de\" data-element_type=\"column\">\n\t\t\t<div class=\"elementor-widget-wrap elementor-element-populated\">\n\t\t\t\t\t\t<div class=\"elementor-element elementor-element-cf02f40 elementor-widget elementor-widget-heading\" data-id=\"cf02f40\" data-element_type=\"widget\" data-widget_type=\"heading.default\">\n\t\t\t\t<div class=\"elementor-widget-container\">\n\t\t\t<h2 class=\"elementor-heading-title elementor-size-default\">Neden Farkl\u0131y\u0131z<\/h2>\t\t<\/div>\n\t\t\t\t<\/div>\n\t\t\t\t\t<\/div>\n\t\t<\/div>\n\t\t\t\t<div class=\"elementor-column elementor-col-50 elementor-top-column elementor-element elementor-element-5e33991 textright mobcenter\" data-id=\"5e33991\" data-element_type=\"column\">\n\t\t\t<div class=\"elementor-widget-wrap elementor-element-populated\">\n\t\t\t\t\t\t<div class=\"elementor-element elementor-element-9633840 mb-5 elementor-widget elementor-widget-heading\" data-id=\"9633840\" data-element_type=\"widget\" data-widget_type=\"heading.default\">\n\t\t\t\t<div class=\"elementor-widget-container\">\n\t\t\t<h2 class=\"elementor-heading-title elementor-size-default\">Kurt<\/h2>\t\t<\/div>\n\t\t\t\t<\/div>\n\t\t\t\t<div class=\"elementor-element elementor-element-43b0ad1 elementor-widget elementor-widget-text-editor\" data-id=\"43b0ad1\" data-element_type=\"widget\" data-widget_type=\"text-editor.default\">\n\t\t\t\t<div class=\"elementor-widget-container\">\n\t\t\t\t\t\t\t<p>Kurt (Canis lupus), T\u00fcrkiye\u2019nin t\u00fcm b\u00f6lgelerinde yayg\u0131n olarak bulunur. Yasa d\u0131\u015f\u0131 avlanma nedeniyle nesli tehdit alt\u0131ndad\u0131r.<\/p>\t\t\t\t\t\t<\/div>\n\t\t\t\t<\/div>\n\t\t\t\t\t<\/div>\n\t\t<\/div>\n\t\t\t\t\t<\/div>\n\t\t<\/section>\n\t\t\t\t<\/div>\n\t\t\t\t<\/div>\n\t\t\t\t<\/div>\n\t\t\t\t<\/div>\n\t\t\t\t\t<\/div>\n\t\t<\/div>\n\t\t\t\t\t<\/div>\n\t\t<\/section>\n\t\t\t\t<section class=\"elementor-section elementor-top-section elementor-element elementor-element-ce80c66 elementor-section-boxed elementor-section-height-default elementor-section-height-default\" data-id=\"ce80c66\" data-element_type=\"section\">\n\t\t\t\t\t\t<div class=\"elementor-container elementor-column-gap-default\">\n\t\t\t\t\t<div class=\"elementor-column elementor-col-50 elementor-top-column elementor-element elementor-element-bc85f9f\" data-id=\"bc85f9f\" data-element_type=\"column\">\n\t\t\t<div class=\"elementor-widget-wrap elementor-element-populated\">\n\t\t\t\t\t\t<div class=\"elementor-element elementor-element-78fc4a1 mb-10 elementor-widget elementor-widget-heading\" data-id=\"78fc4a1\" data-element_type=\"widget\" data-widget_type=\"heading.default\">\n\t\t\t\t<div class=\"elementor-widget-container\">\n\t\t\t<h2 class=\"elementor-heading-title elementor-size-default\">Sorumluluk Duygumuz Karakterimizdir<\/h2>\t\t<\/div>\n\t\t\t\t<\/div>\n\t\t\t\t<div class=\"elementor-element elementor-element-105dc3a elementor-widget elementor-widget-image\" data-id=\"105dc3a\" data-element_type=\"widget\" data-widget_type=\"image.default\">\n\t\t\t\t<div class=\"elementor-widget-container\">\n\t\t\t\t\t\t\t\t\t\t\t\t\t<img decoding=\"async\" width=\"110\" height=\"5\" src=\"https:\/\/old.cukurpartners.com\/wp-content\/uploads\/2019\/10\/colored_line_cy.png\" class=\"attachment-full size-full wp-image-52\" alt=\"\" \/>\t\t\t\t\t\t\t\t\t\t\t\t\t<\/div>\n\t\t\t\t<\/div>\n\t\t\t\t<div class=\"elementor-element elementor-element-ee91a10 elementor-widget elementor-widget-text-editor\" data-id=\"ee91a10\" data-element_type=\"widget\" data-widget_type=\"text-editor.default\">\n\t\t\t\t<div class=\"elementor-widget-container\">\n\t\t\t\t\t\t\t<p><span style=\"font-weight: 400;\">Hizmet sundu\u011fumuz \u015firket ve i\u015f insanlar\u0131na kar\u015f\u0131 y\u00fcksek bir sorumluluk duygumuz var. Bu duygumuz, onlar i\u00e7in <\/span><b>\u00f6l\u00e7\u00fclebilir sonu\u00e7lar<\/b><span style=\"font-weight: 400;\"> yaratmam\u0131z\u0131 ve her zaman <\/span><b>\u015feffaf<\/b><span style=\"font-weight: 400;\"> ve <\/span><b>hesap verebilir<\/b><span style=\"font-weight: 400;\"> konumda bulunmam\u0131z\u0131 sa\u011fl\u0131yor.<\/span><\/p><p><span style=\"font-weight: 400;\">Ancak sorumluluk duygumuzun kapsam\u0131 bunun da \u00e7ok \u00f6tesinde.\u00a0<\/span><\/p><p><b>\u0130\u015f ailemize, \u00e7al\u0131\u015fma ekibimize, \u00e7evremize, topluma, insanl\u0131\u011fa ve t\u00fcm d\u00fcnyaya kar\u015f\u0131 da sorumluluklar\u0131m\u0131z oldu\u011funun fark\u0131nday\u0131z.\u00a0<\/b><\/p><p><b>Bu, \u00c7ukur &amp; Partners\u2019\u0131n en \u00f6nemli ay\u0131rt edici karakterler \u00f6zelliklerinden bir tanesi ve bizim do\u011fam\u0131z. Bu bizim ya\u015fam bi\u00e7imimiz.<\/b><\/p><p><span style=\"font-weight: 400;\">Ya\u015fam\u0131 bir b\u00fct\u00fcn olarak alg\u0131l\u0131yor ve kabul ediyoruz. T\u00fcm var olu\u015fa sayg\u0131 duyuyoruz. Varl\u0131\u011f\u0131m\u0131z\u0131, s\u00fcrd\u00fcr\u00fclebilir ba\u015far\u0131m\u0131z\u0131 ve hayat\u0131m\u0131zdaki de\u011ferleri bu b\u00fct\u00fcn\u00fcn i\u00e7erisinde yer alan her \u015feye ve herkese bor\u00e7lu oldu\u011fumuzun bilincindeyiz. O y\u00fczden, almak kadar vermek, kazanmak kadar payla\u015fmak da bizim i\u00e7in \u00f6nemli.<\/span><\/p><p><span style=\"font-weight: 400;\">\u0130\u015f d\u00fcnyas\u0131 i\u00e7erisinde bulundu\u011fumuz konumun, bu sorumluluklar konusunda bizlere pek \u00e7ok imk\u00e2n ve f\u0131rsatlar sa\u011flad\u0131\u011f\u0131n\u0131 da biliyoruz. Bu f\u0131rsat ve imk\u00e2nlar\u0131 toplumun t\u00fcm payda\u015flar\u0131 ve y\u00fcksek de\u011ferler i\u00e7in harekete ge\u00e7irmek i\u00e7in somut ve etkin bir \u015fekilde \u00e7al\u0131\u015f\u0131yoruz.<\/span><\/p><p><span style=\"font-weight: 400;\">Bu fark\u0131ndal\u0131k ve duyarl\u0131l\u0131\u011f\u0131m\u0131z bizlerin yeni fikirlere ve hizmet olanaklar\u0131na a\u00e7\u0131k olmam\u0131z\u0131, ya\u015fam\u0131 bir denge i\u00e7erisinde kucaklamam\u0131z\u0131, huzurla ve g\u00f6n\u00fcl rahatl\u0131\u011f\u0131 ile ya\u015famam\u0131z\u0131 ve i\u015f yapmam\u0131z\u0131 sa\u011fl\u0131yor. Bu bize sadece daha iyi bir hukuk b\u00fcrosu olma konusunda de\u011fil, ayn\u0131 zamanda daha iyi bireyler olarak geli\u015fmemiz noktas\u0131nda da yard\u0131m ediyor.<\/span><\/p><p><span style=\"font-weight: 400;\">B\u00f6yle bir sorumluluk duygusu ile \u00e7al\u0131\u015fma kararl\u0131l\u0131\u011f\u0131 ile akl\u0131m\u0131z\u0131 ve kalbimizi bilgelikle a\u00e7t\u0131\u011f\u0131m\u0131zda, bu \u00e7abalar\u0131m\u0131z\u0131n yaratt\u0131\u011f\u0131 g\u00fczellikler ve iyilikler t\u00fcm eme\u011fimize de\u011fiyor.<\/span><\/p><p><span style=\"font-weight: 400;\">Bu konuda yapt\u0131\u011f\u0131m\u0131z somut \u00e7al\u0131\u015fmalar hakk\u0131nda daha fazla bilgi sahibi olmak i\u00e7in <a href=\"https:\/\/old.cukurpartners.com\/tr\/sorumlu-is-anlayisimiz\/\">Sorumlu \u0130\u015f Anlay\u0131\u015f\u0131m\u0131z<\/a> sayfalar\u0131m\u0131z\u0131 ziyaret etmenizi \u00f6neririz.<\/span><\/p>\t\t\t\t\t\t<\/div>\n\t\t\t\t<\/div>\n\t\t\t\t\t<\/div>\n\t\t<\/div>\n\t\t\t\t<div class=\"elementor-column elementor-col-50 elementor-top-column elementor-element elementor-element-653e993\" data-id=\"653e993\" data-element_type=\"column\">\n\t\t\t<div class=\"elementor-widget-wrap elementor-element-populated\">\n\t\t\t\t\t\t<div class=\"elementor-element elementor-element-595ccba elementor-widget elementor-widget-template\" data-id=\"595ccba\" data-element_type=\"widget\" data-widget_type=\"template.default\">\n\t\t\t\t<div class=\"elementor-widget-container\">\n\t\t\t\t\t<div class=\"elementor-template\">\n\t\t\t\t\t<div data-elementor-type=\"page\" data-elementor-id=\"1024\" class=\"elementor elementor-1024 elementor-136\" data-elementor-post-type=\"elementor_library\">\n\t\t\t\t\t\t<section class=\"elementor-section elementor-top-section elementor-element elementor-element-c186c77 elementor-section-boxed elementor-section-height-default elementor-section-height-default\" data-id=\"c186c77\" data-element_type=\"section\">\n\t\t\t\t\t\t<div class=\"elementor-container elementor-column-gap-default\">\n\t\t\t\t\t<div class=\"elementor-column elementor-col-100 elementor-top-column elementor-element elementor-element-7e46cb6\" data-id=\"7e46cb6\" data-element_type=\"column\">\n\t\t\t<div class=\"elementor-widget-wrap elementor-element-populated\">\n\t\t\t\t\t\t<div class=\"elementor-element elementor-element-9cc8484 sidemenu elementor-nav-menu--dropdown-tablet elementor-nav-menu__text-align-aside elementor-widget elementor-widget-nav-menu\" data-id=\"9cc8484\" data-element_type=\"widget\" data-settings=\"{&quot;layout&quot;:&quot;vertical&quot;,&quot;submenu_icon&quot;:{&quot;value&quot;:&quot;&lt;i class=\\&quot;fas fa-caret-down\\&quot;&gt;&lt;\\\/i&gt;&quot;,&quot;library&quot;:&quot;fa-solid&quot;}}\" data-widget_type=\"nav-menu.default\">\n\t\t\t\t<div class=\"elementor-widget-container\">\n\t\t\t\t\t\t<nav aria-label=\"Men\u00fc\" class=\"elementor-nav-menu--main elementor-nav-menu__container elementor-nav-menu--layout-vertical e--pointer-none\">\n\t\t\t\t<ul id=\"menu-1-9cc8484\" class=\"elementor-nav-menu sm-vertical\"><li class=\"menu-item menu-item-type-post_type menu-item-object-page menu-item-2609\"><a href=\"https:\/\/old.cukurpartners.com\/tr\/bizi-taniyin\/bir-bakista-farkimiz\/\" class=\"elementor-item\">Bir Bak\u0131\u015fta Fark\u0131m\u0131z<\/a><\/li>\n<li class=\"menu-item menu-item-type-post_type menu-item-object-page menu-item-2608\"><a href=\"https:\/\/old.cukurpartners.com\/tr\/bizi-taniyin\/28-yildir-si%cc%87rketleri%cc%87n-ve-is-dunyasinin-guveni%cc%87li%cc%87r-hukuk-danismaniyiz\/\" class=\"elementor-item\">28 Y\u0131ld\u0131r \u015ei\u0307rketleri\u0307n ve \u0130\u015f D\u00fcnyas\u0131n\u0131n G\u00fcveni\u0307li\u0307r Hukuk Dan\u0131\u015fman\u0131y\u0131z<\/a><\/li>\n<li class=\"menu-item menu-item-type-post_type menu-item-object-page menu-item-1289\"><a href=\"https:\/\/old.cukurpartners.com\/tr\/bizi-taniyin\/neden-farkliyiz\/sizin-takim-arkadasiniziz\/\" class=\"elementor-item\">Sizin Tak\u0131m Arkada\u015f\u0131n\u0131z\u0131z<\/a><\/li>\n<li class=\"menu-item menu-item-type-post_type menu-item-object-page menu-item-1291\"><a href=\"https:\/\/old.cukurpartners.com\/tr\/bizi-taniyin\/neden-farkliyiz\/pozitif-dinamik-ve-tutkuluyuz\/\" class=\"elementor-item\">Pozitif, Dinamik ve Tutkuluyuz<\/a><\/li>\n<li class=\"menu-item menu-item-type-post_type menu-item-object-page menu-item-2616\"><a href=\"https:\/\/old.cukurpartners.com\/tr\/bizi-taniyin\/neden-farkliyiz\/unvanlara-degil-insanlara-hizmet-veriyoruz\/\" class=\"elementor-item\">\u00dcnvanlara De\u011fil \u0130nsanlara Hizmet Veriyoruz<\/a><\/li>\n<li class=\"menu-item menu-item-type-post_type menu-item-object-page menu-item-1290\"><a href=\"https:\/\/old.cukurpartners.com\/tr\/bizi-taniyin\/neden-farkliyiz\/yenilikcilik-cozum-odaklilik-ve-sorumluluk-duygumuz-karakterimizdir\/\" class=\"elementor-item\">Yenilik\u00e7ilik, \u00c7\u00f6z\u00fcm Odakl\u0131l\u0131k ve Sorumluluk Duygumuz Karakterimizdir<\/a><\/li>\n<\/ul>\t\t\t<\/nav>\n\t\t\t\t\t\t<nav class=\"elementor-nav-menu--dropdown elementor-nav-menu__container\" aria-hidden=\"true\">\n\t\t\t\t<ul id=\"menu-2-9cc8484\" class=\"elementor-nav-menu sm-vertical\"><li class=\"menu-item menu-item-type-post_type menu-item-object-page menu-item-2609\"><a href=\"https:\/\/old.cukurpartners.com\/tr\/bizi-taniyin\/bir-bakista-farkimiz\/\" class=\"elementor-item\" tabindex=\"-1\">Bir Bak\u0131\u015fta Fark\u0131m\u0131z<\/a><\/li>\n<li class=\"menu-item menu-item-type-post_type menu-item-object-page menu-item-2608\"><a href=\"https:\/\/old.cukurpartners.com\/tr\/bizi-taniyin\/28-yildir-si%cc%87rketleri%cc%87n-ve-is-dunyasinin-guveni%cc%87li%cc%87r-hukuk-danismaniyiz\/\" class=\"elementor-item\" tabindex=\"-1\">28 Y\u0131ld\u0131r \u015ei\u0307rketleri\u0307n ve \u0130\u015f D\u00fcnyas\u0131n\u0131n G\u00fcveni\u0307li\u0307r Hukuk Dan\u0131\u015fman\u0131y\u0131z<\/a><\/li>\n<li class=\"menu-item menu-item-type-post_type menu-item-object-page menu-item-1289\"><a href=\"https:\/\/old.cukurpartners.com\/tr\/bizi-taniyin\/neden-farkliyiz\/sizin-takim-arkadasiniziz\/\" class=\"elementor-item\" tabindex=\"-1\">Sizin Tak\u0131m Arkada\u015f\u0131n\u0131z\u0131z<\/a><\/li>\n<li class=\"menu-item menu-item-type-post_type menu-item-object-page menu-item-1291\"><a href=\"https:\/\/old.cukurpartners.com\/tr\/bizi-taniyin\/neden-farkliyiz\/pozitif-dinamik-ve-tutkuluyuz\/\" class=\"elementor-item\" tabindex=\"-1\">Pozitif, Dinamik ve Tutkuluyuz<\/a><\/li>\n<li class=\"menu-item menu-item-type-post_type menu-item-object-page menu-item-2616\"><a href=\"https:\/\/old.cukurpartners.com\/tr\/bizi-taniyin\/neden-farkliyiz\/unvanlara-degil-insanlara-hizmet-veriyoruz\/\" class=\"elementor-item\" tabindex=\"-1\">\u00dcnvanlara De\u011fil \u0130nsanlara Hizmet Veriyoruz<\/a><\/li>\n<li class=\"menu-item menu-item-type-post_type menu-item-object-page menu-item-1290\"><a href=\"https:\/\/old.cukurpartners.com\/tr\/bizi-taniyin\/neden-farkliyiz\/yenilikcilik-cozum-odaklilik-ve-sorumluluk-duygumuz-karakterimizdir\/\" class=\"elementor-item\" tabindex=\"-1\">Yenilik\u00e7ilik, \u00c7\u00f6z\u00fcm Odakl\u0131l\u0131k ve Sorumluluk Duygumuz Karakterimizdir<\/a><\/li>\n<\/ul>\t\t\t<\/nav>\n\t\t\t\t<\/div>\n\t\t\t\t<\/div>\n\t\t\t\t\t<\/div>\n\t\t<\/div>\n\t\t\t\t\t<\/div>\n\t\t<\/section>\n\t\t\t\t<\/div>\n\t\t\t\t<\/div>\n\t\t\t\t<\/div>\n\t\t\t\t<\/div>\n\t\t\t\t\t<\/div>\n\t\t<\/div>\n\t\t\t\t\t<\/div>\n\t\t<\/section>\n\t\t\t\t<\/div>\n\t\t","protected":false},"excerpt":{"rendered":"<p>Hizmet sundu\u011fumuz \u015firket ve i\u015f insanlar\u0131na kar\u015f\u0131 y\u00fcksek bir sorumluluk duygumuz var. Bu duygumuz, onlar i\u00e7in \u00f6l\u00e7\u00fclebilir sonu\u00e7lar yaratmam\u0131z\u0131 ve her zaman \u015feffaf ve hesap verebilir konumda bulunmam\u0131z\u0131 sa\u011fl\u0131yor. Ancak sorumluluk duygumuzun kapsam\u0131 bunun da \u00e7ok \u00f6tesinde.\u00a0 \u0130\u015f ailemize, \u00e7al\u0131\u015fma ekibimize, \u00e7evremize, topluma, insanl\u0131\u011fa ve t\u00fcm d\u00fcnyaya kar\u015f\u0131 da sorumluluklar\u0131m\u0131z oldu\u011funun fark\u0131nday\u0131z.\u00a0 Bu, \u00c7ukur &amp; [&hellip;]<\/p>\n","protected":false},"author":1,"featured_media":0,"parent":991,"menu_order":0,"comment_status":"closed","ping_status":"closed","template":"elementor_header_footer","meta":{"_acf_changed":false,"footnotes":""},"class_list":["post-989","page","type-page","status-publish","hentry"],"acf":[],"_links":{"self":[{"href":"https:\/\/old.cukurpartners.com\/tr\/wp-json\/wp\/v2\/pages\/989"}],"collection":[{"href":"https:\/\/old.cukurpartners.com\/tr\/wp-json\/wp\/v2\/pages"}],"about":[{"href":"https:\/\/old.cukurpartners.com\/tr\/wp-json\/wp\/v2\/types\/page"}],"author":[{"embeddable":true,"href":"https:\/\/old.cukurpartners.com\/tr\/wp-json\/wp\/v2\/users\/1"}],"replies":[{"embeddable":true,"href":"https:\/\/old.cukurpartners.com\/tr\/wp-json\/wp\/v2\/comments?post=989"}],"version-history":[{"count":3,"href":"https:\/\/old.cukurpartners.com\/tr\/wp-json\/wp\/v2\/pages\/989\/revisions"}],"predecessor-version":[{"id":7409,"href":"https:\/\/old.cukurpartners.com\/tr\/wp-json\/wp\/v2\/pages\/989\/revisions\/7409"}],"up":[{"embeddable":true,"href":"https:\/\/old.cukurpartners.com\/tr\/wp-json\/wp\/v2\/pages\/991"}],"wp:attachment":[{"href":"https:\/\/old.cukurpartners.com\/tr\/wp-json\/wp\/v2\/media?parent=989"}],"curies":[{"name":"wp","href":"https:\/\/api.w.org\/{rel}","templated":true}]}}