{"id":991,"date":"2019-10-22T06:45:33","date_gmt":"2019-10-22T06:45:33","guid":{"rendered":"https:\/\/cukurpartners.com\/how-we-are-different\/"},"modified":"2022-09-26T07:44:09","modified_gmt":"2022-09-26T07:44:09","slug":"neden-farkliyiz","status":"publish","type":"page","link":"https:\/\/old.cukurpartners.com\/tr\/bizi-taniyin\/neden-farkliyiz\/","title":{"rendered":"Neden Farkl\u0131y\u0131z"},"content":{"rendered":"\t\t<div data-elementor-type=\"wp-page\" data-elementor-id=\"991\" class=\"elementor elementor-991 elementor-133\" data-elementor-post-type=\"page\">\n\t\t\t\t\t\t<section class=\"elementor-section elementor-top-section elementor-element elementor-element-5d4d2bf elementor-section-full_width elementor-section-height-default elementor-section-height-default\" data-id=\"5d4d2bf\" data-element_type=\"section\">\n\t\t\t\t\t\t<div class=\"elementor-container elementor-column-gap-default\">\n\t\t\t\t\t<div class=\"elementor-column elementor-col-100 elementor-top-column elementor-element elementor-element-3bd3d5d\" data-id=\"3bd3d5d\" data-element_type=\"column\">\n\t\t\t<div class=\"elementor-widget-wrap elementor-element-populated\">\n\t\t\t\t\t\t<div class=\"elementor-element elementor-element-059f26c elementor-widget elementor-widget-template\" data-id=\"059f26c\" data-element_type=\"widget\" data-widget_type=\"template.default\">\n\t\t\t\t<div class=\"elementor-widget-container\">\n\t\t\t\t\t<div class=\"elementor-template\">\n\t\t\t\t\t<div data-elementor-type=\"section\" data-elementor-id=\"1012\" class=\"elementor elementor-1012 elementor-739\" data-elementor-post-type=\"elementor_library\">\n\t\t\t\t\t<section class=\"elementor-section elementor-top-section elementor-element elementor-element-e70548a elementor-section-height-min-height elementor-section-boxed elementor-section-height-default elementor-section-items-middle\" data-id=\"e70548a\" data-element_type=\"section\" data-settings=\"{&quot;background_background&quot;:&quot;classic&quot;}\">\n\t\t\t\t\t\t\t<div class=\"elementor-background-overlay\"><\/div>\n\t\t\t\t\t\t\t<div class=\"elementor-container elementor-column-gap-default\">\n\t\t\t\t\t<div class=\"elementor-column elementor-col-50 elementor-top-column elementor-element elementor-element-0764731\" data-id=\"0764731\" data-element_type=\"column\">\n\t\t\t<div class=\"elementor-widget-wrap elementor-element-populated\">\n\t\t\t\t\t\t<div class=\"elementor-element elementor-element-d7e2566 elementor-widget elementor-widget-heading\" data-id=\"d7e2566\" data-element_type=\"widget\" data-widget_type=\"heading.default\">\n\t\t\t\t<div class=\"elementor-widget-container\">\n\t\t\t<h2 class=\"elementor-heading-title elementor-size-default\">Bizi Tan\u0131y\u0131n<\/h2>\t\t<\/div>\n\t\t\t\t<\/div>\n\t\t\t\t\t<\/div>\n\t\t<\/div>\n\t\t\t\t<div class=\"elementor-column elementor-col-50 elementor-top-column elementor-element elementor-element-b4f044c textright mobcenter\" data-id=\"b4f044c\" data-element_type=\"column\">\n\t\t\t<div class=\"elementor-widget-wrap elementor-element-populated\">\n\t\t\t\t\t\t<div class=\"elementor-element elementor-element-c7a27f4 mb-5 elementor-widget elementor-widget-heading\" data-id=\"c7a27f4\" data-element_type=\"widget\" data-widget_type=\"heading.default\">\n\t\t\t\t<div class=\"elementor-widget-container\">\n\t\t\t<h2 class=\"elementor-heading-title elementor-size-default\">Apollo Kelebe\u011fi<\/h2>\t\t<\/div>\n\t\t\t\t<\/div>\n\t\t\t\t<div class=\"elementor-element elementor-element-63ff5e2 elementor-widget elementor-widget-text-editor\" data-id=\"63ff5e2\" data-element_type=\"widget\" data-widget_type=\"text-editor.default\">\n\t\t\t\t<div class=\"elementor-widget-container\">\n\t\t\t\t\t\t\t<p>Apollo Kelebe\u011fi (Parnassius apollo), zirveye yak\u0131n, (Isparta) Tota Da\u011f\u0131 eteklerinde ya\u015famaktad\u0131r. Ya\u015fam alanlar\u0131n\u0131n tahrip edilmesi nedeniyle nesli tehlikededir.<\/p>\t\t\t\t\t\t<\/div>\n\t\t\t\t<\/div>\n\t\t\t\t\t<\/div>\n\t\t<\/div>\n\t\t\t\t\t<\/div>\n\t\t<\/section>\n\t\t\t\t<\/div>\n\t\t\t\t<\/div>\n\t\t\t\t<\/div>\n\t\t\t\t<\/div>\n\t\t\t\t\t<\/div>\n\t\t<\/div>\n\t\t\t\t\t<\/div>\n\t\t<\/section>\n\t\t\t\t<section class=\"elementor-section elementor-top-section elementor-element elementor-element-f02c438 elementor-section-boxed elementor-section-height-default elementor-section-height-default\" data-id=\"f02c438\" data-element_type=\"section\">\n\t\t\t\t\t\t<div class=\"elementor-container elementor-column-gap-default\">\n\t\t\t\t\t<div class=\"elementor-column elementor-col-50 elementor-top-column elementor-element elementor-element-645f634\" data-id=\"645f634\" data-element_type=\"column\">\n\t\t\t<div class=\"elementor-widget-wrap elementor-element-populated\">\n\t\t\t\t\t\t<div class=\"elementor-element elementor-element-0334012 mb-10 elementor-widget elementor-widget-heading\" data-id=\"0334012\" data-element_type=\"widget\" data-widget_type=\"heading.default\">\n\t\t\t\t<div class=\"elementor-widget-container\">\n\t\t\t<h2 class=\"elementor-heading-title elementor-size-default\">Neden Farkl\u0131y\u0131z<\/h2>\t\t<\/div>\n\t\t\t\t<\/div>\n\t\t\t\t<div class=\"elementor-element elementor-element-61e58c0 elementor-widget elementor-widget-image\" data-id=\"61e58c0\" data-element_type=\"widget\" data-widget_type=\"image.default\">\n\t\t\t\t<div class=\"elementor-widget-container\">\n\t\t\t\t\t\t\t\t\t\t\t\t\t<img decoding=\"async\" width=\"110\" height=\"5\" src=\"https:\/\/old.cukurpartners.com\/wp-content\/uploads\/2019\/10\/colored_line_cy.png\" class=\"attachment-full size-full wp-image-52\" alt=\"\" \/>\t\t\t\t\t\t\t\t\t\t\t\t\t<\/div>\n\t\t\t\t<\/div>\n\t\t\t\t<div class=\"elementor-element elementor-element-e172ef0 elementor-widget elementor-widget-text-editor\" data-id=\"e172ef0\" data-element_type=\"widget\" data-widget_type=\"text-editor.default\">\n\t\t\t\t<div class=\"elementor-widget-container\">\n\t\t\t\t\t\t\t<p>G\u00fcn\u00fcm\u00fcz\u00fcn karma\u015f\u0131k,\u00a0 kaotik, a\u015f\u0131r\u0131 y\u00fckl\u00fc bilgi alan\u0131nda, en iyi se\u00e7eneklere ula\u015fmak her zaman kolay de\u011fil.<\/p><p>Bir\u00e7ok \u015firket ve i\u015f insan\u0131 i\u00e7in, hukuki ihtiya\u00e7lar\u0131 i\u00e7in ideal ve en uygun hukuk b\u00fcrosunu ve hizmet al\u0131nacak avukat\u0131 belirlerken de benzer bir zorlukla kar\u015f\u0131la\u015f\u0131labilir.<\/p><p>Bu noktada, hukuk firmas\u0131 ve avukat se\u00e7iminde, tecr\u00fcbe, uzmanl\u0131k, kalite, ehliyet, bu alanda ba\u015far\u0131yla tamamlanm\u0131\u015f i\u015fler ve referanslar, co\u011frafi yak\u0131nl\u0131k, i\u015f ve hizmet modelleri, hizmet bedellerinin seviyesi, \u00f6l\u00e7ek, ekip ve g\u00f6z \u00f6n\u00fcnde bulundurulmas\u0131 gereken bir\u00e7ok ba\u015fka fakt\u00f6r \u00f6n plana \u00e7\u0131kar.<\/p><p>Biz, \u00c7ukur &amp; Partners avukatlar\u0131 olarak, i\u015f d\u00fcnyas\u0131n\u0131n kendilerini dinleyen, anlayan, sayg\u0131 duyan ve birlikte \u00e7al\u0131\u015f\u0131rken iyi ve rahat hissettikleri bir hukuk b\u00fcrosu ile \u00e7al\u0131\u015fmay\u0131 istedi\u011fini biliyoruz. Bu nedenle, \u00c7ukur &amp; Partners hukuk firmas\u0131nda, bizden hizmet alan herkesin kendilerini rahat ve iyi hissedecekleri, yap\u0131c\u0131 ve g\u00fcvenli bir hizmet ili\u015fkisi ve deneyimi yaratmak i\u00e7in \u00e7ok \u00e7al\u0131\u015f\u0131yoruz.<\/p><p>Hizmet verdi\u011fimiz \u015firketlerin \u00e7o\u011funun bizimle 10 y\u0131l ve daha uzun s\u00fcredir \u00e7al\u0131\u015f\u0131yor olmas\u0131, bunu ba\u015farma yolunda oldu\u011fumuzu g\u00f6steriyor.<\/p><p>\u00c7ukur &amp; Partners hukuk b\u00fcrosu avukatlar\u0131 olarak, insan odakl\u0131, yenilik\u00e7i ve pozitif i\u015f yakla\u015f\u0131mlar\u0131 ve esnek ve \u00e7evik i\u015f modelleri ile, \u015firketlerin ve i\u015f insanlar\u0131n\u0131n hedeflerine daha h\u0131zl\u0131 ve hukuk g\u00fcvenli\u011fi alt\u0131nda ula\u015fmalar\u0131na yard\u0131mc\u0131 oluyoruz.<\/p><p>Geli\u015ftirdi\u011fimiz hukuki \u00e7\u00f6z\u00fcmlerle yaratt\u0131\u011f\u0131m\u0131z de\u011ferin ve bunun \u015firketlerin, insanlar\u0131n ve toplumun \u00fczerinde yaratt\u0131\u011f\u0131 etkinin fark\u0131nday\u0131z. Bu nedenle i\u015fimize, hukuk firmam\u0131za, ba\u015far\u0131 yolculuklar\u0131na e\u015flik etti\u011fimiz m\u00fcvekkillerimize tutkuyla ba\u011fl\u0131y\u0131z.<\/p><p>Bug\u00fcn, bu s\u00fcre\u00e7te y\u00fcksek sesle dile getirilen bir soru daha var: Ne kadar sorumlu ve hesapl\u0131 verebilir \u015fekilde \u00e7al\u0131\u015ft\u0131\u011f\u0131m\u0131z?<\/p><p>Bir hukuk b\u00fcrosunu di\u011ferlerinden ay\u0131ran bu unsurlar\u0131n t\u00fcm\u00fcn\u00fc biz \u201cde\u011ferler ve k\u00fclt\u00fcr\u201d olarak adland\u0131r\u0131yoruz.<\/p><p>1993&#8217;ten beri \u00c7ukur &amp; Partners, T\u00fcrkiye&#8217;nin iyi hukuk firmalar\u0131ndan biri. \u015eimdi, bu iyili\u011fin anlam\u0131n\u0131, de\u011ferlerimizle, k\u00fclt\u00fcr\u00fcm\u00fczle ve sorumlu ve duyarl\u0131 i\u015f yakla\u015f\u0131m\u0131m\u0131zla daha da ileri ta\u015f\u0131mak i\u00e7in \u00f6nc\u00fcl\u00fck ediyoruz\u2026<\/p>\t\t\t\t\t\t<\/div>\n\t\t\t\t<\/div>\n\t\t\t\t\t<\/div>\n\t\t<\/div>\n\t\t\t\t<div class=\"elementor-column elementor-col-50 elementor-top-column elementor-element elementor-element-be682e7\" data-id=\"be682e7\" data-element_type=\"column\">\n\t\t\t<div class=\"elementor-widget-wrap elementor-element-populated\">\n\t\t\t\t\t\t<div class=\"elementor-element elementor-element-f659c35 elementor-widget elementor-widget-template\" data-id=\"f659c35\" data-element_type=\"widget\" data-widget_type=\"template.default\">\n\t\t\t\t<div class=\"elementor-widget-container\">\n\t\t\t\t\t<div class=\"elementor-template\">\n\t\t\t\t\t<div data-elementor-type=\"page\" data-elementor-id=\"1024\" class=\"elementor elementor-1024 elementor-136\" data-elementor-post-type=\"elementor_library\">\n\t\t\t\t\t\t<section class=\"elementor-section elementor-top-section elementor-element elementor-element-c186c77 elementor-section-boxed elementor-section-height-default elementor-section-height-default\" data-id=\"c186c77\" data-element_type=\"section\">\n\t\t\t\t\t\t<div class=\"elementor-container elementor-column-gap-default\">\n\t\t\t\t\t<div class=\"elementor-column elementor-col-100 elementor-top-column elementor-element elementor-element-7e46cb6\" data-id=\"7e46cb6\" data-element_type=\"column\">\n\t\t\t<div class=\"elementor-widget-wrap elementor-element-populated\">\n\t\t\t\t\t\t<div class=\"elementor-element elementor-element-9cc8484 sidemenu elementor-nav-menu--dropdown-tablet elementor-nav-menu__text-align-aside elementor-widget elementor-widget-nav-menu\" data-id=\"9cc8484\" data-element_type=\"widget\" data-settings=\"{&quot;layout&quot;:&quot;vertical&quot;,&quot;submenu_icon&quot;:{&quot;value&quot;:&quot;&lt;i class=\\&quot;fas fa-caret-down\\&quot;&gt;&lt;\\\/i&gt;&quot;,&quot;library&quot;:&quot;fa-solid&quot;}}\" data-widget_type=\"nav-menu.default\">\n\t\t\t\t<div class=\"elementor-widget-container\">\n\t\t\t\t\t\t<nav aria-label=\"Men\u00fc\" class=\"elementor-nav-menu--main elementor-nav-menu__container elementor-nav-menu--layout-vertical e--pointer-none\">\n\t\t\t\t<ul id=\"menu-1-9cc8484\" class=\"elementor-nav-menu sm-vertical\"><li class=\"menu-item menu-item-type-post_type menu-item-object-page menu-item-2609\"><a href=\"https:\/\/old.cukurpartners.com\/tr\/bizi-taniyin\/bir-bakista-farkimiz\/\" class=\"elementor-item\">Bir Bak\u0131\u015fta Fark\u0131m\u0131z<\/a><\/li>\n<li class=\"menu-item menu-item-type-post_type menu-item-object-page menu-item-2608\"><a href=\"https:\/\/old.cukurpartners.com\/tr\/bizi-taniyin\/28-yildir-si%cc%87rketleri%cc%87n-ve-is-dunyasinin-guveni%cc%87li%cc%87r-hukuk-danismaniyiz\/\" class=\"elementor-item\">28 Y\u0131ld\u0131r \u015ei\u0307rketleri\u0307n ve \u0130\u015f D\u00fcnyas\u0131n\u0131n G\u00fcveni\u0307li\u0307r Hukuk Dan\u0131\u015fman\u0131y\u0131z<\/a><\/li>\n<li class=\"menu-item menu-item-type-post_type menu-item-object-page menu-item-1289\"><a href=\"https:\/\/old.cukurpartners.com\/tr\/bizi-taniyin\/neden-farkliyiz\/sizin-takim-arkadasiniziz\/\" class=\"elementor-item\">Sizin Tak\u0131m Arkada\u015f\u0131n\u0131z\u0131z<\/a><\/li>\n<li class=\"menu-item menu-item-type-post_type menu-item-object-page menu-item-1291\"><a href=\"https:\/\/old.cukurpartners.com\/tr\/bizi-taniyin\/neden-farkliyiz\/pozitif-dinamik-ve-tutkuluyuz\/\" class=\"elementor-item\">Pozitif, Dinamik ve Tutkuluyuz<\/a><\/li>\n<li class=\"menu-item menu-item-type-post_type menu-item-object-page menu-item-2616\"><a href=\"https:\/\/old.cukurpartners.com\/tr\/bizi-taniyin\/neden-farkliyiz\/unvanlara-degil-insanlara-hizmet-veriyoruz\/\" class=\"elementor-item\">\u00dcnvanlara De\u011fil \u0130nsanlara Hizmet Veriyoruz<\/a><\/li>\n<li class=\"menu-item menu-item-type-post_type menu-item-object-page menu-item-1290\"><a href=\"https:\/\/old.cukurpartners.com\/tr\/bizi-taniyin\/neden-farkliyiz\/yenilikcilik-cozum-odaklilik-ve-sorumluluk-duygumuz-karakterimizdir\/\" class=\"elementor-item\">Yenilik\u00e7ilik, \u00c7\u00f6z\u00fcm Odakl\u0131l\u0131k ve Sorumluluk Duygumuz Karakterimizdir<\/a><\/li>\n<\/ul>\t\t\t<\/nav>\n\t\t\t\t\t\t<nav class=\"elementor-nav-menu--dropdown elementor-nav-menu__container\" aria-hidden=\"true\">\n\t\t\t\t<ul id=\"menu-2-9cc8484\" class=\"elementor-nav-menu sm-vertical\"><li class=\"menu-item menu-item-type-post_type menu-item-object-page menu-item-2609\"><a href=\"https:\/\/old.cukurpartners.com\/tr\/bizi-taniyin\/bir-bakista-farkimiz\/\" class=\"elementor-item\" tabindex=\"-1\">Bir Bak\u0131\u015fta Fark\u0131m\u0131z<\/a><\/li>\n<li class=\"menu-item menu-item-type-post_type menu-item-object-page menu-item-2608\"><a href=\"https:\/\/old.cukurpartners.com\/tr\/bizi-taniyin\/28-yildir-si%cc%87rketleri%cc%87n-ve-is-dunyasinin-guveni%cc%87li%cc%87r-hukuk-danismaniyiz\/\" class=\"elementor-item\" tabindex=\"-1\">28 Y\u0131ld\u0131r \u015ei\u0307rketleri\u0307n ve \u0130\u015f D\u00fcnyas\u0131n\u0131n G\u00fcveni\u0307li\u0307r Hukuk Dan\u0131\u015fman\u0131y\u0131z<\/a><\/li>\n<li class=\"menu-item menu-item-type-post_type menu-item-object-page menu-item-1289\"><a href=\"https:\/\/old.cukurpartners.com\/tr\/bizi-taniyin\/neden-farkliyiz\/sizin-takim-arkadasiniziz\/\" class=\"elementor-item\" tabindex=\"-1\">Sizin Tak\u0131m Arkada\u015f\u0131n\u0131z\u0131z<\/a><\/li>\n<li class=\"menu-item menu-item-type-post_type menu-item-object-page menu-item-1291\"><a href=\"https:\/\/old.cukurpartners.com\/tr\/bizi-taniyin\/neden-farkliyiz\/pozitif-dinamik-ve-tutkuluyuz\/\" class=\"elementor-item\" tabindex=\"-1\">Pozitif, Dinamik ve Tutkuluyuz<\/a><\/li>\n<li class=\"menu-item menu-item-type-post_type menu-item-object-page menu-item-2616\"><a href=\"https:\/\/old.cukurpartners.com\/tr\/bizi-taniyin\/neden-farkliyiz\/unvanlara-degil-insanlara-hizmet-veriyoruz\/\" class=\"elementor-item\" tabindex=\"-1\">\u00dcnvanlara De\u011fil \u0130nsanlara Hizmet Veriyoruz<\/a><\/li>\n<li class=\"menu-item menu-item-type-post_type menu-item-object-page menu-item-1290\"><a href=\"https:\/\/old.cukurpartners.com\/tr\/bizi-taniyin\/neden-farkliyiz\/yenilikcilik-cozum-odaklilik-ve-sorumluluk-duygumuz-karakterimizdir\/\" class=\"elementor-item\" tabindex=\"-1\">Yenilik\u00e7ilik, \u00c7\u00f6z\u00fcm Odakl\u0131l\u0131k ve Sorumluluk Duygumuz Karakterimizdir<\/a><\/li>\n<\/ul>\t\t\t<\/nav>\n\t\t\t\t<\/div>\n\t\t\t\t<\/div>\n\t\t\t\t\t<\/div>\n\t\t<\/div>\n\t\t\t\t\t<\/div>\n\t\t<\/section>\n\t\t\t\t<\/div>\n\t\t\t\t<\/div>\n\t\t\t\t<\/div>\n\t\t\t\t<\/div>\n\t\t\t\t\t<\/div>\n\t\t<\/div>\n\t\t\t\t\t<\/div>\n\t\t<\/section>\n\t\t\t\t<\/div>\n\t\t","protected":false},"excerpt":{"rendered":"<p>G\u00fcn\u00fcm\u00fcz\u00fcn karma\u015f\u0131k,\u00a0 kaotik, a\u015f\u0131r\u0131 y\u00fckl\u00fc bilgi alan\u0131nda, en iyi se\u00e7eneklere ula\u015fmak her zaman kolay de\u011fil. Bir\u00e7ok \u015firket ve i\u015f insan\u0131 i\u00e7in, hukuki ihtiya\u00e7lar\u0131 i\u00e7in ideal ve en uygun hukuk b\u00fcrosunu ve hizmet al\u0131nacak avukat\u0131 belirlerken de benzer bir zorlukla kar\u015f\u0131la\u015f\u0131labilir. Bu noktada, hukuk firmas\u0131 ve avukat se\u00e7iminde, tecr\u00fcbe, uzmanl\u0131k, kalite, ehliyet, bu alanda ba\u015far\u0131yla tamamlanm\u0131\u015f [&hellip;]<\/p>\n","protected":false},"author":1,"featured_media":0,"parent":992,"menu_order":0,"comment_status":"closed","ping_status":"closed","template":"elementor_header_footer","meta":{"_acf_changed":false,"footnotes":""},"class_list":["post-991","page","type-page","status-publish","hentry"],"acf":[],"_links":{"self":[{"href":"https:\/\/old.cukurpartners.com\/tr\/wp-json\/wp\/v2\/pages\/991"}],"collection":[{"href":"https:\/\/old.cukurpartners.com\/tr\/wp-json\/wp\/v2\/pages"}],"about":[{"href":"https:\/\/old.cukurpartners.com\/tr\/wp-json\/wp\/v2\/types\/page"}],"author":[{"embeddable":true,"href":"https:\/\/old.cukurpartners.com\/tr\/wp-json\/wp\/v2\/users\/1"}],"replies":[{"embeddable":true,"href":"https:\/\/old.cukurpartners.com\/tr\/wp-json\/wp\/v2\/comments?post=991"}],"version-history":[{"count":18,"href":"https:\/\/old.cukurpartners.com\/tr\/wp-json\/wp\/v2\/pages\/991\/revisions"}],"predecessor-version":[{"id":7403,"href":"https:\/\/old.cukurpartners.com\/tr\/wp-json\/wp\/v2\/pages\/991\/revisions\/7403"}],"up":[{"embeddable":true,"href":"https:\/\/old.cukurpartners.com\/tr\/wp-json\/wp\/v2\/pages\/992"}],"wp:attachment":[{"href":"https:\/\/old.cukurpartners.com\/tr\/wp-json\/wp\/v2\/media?parent=991"}],"curies":[{"name":"wp","href":"https:\/\/api.w.org\/{rel}","templated":true}]}}