{"id":992,"date":"2019-10-21T11:26:00","date_gmt":"2019-10-21T11:26:00","guid":{"rendered":"https:\/\/cukurpartners.com\/about-us\/"},"modified":"2021-11-18T08:26:55","modified_gmt":"2021-11-18T08:26:55","slug":"bizi-taniyin","status":"publish","type":"page","link":"https:\/\/old.cukurpartners.com\/tr\/bizi-taniyin\/","title":{"rendered":"Bizi Tan\u0131y\u0131n"},"content":{"rendered":"\t\t<div data-elementor-type=\"wp-page\" data-elementor-id=\"992\" class=\"elementor elementor-992 elementor-44\" data-elementor-post-type=\"page\">\n\t\t\t\t\t\t<section class=\"elementor-section elementor-top-section elementor-element elementor-element-607613d elementor-section-full_width elementor-section-height-default elementor-section-height-default\" data-id=\"607613d\" data-element_type=\"section\">\n\t\t\t\t\t\t<div class=\"elementor-container elementor-column-gap-default\">\n\t\t\t\t\t<div class=\"elementor-column elementor-col-100 elementor-top-column elementor-element elementor-element-f9404d6\" data-id=\"f9404d6\" data-element_type=\"column\">\n\t\t\t<div class=\"elementor-widget-wrap elementor-element-populated\">\n\t\t\t\t\t\t<div class=\"elementor-element elementor-element-eea4bae elementor-widget elementor-widget-template\" data-id=\"eea4bae\" data-element_type=\"widget\" data-widget_type=\"template.default\">\n\t\t\t\t<div class=\"elementor-widget-container\">\n\t\t\t\t\t<div class=\"elementor-template\">\n\t\t\t\t\t<div data-elementor-type=\"section\" data-elementor-id=\"1013\" class=\"elementor elementor-1013 elementor-733\" data-elementor-post-type=\"elementor_library\">\n\t\t\t\t\t<section class=\"elementor-section elementor-top-section elementor-element elementor-element-d4e9548 elementor-section-height-min-height elementor-section-boxed elementor-section-height-default elementor-section-items-middle\" data-id=\"d4e9548\" data-element_type=\"section\" data-settings=\"{&quot;background_background&quot;:&quot;classic&quot;}\">\n\t\t\t\t\t\t\t<div class=\"elementor-background-overlay\"><\/div>\n\t\t\t\t\t\t\t<div class=\"elementor-container elementor-column-gap-default\">\n\t\t\t\t\t<div class=\"elementor-column elementor-col-50 elementor-top-column elementor-element elementor-element-6c36b0d\" data-id=\"6c36b0d\" data-element_type=\"column\">\n\t\t\t<div class=\"elementor-widget-wrap elementor-element-populated\">\n\t\t\t\t\t\t<div class=\"elementor-element elementor-element-5f363fc elementor-widget elementor-widget-heading\" data-id=\"5f363fc\" data-element_type=\"widget\" data-widget_type=\"heading.default\">\n\t\t\t\t<div class=\"elementor-widget-container\">\n\t\t\t<h2 class=\"elementor-heading-title elementor-size-default\"><\/h2>\t\t<\/div>\n\t\t\t\t<\/div>\n\t\t\t\t\t<\/div>\n\t\t<\/div>\n\t\t\t\t<div class=\"elementor-column elementor-col-50 elementor-top-column elementor-element elementor-element-cf3e7ff textright mobcenter\" data-id=\"cf3e7ff\" data-element_type=\"column\">\n\t\t\t<div class=\"elementor-widget-wrap elementor-element-populated\">\n\t\t\t\t\t\t<div class=\"elementor-element elementor-element-296ba97 mb-5 elementor-widget elementor-widget-heading\" data-id=\"296ba97\" data-element_type=\"widget\" data-widget_type=\"heading.default\">\n\t\t\t\t<div class=\"elementor-widget-container\">\n\t\t\t<h2 class=\"elementor-heading-title elementor-size-default\">Leopar<\/h2>\t\t<\/div>\n\t\t\t\t<\/div>\n\t\t\t\t<div class=\"elementor-element elementor-element-e5aeb20 elementor-widget elementor-widget-text-editor\" data-id=\"e5aeb20\" data-element_type=\"widget\" data-widget_type=\"text-editor.default\">\n\t\t\t\t<div class=\"elementor-widget-container\">\n\t\t\t\t\t\t\t<p>Nesli t\u00fckenme tehlikesi alt\u0131ndaki Kafkasya leopar\u0131 (Panthera pardus), T\u00fcrkiye\u2019nin kuzeydo\u011fusunu da i\u00e7ine alan Kafkasya b\u00f6lgesinde nadiren ya\u015famaya devam ediyor.<\/p>\t\t\t\t\t\t<\/div>\n\t\t\t\t<\/div>\n\t\t\t\t\t<\/div>\n\t\t<\/div>\n\t\t\t\t\t<\/div>\n\t\t<\/section>\n\t\t\t\t<\/div>\n\t\t\t\t<\/div>\n\t\t\t\t<\/div>\n\t\t\t\t<\/div>\n\t\t\t\t\t<\/div>\n\t\t<\/div>\n\t\t\t\t\t<\/div>\n\t\t<\/section>\n\t\t\t\t<section class=\"elementor-section elementor-top-section elementor-element elementor-element-d8ad502 elementor-section-boxed elementor-section-height-default elementor-section-height-default\" data-id=\"d8ad502\" data-element_type=\"section\">\n\t\t\t\t\t\t<div class=\"elementor-container elementor-column-gap-default\">\n\t\t\t\t\t<div class=\"elementor-column elementor-col-50 elementor-top-column elementor-element elementor-element-e329943\" data-id=\"e329943\" data-element_type=\"column\">\n\t\t\t<div class=\"elementor-widget-wrap elementor-element-populated\">\n\t\t\t\t\t\t<div class=\"elementor-element elementor-element-4b22a6e mb-10 elementor-widget elementor-widget-heading\" data-id=\"4b22a6e\" data-element_type=\"widget\" data-widget_type=\"heading.default\">\n\t\t\t\t<div class=\"elementor-widget-container\">\n\t\t\t<h2 class=\"elementor-heading-title elementor-size-default\">Bizi Tan\u0131y\u0131n<\/h2>\t\t<\/div>\n\t\t\t\t<\/div>\n\t\t\t\t<div class=\"elementor-element elementor-element-0b07934 elementor-widget elementor-widget-image\" data-id=\"0b07934\" data-element_type=\"widget\" data-widget_type=\"image.default\">\n\t\t\t\t<div class=\"elementor-widget-container\">\n\t\t\t\t\t\t\t\t\t\t\t\t\t<img decoding=\"async\" width=\"110\" height=\"5\" src=\"https:\/\/old.cukurpartners.com\/wp-content\/uploads\/2019\/10\/colored_line_cy.png\" class=\"attachment-full size-full wp-image-52\" alt=\"\" \/>\t\t\t\t\t\t\t\t\t\t\t\t\t<\/div>\n\t\t\t\t<\/div>\n\t\t\t\t<div class=\"elementor-element elementor-element-0a0d809 elementor-widget elementor-widget-text-editor\" data-id=\"0a0d809\" data-element_type=\"widget\" data-widget_type=\"text-editor.default\">\n\t\t\t\t<div class=\"elementor-widget-container\">\n\t\t\t\t\t\t\t<p>Biz i\u015f d\u00fcnyas\u0131n\u0131n, b\u00fcy\u00fcyen ve ilham veren \u015firketlerin hukuk dan\u0131\u015fman\u0131y\u0131z.<\/p><p>T\u00fcrkiye\u2019de s\u00fcrd\u00fcr\u00fclebilir b\u00fcy\u00fcme, geli\u015fme ve istikrar i\u00e7erisinde i\u015f yapman\u0131n nas\u0131l bir emek ve \u00f6zen gerektirdi\u011fini iyi biliyoruz. \u00c7\u00fcnk\u00fc biz de \u00c7ukur &amp; Partners hukuk firmas\u0131 olarak, 28 y\u0131l\u0131 a\u015fan s\u00fcredir bu i\u015f d\u00fcnyas\u0131n\u0131n aktif bir par\u00e7as\u0131y\u0131z.\u00a0<\/p><p>Kurulu\u015fundan bu yana \u00c7ukur&amp;Y\u0131lmaz ad\u0131yla profesyonel faaliyetlerini y\u00fcr\u00fcten hukuk firmam\u0131z, Kas\u0131m 2021\u2019den itibaren, yeni kurumsal yap\u0131m\u0131z\u0131, sinerjimizi, dinamizmimizi ve geli\u015fimimizi daha iyi yans\u0131tt\u0131\u011f\u0131na inand\u0131\u011f\u0131m\u0131z \u00c7ukur &amp; Partners ad\u0131n\u0131 ald\u0131.<\/p><p>\u00c7ukur &amp; Partners hukuk b\u00fcrosunda i\u015fimiz, \u015firketlere, kurumlara ve i\u015f insanlar\u0131na, i\u015flerini b\u00fcy\u00fct\u00fcr ve geli\u015ftirirken bir tak\u0131m arkada\u015f\u0131 duygusu ile ve ileri g\u00f6r\u00fc\u015fl\u00fc bir yakla\u015f\u0131mla hukuk hizmetleri vermek.<\/p><p>Bu karma\u015f\u0131k, rekabet\u00e7i ve de\u011fi\u015fken i\u015f ortam\u0131nda, pozitif ve hesap verebilir \u00e7\u00f6z\u00fcmler ile de\u011fer yaratan, netlik sa\u011flayan ve ba\u015far\u0131l\u0131 i\u015f sonu\u00e7lar\u0131n\u0131 getiren, g\u00fcvenilir bir hukuk dan\u0131\u015fman\u0131na ihtiya\u00e7 duydu\u011funuzda, \u00c7ukur &amp; Partners avukatlar\u0131 her zaman iyi se\u00e7eneklerden biridir. Bu karakterimiz ile \u00fclkemiz i\u015f \u00e7evrelerinde ve uluslararas\u0131 alanda iyi tan\u0131nan ve sayg\u0131 g\u00f6ren bir hukuk firmas\u0131 olmaktan k\u0131van\u00e7 duyuyoruz.<\/p><p>\u00c7ukur &amp; Partners\u2019da, \u00f6zellikle \u015firketler hukuku, ticaret hukuku, insan kaynaklar\u0131 ve i\u015f hukuku, bili\u015fim ve teknoloji hukuku ve hukuki mevzuata uyum alanlar\u0131nda hukuki dan\u0131\u015fmanl\u0131k ve avukatl\u0131k hizmetleri sunmaktay\u0131z. Bu hizmetlerimizin y\u00fcksek kalite standartlar\u0131, ba\u011f\u0131ms\u0131z uluslararas\u0131 kurumlar taraf\u0131ndan tavsiye edilmekte ve \u00f6d\u00fcller ile takdir edilmektedir.<\/p><p>Biz t\u00fcm T\u00fcrkiye\u2019de hizmet veren bir hukuk b\u00fcrosuyuz. Hizmetlerimiz T\u00fcrkiye\u2019nin \u00f6nde gelen t\u00fcm i\u015f \u015fehirlerini ve b\u00f6lgelerini kapsayacak \u015fekilde yap\u0131lanm\u0131\u015ft\u0131r. Bu kapasitemiz, \u00f6zellikle T\u00fcrkiye\u2019nin farkl\u0131 ticari merkezlerinde i\u015f yapan \u015firket ve kurumlar i\u00e7in ciddi bir kolayl\u0131k, hizmet etkinli\u011fi ve maliyet avantaj\u0131 yaratmaktad\u0131r.<\/p><p>\u00dclkemizin, uluslararas\u0131 ba\u011flant\u0131lar\u0131 ve deneyimi en y\u00fcksek hukuk b\u00fcrolar\u0131ndan birisiyiz.\u00a0 Uluslararas\u0131 alandaki hukuki hizmet ihtiya\u00e7lar\u0131n\u0131z i\u00e7in g\u00fc\u00e7l\u00fc bir k\u00f6pr\u00fc, yurtd\u0131\u015f\u0131ndaki giri\u015fimlerinizin yol arkada\u015f\u0131y\u0131z.<\/p><p>\u00c7ukur &amp; Partners\u2019da, t\u00fcm \u00e7al\u0131\u015fmalar\u0131m\u0131z\u0131 sorumlu i\u015f anlay\u0131\u015f\u0131, toplumsal duyarl\u0131l\u0131k, \u00e7evreye ve d\u00fcnyaya sayg\u0131, y\u00fcksek etik de\u011ferler ve ya\u015fama b\u00fct\u00fcn\u00fcyle pozitif bir de\u011fer katma duygusu ile y\u00fcr\u00fct\u00fcyoruz.<\/p>\t\t\t\t\t\t<\/div>\n\t\t\t\t<\/div>\n\t\t\t\t\t<\/div>\n\t\t<\/div>\n\t\t\t\t<div class=\"elementor-column elementor-col-50 elementor-top-column elementor-element elementor-element-4d33969\" data-id=\"4d33969\" data-element_type=\"column\">\n\t\t\t<div class=\"elementor-widget-wrap elementor-element-populated\">\n\t\t\t\t\t\t<div class=\"elementor-element elementor-element-977cb7a elementor-widget elementor-widget-template\" data-id=\"977cb7a\" data-element_type=\"widget\" data-widget_type=\"template.default\">\n\t\t\t\t<div class=\"elementor-widget-container\">\n\t\t\t\t\t<div class=\"elementor-template\">\n\t\t\t\t\t<div data-elementor-type=\"section\" data-elementor-id=\"1028\" class=\"elementor elementor-1028 elementor-56\" data-elementor-post-type=\"elementor_library\">\n\t\t\t\t\t<section class=\"elementor-section elementor-top-section elementor-element elementor-element-35e3170 elementor-section-boxed elementor-section-height-default elementor-section-height-default\" data-id=\"35e3170\" data-element_type=\"section\">\n\t\t\t\t\t\t<div class=\"elementor-container elementor-column-gap-default\">\n\t\t\t\t\t<div class=\"elementor-column elementor-col-100 elementor-top-column elementor-element elementor-element-a5b9a20\" data-id=\"a5b9a20\" data-element_type=\"column\">\n\t\t\t<div class=\"elementor-widget-wrap elementor-element-populated\">\n\t\t\t\t\t\t<div class=\"elementor-element elementor-element-7450ddc sidemenu elementor-nav-menu--dropdown-tablet elementor-nav-menu__text-align-aside elementor-widget elementor-widget-nav-menu\" data-id=\"7450ddc\" data-element_type=\"widget\" data-settings=\"{&quot;layout&quot;:&quot;vertical&quot;,&quot;submenu_icon&quot;:{&quot;value&quot;:&quot;&lt;i class=\\&quot;fas fa-caret-down\\&quot;&gt;&lt;\\\/i&gt;&quot;,&quot;library&quot;:&quot;fa-solid&quot;}}\" data-widget_type=\"nav-menu.default\">\n\t\t\t\t<div class=\"elementor-widget-container\">\n\t\t\t\t\t\t<nav aria-label=\"Men\u00fc\" class=\"elementor-nav-menu--main elementor-nav-menu__container elementor-nav-menu--layout-vertical e--pointer-none\">\n\t\t\t\t<ul id=\"menu-1-7450ddc\" class=\"elementor-nav-menu sm-vertical\"><li class=\"menu-item menu-item-type-post_type menu-item-object-page menu-item-1281\"><a href=\"https:\/\/old.cukurpartners.com\/tr\/bizi-taniyin\/\" class=\"elementor-item\">Bizi Tan\u0131y\u0131n<\/a><\/li>\n<li class=\"menu-item menu-item-type-post_type menu-item-object-page menu-item-1282\"><a href=\"https:\/\/old.cukurpartners.com\/tr\/bizi-taniyin\/neden-farkliyiz\/\" class=\"elementor-item\">Neden Farkl\u0131y\u0131z<\/a><\/li>\n<li class=\"menu-item menu-item-type-post_type menu-item-object-page menu-item-1283\"><a href=\"https:\/\/old.cukurpartners.com\/tr\/bizi-taniyin\/ekibimiz\/\" class=\"elementor-item\">Ekibimiz<\/a><\/li>\n<li class=\"menu-item menu-item-type-post_type menu-item-object-page menu-item-1284\"><a href=\"https:\/\/old.cukurpartners.com\/tr\/bizi-taniyin\/kimlere-hizmet-veriyoruz\/\" class=\"elementor-item\">Kimlere Hizmet Veriyoruz<\/a><\/li>\n<li class=\"menu-item menu-item-type-post_type menu-item-object-page menu-item-1285\"><a href=\"https:\/\/old.cukurpartners.com\/tr\/bizi-taniyin\/odullerimiz-ve-basarilarimiz\/\" class=\"elementor-item\">\u00d6d\u00fcllerimiz ve Ba\u015far\u0131lar\u0131m\u0131z<\/a><\/li>\n<li class=\"menu-item menu-item-type-post_type menu-item-object-page menu-item-3306\"><a href=\"https:\/\/old.cukurpartners.com\/tr\/cukur-yilmaz-alliance\/\" class=\"elementor-item\">\u00c7ukur &#038; Partners Alliance<\/a><\/li>\n<\/ul>\t\t\t<\/nav>\n\t\t\t\t\t\t<nav class=\"elementor-nav-menu--dropdown elementor-nav-menu__container\" aria-hidden=\"true\">\n\t\t\t\t<ul id=\"menu-2-7450ddc\" class=\"elementor-nav-menu sm-vertical\"><li class=\"menu-item menu-item-type-post_type menu-item-object-page menu-item-1281\"><a href=\"https:\/\/old.cukurpartners.com\/tr\/bizi-taniyin\/\" class=\"elementor-item\" tabindex=\"-1\">Bizi Tan\u0131y\u0131n<\/a><\/li>\n<li class=\"menu-item menu-item-type-post_type menu-item-object-page menu-item-1282\"><a href=\"https:\/\/old.cukurpartners.com\/tr\/bizi-taniyin\/neden-farkliyiz\/\" class=\"elementor-item\" tabindex=\"-1\">Neden Farkl\u0131y\u0131z<\/a><\/li>\n<li class=\"menu-item menu-item-type-post_type menu-item-object-page menu-item-1283\"><a href=\"https:\/\/old.cukurpartners.com\/tr\/bizi-taniyin\/ekibimiz\/\" class=\"elementor-item\" tabindex=\"-1\">Ekibimiz<\/a><\/li>\n<li class=\"menu-item menu-item-type-post_type menu-item-object-page menu-item-1284\"><a href=\"https:\/\/old.cukurpartners.com\/tr\/bizi-taniyin\/kimlere-hizmet-veriyoruz\/\" class=\"elementor-item\" tabindex=\"-1\">Kimlere Hizmet Veriyoruz<\/a><\/li>\n<li class=\"menu-item menu-item-type-post_type menu-item-object-page menu-item-1285\"><a href=\"https:\/\/old.cukurpartners.com\/tr\/bizi-taniyin\/odullerimiz-ve-basarilarimiz\/\" class=\"elementor-item\" tabindex=\"-1\">\u00d6d\u00fcllerimiz ve Ba\u015far\u0131lar\u0131m\u0131z<\/a><\/li>\n<li class=\"menu-item menu-item-type-post_type menu-item-object-page menu-item-3306\"><a href=\"https:\/\/old.cukurpartners.com\/tr\/cukur-yilmaz-alliance\/\" class=\"elementor-item\" tabindex=\"-1\">\u00c7ukur &#038; Partners Alliance<\/a><\/li>\n<\/ul>\t\t\t<\/nav>\n\t\t\t\t<\/div>\n\t\t\t\t<\/div>\n\t\t\t\t\t<\/div>\n\t\t<\/div>\n\t\t\t\t\t<\/div>\n\t\t<\/section>\n\t\t\t\t<\/div>\n\t\t\t\t<\/div>\n\t\t\t\t<\/div>\n\t\t\t\t<\/div>\n\t\t\t\t\t<\/div>\n\t\t<\/div>\n\t\t\t\t\t<\/div>\n\t\t<\/section>\n\t\t\t\t<section class=\"elementor-section elementor-top-section elementor-element elementor-element-863ff63 elementor-section-boxed elementor-section-height-default elementor-section-height-default\" data-id=\"863ff63\" data-element_type=\"section\" data-settings=\"{&quot;background_background&quot;:&quot;classic&quot;}\">\n\t\t\t\t\t\t<div class=\"elementor-container elementor-column-gap-default\">\n\t\t\t\t\t<div class=\"elementor-column elementor-col-100 elementor-top-column elementor-element elementor-element-c4f5d19\" data-id=\"c4f5d19\" data-element_type=\"column\">\n\t\t\t<div class=\"elementor-widget-wrap elementor-element-populated\">\n\t\t\t\t\t\t<section class=\"elementor-section elementor-inner-section elementor-element elementor-element-ace79bd elementor-section-boxed elementor-section-height-default elementor-section-height-default\" data-id=\"ace79bd\" data-element_type=\"section\">\n\t\t\t\t\t\t<div class=\"elementor-container elementor-column-gap-default\">\n\t\t\t\t\t<div class=\"elementor-column elementor-col-25 elementor-inner-column elementor-element elementor-element-ca432f4\" data-id=\"ca432f4\" data-element_type=\"column\">\n\t\t\t<div class=\"elementor-widget-wrap elementor-element-populated\">\n\t\t\t\t\t\t<div class=\"elementor-element elementor-element-6e89501 elementor-widget elementor-widget-counter\" data-id=\"6e89501\" data-element_type=\"widget\" data-widget_type=\"counter.default\">\n\t\t\t\t<div class=\"elementor-widget-container\">\n\t\t\t\t\t<div class=\"elementor-counter\">\n\t\t\t<div class=\"elementor-counter-title\">YILLIK DENEY\u0130M<\/div>\t\t\t<div class=\"elementor-counter-number-wrapper\">\n\t\t\t\t<span class=\"elementor-counter-number-prefix\">+<\/span>\n\t\t\t\t<span class=\"elementor-counter-number\" data-duration=\"2000\" data-to-value=\"25\" data-from-value=\"0\" data-delimiter=\",\">0<\/span>\n\t\t\t\t<span class=\"elementor-counter-number-suffix\"><\/span>\n\t\t\t<\/div>\n\t\t<\/div>\n\t\t\t\t<\/div>\n\t\t\t\t<\/div>\n\t\t\t\t\t<\/div>\n\t\t<\/div>\n\t\t\t\t<div class=\"elementor-column elementor-col-25 elementor-inner-column elementor-element elementor-element-1aeb8b7\" data-id=\"1aeb8b7\" data-element_type=\"column\">\n\t\t\t<div class=\"elementor-widget-wrap elementor-element-populated\">\n\t\t\t\t\t\t<div class=\"elementor-element elementor-element-cb25f77 elementor-widget elementor-widget-counter\" data-id=\"cb25f77\" data-element_type=\"widget\" data-widget_type=\"counter.default\">\n\t\t\t\t<div class=\"elementor-widget-container\">\n\t\t\t\t\t<div class=\"elementor-counter\">\n\t\t\t<div class=\"elementor-counter-title\">K\u0130\u015e\u0130L\u0130K B\u0130R TAKIM<\/div>\t\t\t<div class=\"elementor-counter-number-wrapper\">\n\t\t\t\t<span class=\"elementor-counter-number-prefix\">+<\/span>\n\t\t\t\t<span class=\"elementor-counter-number\" data-duration=\"2000\" data-to-value=\"30\" data-from-value=\"0\" data-delimiter=\",\">0<\/span>\n\t\t\t\t<span class=\"elementor-counter-number-suffix\"><\/span>\n\t\t\t<\/div>\n\t\t<\/div>\n\t\t\t\t<\/div>\n\t\t\t\t<\/div>\n\t\t\t\t\t<\/div>\n\t\t<\/div>\n\t\t\t\t<div class=\"elementor-column elementor-col-25 elementor-inner-column elementor-element elementor-element-5398101\" data-id=\"5398101\" data-element_type=\"column\">\n\t\t\t<div class=\"elementor-widget-wrap elementor-element-populated\">\n\t\t\t\t\t\t<div class=\"elementor-element elementor-element-e14dfb1 elementor-widget elementor-widget-counter\" data-id=\"e14dfb1\" data-element_type=\"widget\" data-widget_type=\"counter.default\">\n\t\t\t\t<div class=\"elementor-widget-container\">\n\t\t\t\t\t<div class=\"elementor-counter\">\n\t\t\t<div class=\"elementor-counter-title\">H\u0130ZMET ALANIMIZ T\u00dcM T\u00dcRK\u0130YE<\/div>\t\t\t<div class=\"elementor-counter-number-wrapper\">\n\t\t\t\t<span class=\"elementor-counter-number-prefix\">+<\/span>\n\t\t\t\t<span class=\"elementor-counter-number\" data-duration=\"2000\" data-to-value=\"81\" data-from-value=\"0\" data-delimiter=\",\">0<\/span>\n\t\t\t\t<span class=\"elementor-counter-number-suffix\"><\/span>\n\t\t\t<\/div>\n\t\t<\/div>\n\t\t\t\t<\/div>\n\t\t\t\t<\/div>\n\t\t\t\t\t<\/div>\n\t\t<\/div>\n\t\t\t\t<div class=\"elementor-column elementor-col-25 elementor-inner-column elementor-element elementor-element-a8a2f94\" data-id=\"a8a2f94\" data-element_type=\"column\">\n\t\t\t<div class=\"elementor-widget-wrap elementor-element-populated\">\n\t\t\t\t\t\t<div class=\"elementor-element elementor-element-99ca525 twolinecounter elementor-widget elementor-widget-counter\" data-id=\"99ca525\" data-element_type=\"widget\" data-widget_type=\"counter.default\">\n\t\t\t\t<div class=\"elementor-widget-container\">\n\t\t\t\t\t<div class=\"elementor-counter\">\n\t\t\t<div class=\"elementor-counter-title\">SON 10 YILDA ALDI\u011eIMIZ \u201cT\u00dcRK\u0130YE\u2019DE YILIN HUKUK B\u00dcROSU\u201d \u00d6D\u00dcLLER\u0130<\/div>\t\t\t<div class=\"elementor-counter-number-wrapper\">\n\t\t\t\t<span class=\"elementor-counter-number-prefix\">+<\/span>\n\t\t\t\t<span class=\"elementor-counter-number\" data-duration=\"2000\" data-to-value=\"18\" data-from-value=\"0\" data-delimiter=\",\">0<\/span>\n\t\t\t\t<span class=\"elementor-counter-number-suffix\"><\/span>\n\t\t\t<\/div>\n\t\t<\/div>\n\t\t\t\t<\/div>\n\t\t\t\t<\/div>\n\t\t\t\t\t<\/div>\n\t\t<\/div>\n\t\t\t\t\t<\/div>\n\t\t<\/section>\n\t\t\t\t\t<\/div>\n\t\t<\/div>\n\t\t\t\t\t<\/div>\n\t\t<\/section>\n\t\t\t\t<\/div>\n\t\t","protected":false},"excerpt":{"rendered":"<p>Biz i\u015f d\u00fcnyas\u0131n\u0131n, b\u00fcy\u00fcyen ve ilham veren \u015firketlerin hukuk dan\u0131\u015fman\u0131y\u0131z. T\u00fcrkiye\u2019de s\u00fcrd\u00fcr\u00fclebilir b\u00fcy\u00fcme, geli\u015fme ve istikrar i\u00e7erisinde i\u015f yapman\u0131n nas\u0131l bir emek ve \u00f6zen gerektirdi\u011fini iyi biliyoruz. \u00c7\u00fcnk\u00fc biz de \u00c7ukur &amp; Partners hukuk firmas\u0131 olarak, 28 y\u0131l\u0131 a\u015fan s\u00fcredir bu i\u015f d\u00fcnyas\u0131n\u0131n aktif bir par\u00e7as\u0131y\u0131z.\u00a0 Kurulu\u015fundan bu yana \u00c7ukur&amp;Y\u0131lmaz ad\u0131yla profesyonel faaliyetlerini y\u00fcr\u00fcten hukuk [&hellip;]<\/p>\n","protected":false},"author":1,"featured_media":0,"parent":0,"menu_order":0,"comment_status":"closed","ping_status":"closed","template":"elementor_header_footer","meta":{"_acf_changed":false,"footnotes":""},"class_list":["post-992","page","type-page","status-publish","hentry"],"acf":[],"_links":{"self":[{"href":"https:\/\/old.cukurpartners.com\/tr\/wp-json\/wp\/v2\/pages\/992"}],"collection":[{"href":"https:\/\/old.cukurpartners.com\/tr\/wp-json\/wp\/v2\/pages"}],"about":[{"href":"https:\/\/old.cukurpartners.com\/tr\/wp-json\/wp\/v2\/types\/page"}],"author":[{"embeddable":true,"href":"https:\/\/old.cukurpartners.com\/tr\/wp-json\/wp\/v2\/users\/1"}],"replies":[{"embeddable":true,"href":"https:\/\/old.cukurpartners.com\/tr\/wp-json\/wp\/v2\/comments?post=992"}],"version-history":[{"count":45,"href":"https:\/\/old.cukurpartners.com\/tr\/wp-json\/wp\/v2\/pages\/992\/revisions"}],"predecessor-version":[{"id":5994,"href":"https:\/\/old.cukurpartners.com\/tr\/wp-json\/wp\/v2\/pages\/992\/revisions\/5994"}],"wp:attachment":[{"href":"https:\/\/old.cukurpartners.com\/tr\/wp-json\/wp\/v2\/media?parent=992"}],"curies":[{"name":"wp","href":"https:\/\/api.w.org\/{rel}","templated":true}]}}